{"id":1741,"date":"2022-06-21T06:33:56","date_gmt":"2022-06-21T11:33:56","guid":{"rendered":"https:\/\/rivianaindustrial.com\/?page_id=1741"},"modified":"2025-07-28T01:26:50","modified_gmt":"2025-07-28T06:26:50","slug":"harinas","status":"publish","type":"page","link":"https:\/\/rivianaindustrial.com\/es\/harinas\/","title":{"rendered":"Harinas"},"content":{"rendered":"\n<div class=\"wp-block-group alignwide\"><div class=\"wp-block-group__inner-container is-layout-flow wp-block-group-is-layout-flow\">\n<div class=\"wp-block-columns alignwide is-layout-flex wp-container-core-columns-is-layout-9d6595d7 wp-block-columns-is-layout-flex\">\n<div class=\"wp-block-column is-layout-flow wp-block-column-is-layout-flow\">\n<h2 class=\"wp-block-heading alignwide border-left\">Variedades de harinas de arroz para la venta industrial<\/h2>\n\n\n\n<p>Explore la gran variedad de harinas de arroz que incluye soluciones org\u00e1nicas, hipoalerg\u00e9nicas y sin gluten. <\/p>\n<\/div>\n<\/div>\n\n\n\n<div class=\"wp-block-query is-layout-flow wp-block-query-is-layout-flow\"><ul class=\"columns-2 alignwide wp-block-post-template is-layout-grid wp-container-core-post-template-is-layout-17361a50 wp-block-post-template-is-layout-grid\"><li class=\"wp-block-post post-1780 product type-product status-publish has-post-thumbnail hentry product_category-harinas entry\">\n<figure class=\"wp-block-post-featured-image\"><img loading=\"lazy\" decoding=\"async\" width=\"300\" height=\"200\" src=\"https:\/\/rivianaindustrial.com\/wp-content\/uploads\/2022\/09\/rivland_happy_baby-300x200.jpg\" class=\"attachment-medium size-medium wp-post-image\" alt=\"riviana happy baby\" style=\"width:100%;height:66.75%;max-width:1618px;object-fit:cover;\" srcset=\"https:\/\/rivianaindustrial.com\/wp-content\/uploads\/2022\/09\/rivland_happy_baby-300x200.jpg 300w, https:\/\/rivianaindustrial.com\/wp-content\/uploads\/2022\/09\/rivland_happy_baby-1024x684.jpg 1024w, https:\/\/rivianaindustrial.com\/wp-content\/uploads\/2022\/09\/rivland_happy_baby-768x513.jpg 768w, https:\/\/rivianaindustrial.com\/wp-content\/uploads\/2022\/09\/rivland_happy_baby-1536x1025.jpg 1536w, https:\/\/rivianaindustrial.com\/wp-content\/uploads\/2022\/09\/rivland_happy_baby-367x246.jpg 367w, https:\/\/rivianaindustrial.com\/wp-content\/uploads\/2022\/09\/rivland_happy_baby-1568x1047.jpg 1568w, https:\/\/rivianaindustrial.com\/wp-content\/uploads\/2022\/09\/rivland_happy_baby.jpg 1618w\" sizes=\"auto, (max-width: 300px) 100vw, 300px\" \/><\/figure>\n\n\n<div class=\"wp-block-group top-10vh info-box\"><div class=\"wp-block-group__inner-container is-layout-flow wp-block-group-is-layout-flow\"><h3 style=\"font-style:normal;font-weight:700;\" class=\"wp-block-post-title has-normal-font-size\"><a href=\"https:\/\/rivianaindustrial.com\/es\/producto\/harinas-de-arroz-de-variedades-especiales\/\" target=\"_self\" >Harinas de Arroz de Variedades Especiales<\/a><\/h3>\n\n<div class=\"wp-block-post-excerpt\"><p class=\"wp-block-post-excerpt__excerpt\">Las harinas de arroz de especialidad de Riviana Foods se producen a partir de variedades de grano medio y largo.<\/p><p class=\"wp-block-post-excerpt__more-text\"><a class=\"wp-block-post-excerpt__more-link\" href=\"https:\/\/rivianaindustrial.com\/es\/producto\/harinas-de-arroz-de-variedades-especiales\/\">Saber m\u00e1s<\/a><\/p><\/div><\/div><\/div>\n\n<\/li><li class=\"wp-block-post post-1778 product type-product status-publish has-post-thumbnail hentry product_category-harinas entry\">\n<figure class=\"wp-block-post-featured-image\"><img loading=\"lazy\" decoding=\"async\" width=\"300\" height=\"200\" src=\"https:\/\/rivianaindustrial.com\/wp-content\/uploads\/2022\/06\/chips-iStock-964924216-300x200.jpg\" class=\"attachment-medium size-medium wp-post-image\" alt=\"rivland rice gel for chips\" style=\"width:100%;height:66.67%;max-width:1620px;object-fit:cover;\" srcset=\"https:\/\/rivianaindustrial.com\/wp-content\/uploads\/2022\/06\/chips-iStock-964924216-300x200.jpg 300w, https:\/\/rivianaindustrial.com\/wp-content\/uploads\/2022\/06\/chips-iStock-964924216-1024x683.jpg 1024w, https:\/\/rivianaindustrial.com\/wp-content\/uploads\/2022\/06\/chips-iStock-964924216-768x512.jpg 768w, https:\/\/rivianaindustrial.com\/wp-content\/uploads\/2022\/06\/chips-iStock-964924216-1536x1024.jpg 1536w, https:\/\/rivianaindustrial.com\/wp-content\/uploads\/2022\/06\/chips-iStock-964924216-1568x1045.jpg 1568w, https:\/\/rivianaindustrial.com\/wp-content\/uploads\/2022\/06\/chips-iStock-964924216.jpg 1620w\" sizes=\"auto, (max-width: 300px) 100vw, 300px\" \/><\/figure>\n\n\n<div class=\"wp-block-group top-10vh info-box\"><div class=\"wp-block-group__inner-container is-layout-flow wp-block-group-is-layout-flow\"><h3 style=\"font-style:normal;font-weight:700;\" class=\"wp-block-post-title has-normal-font-size\"><a href=\"https:\/\/rivianaindustrial.com\/es\/producto\/harina-de-arroz-pregelatinizada\/\" target=\"_self\" >Harina de Arroz Pregelatinizada<\/a><\/h3>\n\n<div class=\"wp-block-post-excerpt\"><p class=\"wp-block-post-excerpt__excerpt\">Nuestras harinas de arroz pregelatinizadas se producen a partir de harina de arroz extruida, especialmente procesada y precocida.<\/p><p class=\"wp-block-post-excerpt__more-text\"><a class=\"wp-block-post-excerpt__more-link\" href=\"https:\/\/rivianaindustrial.com\/es\/producto\/harina-de-arroz-pregelatinizada\/\">Saber m\u00e1s<\/a><\/p><\/div><\/div><\/div>\n\n<\/li><li class=\"wp-block-post post-1776 product type-product status-publish has-post-thumbnail hentry product_category-harinas entry\">\n<figure class=\"wp-block-post-featured-image\"><img loading=\"lazy\" decoding=\"async\" width=\"300\" height=\"200\" src=\"https:\/\/rivianaindustrial.com\/wp-content\/uploads\/2022\/03\/rivland_bread.jpg__1600x1066_q75_crop_subsampling-2_upscale-300x200.jpg\" class=\"attachment-medium size-medium wp-post-image\" alt=\"brown rice flour loaf\" style=\"width:100%;height:66.63%;max-width:1600px;object-fit:cover;\" srcset=\"https:\/\/rivianaindustrial.com\/wp-content\/uploads\/2022\/03\/rivland_bread.jpg__1600x1066_q75_crop_subsampling-2_upscale-300x200.jpg 300w, https:\/\/rivianaindustrial.com\/wp-content\/uploads\/2022\/03\/rivland_bread.jpg__1600x1066_q75_crop_subsampling-2_upscale-1024x682.jpg 1024w, https:\/\/rivianaindustrial.com\/wp-content\/uploads\/2022\/03\/rivland_bread.jpg__1600x1066_q75_crop_subsampling-2_upscale-768x512.jpg 768w, https:\/\/rivianaindustrial.com\/wp-content\/uploads\/2022\/03\/rivland_bread.jpg__1600x1066_q75_crop_subsampling-2_upscale-1536x1023.jpg 1536w, https:\/\/rivianaindustrial.com\/wp-content\/uploads\/2022\/03\/rivland_bread.jpg__1600x1066_q75_crop_subsampling-2_upscale-1568x1045.jpg 1568w, https:\/\/rivianaindustrial.com\/wp-content\/uploads\/2022\/03\/rivland_bread.jpg__1600x1066_q75_crop_subsampling-2_upscale.jpg 1600w\" sizes=\"auto, (max-width: 300px) 100vw, 300px\" \/><\/figure>\n\n\n<div class=\"wp-block-group top-10vh info-box\"><div class=\"wp-block-group__inner-container is-layout-flow wp-block-group-is-layout-flow\"><h3 style=\"font-style:normal;font-weight:700;\" class=\"wp-block-post-title has-normal-font-size\"><a href=\"https:\/\/rivianaindustrial.com\/es\/producto\/harina-de-arroz-integral\/\" target=\"_self\" >Harina de Arroz Integral<\/a><\/h3>\n\n<div class=\"wp-block-post-excerpt\"><p class=\"wp-block-post-excerpt__excerpt\">Las harinas de arroz integral de Riviana Foods tienen el t\u00edpico sabor a arroz integral con un ligero aroma a nuez.<\/p><p class=\"wp-block-post-excerpt__more-text\"><a class=\"wp-block-post-excerpt__more-link\" href=\"https:\/\/rivianaindustrial.com\/es\/producto\/harina-de-arroz-integral\/\">Saber m\u00e1s<\/a><\/p><\/div><\/div><\/div>\n\n<\/li><li class=\"wp-block-post post-1773 product type-product status-publish has-post-thumbnail hentry product_category-harinas entry\">\n<figure class=\"wp-block-post-featured-image\"><img loading=\"lazy\" decoding=\"async\" width=\"300\" height=\"200\" src=\"https:\/\/rivianaindustrial.com\/wp-content\/uploads\/2022\/06\/rivland_about-e1664955447248-300x200.png\" class=\"attachment-medium size-medium wp-post-image\" alt=\"Harina de arroz blanco\" style=\"width:100%;height:66.67%;max-width:708px;object-fit:cover;\" srcset=\"https:\/\/rivianaindustrial.com\/wp-content\/uploads\/2022\/06\/rivland_about-e1664955447248-300x200.png 300w, https:\/\/rivianaindustrial.com\/wp-content\/uploads\/2022\/06\/rivland_about-e1664955447248-367x246.png 367w, https:\/\/rivianaindustrial.com\/wp-content\/uploads\/2022\/06\/rivland_about-e1664955447248.png 708w\" sizes=\"auto, (max-width: 300px) 100vw, 300px\" \/><\/figure>\n\n\n<div class=\"wp-block-group top-10vh info-box\"><div class=\"wp-block-group__inner-container is-layout-flow wp-block-group-is-layout-flow\"><h3 style=\"font-style:normal;font-weight:700;\" class=\"wp-block-post-title has-normal-font-size\"><a href=\"https:\/\/rivianaindustrial.com\/es\/producto\/harina-de-arroz-blanco\/\" target=\"_self\" >Harina de Arroz Blanco<\/a><\/h3>\n\n<div class=\"wp-block-post-excerpt\"><p class=\"wp-block-post-excerpt__excerpt\">Nuestras harinas de arroz blanco son especialmente preparadas a partir de variedades de grano medio y largo.<\/p><p class=\"wp-block-post-excerpt__more-text\"><a class=\"wp-block-post-excerpt__more-link\" href=\"https:\/\/rivianaindustrial.com\/es\/producto\/harina-de-arroz-blanco\/\">Saber m\u00e1s<\/a><\/p><\/div><\/div><\/div>\n\n<\/li><\/ul><\/div>\n\n\n\n<div class=\"wp-block-query is-layout-flow wp-block-query-is-layout-flow\"><ul class=\"columns-2 alignwide wp-block-post-template is-layout-grid wp-container-core-post-template-is-layout-17361a50 wp-block-post-template-is-layout-grid\"><li class=\"wp-block-post post-3941 page type-page status-publish hentry entry\">\n\n\n\n<div class=\"wp-block-group top-10vh info-box\"><div class=\"wp-block-group__inner-container is-layout-flow wp-block-group-is-layout-flow\"><h3 style=\"font-style:normal;font-weight:700;\" class=\"wp-block-post-title has-normal-font-size\"><a href=\"https:\/\/rivianaindustrial.com\/es\/ready-to-eat-flour\/\" target=\"_self\" >Harina de Arroz Lista para Consumir<\/a><\/h3>\n\n<div class=\"wp-block-post-excerpt\"><p class=\"wp-block-post-excerpt__excerpt\">Rendimiento con Prop\u00f3sito La harina de arroz lista para consumir de Riviana ha sido desarrollada espec\u00edficamente para cumplir con los m\u00e1s altos est\u00e1ndares de seguridad alimentaria y eficiencia en el procesamiento. Nuestra harina de arroz precocida ofrece distintos perfiles de viscosidad y est\u00e1 disponible en varios tama\u00f1os de part\u00edcula. Riviana ofrece tanto harinas de arroz<\/p><p class=\"wp-block-post-excerpt__more-text\"><a class=\"wp-block-post-excerpt__more-link\" href=\"https:\/\/rivianaindustrial.com\/es\/ready-to-eat-flour\/\">Saber m\u00e1s<\/a><\/p><\/div><\/div><\/div>\n\n<\/li><\/ul><\/div>\n<\/div><\/div>\n\n\n\n<div class=\"wp-block-group alignfull diagonal-double has-toutou-background-color has-background\"><div class=\"wp-block-group__inner-container is-layout-flow wp-block-group-is-layout-flow\">\n<div class=\"wp-block-columns alignwide is-layout-flex wp-container-core-columns-is-layout-9d6595d7 wp-block-columns-is-layout-flex\">\n<div class=\"wp-block-column is-layout-flow wp-block-column-is-layout-flow\">\n<h2 class=\"border-left wp-block-heading\">Nuestras certificaciones<\/h2>\n\n\n\n<p>Distinguido por su versatilidad y su composici\u00f3n rica en nutrientes, el arroz es un alimento b\u00e1sico esencial en los platos de todo el mundo. Aunque el arroz es naturalmente sencillo de preparar, al convertirlo en un producto instant\u00e1neo, puede cocinarse en tan solo 4 minutos.<\/p>\n\n\n\n<p>El arroz no solo puede disfrutarse como plato principal o de acompa\u00f1amiento en la cena, sino que tambi\u00e9n sirve para realzar el sabor y la textura de cualquier comida, desde desayunos hasta postres. El arroz tambi\u00e9n es maravilloso para absorber los sabores de muchos ingredientes diferentes, desde los l\u00edquidos de cocci\u00f3n y las hierbas hasta las verduras y carnes salteadas. <\/p>\n\n\n\n<p>Naturalmente libre de gluten, el arroz proporciona a las comidas carbohidratos complejos, prote\u00ednas, fibra y antioxidantes para proporcionar energ\u00eda. En Riviana, nuestra m\u00e1xima prioridad es ofrecer productos de arroz sanos y limpios para cualquier uso.<\/p>\n<\/div>\n\n\n\n<div class=\"wp-block-column is-layout-flow wp-block-column-is-layout-flow\">\n<figure class=\"wp-block-gallery has-nested-images columns-4 wp-block-gallery-1 is-layout-flex wp-block-gallery-is-layout-flex\">\n<figure class=\"wp-block-image size-large\"><img loading=\"lazy\" decoding=\"async\" width=\"130\" height=\"130\" data-id=\"713\" src=\"https:\/\/rivianaindustrial.com\/wp-content\/uploads\/2022\/03\/brc.png\" alt=\"BRC Global Standards\" class=\"wp-image-713\"\/><\/figure>\n\n\n\n<figure class=\"wp-block-image size-large\"><img loading=\"lazy\" decoding=\"async\" width=\"130\" height=\"130\" data-id=\"715\" src=\"https:\/\/rivianaindustrial.com\/wp-content\/uploads\/2022\/03\/gluten_free.png\" alt=\"Gluten Free Certified\" class=\"wp-image-715\"\/><\/figure>\n\n\n\n<figure class=\"wp-block-image size-large\"><img loading=\"lazy\" decoding=\"async\" width=\"130\" height=\"130\" data-id=\"717\" src=\"https:\/\/rivianaindustrial.com\/wp-content\/uploads\/2022\/03\/halal.png\" alt=\"halal\" class=\"wp-image-717\"\/><\/figure>\n\n\n\n<figure class=\"wp-block-image size-large\"><img loading=\"lazy\" decoding=\"async\" width=\"130\" height=\"130\" data-id=\"725\" src=\"https:\/\/rivianaindustrial.com\/wp-content\/uploads\/2022\/03\/star_k.png\" alt=\"Star K\" class=\"wp-image-725\"\/><\/figure>\n\n\n\n<figure class=\"wp-block-image size-large\"><img loading=\"lazy\" decoding=\"async\" width=\"130\" height=\"130\" data-id=\"719\" src=\"https:\/\/rivianaindustrial.com\/wp-content\/uploads\/2022\/03\/non_gmo.png\" alt=\"Non Gmo Project\" class=\"wp-image-719\"\/><\/figure>\n\n\n\n<figure class=\"wp-block-image size-large\"><img loading=\"lazy\" decoding=\"async\" width=\"130\" height=\"130\" data-id=\"721\" src=\"https:\/\/rivianaindustrial.com\/wp-content\/uploads\/2022\/03\/organic.png\" alt=\"Usda Organic\" class=\"wp-image-721\"\/><\/figure>\n\n\n\n<figure class=\"wp-block-image size-large\"><img loading=\"lazy\" decoding=\"async\" width=\"130\" height=\"130\" data-id=\"723\" src=\"https:\/\/rivianaindustrial.com\/wp-content\/uploads\/2022\/03\/sqf.png\" alt=\"SQF\" class=\"wp-image-723\"\/><\/figure>\n<\/figure>\n<\/div>\n<\/div>\n<\/div><\/div>\n\n\n\n<div style=\"height:100px\" aria-hidden=\"true\" class=\"wp-block-spacer\"><\/div>\n","protected":false},"excerpt":{"rendered":"<p>Variedades de harinas de arroz para la venta industrial Explore la gran variedad de harinas de arroz que incluye soluciones org\u00e1nicas, hipoalerg\u00e9nicas y sin gluten.<\/p>\n","protected":false},"author":1,"featured_media":0,"parent":0,"menu_order":2,"comment_status":"closed","ping_status":"closed","template":"","meta":{"_acf_changed":false,"footnotes":""},"class_list":["post-1741","page","type-page","status-publish","hentry","entry"],"acf":[],"_links":{"self":[{"href":"https:\/\/rivianaindustrial.com\/es\/wp-json\/wp\/v2\/pages\/1741","targetHints":{"allow":["GET"]}}],"collection":[{"href":"https:\/\/rivianaindustrial.com\/es\/wp-json\/wp\/v2\/pages"}],"about":[{"href":"https:\/\/rivianaindustrial.com\/es\/wp-json\/wp\/v2\/types\/page"}],"author":[{"embeddable":true,"href":"https:\/\/rivianaindustrial.com\/es\/wp-json\/wp\/v2\/users\/1"}],"replies":[{"embeddable":true,"href":"https:\/\/rivianaindustrial.com\/es\/wp-json\/wp\/v2\/comments?post=1741"}],"version-history":[{"count":4,"href":"https:\/\/rivianaindustrial.com\/es\/wp-json\/wp\/v2\/pages\/1741\/revisions"}],"predecessor-version":[{"id":3960,"href":"https:\/\/rivianaindustrial.com\/es\/wp-json\/wp\/v2\/pages\/1741\/revisions\/3960"}],"wp:attachment":[{"href":"https:\/\/rivianaindustrial.com\/es\/wp-json\/wp\/v2\/media?parent=1741"}],"curies":[{"name":"wp","href":"https:\/\/api.w.org\/{rel}","templated":true}]}}