{"id":2246,"date":"2022-08-24T05:33:16","date_gmt":"2022-08-24T10:33:16","guid":{"rendered":"https:\/\/rivianaindustrial.com\/grains\/"},"modified":"2023-10-26T09:28:28","modified_gmt":"2023-10-26T14:28:28","slug":"granos","status":"publish","type":"page","link":"https:\/\/rivianaindustrial.com\/es\/granos\/","title":{"rendered":"Granos"},"content":{"rendered":"\n<div class=\"wp-block-group alignwide\"><div class=\"wp-block-group__inner-container is-layout-flow wp-block-group-is-layout-flow\">\n<div class=\"wp-block-columns alignwide is-layout-flex wp-container-core-columns-is-layout-9d6595d7 wp-block-columns-is-layout-flex\">\n<div class=\"wp-block-column is-layout-flow wp-block-column-is-layout-flow\">\n<h2 class=\"alignwide border-left wp-block-heading\">Variedades de granos para la venta industrial<\/h2>\n\n\n\n<p>Explora las diferentes opciones de grano que ofrece Riviana, incluidas las mezclas especiales. Variedades de granos para la venta industrial Descubre nuestra colecci\u00f3n de diferentes variedades que van desde el cusc\u00fas hasta la quinoa, as\u00ed como las opciones de granos que est\u00e1n disponibles, perlados, org\u00e1nicos y parte de mezclas especiales. Tambi\u00e9n pueden interesarte nuestros granos parcialmente cocidos, como la cebada negra vaporizada y la quinoa roja org\u00e1nica crujiente lista para comer. <\/p>\n\n\n\n<p>Encuentra la opci\u00f3n perfecta para cualquier aplicaci\u00f3n.<\/p>\n<\/div>\n<\/div>\n\n\n\n<div class=\"wp-block-query alignwide is-layout-flow wp-block-query-is-layout-flow\"><ul class=\"is-flex-container columns-3 alignwide wp-block-post-template is-layout-flow wp-block-post-template-is-layout-flow\"><li class=\"wp-block-post post-2286 product type-product status-publish has-post-thumbnail hentry product_category-granos entry\">\n<figure class=\"wp-block-post-featured-image\"><img loading=\"lazy\" decoding=\"async\" width=\"750\" height=\"501\" src=\"https:\/\/rivianaindustrial.com\/wp-content\/uploads\/2022\/08\/Grain-Perfect_Black-Pearl-Medley-1024x684.jpg\" class=\"attachment-large size-large wp-post-image\" alt=\"Black Pearl Medley grain blend\" style=\"width:100%;height:66.75%;max-width:1618px;object-fit:cover;\" srcset=\"https:\/\/rivianaindustrial.com\/wp-content\/uploads\/2022\/08\/Grain-Perfect_Black-Pearl-Medley-1024x684.jpg 1024w, https:\/\/rivianaindustrial.com\/wp-content\/uploads\/2022\/08\/Grain-Perfect_Black-Pearl-Medley-300x200.jpg 300w, https:\/\/rivianaindustrial.com\/wp-content\/uploads\/2022\/08\/Grain-Perfect_Black-Pearl-Medley-768x513.jpg 768w, https:\/\/rivianaindustrial.com\/wp-content\/uploads\/2022\/08\/Grain-Perfect_Black-Pearl-Medley-1536x1025.jpg 1536w, https:\/\/rivianaindustrial.com\/wp-content\/uploads\/2022\/08\/Grain-Perfect_Black-Pearl-Medley-367x246.jpg 367w, https:\/\/rivianaindustrial.com\/wp-content\/uploads\/2022\/08\/Grain-Perfect_Black-Pearl-Medley-1568x1047.jpg 1568w, https:\/\/rivianaindustrial.com\/wp-content\/uploads\/2022\/08\/Grain-Perfect_Black-Pearl-Medley.jpg 1618w\" sizes=\"auto, (max-width: 750px) 100vw, 750px\" \/><\/figure>\n\n\n<div class=\"wp-block-group top-10vh info-box\"><div class=\"wp-block-group__inner-container is-layout-flow wp-block-group-is-layout-flow\"><h3 style=\"font-style:normal;font-weight:700;\" class=\"wp-block-post-title has-normal-font-size\"><a href=\"https:\/\/rivianaindustrial.com\/es\/producto\/mezclas-granos-variedad-especial\/\" target=\"_self\" >Mezclas: granos de variedades especiales<\/a><\/h3>\n\n<div class=\"btn-link wp-block-post-excerpt\"><p class=\"wp-block-post-excerpt__excerpt\">Encuentra la variedad de mezcla de granos especiales que mejor se adapte a tus necesidades navegando entre todas nuestras opciones disponibles.<\/p><p class=\"wp-block-post-excerpt__more-text\"><a class=\"wp-block-post-excerpt__more-link\" href=\"https:\/\/rivianaindustrial.com\/es\/producto\/mezclas-granos-variedad-especial\/\">Saber m\u00e1s<\/a><\/p><\/div><\/div><\/div>\n\n<\/li><li class=\"wp-block-post post-2284 product type-product status-publish has-post-thumbnail hentry product_category-granos entry\">\n<figure class=\"wp-block-post-featured-image\"><img loading=\"lazy\" decoding=\"async\" width=\"386\" height=\"257\" src=\"https:\/\/rivianaindustrial.com\/wp-content\/uploads\/2022\/08\/precooked-grains.jpg\" class=\"attachment-large size-large wp-post-image\" alt=\"precooked grains\" style=\"width:100%;height:66.58%;max-width:386px;object-fit:cover;\" srcset=\"https:\/\/rivianaindustrial.com\/wp-content\/uploads\/2022\/08\/precooked-grains.jpg 386w, https:\/\/rivianaindustrial.com\/wp-content\/uploads\/2022\/08\/precooked-grains-300x200.jpg 300w\" sizes=\"auto, (max-width: 386px) 100vw, 386px\" \/><\/figure>\n\n\n<div class=\"wp-block-group top-10vh info-box\"><div class=\"wp-block-group__inner-container is-layout-flow wp-block-group-is-layout-flow\"><h3 style=\"font-style:normal;font-weight:700;\" class=\"wp-block-post-title has-normal-font-size\"><a href=\"https:\/\/rivianaindustrial.com\/es\/producto\/granos-precocinados\/\" target=\"_self\" >Granos Precocinados<\/a><\/h3>\n\n<div class=\"btn-link wp-block-post-excerpt\"><p class=\"wp-block-post-excerpt__excerpt\">Desde granos vaporizados hasta opciones listas para comer, elige qu\u00e9 grano parcialmente cocido es el mejor para cada aplicaci\u00f3n.<\/p><p class=\"wp-block-post-excerpt__more-text\"><a class=\"wp-block-post-excerpt__more-link\" href=\"https:\/\/rivianaindustrial.com\/es\/producto\/granos-precocinados\/\">Saber m\u00e1s<\/a><\/p><\/div><\/div><\/div>\n\n<\/li><li class=\"wp-block-post post-2282 product type-product status-publish has-post-thumbnail hentry product_category-granos entry\">\n<figure class=\"wp-block-post-featured-image\"><img loading=\"lazy\" decoding=\"async\" width=\"750\" height=\"501\" src=\"https:\/\/rivianaindustrial.com\/wp-content\/uploads\/2022\/08\/190612InHarvest067.rendition-1024x684.jpg\" class=\"attachment-large size-large wp-post-image\" alt=\"couscous recipe option\" style=\"width:100%;height:66.76%;max-width:1080px;object-fit:cover;\" srcset=\"https:\/\/rivianaindustrial.com\/wp-content\/uploads\/2022\/08\/190612InHarvest067.rendition-1024x684.jpg 1024w, https:\/\/rivianaindustrial.com\/wp-content\/uploads\/2022\/08\/190612InHarvest067.rendition-300x200.jpg 300w, https:\/\/rivianaindustrial.com\/wp-content\/uploads\/2022\/08\/190612InHarvest067.rendition-768x513.jpg 768w, https:\/\/rivianaindustrial.com\/wp-content\/uploads\/2022\/08\/190612InHarvest067.rendition-367x246.jpg 367w, https:\/\/rivianaindustrial.com\/wp-content\/uploads\/2022\/08\/190612InHarvest067.rendition.jpg 1080w\" sizes=\"auto, (max-width: 750px) 100vw, 750px\" \/><\/figure>\n\n\n<div class=\"wp-block-group top-10vh info-box\"><div class=\"wp-block-group__inner-container is-layout-flow wp-block-group-is-layout-flow\"><h3 style=\"font-style:normal;font-weight:700;\" class=\"wp-block-post-title has-normal-font-size\"><a href=\"https:\/\/rivianaindustrial.com\/es\/producto\/couscous-pasta\/\" target=\"_self\" >Couscous<\/a><\/h3>\n\n<div class=\"btn-link wp-block-post-excerpt\"><p class=\"wp-block-post-excerpt__excerpt\">Entre nuestras variedades de couscous se incluyen el couscous tradicional marroqu\u00ed, as\u00ed como el couscous perlado y el couscous al estilo israel\u00ed, perfectos para cualquier aplicaci\u00f3n.<\/p><p class=\"wp-block-post-excerpt__more-text\"><a class=\"wp-block-post-excerpt__more-link\" href=\"https:\/\/rivianaindustrial.com\/es\/producto\/couscous-pasta\/\">Saber m\u00e1s<\/a><\/p><\/div><\/div><\/div>\n\n<\/li><li class=\"wp-block-post post-2280 product type-product status-publish has-post-thumbnail hentry product_category-granos entry\">\n<figure class=\"wp-block-post-featured-image\"><img loading=\"lazy\" decoding=\"async\" width=\"750\" height=\"500\" src=\"https:\/\/rivianaindustrial.com\/wp-content\/uploads\/2022\/08\/219030_E_PearledCouscous_0585-1024x683.jpg\" class=\"attachment-large size-large wp-post-image\" alt=\"Pearled Couscous\" style=\"width:100%;height:66.67%;max-width:1620px;object-fit:cover;\" srcset=\"https:\/\/rivianaindustrial.com\/wp-content\/uploads\/2022\/08\/219030_E_PearledCouscous_0585-1024x683.jpg 1024w, https:\/\/rivianaindustrial.com\/wp-content\/uploads\/2022\/08\/219030_E_PearledCouscous_0585-300x200.jpg 300w, https:\/\/rivianaindustrial.com\/wp-content\/uploads\/2022\/08\/219030_E_PearledCouscous_0585-768x512.jpg 768w, https:\/\/rivianaindustrial.com\/wp-content\/uploads\/2022\/08\/219030_E_PearledCouscous_0585-1536x1024.jpg 1536w, https:\/\/rivianaindustrial.com\/wp-content\/uploads\/2022\/08\/219030_E_PearledCouscous_0585-367x246.jpg 367w, https:\/\/rivianaindustrial.com\/wp-content\/uploads\/2022\/08\/219030_E_PearledCouscous_0585-1568x1045.jpg 1568w, https:\/\/rivianaindustrial.com\/wp-content\/uploads\/2022\/08\/219030_E_PearledCouscous_0585.jpg 1620w\" sizes=\"auto, (max-width: 750px) 100vw, 750px\" \/><\/figure>\n\n\n<div class=\"wp-block-group top-10vh info-box\"><div class=\"wp-block-group__inner-container is-layout-flow wp-block-group-is-layout-flow\"><h3 style=\"font-style:normal;font-weight:700;\" class=\"wp-block-post-title has-normal-font-size\"><a href=\"https:\/\/rivianaindustrial.com\/es\/producto\/granos-perlados\/\" target=\"_self\" >Granos Perlados<\/a><\/h3>\n\n<div class=\"btn-link wp-block-post-excerpt\"><p class=\"wp-block-post-excerpt__excerpt\">Descubre nuestras variadas opciones de granos perlados, como la cebada, el couscous, el farro y las bayas de trigo.<\/p><p class=\"wp-block-post-excerpt__more-text\"><a class=\"wp-block-post-excerpt__more-link\" href=\"https:\/\/rivianaindustrial.com\/es\/producto\/granos-perlados\/\">Saber m\u00e1s<\/a><\/p><\/div><\/div><\/div>\n\n<\/li><li class=\"wp-block-post post-2278 product type-product status-publish has-post-thumbnail hentry product_category-granos entry\">\n<figure class=\"wp-block-post-featured-image\"><img loading=\"lazy\" decoding=\"async\" width=\"750\" height=\"500\" src=\"https:\/\/rivianaindustrial.com\/wp-content\/uploads\/2022\/08\/organic-grains.jpg\" class=\"attachment-large size-large wp-post-image\" alt=\"organic grains\" style=\"width:100%;height:66.67%;max-width:768px;object-fit:cover;\" srcset=\"https:\/\/rivianaindustrial.com\/wp-content\/uploads\/2022\/08\/organic-grains.jpg 768w, https:\/\/rivianaindustrial.com\/wp-content\/uploads\/2022\/08\/organic-grains-300x200.jpg 300w, https:\/\/rivianaindustrial.com\/wp-content\/uploads\/2022\/08\/organic-grains-367x246.jpg 367w\" sizes=\"auto, (max-width: 750px) 100vw, 750px\" \/><\/figure>\n\n\n<div class=\"wp-block-group top-10vh info-box\"><div class=\"wp-block-group__inner-container is-layout-flow wp-block-group-is-layout-flow\"><h3 style=\"font-style:normal;font-weight:700;\" class=\"wp-block-post-title has-normal-font-size\"><a href=\"https:\/\/rivianaindustrial.com\/es\/producto\/granos-organicos\/\" target=\"_self\" >Granos Org\u00e1nicos<\/a><\/h3>\n\n<div class=\"btn-link wp-block-post-excerpt\"><p class=\"wp-block-post-excerpt__excerpt\">Explora todas nuestras opciones de granos producidos org\u00e1nicamente para satisfacer todas tus necesidades de aplicaci\u00f3n, incluyendo quinoa, farro y m\u00e1s.<\/p><p class=\"wp-block-post-excerpt__more-text\"><a class=\"wp-block-post-excerpt__more-link\" href=\"https:\/\/rivianaindustrial.com\/es\/producto\/granos-organicos\/\">Saber m\u00e1s<\/a><\/p><\/div><\/div><\/div>\n\n<\/li><li class=\"wp-block-post post-2276 product type-product status-publish has-post-thumbnail hentry product_category-granos entry\">\n<figure class=\"wp-block-post-featured-image\"><img loading=\"lazy\" decoding=\"async\" width=\"750\" height=\"501\" src=\"https:\/\/rivianaindustrial.com\/wp-content\/uploads\/2022\/08\/Grain-Perfect_Tri-Color-Quinoa-1024x684.jpg\" class=\"attachment-large size-large wp-post-image\" alt=\"Grain-Perfect_Tri-Color-Quinoa\" style=\"width:100%;height:66.75%;max-width:1618px;object-fit:cover;\" srcset=\"https:\/\/rivianaindustrial.com\/wp-content\/uploads\/2022\/08\/Grain-Perfect_Tri-Color-Quinoa-1024x684.jpg 1024w, https:\/\/rivianaindustrial.com\/wp-content\/uploads\/2022\/08\/Grain-Perfect_Tri-Color-Quinoa-300x200.jpg 300w, https:\/\/rivianaindustrial.com\/wp-content\/uploads\/2022\/08\/Grain-Perfect_Tri-Color-Quinoa-768x513.jpg 768w, https:\/\/rivianaindustrial.com\/wp-content\/uploads\/2022\/08\/Grain-Perfect_Tri-Color-Quinoa-1536x1025.jpg 1536w, https:\/\/rivianaindustrial.com\/wp-content\/uploads\/2022\/08\/Grain-Perfect_Tri-Color-Quinoa-367x246.jpg 367w, https:\/\/rivianaindustrial.com\/wp-content\/uploads\/2022\/08\/Grain-Perfect_Tri-Color-Quinoa-1568x1047.jpg 1568w, https:\/\/rivianaindustrial.com\/wp-content\/uploads\/2022\/08\/Grain-Perfect_Tri-Color-Quinoa.jpg 1618w\" sizes=\"auto, (max-width: 750px) 100vw, 750px\" \/><\/figure>\n\n\n<div class=\"wp-block-group top-10vh info-box\"><div class=\"wp-block-group__inner-container is-layout-flow wp-block-group-is-layout-flow\"><h3 style=\"font-style:normal;font-weight:700;\" class=\"wp-block-post-title has-normal-font-size\"><a href=\"https:\/\/rivianaindustrial.com\/es\/producto\/quinoa-granos\/\" target=\"_self\" >Quinoa<\/a><\/h3>\n\n<div class=\"btn-link wp-block-post-excerpt\"><p class=\"wp-block-post-excerpt__excerpt\">Vers\u00e1til y de textura suave, explora cada opci\u00f3n de quinoa repleta de prote\u00ednas disponible en Riviana.<\/p><p class=\"wp-block-post-excerpt__more-text\"><a class=\"wp-block-post-excerpt__more-link\" href=\"https:\/\/rivianaindustrial.com\/es\/producto\/quinoa-granos\/\">Saber m\u00e1s<\/a><\/p><\/div><\/div><\/div>\n\n<\/li><\/ul><\/div>\n<\/div><\/div>\n\n\n\n<div class=\"wp-block-group alignfull diagonal-double has-toutou-background-color has-background\"><div class=\"wp-block-group__inner-container is-layout-flow wp-block-group-is-layout-flow\">\n<div class=\"wp-block-columns alignwide are-vertically-aligned-center is-layout-flex wp-container-core-columns-is-layout-9d6595d7 wp-block-columns-is-layout-flex\">\n<div class=\"wp-block-column is-vertically-aligned-center is-layout-flow wp-block-column-is-layout-flow\">\n<h2 class=\"border-left wp-block-heading\">Nuestras certificaciones<\/h2>\n\n\n\n<p>Brindar productos de arroz y granos sanos y limpios es nuestra principal prioridad, y es por eso que mantenemos nuestros ingredientes con los m\u00e1s altos est\u00e1ndares para cumplir con los requisitos de nuestros valiosos clientes.<\/p>\n<\/div>\n\n\n\n<div class=\"wp-block-column is-vertically-aligned-center is-layout-flow wp-block-column-is-layout-flow\">\n<figure class=\"wp-block-gallery has-nested-images columns-4 wp-block-gallery-1 is-layout-flex wp-block-gallery-is-layout-flex\">\n<figure class=\"wp-block-image size-large\"><img loading=\"lazy\" decoding=\"async\" width=\"130\" height=\"130\" data-id=\"713\" src=\"https:\/\/rivianaindustrial.com\/wp-content\/uploads\/2022\/03\/brc.png\" alt=\"BRC Global Standards\" class=\"wp-image-713\"\/><\/figure>\n\n\n\n<figure class=\"wp-block-image size-large\"><img loading=\"lazy\" decoding=\"async\" width=\"130\" height=\"130\" data-id=\"715\" src=\"https:\/\/rivianaindustrial.com\/wp-content\/uploads\/2022\/03\/gluten_free.png\" alt=\"Gluten Free Certified\" class=\"wp-image-715\"\/><\/figure>\n\n\n\n<figure class=\"wp-block-image size-large\"><img loading=\"lazy\" decoding=\"async\" width=\"130\" height=\"130\" data-id=\"717\" src=\"https:\/\/rivianaindustrial.com\/wp-content\/uploads\/2022\/03\/halal.png\" alt=\"halal\" class=\"wp-image-717\"\/><\/figure>\n\n\n\n<figure class=\"wp-block-image size-large\"><img loading=\"lazy\" decoding=\"async\" width=\"130\" height=\"130\" data-id=\"725\" src=\"https:\/\/rivianaindustrial.com\/wp-content\/uploads\/2022\/03\/star_k.png\" alt=\"Star K\" class=\"wp-image-725\"\/><\/figure>\n\n\n\n<figure class=\"wp-block-image size-large\"><img loading=\"lazy\" decoding=\"async\" width=\"130\" height=\"130\" data-id=\"719\" src=\"https:\/\/rivianaindustrial.com\/wp-content\/uploads\/2022\/03\/non_gmo.png\" alt=\"Non Gmo Project\" class=\"wp-image-719\"\/><\/figure>\n\n\n\n<figure class=\"wp-block-image size-large\"><img loading=\"lazy\" decoding=\"async\" width=\"130\" height=\"130\" data-id=\"721\" src=\"https:\/\/rivianaindustrial.com\/wp-content\/uploads\/2022\/03\/organic.png\" alt=\"Usda Organic\" class=\"wp-image-721\"\/><\/figure>\n\n\n\n<figure class=\"wp-block-image size-large\"><img loading=\"lazy\" decoding=\"async\" width=\"130\" height=\"130\" data-id=\"723\" src=\"https:\/\/rivianaindustrial.com\/wp-content\/uploads\/2022\/03\/sqf.png\" alt=\"SQF\" class=\"wp-image-723\"\/><\/figure>\n<\/figure>\n<\/div>\n<\/div>\n<\/div><\/div>\n","protected":false},"excerpt":{"rendered":"<p>Variedades de granos para la venta industrial Explora las diferentes opciones de grano que ofrece Riviana, incluidas las mezclas especiales. Variedades de granos para la venta industrial Descubre nuestra colecci\u00f3n de diferentes variedades que van desde el cusc\u00fas hasta la quinoa, as\u00ed como las opciones de granos que est\u00e1n disponibles, perlados, org\u00e1nicos y parte de&hellip; <a class=\"more-link\" href=\"https:\/\/rivianaindustrial.com\/es\/granos\/\">Seguir leyendo <span class=\"screen-reader-text\">Granos<\/span><\/a><\/p>\n","protected":false},"author":1,"featured_media":0,"parent":0,"menu_order":3,"comment_status":"closed","ping_status":"closed","template":"","meta":{"_acf_changed":false,"footnotes":""},"class_list":["post-2246","page","type-page","status-publish","hentry","entry"],"acf":[],"_links":{"self":[{"href":"https:\/\/rivianaindustrial.com\/es\/wp-json\/wp\/v2\/pages\/2246","targetHints":{"allow":["GET"]}}],"collection":[{"href":"https:\/\/rivianaindustrial.com\/es\/wp-json\/wp\/v2\/pages"}],"about":[{"href":"https:\/\/rivianaindustrial.com\/es\/wp-json\/wp\/v2\/types\/page"}],"author":[{"embeddable":true,"href":"https:\/\/rivianaindustrial.com\/es\/wp-json\/wp\/v2\/users\/1"}],"replies":[{"embeddable":true,"href":"https:\/\/rivianaindustrial.com\/es\/wp-json\/wp\/v2\/comments?post=2246"}],"version-history":[{"count":2,"href":"https:\/\/rivianaindustrial.com\/es\/wp-json\/wp\/v2\/pages\/2246\/revisions"}],"predecessor-version":[{"id":3268,"href":"https:\/\/rivianaindustrial.com\/es\/wp-json\/wp\/v2\/pages\/2246\/revisions\/3268"}],"wp:attachment":[{"href":"https:\/\/rivianaindustrial.com\/es\/wp-json\/wp\/v2\/media?parent=2246"}],"curies":[{"name":"wp","href":"https:\/\/api.w.org\/{rel}","templated":true}]}}