{"id":3291,"date":"2021-12-23T17:53:25","date_gmt":"2021-12-23T23:53:25","guid":{"rendered":"https:\/\/rivianaindustrial.com\/?page_id=3291"},"modified":"2025-08-06T16:43:36","modified_gmt":"2025-08-06T21:43:36","slug":"industrial-sales","status":"publish","type":"page","link":"https:\/\/rivianaindustrial.com\/es\/","title":{"rendered":"Industrial Sales"},"content":{"rendered":"\n<div style=\"height:0px\" aria-hidden=\"true\" id=\"reading\" class=\"wp-block-spacer\"><\/div>\n\n\n\n<div class=\"wp-block-group alignwide\"><div class=\"wp-block-group__inner-container is-layout-flow wp-block-group-is-layout-flow\">\n<div class=\"wp-block-columns alignfull is-layout-flex wp-container-core-columns-is-layout-9d6595d7 wp-block-columns-is-layout-flex\">\n<div class=\"wp-block-column is-layout-flow wp-block-column-is-layout-flow\">\n<h2 class=\"wp-block-heading border-left\">Nuestros ingredientes son la base perfecta para tus recetas.<\/h2>\n<\/div>\n<\/div>\n\n\n\n<div style=\"height:5vh\" aria-hidden=\"true\" class=\"wp-block-spacer\"><\/div>\n<\/div><\/div>\n\n\n\n<div class=\"wp-block-columns alignwide is-layout-flex wp-container-core-columns-is-layout-9d6595d7 wp-block-columns-is-layout-flex\">\n<div class=\"wp-block-column is-layout-flow wp-block-column-is-layout-flow\">\n<figure class=\"wp-block-image size-large\"><img loading=\"lazy\" decoding=\"async\" width=\"1024\" height=\"683\" src=\"https:\/\/rivianaindustrial.com\/wp-content\/uploads\/2022\/06\/Riviana-rice-1024x683.jpg\" alt=\"Riviana fresh rice paddy\" class=\"wp-image-1548\" srcset=\"https:\/\/rivianaindustrial.com\/wp-content\/uploads\/2022\/06\/Riviana-rice-1024x683.jpg 1024w, https:\/\/rivianaindustrial.com\/wp-content\/uploads\/2022\/06\/Riviana-rice-300x200.jpg 300w, https:\/\/rivianaindustrial.com\/wp-content\/uploads\/2022\/06\/Riviana-rice-768x512.jpg 768w, https:\/\/rivianaindustrial.com\/wp-content\/uploads\/2022\/06\/Riviana-rice-1536x1024.jpg 1536w, https:\/\/rivianaindustrial.com\/wp-content\/uploads\/2022\/06\/Riviana-rice-1568x1045.jpg 1568w, https:\/\/rivianaindustrial.com\/wp-content\/uploads\/2022\/06\/Riviana-rice.jpg 1620w\" sizes=\"auto, (max-width: 1024px) 100vw, 1024px\" \/><\/figure>\n<\/div>\n\n\n\n<div class=\"wp-block-column is-layout-flow wp-block-column-is-layout-flow\">\n<h2 class=\"wp-block-heading border-left\">Tu marca de confianza para un arroz de calidad<\/h2>\n\n\n\n<p>Desde la granja hasta el consumidor, nos comprometemos a producir los productos de arroz m\u00e1s limpios y saludables disponibles para cualquier uso. Ofrecemos <a href=\"https:\/\/rivianaindustrial.com\/es\/recursos\/\">un nivel de calidad superior<\/a>. En Riviana Foods, desarrollamos, evolucionamos y mejoramos constantemente los productos utilizando nuestras instalaciones piloto de \u00faltima generaci\u00f3n.<\/p>\n<\/div>\n<\/div>\n\n\n\n<div class=\"wp-block-columns alignwide is-layout-flex wp-container-core-columns-is-layout-9d6595d7 wp-block-columns-is-layout-flex\">\n<div class=\"wp-block-column is-layout-flow wp-block-column-is-layout-flow\">\n<h2 class=\"wp-block-heading border-left\">A la vanguardia de la innovaci\u00f3n<\/h2>\n\n\n\n<p>Riviana Foods cuenta con un amplio portfolio de ingredientes de alta calidad provenientes de todo el mundo. Como subsidiaria de <a href=\"https:\/\/www.ebrofoods.es\/\" target=\"_blank\" rel=\"noreferrer noopener\">Ebro Foods<\/a>, tenemos una visi\u00f3n integral y estrat\u00e9gica del mercado de ingredientes. Ebro Foods opera a nivel global a trav\u00e9s de una extensa red de filiales y marcas en m\u00e1s de cincuenta pa\u00edses, abarcando Europa, Norteam\u00e9rica, Asia y \u00c1frica. Gracias a nuestra estrecha colaboraci\u00f3n con <a href=\"https:\/\/www.ebroingredients.com\/\" target=\"_blank\" rel=\"noreferrer noopener\">Ebro Ingredients<\/a>, desarrollamos soluciones innovadoras y naturales a partir de arroz, cereales y legumbres. <\/p>\n<\/div>\n\n\n\n<div class=\"wp-block-column is-layout-flow wp-block-column-is-layout-flow\">\n<figure class=\"wp-block-image size-full\"><img loading=\"lazy\" decoding=\"async\" width=\"574\" height=\"331\" src=\"https:\/\/rivianaindustrial.com\/wp-content\/uploads\/2025\/03\/pea-protein-for-egg-replacement.jpg\" alt=\"pea protein for egg replacement\" class=\"wp-image-3573\" srcset=\"https:\/\/rivianaindustrial.com\/wp-content\/uploads\/2025\/03\/pea-protein-for-egg-replacement.jpg 574w, https:\/\/rivianaindustrial.com\/wp-content\/uploads\/2025\/03\/pea-protein-for-egg-replacement-300x173.jpg 300w\" sizes=\"auto, (max-width: 574px) 100vw, 574px\" \/><\/figure>\n<\/div>\n<\/div>\n\n\n\n<div class=\"wp-block-columns alignwide is-layout-flex wp-container-core-columns-is-layout-9d6595d7 wp-block-columns-is-layout-flex\">\n<div class=\"wp-block-column is-layout-flow wp-block-column-is-layout-flow\">\n<p>Nuestra misi\u00f3n es ofrecer alternativas naturales a los desaf\u00edos actuales de la industria alimentaria, tales como sustituciones clean-label, espesantes y texturizantes naturales, mejoras nutricionales, optimizaci\u00f3n de vida \u00fatil, emulsionantes naturales o sustituci\u00f3n de gluten. Un ejemplo reciente de nuestra capacidad innovadora es el <a href=\"https:\/\/rivianaindustrial.com\/wp-content\/uploads\/2025\/03\/Egg-replacement-with-PisumPRO-YP55-EbroIngredients.pdf\" target=\"_blank\" rel=\"noreferrer noopener\">uso de prote\u00edna de guisante como alternativa al huevo<\/a> (descarga de documento en ingl\u00e9s) en diversas aplicaciones.  Si buscas especificaciones de productos, recetas o fichas t\u00e9cnicas de aplicaciones, no dudes en <a href=\"https:\/\/rivianaindustrial.com\/es\/contacto\/\">contactarnos<\/a>.<\/p>\n<\/div>\n<\/div>\n\n\n\n<div class=\"wp-block-columns alignwide is-layout-flex wp-container-core-columns-is-layout-9d6595d7 wp-block-columns-is-layout-flex\">\n<div class=\"wp-block-column is-layout-flow wp-block-column-is-layout-flow\">\n<figure class=\"wp-block-image size-large\"><img decoding=\"async\" src=\"https:\/\/rivianaindustrial.com\/wp-content\/uploads\/2022\/08\/Riviana-north-indian-platter-with-basmati-e1660298468226.jpg\" alt=\"Riviana north indian platter with basmati\" class=\"wp-image-2085\"\/><\/figure>\n<\/div>\n\n\n\n<div class=\"wp-block-column is-layout-flow wp-block-column-is-layout-flow\">\n<h2 class=\"wp-block-heading border-left\">La base perfecta para la creaci\u00f3n de comidas<\/h2>\n\n\n\n<p>Desde nuestro arroz instant\u00e1neo f\u00e1cil de preparar hasta nuestra especialidad de arroz redondo arborio, el arom\u00e1tico arroz jazm\u00edn o basmati y el arroz negro de primera calidad, Riviana est\u00e1 a la vanguardia de la innovaci\u00f3n. <a href=\"https:\/\/rivianaindustrial.com\/es\/arroz\/\">Conoce m\u00e1s productos<\/a> de arroz y sus usos.<\/p>\n<\/div>\n<\/div>\n\n\n\n<div class=\"wp-block-group alignwide\"><div class=\"wp-block-group__inner-container is-layout-flow wp-block-group-is-layout-flow\">\n<h2 class=\"wp-block-heading alignwide border-left\">Productos<\/h2>\n\n\n\n<div class=\"wp-block-columns alignwide is-layout-flex wp-container-core-columns-is-layout-9d6595d7 wp-block-columns-is-layout-flex\">\n<div class=\"wp-block-column is-layout-flow wp-block-column-is-layout-flow\">\n<figure class=\"wp-block-image size-large big-elevation\"><a href=\"https:\/\/rivianaindustrial.com\/es\/arroz\/\"><img loading=\"lazy\" decoding=\"async\" width=\"1024\" height=\"683\" src=\"https:\/\/rivianaindustrial.com\/wp-content\/uploads\/2022\/06\/Riviana-rice-varieties-1024x683.jpg\" alt=\"instant rice varieties in bowls\" class=\"wp-image-1546\" srcset=\"https:\/\/rivianaindustrial.com\/wp-content\/uploads\/2022\/06\/Riviana-rice-varieties-1024x683.jpg 1024w, https:\/\/rivianaindustrial.com\/wp-content\/uploads\/2022\/06\/Riviana-rice-varieties-300x200.jpg 300w, https:\/\/rivianaindustrial.com\/wp-content\/uploads\/2022\/06\/Riviana-rice-varieties-768x512.jpg 768w, https:\/\/rivianaindustrial.com\/wp-content\/uploads\/2022\/06\/Riviana-rice-varieties-1536x1024.jpg 1536w, https:\/\/rivianaindustrial.com\/wp-content\/uploads\/2022\/06\/Riviana-rice-varieties-1568x1045.jpg 1568w, https:\/\/rivianaindustrial.com\/wp-content\/uploads\/2022\/06\/Riviana-rice-varieties.jpg 1620w\" sizes=\"auto, (max-width: 1024px) 100vw, 1024px\" \/><\/a><figcaption class=\"wp-element-caption\">6 Types of Rice:  Black Wild Rice Red Wild Rice Brown Rice Mixed Wild Rice White (Jasmine) Rice Glutinous (Sticky) Rice<\/figcaption><\/figure>\n\n\n\n<div class=\"wp-block-group top-10vh info-box has-white-background-color has-background\"><div class=\"wp-block-group__inner-container is-layout-flow wp-block-group-is-layout-flow\">\n<h2 class=\"wp-block-heading\"><a href=\"https:\/\/rivianaindustrial.com\/es\/arroz\/\">Arroz<\/a><\/h2>\n\n\n\n<p style=\"font-size:19px\">Desde arroz instant\u00e1neo hasta arroz org\u00e1nico, nuestros excepcionales productos de arroz son la base perfecta para cualquier comida.<\/p>\n\n\n\n<div class=\"wp-block-buttons is-layout-flex wp-block-buttons-is-layout-flex\">\n<div class=\"wp-block-button\"><a class=\"wp-block-button__link wp-element-button\" href=\"https:\/\/rivianaindustrial.com\/es\/arroz\/\">Saber m\u00e1s<\/a><\/div>\n<\/div>\n<\/div><\/div>\n<\/div>\n\n\n\n<div class=\"wp-block-column is-layout-flow wp-block-column-is-layout-flow\">\n<figure class=\"wp-block-image size-large big-elevation\"><a href=\"https:\/\/rivianaindustrial.com\/es\/harinas\/\"><img loading=\"lazy\" decoding=\"async\" width=\"1024\" height=\"683\" src=\"https:\/\/rivianaindustrial.com\/wp-content\/uploads\/2022\/06\/pancakes-iStock-1168118551-1024x683.jpg\" alt=\"Rivland White rice flour panckes\" class=\"wp-image-1793\" srcset=\"https:\/\/rivianaindustrial.com\/wp-content\/uploads\/2022\/06\/pancakes-iStock-1168118551-1024x683.jpg 1024w, https:\/\/rivianaindustrial.com\/wp-content\/uploads\/2022\/06\/pancakes-iStock-1168118551-300x200.jpg 300w, https:\/\/rivianaindustrial.com\/wp-content\/uploads\/2022\/06\/pancakes-iStock-1168118551-768x512.jpg 768w, https:\/\/rivianaindustrial.com\/wp-content\/uploads\/2022\/06\/pancakes-iStock-1168118551-1536x1025.jpg 1536w, https:\/\/rivianaindustrial.com\/wp-content\/uploads\/2022\/06\/pancakes-iStock-1168118551-1568x1046.jpg 1568w, https:\/\/rivianaindustrial.com\/wp-content\/uploads\/2022\/06\/pancakes-iStock-1168118551.jpg 1619w\" sizes=\"auto, (max-width: 1024px) 100vw, 1024px\" \/><\/a><figcaption class=\"wp-element-caption\">Stack of Pancakes with Maple Syrup and Fresh Blueberries<\/figcaption><\/figure>\n\n\n\n<div class=\"wp-block-group top-10vh info-box has-white-background-color has-background\"><div class=\"wp-block-group__inner-container is-layout-flow wp-block-group-is-layout-flow\">\n<h2 class=\"wp-block-heading\"><a href=\"https:\/\/rivianaindustrial.com\/es\/harinas\/\">Harinas de arroz<\/a><\/h2>\n\n\n\n<p style=\"font-size:19px\">Nuestras harinas de arroz de especialidad se producen a partir de variedades de grano medio y largo. Descubre la harina de arroz perfecta para cualquier aplicaci\u00f3n. <\/p>\n\n\n\n<div class=\"wp-block-buttons is-layout-flex wp-block-buttons-is-layout-flex\">\n<div class=\"wp-block-button\"><a class=\"wp-block-button__link wp-element-button\" href=\"https:\/\/rivianaindustrial.com\/es\/harinas\/\">Saber m\u00e1s<\/a><\/div>\n<\/div>\n<\/div><\/div>\n<\/div>\n\n\n\n<div class=\"wp-block-column is-layout-flow wp-block-column-is-layout-flow\">\n<figure class=\"wp-block-image size-large big-elevation\"><a href=\"https:\/\/rivianaindustrial.com\/es\/granos\/\"><img loading=\"lazy\" decoding=\"async\" width=\"1024\" height=\"683\" src=\"https:\/\/rivianaindustrial.com\/wp-content\/uploads\/2022\/08\/219030_E_PearledCouscous_0585-1024x683.jpg\" alt=\"PearledCouscous\" class=\"wp-image-2319\" srcset=\"https:\/\/rivianaindustrial.com\/wp-content\/uploads\/2022\/08\/219030_E_PearledCouscous_0585-1024x683.jpg 1024w, https:\/\/rivianaindustrial.com\/wp-content\/uploads\/2022\/08\/219030_E_PearledCouscous_0585-300x200.jpg 300w, https:\/\/rivianaindustrial.com\/wp-content\/uploads\/2022\/08\/219030_E_PearledCouscous_0585-768x512.jpg 768w, https:\/\/rivianaindustrial.com\/wp-content\/uploads\/2022\/08\/219030_E_PearledCouscous_0585-1536x1024.jpg 1536w, https:\/\/rivianaindustrial.com\/wp-content\/uploads\/2022\/08\/219030_E_PearledCouscous_0585-367x246.jpg 367w, https:\/\/rivianaindustrial.com\/wp-content\/uploads\/2022\/08\/219030_E_PearledCouscous_0585-1568x1045.jpg 1568w, https:\/\/rivianaindustrial.com\/wp-content\/uploads\/2022\/08\/219030_E_PearledCouscous_0585.jpg 1620w\" sizes=\"auto, (max-width: 1024px) 100vw, 1024px\" \/><\/a><figcaption class=\"wp-element-caption\">[#Beginning of Shooting Data Section]\nImage Size:L (4912 x 7360), FX\n2019\/11\/21 12:29:27.88\nTime Zone and Date:UTC-6, DST:ON\nJpeg Fine (8-bit)\nNikon D810\nLens:60mm f\/2.8G\nFocal Length:60mm\nFocus Mode:AF-C\nAF-Area Mode:Single\nVR:\nAF Fine Tune:ON(0)\nAperture:f\/18\nShutter Speed:1.6s\nExposure Mode:Manual\nExposure Comp.:0EV\nExposure Tuning:\nMetering:Matrix\nISO Sensitivity:ISO 400\nDevice:\nWhite Balance:Auto1, 0, 0\nColor Space:sRGB\nHigh ISO NR:ON (Low)\nLong Exposure NR:OFF\nActive D-Lighting:OFF\nVignette Control:OFF\nAuto Distortion Control:OFF\nPicture Control:[SD] STANDARD\nBase:[SD] STANDARD\nQuick Adjust:-\nSharpening:+3.00\nClarity: 0.00\nContrast: 0.00\nBrightness: 0.00\nSaturation: 0.00\nHue: 0.00\nFilter Effects:\nToning:\nOptimize Image:\nColor Mode:\nTone Comp.:\nHue Adjustment:\nSaturation:\nSharpening:\nLatitude:\nLongitude:\nAltitude:\nAltitude Reference:\nHeading:\nUTC:\nMap Datum:\n[#End of Shooting Data Section]<\/figcaption><\/figure>\n\n\n\n<div class=\"wp-block-group top-10vh info-box has-white-background-color has-background\"><div class=\"wp-block-group__inner-container is-layout-flow wp-block-group-is-layout-flow\">\n<h2 class=\"wp-block-heading\"><a href=\"https:\/\/rivianaindustrial.com\/es\/granos\/\">Granos<\/a><\/h2>\n\n\n\n<p style=\"font-size:19px\">Explora las diferentes opciones de grano que ofrece Riviana, desde couscous a quinoa, incluidas las mezclas especiales de granos.<\/p>\n\n\n\n<div class=\"wp-block-buttons is-layout-flex wp-block-buttons-is-layout-flex\">\n<div class=\"wp-block-button\"><a class=\"wp-block-button__link wp-element-button\" href=\"https:\/\/rivianaindustrial.com\/es\/granos\/\">Saber m\u00e1s<\/a><\/div>\n<\/div>\n<\/div><\/div>\n<\/div>\n<\/div>\n<\/div><\/div>\n\n\n\n<div class=\"wp-block-group alignfull diagonal-double has-toutou-background-color has-background\"><div class=\"wp-block-group__inner-container is-layout-flow wp-block-group-is-layout-flow\">\n<div class=\"wp-block-columns alignwide is-layout-flex wp-container-core-columns-is-layout-9d6595d7 wp-block-columns-is-layout-flex\">\n<div class=\"wp-block-column is-layout-flow wp-block-column-is-layout-flow\">\n<h2 class=\"border-left wp-block-heading\">Nuestras certificaciones<\/h2>\n\n\n\n<p>Distinguido por su versatilidad y su composici\u00f3n rica en nutrientes, el arroz es un alimento b\u00e1sico esencial en los platos de todo el mundo. Aunque el arroz es naturalmente sencillo de preparar, al convertirlo en un producto instant\u00e1neo, puede cocinarse en tan solo 4 minutos.<\/p>\n\n\n\n<p>El arroz no solo puede disfrutarse como plato principal o de acompa\u00f1amiento en la cena, sino que tambi\u00e9n sirve para realzar el sabor y la textura de cualquier comida, desde desayunos hasta postres. El arroz tambi\u00e9n es maravilloso para absorber los sabores de muchos ingredientes diferentes, desde los l\u00edquidos de cocci\u00f3n y las hierbas hasta las verduras y carnes salteadas. <\/p>\n\n\n\n<p>Naturalmente libre de gluten, el arroz proporciona a las comidas carbohidratos complejos, prote\u00ednas, fibra y antioxidantes para proporcionar energ\u00eda. En Riviana, nuestra m\u00e1xima prioridad es ofrecer productos de arroz sanos y limpios para cualquier uso.<\/p>\n<\/div>\n\n\n\n<div class=\"wp-block-column is-layout-flow wp-block-column-is-layout-flow\">\n<figure class=\"wp-block-gallery has-nested-images columns-4 wp-block-gallery-1 is-layout-flex wp-block-gallery-is-layout-flex\">\n<figure class=\"wp-block-image size-large\"><img loading=\"lazy\" decoding=\"async\" width=\"130\" height=\"130\" data-id=\"713\" src=\"https:\/\/rivianaindustrial.com\/wp-content\/uploads\/2022\/03\/brc.png\" alt=\"BRC Global Standards\" class=\"wp-image-713\"\/><\/figure>\n\n\n\n<figure class=\"wp-block-image size-large\"><img loading=\"lazy\" decoding=\"async\" width=\"130\" height=\"130\" data-id=\"715\" src=\"https:\/\/rivianaindustrial.com\/wp-content\/uploads\/2022\/03\/gluten_free.png\" alt=\"Gluten Free Certified\" class=\"wp-image-715\"\/><\/figure>\n\n\n\n<figure class=\"wp-block-image size-large\"><img loading=\"lazy\" decoding=\"async\" width=\"130\" height=\"130\" data-id=\"717\" src=\"https:\/\/rivianaindustrial.com\/wp-content\/uploads\/2022\/03\/halal.png\" alt=\"halal\" class=\"wp-image-717\"\/><\/figure>\n\n\n\n<figure class=\"wp-block-image size-large\"><img loading=\"lazy\" decoding=\"async\" width=\"130\" height=\"130\" data-id=\"725\" src=\"https:\/\/rivianaindustrial.com\/wp-content\/uploads\/2022\/03\/star_k.png\" alt=\"Star K\" class=\"wp-image-725\"\/><\/figure>\n\n\n\n<figure class=\"wp-block-image size-large\"><img loading=\"lazy\" decoding=\"async\" width=\"130\" height=\"130\" data-id=\"719\" src=\"https:\/\/rivianaindustrial.com\/wp-content\/uploads\/2022\/03\/non_gmo.png\" alt=\"Non Gmo Project\" class=\"wp-image-719\"\/><\/figure>\n\n\n\n<figure class=\"wp-block-image size-large\"><img loading=\"lazy\" decoding=\"async\" width=\"130\" height=\"130\" data-id=\"721\" src=\"https:\/\/rivianaindustrial.com\/wp-content\/uploads\/2022\/03\/organic.png\" alt=\"Usda Organic\" class=\"wp-image-721\"\/><\/figure>\n\n\n\n<figure class=\"wp-block-image size-large\"><img loading=\"lazy\" decoding=\"async\" width=\"130\" height=\"130\" data-id=\"723\" src=\"https:\/\/rivianaindustrial.com\/wp-content\/uploads\/2022\/03\/sqf.png\" alt=\"SQF\" class=\"wp-image-723\"\/><\/figure>\n<\/figure>\n<\/div>\n<\/div>\n<\/div><\/div>\n\n\n\n<div style=\"height:5vh\" aria-hidden=\"true\" class=\"wp-block-spacer\"><\/div>\n\n\n\n<div class=\"wp-block-group alignwide\"><div class=\"wp-block-group__inner-container is-layout-flow wp-block-group-is-layout-flow\">\n<h2 class=\"wp-block-heading alignwide border-left\">Lo m\u00e1s reciente<\/h2>\n\n\n\n<div class=\"wp-block-query alignwide is-layout-flow wp-block-query-is-layout-flow\"><ul class=\"columns-3 alignwide wp-block-post-template is-layout-grid wp-container-core-post-template-is-layout-2fc57c17 wp-block-post-template-is-layout-grid\"><li class=\"wp-block-post post-4106 post type-post status-publish format-standard has-post-thumbnail hentry category-recursos tag-noticias entry\">\n<figure class=\"wp-block-post-featured-image\"><img loading=\"lazy\" decoding=\"async\" width=\"500\" height=\"334\" src=\"https:\/\/rivianaindustrial.com\/wp-content\/uploads\/2025\/10\/shutterstock_1539333041-e1761169375999.jpg\" class=\"attachment-post-thumbnail size-post-thumbnail wp-post-image\" alt=\"Sorghum,Porridge,With,Pieces,Of,Peach,,Cashew,Nuts,And,Almond\" style=\"width:100%;height:66.8%;max-width:500px;object-fit:cover;\" \/><\/figure>\n\n\n<div class=\"wp-block-group top-10vh info-box\"><div class=\"wp-block-group__inner-container is-layout-flow wp-block-group-is-layout-flow\"><h4 class=\"wp-block-post-title\"><a href=\"https:\/\/rivianaindustrial.com\/es\/recursos\/ve-la-luz-el-sorgo-iqf-tipo-rte\/\" target=\"_self\" >Ve la luz el sorgo IQF tipo RTE<\/a><\/h4>\n\n<div class=\"taxonomy-post_tag tags-links wp-block-post-terms\"><a href=\"https:\/\/rivianaindustrial.com\/es\/tag\/noticias\/\" rel=\"tag\">Noticias<\/a><\/div>\n\n<div class=\"btn-link wp-block-post-excerpt\"><p class=\"wp-block-post-excerpt__excerpt\">El United Sorghum Checkoff Program se asocia con Riviana Foods y Harvest Food Group para llevar el sorgo IQF al mercado.<\/p><p class=\"wp-block-post-excerpt__more-text\"><a class=\"wp-block-post-excerpt__more-link\" href=\"https:\/\/rivianaindustrial.com\/es\/recursos\/ve-la-luz-el-sorgo-iqf-tipo-rte\/\"><a href=\"https:\/\/rivianaindustrial.com\/es\/recursos\/riviana-foods-refuerza-la-produccion-de-arroz-instantaneo-en-tennessee\/\">Seguir leyendo<\/a><\/a><\/p><\/div><\/div><\/div>\n\n<\/li><li class=\"wp-block-post post-1871 post type-post status-publish format-standard has-post-thumbnail hentry category-recursos tag-noticias entry\">\n<figure class=\"wp-block-post-featured-image\"><img loading=\"lazy\" decoding=\"async\" width=\"1568\" height=\"1045\" src=\"https:\/\/rivianaindustrial.com\/wp-content\/uploads\/2022\/03\/memphis_final_high_res.jpg__1800x1200_q85_crop_subsampling-2_upscale-1568x1045.jpg\" class=\"attachment-post-thumbnail size-post-thumbnail wp-post-image\" alt=\"Memphis TN plant for riviana foods\" style=\"width:100%;height:57.01%;max-width:1377px;object-fit:cover;\" srcset=\"https:\/\/rivianaindustrial.com\/wp-content\/uploads\/2022\/03\/memphis_final_high_res.jpg__1800x1200_q85_crop_subsampling-2_upscale-1568x1045.jpg 1568w, https:\/\/rivianaindustrial.com\/wp-content\/uploads\/2022\/03\/memphis_final_high_res.jpg__1800x1200_q85_crop_subsampling-2_upscale-1536x1024.jpg 1536w, https:\/\/rivianaindustrial.com\/wp-content\/uploads\/2022\/03\/memphis_final_high_res.jpg__1800x1200_q85_crop_subsampling-2_upscale-e1662046453696-367x246.jpg 367w\" sizes=\"auto, (max-width: 1568px) 100vw, 1568px\" \/><\/figure>\n\n\n<div class=\"wp-block-group top-10vh info-box\"><div class=\"wp-block-group__inner-container is-layout-flow wp-block-group-is-layout-flow\"><h4 class=\"wp-block-post-title\"><a href=\"https:\/\/rivianaindustrial.com\/es\/recursos\/riviana-foods-refuerza-la-produccion-de-arroz-instantaneo-en-tennessee\/\" target=\"_self\" >Riviana Foods Refuerza la Producci\u00f3n de Arroz Instant\u00e1neo en Tennessee<\/a><\/h4>\n\n<div class=\"taxonomy-post_tag tags-links wp-block-post-terms\"><a href=\"https:\/\/rivianaindustrial.com\/es\/tag\/noticias\/\" rel=\"tag\">Noticias<\/a><\/div>\n\n<div class=\"btn-link wp-block-post-excerpt\"><p class=\"wp-block-post-excerpt__excerpt\">Riviana Foods Inc. mejora la producci\u00f3n de arroz instant\u00e1neo con una inversi\u00f3n en su planta de Memphis, Tennessee.<\/p><p class=\"wp-block-post-excerpt__more-text\"><a class=\"wp-block-post-excerpt__more-link\" href=\"https:\/\/rivianaindustrial.com\/es\/recursos\/riviana-foods-refuerza-la-produccion-de-arroz-instantaneo-en-tennessee\/\"><a href=\"https:\/\/rivianaindustrial.com\/es\/recursos\/riviana-foods-refuerza-la-produccion-de-arroz-instantaneo-en-tennessee\/\">Seguir leyendo<\/a><\/a><\/p><\/div><\/div><\/div>\n\n<\/li><li class=\"wp-block-post post-1880 post type-post status-publish format-standard has-post-thumbnail hentry category-recursos tag-noticias entry\">\n<figure class=\"wp-block-post-featured-image\"><img loading=\"lazy\" decoding=\"async\" width=\"1568\" height=\"1045\" src=\"https:\/\/rivianaindustrial.com\/wp-content\/uploads\/2022\/05\/inharvest-web.png__1800x1200_q85_crop_subsampling-2_upscale-1568x1045.jpg\" class=\"attachment-post-thumbnail size-post-thumbnail wp-post-image\" alt=\"inharvest grains acquired\" style=\"width:100%;height:66.67%;max-width:1620px;object-fit:cover;\" srcset=\"https:\/\/rivianaindustrial.com\/wp-content\/uploads\/2022\/05\/inharvest-web.png__1800x1200_q85_crop_subsampling-2_upscale-1568x1045.jpg 1568w, https:\/\/rivianaindustrial.com\/wp-content\/uploads\/2022\/05\/inharvest-web.png__1800x1200_q85_crop_subsampling-2_upscale-300x200.jpg 300w, https:\/\/rivianaindustrial.com\/wp-content\/uploads\/2022\/05\/inharvest-web.png__1800x1200_q85_crop_subsampling-2_upscale-1024x683.jpg 1024w, https:\/\/rivianaindustrial.com\/wp-content\/uploads\/2022\/05\/inharvest-web.png__1800x1200_q85_crop_subsampling-2_upscale-768x512.jpg 768w, https:\/\/rivianaindustrial.com\/wp-content\/uploads\/2022\/05\/inharvest-web.png__1800x1200_q85_crop_subsampling-2_upscale-1536x1024.jpg 1536w, https:\/\/rivianaindustrial.com\/wp-content\/uploads\/2022\/05\/inharvest-web.png__1800x1200_q85_crop_subsampling-2_upscale.jpg 1620w\" sizes=\"auto, (max-width: 1568px) 100vw, 1568px\" \/><\/figure>\n\n\n<div class=\"wp-block-group top-10vh info-box\"><div class=\"wp-block-group__inner-container is-layout-flow wp-block-group-is-layout-flow\"><h4 class=\"wp-block-post-title\"><a href=\"https:\/\/rivianaindustrial.com\/es\/recursos\/riviana-foods-amplia-sus-operaciones-con-activos-de-inharvest\/\" target=\"_self\" >Riviana Foods Ampl\u00eda sus Operaciones con Activos de InHarvest, Inc.<\/a><\/h4>\n\n<div class=\"taxonomy-post_tag tags-links wp-block-post-terms\"><a href=\"https:\/\/rivianaindustrial.com\/es\/tag\/noticias\/\" rel=\"tag\">Noticias<\/a><\/div>\n\n<div class=\"btn-link wp-block-post-excerpt\"><p class=\"wp-block-post-excerpt__excerpt\">Riviana Foods Inc., la principal empresa arrocera de Estados Unidos, ha adquirido InHarvest, Inc. que se dedica a el arroz, quinoa y cereales de especialidad.<\/p><p class=\"wp-block-post-excerpt__more-text\"><a class=\"wp-block-post-excerpt__more-link\" href=\"https:\/\/rivianaindustrial.com\/es\/recursos\/riviana-foods-amplia-sus-operaciones-con-activos-de-inharvest\/\"><a href=\"https:\/\/rivianaindustrial.com\/es\/recursos\/riviana-foods-refuerza-la-produccion-de-arroz-instantaneo-en-tennessee\/\">Seguir leyendo<\/a><\/a><\/p><\/div><\/div><\/div>\n\n<\/li><\/ul><\/div>\n<\/div><\/div>\n","protected":false},"excerpt":{"rendered":"<p>Nuestros ingredientes son la base perfecta para tus recetas. Tu marca de confianza para un arroz de calidad Desde la granja hasta el consumidor, nos comprometemos a producir los productos de arroz m\u00e1s limpios y saludables disponibles para cualquier uso. Ofrecemos un nivel de calidad superior. En Riviana Foods, desarrollamos, evolucionamos y mejoramos constantemente los&hellip; <a class=\"more-link\" href=\"https:\/\/rivianaindustrial.com\/es\/\">Seguir leyendo <span class=\"screen-reader-text\">Industrial Sales<\/span><\/a><\/p>\n","protected":false},"author":3,"featured_media":0,"parent":0,"menu_order":0,"comment_status":"closed","ping_status":"closed","template":"","meta":{"_acf_changed":false,"footnotes":""},"class_list":["post-3291","page","type-page","status-publish","hentry","entry"],"acf":[],"_links":{"self":[{"href":"https:\/\/rivianaindustrial.com\/es\/wp-json\/wp\/v2\/pages\/3291","targetHints":{"allow":["GET"]}}],"collection":[{"href":"https:\/\/rivianaindustrial.com\/es\/wp-json\/wp\/v2\/pages"}],"about":[{"href":"https:\/\/rivianaindustrial.com\/es\/wp-json\/wp\/v2\/types\/page"}],"author":[{"embeddable":true,"href":"https:\/\/rivianaindustrial.com\/es\/wp-json\/wp\/v2\/users\/3"}],"replies":[{"embeddable":true,"href":"https:\/\/rivianaindustrial.com\/es\/wp-json\/wp\/v2\/comments?post=3291"}],"version-history":[{"count":12,"href":"https:\/\/rivianaindustrial.com\/es\/wp-json\/wp\/v2\/pages\/3291\/revisions"}],"predecessor-version":[{"id":3970,"href":"https:\/\/rivianaindustrial.com\/es\/wp-json\/wp\/v2\/pages\/3291\/revisions\/3970"}],"wp:attachment":[{"href":"https:\/\/rivianaindustrial.com\/es\/wp-json\/wp\/v2\/media?parent=3291"}],"curies":[{"name":"wp","href":"https:\/\/api.w.org\/{rel}","templated":true}]}}