{"id":3468,"date":"2024-01-10T10:57:25","date_gmt":"2024-01-10T16:57:25","guid":{"rendered":"https:\/\/rivianaindustrial.com\/iqf\/"},"modified":"2025-05-08T15:24:56","modified_gmt":"2025-05-08T20:24:56","slug":"congelados-iqf","status":"publish","type":"page","link":"https:\/\/rivianaindustrial.com\/es\/congelados-iqf\/","title":{"rendered":"Congelados (IQF)"},"content":{"rendered":"\n<div class=\"wp-block-group alignwide\"><div class=\"wp-block-group__inner-container is-layout-flow wp-block-group-is-layout-flow\">\n<div class=\"wp-block-columns alignwide is-layout-flex wp-container-core-columns-is-layout-9d6595d7 wp-block-columns-is-layout-flex\">\n<div class=\"wp-block-column is-layout-flow wp-block-column-is-layout-flow\">\n<h2 class=\"wp-block-heading alignwide border-left\">Mejor bocado, sabor superior, textura m\u00e1s suave<\/h2>\n\n\n\n<p>Bas\u00e1ndose en un amplio historial de t\u00e9cnicas de innovaci\u00f3n, el Grupo ha dedicado a\u00f1os al perfeccionamiento de la ciencia del cocinado y la congelaci\u00f3n de productos convencionales y org\u00e1nicos en un \u00fanico proceso continuo. Como resultado se obtienen productos deliciosos de arroz, cereales y pasta IQF de alta calidad.<\/p>\n\n\n\n<p>En 2017, inauguramos nuestras instalaciones de \u00faltima generaci\u00f3n en Memphis, TN. Nuestra cuidada operativa, unida a una alta capacidad, nos permite utilizar las mejores t\u00e9cnicas para tratar y obtener los ingredientes IQF. Nuestro almac\u00e9n frigor\u00edfico, totalmente automatizado, ofrece a los clientes la flexibilidad de cargas mixtas y una respuesta r\u00e1pida a los pedidos, posicion\u00e1ndonos como l\u00edder en el sector.<\/p>\n<\/div>\n<\/div>\n\n\n\n<div class=\"wp-block-columns alignwide is-layout-flex wp-container-core-columns-is-layout-9d6595d7 wp-block-columns-is-layout-flex\">\n<div class=\"wp-block-column is-layout-flow wp-block-column-is-layout-flow\">\n<figure class=\"wp-block-image size-large\"><img loading=\"lazy\" decoding=\"async\" width=\"1024\" height=\"639\" src=\"https:\/\/rivianaindustrial.com\/wp-content\/uploads\/2024\/01\/iStock-1040506198-edited-1024x639.jpeg\" alt=\"\" class=\"wp-image-3450\" style=\"aspect-ratio:16\/9;object-fit:cover\" srcset=\"https:\/\/rivianaindustrial.com\/wp-content\/uploads\/2024\/01\/iStock-1040506198-edited-1024x639.jpeg 1024w, https:\/\/rivianaindustrial.com\/wp-content\/uploads\/2024\/01\/iStock-1040506198-edited-300x187.jpeg 300w, https:\/\/rivianaindustrial.com\/wp-content\/uploads\/2024\/01\/iStock-1040506198-edited-768x480.jpeg 768w, https:\/\/rivianaindustrial.com\/wp-content\/uploads\/2024\/01\/iStock-1040506198-edited.jpeg 1254w\" sizes=\"auto, (max-width: 1024px) 100vw, 1024px\" \/><\/figure>\n\n\n\n<h3 class=\"wp-block-heading has-text-align-center\"><strong><a href=\"https:\/\/rivianaindustrial.com\/es\/producto\/arroz-iqf\/\">Arroz IQF<\/a><\/strong><\/h3>\n\n\n\n<p>Innove en su negocio alimentario utilizando variedades de arroz convencional y org\u00e1nico ultracongelados individualmente y procedentes de todo el mundo.<\/p>\n<\/div>\n\n\n\n<div class=\"wp-block-column is-layout-flow wp-block-column-is-layout-flow\">\n<figure class=\"wp-block-image size-large\"><img loading=\"lazy\" decoding=\"async\" width=\"1024\" height=\"640\" src=\"https:\/\/rivianaindustrial.com\/wp-content\/uploads\/2024\/01\/EFNA-lentils-salad-edited-1024x640.jpeg\" alt=\"\" class=\"wp-image-3414\" style=\"aspect-ratio:16\/9;object-fit:cover\" srcset=\"https:\/\/rivianaindustrial.com\/wp-content\/uploads\/2024\/01\/EFNA-lentils-salad-edited-1024x640.jpeg 1024w, https:\/\/rivianaindustrial.com\/wp-content\/uploads\/2024\/01\/EFNA-lentils-salad-edited-300x187.jpeg 300w, https:\/\/rivianaindustrial.com\/wp-content\/uploads\/2024\/01\/EFNA-lentils-salad-edited-768x480.jpeg 768w, https:\/\/rivianaindustrial.com\/wp-content\/uploads\/2024\/01\/EFNA-lentils-salad-edited-1536x960.jpeg 1536w, https:\/\/rivianaindustrial.com\/wp-content\/uploads\/2024\/01\/EFNA-lentils-salad-edited-1568x980.jpeg 1568w, https:\/\/rivianaindustrial.com\/wp-content\/uploads\/2024\/01\/EFNA-lentils-salad-edited.jpeg 1631w\" sizes=\"auto, (max-width: 1024px) 100vw, 1024px\" \/><\/figure>\n\n\n\n<h3 class=\"wp-block-heading has-text-align-center\"><strong><a href=\"https:\/\/rivianaindustrial.com\/es\/producto\/granos-iqf\/\">Granos IQF<\/a><\/strong><\/h3>\n\n\n\n<p>Nuestros granos IQF son la base ideal para la innovaci\u00f3n en recetas y men\u00fas, ofreciendo un mundo de colores, texturas y sabores, tanto en variedades convencionales como org\u00e1nicas.<\/p>\n<\/div>\n\n\n\n<div class=\"wp-block-column is-layout-flow wp-block-column-is-layout-flow\">\n<figure class=\"wp-block-image size-large\"><img loading=\"lazy\" decoding=\"async\" width=\"1024\" height=\"640\" src=\"https:\/\/rivianaindustrial.com\/wp-content\/uploads\/2024\/01\/EFNA-short-cut-pasta-edited-1024x640.jpeg\" alt=\"\" class=\"wp-image-3419\" style=\"aspect-ratio:16\/9;object-fit:cover\" srcset=\"https:\/\/rivianaindustrial.com\/wp-content\/uploads\/2024\/01\/EFNA-short-cut-pasta-edited-1024x640.jpeg 1024w, https:\/\/rivianaindustrial.com\/wp-content\/uploads\/2024\/01\/EFNA-short-cut-pasta-edited-300x187.jpeg 300w, https:\/\/rivianaindustrial.com\/wp-content\/uploads\/2024\/01\/EFNA-short-cut-pasta-edited-768x480.jpeg 768w, https:\/\/rivianaindustrial.com\/wp-content\/uploads\/2024\/01\/EFNA-short-cut-pasta-edited-1536x960.jpeg 1536w, https:\/\/rivianaindustrial.com\/wp-content\/uploads\/2024\/01\/EFNA-short-cut-pasta-edited-1568x980.jpeg 1568w, https:\/\/rivianaindustrial.com\/wp-content\/uploads\/2024\/01\/EFNA-short-cut-pasta-edited.jpeg 1620w\" sizes=\"auto, (max-width: 1024px) 100vw, 1024px\" \/><\/figure>\n\n\n\n<h3 class=\"wp-block-heading has-text-align-center\"><strong><a href=\"https:\/\/rivianaindustrial.com\/es\/producto\/pasta-iqf-sin-gluten\/\">Pasta IQF sin gluten<\/a><\/strong><\/h3>\n\n\n\n<p>Nuestra pasta IQF sin gluten tiene un sabor y una textura superiores, lo que la sit\u00faa a la cabeza de la pr\u00f3xima generaci\u00f3n de platos preparados. Est\u00e1 elaborada con una mezcla \u00fanica de multicereales.<\/p>\n<\/div>\n<\/div>\n\n\n\n<h3 class=\"wp-block-heading has-text-align-center\"><strong>Nuestra cuidada operativa y gran capacidad nos permite utilizar las mejores t\u00e9cnicas para tratar y obtener los ingredientes IQF<\/strong><\/h3>\n\n\n\n<figure class=\"wp-block-embed alignwide is-type-video is-provider-youtube wp-block-embed-youtube wp-embed-aspect-16-9 wp-has-aspect-ratio\"><div class=\"wp-block-embed__wrapper\">\n<iframe loading=\"lazy\" title=\"Pushing the IQF Industry Forward\" width=\"750\" height=\"422\" src=\"https:\/\/www.youtube.com\/embed\/r-RAEQzkJnk?feature=oembed&#038;enablejsapi=1&#038;origin=https:\/\/rivianaindustrial.com\" frameborder=\"0\" allow=\"accelerometer; autoplay; clipboard-write; encrypted-media; gyroscope; picture-in-picture; web-share\" referrerpolicy=\"strict-origin-when-cross-origin\" allowfullscreen><\/iframe>\n<\/div><\/figure>\n<\/div><\/div>\n\n\n\n<div class=\"wp-block-group alignfull diagonal-double is-style-default has-toutou-background-color has-background\" style=\"padding-top:5vh;padding-bottom:5vh\"><div class=\"wp-block-group__inner-container is-layout-flow wp-block-group-is-layout-flow\">\n<div class=\"wp-block-columns alignwide are-vertically-aligned-center is-layout-flex wp-container-core-columns-is-layout-a6e24759 wp-block-columns-is-layout-flex\" style=\"padding-top:5vh;padding-bottom:5vh\">\n<div class=\"wp-block-column is-vertically-aligned-center is-layout-flow wp-block-column-is-layout-flow\">\n<h2 class=\"wp-block-heading border-left\">Nuestros productos y certificaciones<\/h2>\n\n\n\n<p>Riviana Foods se encuentra en la vanguardia de la innovaci\u00f3n con respecto a arroz IQF, granos y pasta sin gluten.<\/p>\n\n\n\n<p>Riviana Foods cuenta con una amplia cartera de deliciosos e innovadores ingredientes IQF procedentes de todo el mundo. Acceda a los productos de \u00faltima tendencia, a una variada selecci\u00f3n de colores con los mejores sabores y texturas disponibles para arroz IQF, cereales y pasta sin gluten.<\/p>\n\n\n\n<p>Todos nuestros productos se cocinan y congelan sin a\u00f1adir conservantes, colorantes sint\u00e9ticos ni otros aditivos. Nuestros centros de investigaci\u00f3n y desarrollo en Estados Unidos y Europa nos permiten mejorar continuamente nuestros productos y servicios para proporcionar tranquilidad a nuestros clientes.<\/p>\n<\/div>\n\n\n\n<div class=\"wp-block-column is-vertically-aligned-center is-layout-flow wp-block-column-is-layout-flow\">\n<figure class=\"wp-block-gallery has-nested-images columns-4 wp-block-gallery-1 is-layout-flex wp-block-gallery-is-layout-flex\">\n<figure class=\"wp-block-image size-large\"><img loading=\"lazy\" decoding=\"async\" width=\"130\" height=\"130\" data-id=\"712\" src=\"https:\/\/rivianaindustrial.com\/wp-content\/uploads\/2022\/03\/brc.png\" alt=\"BRC Global Standards\" class=\"wp-image-712\"\/><\/figure>\n\n\n\n<figure class=\"wp-block-image size-full\"><img loading=\"lazy\" decoding=\"async\" width=\"130\" height=\"130\" data-id=\"3394\" src=\"https:\/\/rivianaindustrial.com\/wp-content\/uploads\/2023\/11\/gluten_free_gfco.png\" alt=\"\" class=\"wp-image-3394\"\/><\/figure>\n\n\n\n<figure class=\"wp-block-image size-large\"><img loading=\"lazy\" decoding=\"async\" width=\"130\" height=\"130\" data-id=\"716\" src=\"https:\/\/rivianaindustrial.com\/wp-content\/uploads\/2022\/03\/halal.png\" alt=\"halal\" class=\"wp-image-716\"\/><\/figure>\n\n\n\n<figure class=\"wp-block-image size-large\"><img loading=\"lazy\" decoding=\"async\" width=\"130\" height=\"130\" data-id=\"724\" src=\"https:\/\/rivianaindustrial.com\/wp-content\/uploads\/2022\/03\/star_k.png\" alt=\"Star K\" class=\"wp-image-724\"\/><\/figure>\n\n\n\n<figure class=\"wp-block-image size-large\"><img loading=\"lazy\" decoding=\"async\" width=\"130\" height=\"130\" data-id=\"718\" src=\"https:\/\/rivianaindustrial.com\/wp-content\/uploads\/2022\/03\/non_gmo.png\" alt=\"Non Gmo Project\" class=\"wp-image-718\"\/><\/figure>\n\n\n\n<figure class=\"wp-block-image size-large\"><img loading=\"lazy\" decoding=\"async\" width=\"130\" height=\"130\" data-id=\"720\" src=\"https:\/\/rivianaindustrial.com\/wp-content\/uploads\/2022\/03\/organic.png\" alt=\"Usda Organic\" class=\"wp-image-720\"\/><\/figure>\n\n\n\n<figure class=\"wp-block-image size-large\"><img loading=\"lazy\" decoding=\"async\" width=\"130\" height=\"130\" data-id=\"722\" src=\"https:\/\/rivianaindustrial.com\/wp-content\/uploads\/2022\/03\/sqf.png\" alt=\"SQF\" class=\"wp-image-722\"\/><\/figure>\n<\/figure>\n<\/div>\n<\/div>\n<\/div><\/div>\n","protected":false},"excerpt":{"rendered":"<p>Mejor bocado, sabor superior, textura m\u00e1s suave Bas\u00e1ndose en un amplio historial de t\u00e9cnicas de innovaci\u00f3n, el Grupo ha dedicado a\u00f1os al perfeccionamiento de la ciencia del cocinado y la congelaci\u00f3n de productos convencionales y org\u00e1nicos en un \u00fanico proceso continuo. Como resultado se obtienen productos deliciosos de arroz, cereales y pasta IQF de alta&hellip; <a class=\"more-link\" href=\"https:\/\/rivianaindustrial.com\/es\/congelados-iqf\/\">Seguir leyendo <span class=\"screen-reader-text\">Congelados (IQF)<\/span><\/a><\/p>\n","protected":false},"author":5,"featured_media":0,"parent":0,"menu_order":1,"comment_status":"closed","ping_status":"closed","template":"","meta":{"_acf_changed":false,"footnotes":""},"class_list":["post-3468","page","type-page","status-publish","hentry","entry"],"acf":[],"_links":{"self":[{"href":"https:\/\/rivianaindustrial.com\/es\/wp-json\/wp\/v2\/pages\/3468","targetHints":{"allow":["GET"]}}],"collection":[{"href":"https:\/\/rivianaindustrial.com\/es\/wp-json\/wp\/v2\/pages"}],"about":[{"href":"https:\/\/rivianaindustrial.com\/es\/wp-json\/wp\/v2\/types\/page"}],"author":[{"embeddable":true,"href":"https:\/\/rivianaindustrial.com\/es\/wp-json\/wp\/v2\/users\/5"}],"replies":[{"embeddable":true,"href":"https:\/\/rivianaindustrial.com\/es\/wp-json\/wp\/v2\/comments?post=3468"}],"version-history":[{"count":7,"href":"https:\/\/rivianaindustrial.com\/es\/wp-json\/wp\/v2\/pages\/3468\/revisions"}],"predecessor-version":[{"id":3660,"href":"https:\/\/rivianaindustrial.com\/es\/wp-json\/wp\/v2\/pages\/3468\/revisions\/3660"}],"wp:attachment":[{"href":"https:\/\/rivianaindustrial.com\/es\/wp-json\/wp\/v2\/media?parent=3468"}],"curies":[{"name":"wp","href":"https:\/\/api.w.org\/{rel}","templated":true}]}}