{"id":3933,"date":"2025-05-19T12:02:28","date_gmt":"2025-05-19T17:02:28","guid":{"rendered":"https:\/\/rivianaindustrial.com\/pulses\/"},"modified":"2025-07-28T02:35:21","modified_gmt":"2025-07-28T07:35:21","slug":"pulses","status":"publish","type":"page","link":"https:\/\/rivianaindustrial.com\/es\/pulses\/","title":{"rendered":"Legumbres"},"content":{"rendered":"\n<div class=\"wp-block-group alignwide\"><div class=\"wp-block-group__inner-container is-layout-flow wp-block-group-is-layout-flow\">\n<div class=\"wp-block-columns alignwide is-layout-flex wp-container-core-columns-is-layout-9d6595d7 wp-block-columns-is-layout-flex\">\n<div class=\"wp-block-column is-layout-flow wp-block-column-is-layout-flow\">\n<h2 class=\"wp-block-heading alignwide has-text-align-left border-left\">Nuevos ingredientes. Mejor rendimiento. Soluciones inteligentes.<\/h2>\n\n\n\n<p>Nuestra pasi\u00f3n es ofrecer soluciones naturales a los desaf\u00edos actuales de la industria alimentaria, como sustituciones <em>clean label<\/em>, espesantes y texturizantes naturales, mejoras nutricionales, optimizaci\u00f3n de la vida \u00fatil, emulsionantes naturales o sustitutos del gluten.<\/p>\n\n\n\n<div class=\"wp-block-columns is-layout-flex wp-container-core-columns-is-layout-9d6595d7 wp-block-columns-is-layout-flex\">\n<div class=\"wp-block-column is-layout-flow wp-block-column-is-layout-flow\">\n<figure class=\"wp-block-image size-full\"><img loading=\"lazy\" decoding=\"async\" width=\"574\" height=\"331\" src=\"https:\/\/rivianaindustrial.com\/wp-content\/uploads\/2025\/03\/pea-protein-for-egg-replacement.jpg\" alt=\"\" class=\"wp-image-3572\" srcset=\"https:\/\/rivianaindustrial.com\/wp-content\/uploads\/2025\/03\/pea-protein-for-egg-replacement.jpg 574w, https:\/\/rivianaindustrial.com\/wp-content\/uploads\/2025\/03\/pea-protein-for-egg-replacement-300x173.jpg 300w\" sizes=\"auto, (max-width: 574px) 100vw, 574px\" \/><\/figure>\n<\/div>\n\n\n\n<div class=\"wp-block-column is-layout-flow wp-block-column-is-layout-flow\">\n<p>En <strong>Riviana Foods<\/strong>, s\u00f3lo fabricamos ingredientes naturales en l\u00ednea con los principios del <em>clean label<\/em>. No utilizamos productos modificados qu\u00edmicamente ni sint\u00e9ticos. No se a\u00f1aden conservantes ni aditivos durante el proceso de producci\u00f3n.<\/p>\n\n\n\n<p>En los \u00faltimos a\u00f1os, ha surgido una clara tendencia hacia los alimentos de origen vegetal en EE.\u202fUU., junto con un creciente inter\u00e9s por alternativas a las prote\u00ednas animales. Inspirados por las tendencias m\u00e1s actuales del sector, nuestros equipos de desarrollo de aplicaciones crean productos sabrosos, saludables y naturales.<\/p>\n\n\n\n<p>Contamos con dos centros de I+D dotados de plantas piloto completamente equipadas, donde desarrollamos los ingredientes m\u00e1s innovadores del mercado.<\/p>\n<\/div>\n<\/div>\n\n\n\n<div style=\"height:20px\" aria-hidden=\"true\" class=\"wp-block-spacer\"><\/div>\n\n\n\n<hr class=\"wp-block-separator has-alpha-channel-opacity\"\/>\n\n\n\n<h3 class=\"wp-block-heading has-text-align-center\" style=\"font-size:43px\"><strong>Soluciones innovadoras con la mejor tecnolog\u00eda de vanguardia<\/strong><\/h3>\n\n\n\n<hr class=\"wp-block-separator has-alpha-channel-opacity\"\/>\n\n\n\n<div style=\"height:20px\" aria-hidden=\"true\" class=\"wp-block-spacer\"><\/div>\n<\/div>\n<\/div>\n\n\n\n<div class=\"wp-block-columns alignwide is-layout-flex wp-container-core-columns-is-layout-9d6595d7 wp-block-columns-is-layout-flex\">\n<div class=\"wp-block-column is-layout-flow wp-block-column-is-layout-flow\">\n<figure class=\"wp-block-image size-large\"><img loading=\"lazy\" decoding=\"async\" width=\"1024\" height=\"683\" src=\"https:\/\/rivianaindustrial.com\/wp-content\/uploads\/2025\/04\/scrambled-eggs-on-toast-min-1024x683.jpg\" alt=\"\" class=\"wp-image-3618\" style=\"aspect-ratio:16\/9;object-fit:cover\" srcset=\"https:\/\/rivianaindustrial.com\/wp-content\/uploads\/2025\/04\/scrambled-eggs-on-toast-min-1024x683.jpg 1024w, https:\/\/rivianaindustrial.com\/wp-content\/uploads\/2025\/04\/scrambled-eggs-on-toast-min-300x200.jpg 300w, https:\/\/rivianaindustrial.com\/wp-content\/uploads\/2025\/04\/scrambled-eggs-on-toast-min-768x512.jpg 768w, https:\/\/rivianaindustrial.com\/wp-content\/uploads\/2025\/04\/scrambled-eggs-on-toast-min-1536x1024.jpg 1536w, https:\/\/rivianaindustrial.com\/wp-content\/uploads\/2025\/04\/scrambled-eggs-on-toast-min-367x246.jpg 367w, https:\/\/rivianaindustrial.com\/wp-content\/uploads\/2025\/04\/scrambled-eggs-on-toast-min-1568x1045.jpg 1568w, https:\/\/rivianaindustrial.com\/wp-content\/uploads\/2025\/04\/scrambled-eggs-on-toast-min.jpg 1620w\" sizes=\"auto, (max-width: 1024px) 100vw, 1024px\" \/><\/figure>\n\n\n\n<h3 class=\"wp-block-heading has-text-align-center\"><strong>Soluciones con Prote\u00edna de Guisante<\/strong><\/h3>\n\n\n\n<ul class=\"wp-block-list\">\n<li><em><strong>PisumPRO<\/strong>:<\/em> concentrado de prote\u00edna de guisante amarillo, fraccionado en seco, con un 55\u202f% de prote\u00edna. Fuente sostenible, sin gluten y apta para aplicaciones alimentarias libres de al\u00e9rgenos.<\/li>\n\n\n\n<li><em><strong>PisumTEX<\/strong>:<\/em> prote\u00edna de guisante texturizada a partir de PisumPRO, dise\u00f1ada para hamburguesas veganas, picados vegetales, salchichas, etc.<\/li>\n\n\n\n<li><em><strong>PisumMYL<\/strong>: <\/em>concentrado de almid\u00f3n de guisante amarillo sin gluten, con excelente capacidad de gelificaci\u00f3n. A diferencia del arroz, sus gr\u00e1nulos de almid\u00f3n son m\u00e1s grandes y absorben m\u00e1s agua.<\/li>\n\n\n\n<li><em><strong>PisumNAT<\/strong>: <\/em>harina de guisante 100\u202f% sin gluten, ideal para productos sin al\u00e9rgenos.<\/li>\n\n\n\n<li><em><strong>PisumGEL<\/strong>:<\/em> soluci\u00f3n gelificante sin gluten dise\u00f1ada para aplicaciones <em>clean label<\/em>.<\/li>\n<\/ul>\n<\/div>\n\n\n\n<div class=\"wp-block-column is-layout-flow wp-block-column-is-layout-flow\">\n<figure class=\"wp-block-image size-large\"><img loading=\"lazy\" decoding=\"async\" width=\"1024\" height=\"678\" src=\"https:\/\/rivianaindustrial.com\/wp-content\/uploads\/2025\/04\/veggie-burger-min-1024x678.jpg\" alt=\"\" class=\"wp-image-3620\" style=\"aspect-ratio:16\/9;object-fit:cover\" srcset=\"https:\/\/rivianaindustrial.com\/wp-content\/uploads\/2025\/04\/veggie-burger-min-1024x678.jpg 1024w, https:\/\/rivianaindustrial.com\/wp-content\/uploads\/2025\/04\/veggie-burger-min-300x199.jpg 300w, https:\/\/rivianaindustrial.com\/wp-content\/uploads\/2025\/04\/veggie-burger-min-768x509.jpg 768w, https:\/\/rivianaindustrial.com\/wp-content\/uploads\/2025\/04\/veggie-burger-min-1536x1017.jpg 1536w, https:\/\/rivianaindustrial.com\/wp-content\/uploads\/2025\/04\/veggie-burger-min-1568x1038.jpg 1568w, https:\/\/rivianaindustrial.com\/wp-content\/uploads\/2025\/04\/veggie-burger-min.jpg 1631w\" sizes=\"auto, (max-width: 1024px) 100vw, 1024px\" \/><\/figure>\n\n\n\n<h3 class=\"wp-block-heading has-text-align-center\"><strong><strong>Soluciones con Prote\u00edna de Haba (Fava Bean)<\/strong><\/strong><\/h3>\n\n\n\n<ul class=\"wp-block-list\">\n<li><em><strong>ViciaPRO<\/strong>: <\/em>concentrado de prote\u00edna de haba fraccionado en seco, con hasta un 75\u202f% de prote\u00edna. Fuente sostenible, sin gluten y perfecta para aplicaciones libres de al\u00e9rgenos.<\/li>\n\n\n\n<li><em><strong>ViciaTEX<\/strong>: <\/em>prote\u00edna texturizada a partir de ViciaPRO, ideal para elaboraciones vegetales como hamburguesas, picados y embutidos. Excelente sabor y textura.<\/li>\n\n\n\n<li><em><strong>ViciaMYL<\/strong>: <\/em>concentrado de almid\u00f3n de haba sin gluten con gran capacidad de gelificaci\u00f3n. Aplicaciones: snacks laminados y extruidos, sustitutos de patata o ma\u00edz, pasta sin gluten.<\/li>\n\n\n\n<li><em><strong>ViciaNAT<\/strong>: <\/em>harina de haba sin gluten, ideal para aplicaciones libres de al\u00e9rgenos.<\/li>\n\n\n\n<li><em><strong>ViciaGEL<\/strong>:<\/em> soluci\u00f3n gelificante sin gluten, dise\u00f1ada para mantener la limpieza del etiquetado.<\/li>\n<\/ul>\n<\/div>\n<\/div>\n\n\n\n<div class=\"wp-block-columns alignwide is-layout-flex wp-container-core-columns-is-layout-9d6595d7 wp-block-columns-is-layout-flex\">\n<div class=\"wp-block-column is-layout-flow wp-block-column-is-layout-flow\">\n<figure class=\"wp-block-image size-large\"><img loading=\"lazy\" decoding=\"async\" width=\"1024\" height=\"683\" src=\"https:\/\/rivianaindustrial.com\/wp-content\/uploads\/2025\/04\/chickpeas-crakers-min-1024x683.jpg\" alt=\"\" class=\"wp-image-3622\" style=\"aspect-ratio:16\/9;object-fit:cover\" srcset=\"https:\/\/rivianaindustrial.com\/wp-content\/uploads\/2025\/04\/chickpeas-crakers-min-1024x683.jpg 1024w, https:\/\/rivianaindustrial.com\/wp-content\/uploads\/2025\/04\/chickpeas-crakers-min-300x200.jpg 300w, https:\/\/rivianaindustrial.com\/wp-content\/uploads\/2025\/04\/chickpeas-crakers-min-768x512.jpg 768w, https:\/\/rivianaindustrial.com\/wp-content\/uploads\/2025\/04\/chickpeas-crakers-min-1536x1024.jpg 1536w, https:\/\/rivianaindustrial.com\/wp-content\/uploads\/2025\/04\/chickpeas-crakers-min-367x246.jpg 367w, https:\/\/rivianaindustrial.com\/wp-content\/uploads\/2025\/04\/chickpeas-crakers-min-1568x1045.jpg 1568w, https:\/\/rivianaindustrial.com\/wp-content\/uploads\/2025\/04\/chickpeas-crakers-min.jpg 1620w\" sizes=\"auto, (max-width: 1024px) 100vw, 1024px\" \/><\/figure>\n\n\n\n<h3 class=\"wp-block-heading has-text-align-center\"><strong>Soluciones con Prote\u00edna de Garbanzo<\/strong><\/h3>\n\n\n\n<ul class=\"wp-block-list\">\n<li><em><strong>CicerPEARL<\/strong>:<\/em> pellets en forma de perla elaborados con harina de garbanzo, desarrollados para aplicaciones infladas. Ideales para tortitas o snacks de garbanzo inflado.<\/li>\n\n\n\n<li><em><strong>CicerNAT<\/strong>:<\/em> harina de garbanzo sin gluten, ideal para productos sin al\u00e9rgenos.<\/li>\n\n\n\n<li><em><strong>CicerPRO<\/strong>: <\/em>prote\u00edna texturizada de garbanzo, creada para productos vegetales como hamburguesas, picados o salchichas.<\/li>\n\n\n\n<li><em><strong>CicerMYL<\/strong>:<\/em> concentrado de almid\u00f3n de garbanzo sin gluten con gran capacidad de gelificaci\u00f3n.<\/li>\n\n\n\n<li><em><strong>CicerTEX \/ CicerGEL<\/strong>:<\/em> soluciones sin gluten dise\u00f1adas para aplicaciones <em>clean label<\/em>.<\/li>\n<\/ul>\n<\/div>\n\n\n\n<div class=\"wp-block-column is-layout-flow wp-block-column-is-layout-flow\">\n<figure class=\"wp-block-image size-large\"><img loading=\"lazy\" decoding=\"async\" width=\"1024\" height=\"683\" src=\"https:\/\/rivianaindustrial.com\/wp-content\/uploads\/2025\/04\/LentilPEARL-054-min-1024x683.jpg\" alt=\"\" class=\"wp-image-3624\" style=\"aspect-ratio:16\/9;object-fit:cover\" srcset=\"https:\/\/rivianaindustrial.com\/wp-content\/uploads\/2025\/04\/LentilPEARL-054-min-1024x683.jpg 1024w, https:\/\/rivianaindustrial.com\/wp-content\/uploads\/2025\/04\/LentilPEARL-054-min-300x200.jpg 300w, https:\/\/rivianaindustrial.com\/wp-content\/uploads\/2025\/04\/LentilPEARL-054-min-768x512.jpg 768w, https:\/\/rivianaindustrial.com\/wp-content\/uploads\/2025\/04\/LentilPEARL-054-min-1536x1024.jpg 1536w, https:\/\/rivianaindustrial.com\/wp-content\/uploads\/2025\/04\/LentilPEARL-054-min-367x246.jpg 367w, https:\/\/rivianaindustrial.com\/wp-content\/uploads\/2025\/04\/LentilPEARL-054-min-1568x1045.jpg 1568w, https:\/\/rivianaindustrial.com\/wp-content\/uploads\/2025\/04\/LentilPEARL-054-min.jpg 1620w\" sizes=\"auto, (max-width: 1024px) 100vw, 1024px\" \/><\/figure>\n\n\n\n<h3 class=\"wp-block-heading has-text-align-center\"><strong><strong>Soluciones con Prote\u00edna de Lenteja<\/strong><\/strong><\/h3>\n\n\n\n<ul class=\"wp-block-list\">\n<li><em><strong>LensPEARL<\/strong>:<\/em> pellets en forma de perla elaborados con harina de lenteja roja 100\u202f%. Desarrollados para aplicaciones infladas, como tortitas o snacks de lenteja.<\/li>\n\n\n\n<li><em><strong>LensTEX<\/strong>: <\/em>prote\u00edna texturizada de lenteja, dise\u00f1ada para elaboraciones vegetales como hamburguesas, picados y salchichas. Excelente textura y sabor.<\/li>\n\n\n\n<li><em><strong>LensGEL<\/strong>:<\/em> soluci\u00f3n gelificante sin gluten dise\u00f1ada para cumplir los est\u00e1ndares <em>clean label<\/em>.<\/li>\n\n\n\n<li><em><strong>LensNAT<\/strong>:<\/em> harina de lenteja sin gluten, ideal para aplicaciones sin al\u00e9rgenos.<\/li>\n<\/ul>\n<\/div>\n<\/div>\n<\/div><\/div>\n\n\n\n<div class=\"wp-block-group alignfull diagonal-double has-toutou-background-color has-background\" style=\"padding-top:5vh;padding-bottom:5vh\"><div class=\"wp-block-group__inner-container is-layout-flow wp-block-group-is-layout-flow\">\n<div class=\"wp-block-columns alignwide are-vertically-aligned-center is-layout-flex wp-container-core-columns-is-layout-a6e24759 wp-block-columns-is-layout-flex\" style=\"padding-top:5vh;padding-bottom:5vh\">\n<div class=\"wp-block-column is-vertically-aligned-center is-layout-flow wp-block-column-is-layout-flow\">\n<h2 class=\"wp-block-heading border-left\">Donde la Salud se Encuentra con la Innovaci\u00f3n<\/h2>\n\n\n\n<p style=\"font-size:19px\">Desde harinas de legumbres ricas en prote\u00ednas hasta harinas de arroz listas para consumir, nuestros ingredientes innovadores aportan textura limpia, atractivo en el etiquetado y valor nutricional a cualquier aplicaci\u00f3n.<\/p>\n\n\n\n<p style=\"font-size:19px\">Riviana Foods produce ingredientes naturales de calidad alimentaria a base de arroz, legumbres y otros cereales sin gluten. Todos nuestros ingredientes son soluciones <em>clean label<\/em>, hipoalerg\u00e9nicas, sin l\u00e1cteos, no modificadas gen\u00e9ticamente y sin gluten.<\/p>\n\n\n\n<p style=\"font-size:19px\">No hay mejor manera de conocer nuestra gama completa de productos que prob\u00e1ndolos. <a href=\"https:\/\/rivianaindustrial.com\/es\/pulses\/#form\"><strong>Solicita una muestra<\/strong><\/a> y nuestro equipo de expertos te ayudar\u00e1 a encontrar el ingrediente perfecto para tu aplicaci\u00f3n.<\/p>\n\n\n\n<p style=\"font-size:19px\"><\/p>\n\n\n\n<p><\/p>\n<\/div>\n\n\n\n<div class=\"wp-block-column is-vertically-aligned-center is-layout-flow wp-block-column-is-layout-flow\">\n<figure class=\"wp-block-gallery has-nested-images columns-4 wp-block-gallery-1 is-layout-flex wp-block-gallery-is-layout-flex\">\n<figure class=\"wp-block-image size-thumbnail\"><img loading=\"lazy\" decoding=\"async\" width=\"150\" height=\"150\" data-id=\"3680\" src=\"https:\/\/rivianaindustrial.com\/wp-content\/uploads\/2025\/05\/ico-clean-ingredients-xs-150x150.png\" alt=\"Clean ingredients\" class=\"wp-image-3680\" srcset=\"https:\/\/rivianaindustrial.com\/wp-content\/uploads\/2025\/05\/ico-clean-ingredients-xs-150x150.png 150w, https:\/\/rivianaindustrial.com\/wp-content\/uploads\/2025\/05\/ico-clean-ingredients-xs.png 260w\" sizes=\"auto, (max-width: 150px) 100vw, 150px\" \/><\/figure>\n\n\n\n<figure class=\"wp-block-image size-thumbnail\"><img loading=\"lazy\" decoding=\"async\" width=\"150\" height=\"150\" data-id=\"3690\" src=\"https:\/\/rivianaindustrial.com\/wp-content\/uploads\/2025\/05\/ico-no-additives-xs-150x150.png\" alt=\"No additives\" class=\"wp-image-3690\" srcset=\"https:\/\/rivianaindustrial.com\/wp-content\/uploads\/2025\/05\/ico-no-additives-xs-150x150.png 150w, https:\/\/rivianaindustrial.com\/wp-content\/uploads\/2025\/05\/ico-no-additives-xs.png 260w\" sizes=\"auto, (max-width: 150px) 100vw, 150px\" \/><\/figure>\n\n\n\n<figure class=\"wp-block-image size-thumbnail\"><img loading=\"lazy\" decoding=\"async\" width=\"150\" height=\"150\" data-id=\"3684\" src=\"https:\/\/rivianaindustrial.com\/wp-content\/uploads\/2025\/05\/ico-gluten-free-xs-150x150.png\" alt=\"Gluten free\" class=\"wp-image-3684\" srcset=\"https:\/\/rivianaindustrial.com\/wp-content\/uploads\/2025\/05\/ico-gluten-free-xs-150x150.png 150w, https:\/\/rivianaindustrial.com\/wp-content\/uploads\/2025\/05\/ico-gluten-free-xs.png 260w\" sizes=\"auto, (max-width: 150px) 100vw, 150px\" \/><\/figure>\n\n\n\n<figure class=\"wp-block-image size-thumbnail\"><img loading=\"lazy\" decoding=\"async\" width=\"150\" height=\"150\" data-id=\"3686\" src=\"https:\/\/rivianaindustrial.com\/wp-content\/uploads\/2025\/05\/ico-gmo-free-xs-150x150.png\" alt=\"Gmo free\" class=\"wp-image-3686\" srcset=\"https:\/\/rivianaindustrial.com\/wp-content\/uploads\/2025\/05\/ico-gmo-free-xs-150x150.png 150w, https:\/\/rivianaindustrial.com\/wp-content\/uploads\/2025\/05\/ico-gmo-free-xs.png 260w\" sizes=\"auto, (max-width: 150px) 100vw, 150px\" \/><\/figure>\n\n\n\n<figure class=\"wp-block-image size-thumbnail\"><img loading=\"lazy\" decoding=\"async\" width=\"150\" height=\"150\" data-id=\"3682\" src=\"https:\/\/rivianaindustrial.com\/wp-content\/uploads\/2025\/05\/ico-dairy-free-xs-150x150.png\" alt=\"Dairy free\" class=\"wp-image-3682\" srcset=\"https:\/\/rivianaindustrial.com\/wp-content\/uploads\/2025\/05\/ico-dairy-free-xs-150x150.png 150w, https:\/\/rivianaindustrial.com\/wp-content\/uploads\/2025\/05\/ico-dairy-free-xs.png 260w\" sizes=\"auto, (max-width: 150px) 100vw, 150px\" \/><\/figure>\n\n\n\n<figure class=\"wp-block-image size-thumbnail\"><img loading=\"lazy\" decoding=\"async\" width=\"150\" height=\"150\" data-id=\"3688\" src=\"https:\/\/rivianaindustrial.com\/wp-content\/uploads\/2025\/05\/ico-no-added-preser-xs-150x150.png\" alt=\"No added preservatives\" class=\"wp-image-3688\" srcset=\"https:\/\/rivianaindustrial.com\/wp-content\/uploads\/2025\/05\/ico-no-added-preser-xs-150x150.png 150w, https:\/\/rivianaindustrial.com\/wp-content\/uploads\/2025\/05\/ico-no-added-preser-xs.png 260w\" sizes=\"auto, (max-width: 150px) 100vw, 150px\" \/><\/figure>\n\n\n\n<figure class=\"wp-block-image size-thumbnail\"><img loading=\"lazy\" decoding=\"async\" width=\"150\" height=\"150\" data-id=\"3692\" src=\"https:\/\/rivianaindustrial.com\/wp-content\/uploads\/2025\/05\/ico-plant-based-xs-150x150.png\" alt=\"Plant based\" class=\"wp-image-3692\" srcset=\"https:\/\/rivianaindustrial.com\/wp-content\/uploads\/2025\/05\/ico-plant-based-xs-150x150.png 150w, https:\/\/rivianaindustrial.com\/wp-content\/uploads\/2025\/05\/ico-plant-based-xs.png 260w\" sizes=\"auto, (max-width: 150px) 100vw, 150px\" \/><\/figure>\n<\/figure>\n<\/div>\n<\/div>\n<\/div><\/div>\n\n\n\n<hr class=\"wp-block-separator has-alpha-channel-opacity\"\/>\n\n\n\n<div class=\"wp-block-group alignfull\" id=\"form\"><div class=\"wp-block-group__inner-container is-layout-flow wp-block-group-is-layout-flow\">\n<div class=\"wp-block-columns alignwide is-layout-flex wp-container-core-columns-is-layout-a6e24759 wp-block-columns-is-layout-flex\" style=\"padding-top:5vh;padding-bottom:5vh\">\n<div class=\"wp-block-column is-layout-flow wp-block-column-is-layout-flow\">\n<h2 class=\"wp-block-heading border-left\">Solicita una muestra<\/h2>\n\n\n\n<p>D\u00e9janos ayudarte a encontrar los ingredientes perfectos para tu negocio.<\/p>\n\n\n\n<p>No hay mejor forma de conocer nuestra gama completa de arroces que prob\u00e1ndolos. Solicita una muestra y nuestro equipo de expertos te ayudar\u00e1 a descubrir el tipo de arroz ideal para cualquier aplicaci\u00f3n.<\/p>\n<\/div>\n\n\n\n<div class=\"wp-block-column is-layout-flow wp-block-column-is-layout-flow\">\n<div class=\"wpcf7 no-js\" id=\"wpcf7-f937-o1\" lang=\"es-ES\" dir=\"ltr\" data-wpcf7-id=\"937\">\n<div class=\"screen-reader-response\"><p role=\"status\" aria-live=\"polite\" aria-atomic=\"true\"><\/p> <ul><\/ul><\/div>\n<form action=\"\/es\/wp-json\/wp\/v2\/pages\/3933#wpcf7-f937-o1\" method=\"post\" class=\"wpcf7-form init\" aria-label=\"Formulario de contacto\" novalidate=\"novalidate\" data-status=\"init\">\n<fieldset class=\"hidden-fields-container\"><input type=\"hidden\" name=\"_wpcf7\" value=\"937\" \/><input type=\"hidden\" name=\"_wpcf7_version\" value=\"6.1.5\" \/><input type=\"hidden\" name=\"_wpcf7_locale\" value=\"es_ES\" \/><input type=\"hidden\" name=\"_wpcf7_unit_tag\" value=\"wpcf7-f937-o1\" \/><input type=\"hidden\" name=\"_wpcf7_container_post\" value=\"0\" \/><input type=\"hidden\" name=\"_wpcf7_posted_data_hash\" value=\"\" \/>\n<\/fieldset>\n<div class=\"wp-block-columns alignwide is-style-default\">\n\t<div class=\"wp-block-column\">\n\t\t<p><label> Nombre * <span class=\"wpcf7-form-control-wrap\" data-name=\"your-name\"><input size=\"40\" maxlength=\"400\" class=\"wpcf7-form-control wpcf7-text wpcf7-validates-as-required\" aria-required=\"true\" aria-invalid=\"false\" placeholder=\"Persona de contacto\" value=\"\" type=\"text\" name=\"your-name\" \/><\/span> <\/label>\n\t\t<\/p>\n\t<\/div>\n\t<div class=\"wp-block-column\">\n\t\t<p><label> Email * <span class=\"wpcf7-form-control-wrap\" data-name=\"your-email\"><input size=\"40\" maxlength=\"400\" class=\"wpcf7-form-control wpcf7-email wpcf7-validates-as-required wpcf7-text wpcf7-validates-as-email\" aria-required=\"true\" aria-invalid=\"false\" placeholder=\"Correo electr\u00f3nico\" value=\"\" type=\"email\" name=\"your-email\" \/><\/span> <\/label>\n\t\t<\/p>\n\t<\/div>\n<\/div>\n<div class=\"wp-block-columns alignwide is-style-default\">\n\t<div class=\"wp-block-column\">\n\t\t<p><label> Empresa * <span class=\"wpcf7-form-control-wrap\" data-name=\"your-company\"><input size=\"40\" maxlength=\"400\" class=\"wpcf7-form-control wpcf7-text wpcf7-validates-as-required\" aria-required=\"true\" aria-invalid=\"false\" placeholder=\"Tu empresa\" value=\"\" type=\"text\" name=\"your-company\" \/><\/span> <\/label>\n\t\t<\/p>\n\t<\/div>\n<\/div>\n<div class=\"wp-block-columns alignwide is-style-default\">\n\t<div class=\"wp-block-column\">\n\t\t<p><label> Mensaje <span class=\"wpcf7-form-control-wrap\" data-name=\"message\"><textarea cols=\"40\" rows=\"10\" maxlength=\"2000\" class=\"wpcf7-form-control wpcf7-textarea\" aria-invalid=\"false\" placeholder=\"Tu mensaje\" name=\"message\"><\/textarea><\/span> <\/label><br \/>\n<span class=\"wpcf7-form-control-wrap\" data-name=\"acceptance\"><span class=\"wpcf7-form-control wpcf7-acceptance\"><span class=\"wpcf7-list-item\"><label><input type=\"checkbox\" name=\"acceptance\" value=\"1\" aria-invalid=\"false\" \/><span class=\"wpcf7-list-item-label\">Al usar este formulario de contacto, acepto que Riviana Foods almacene y procese mis datos seg\u00fan se indica en la <a href=\"\/es\/politica-de-privacidad\/\" target=\"_blank\">Pol\u00edtica de Privacidad<\/a> de este sitio web.<\/span><\/label><\/span><\/span><\/span>\n\t\t<\/p>\n\t<\/div>\n<\/div>\n<p><span id=\"wpcf7-69e6679c48635-wrapper\" class=\"wpcf7-form-control-wrap website-hp1-wrap\" ><label for=\"website-hp1\" class=\"hp-message\">Por favor, deja este campo vac\u00edo.<\/label><input id=\"website-hp1\"  class=\"wpcf7-form-control wpcf7-text\" type=\"text\" name=\"website-hp1\" value=\"\" size=\"40\" tabindex=\"-1\" autocomplete=\"new-password\" \/><\/span><br \/>\n<span id=\"wpcf7-69e6679c4869c-wrapper\" class=\"wpcf7-form-control-wrap email-hp1-wrap\" ><label for=\"email-hp1\" class=\"hp-message\">Por favor, deja este campo vac\u00edo.<\/label><input id=\"email-hp1\"  class=\"wpcf7-form-control wpcf7-text\" type=\"text\" name=\"email-hp1\" value=\"\" size=\"40\" tabindex=\"-1\" autocomplete=\"new-password\" \/><\/span>\n<\/p>\n<p><input class=\"wpcf7-form-control wpcf7-submit has-spinner\" type=\"submit\" value=\"Enviar\" \/>\n<\/p><div class=\"wpcf7-response-output\" aria-hidden=\"true\"><\/div>\n<\/form>\n<\/div>\n\n<\/div>\n<\/div>\n<\/div><\/div>\n","protected":false},"excerpt":{"rendered":"<p>Nuevos ingredientes. Mejor rendimiento. Soluciones inteligentes. Nuestra pasi\u00f3n es ofrecer soluciones naturales a los desaf\u00edos actuales de la industria alimentaria, como sustituciones clean label, espesantes y texturizantes naturales, mejoras nutricionales, optimizaci\u00f3n de la vida \u00fatil, emulsionantes naturales o sustitutos del gluten. En Riviana Foods, s\u00f3lo fabricamos ingredientes naturales en l\u00ednea con los principios del clean&hellip; <a class=\"more-link\" href=\"https:\/\/rivianaindustrial.com\/es\/pulses\/\">Seguir leyendo <span class=\"screen-reader-text\">Legumbres<\/span><\/a><\/p>\n","protected":false},"author":4,"featured_media":0,"parent":0,"menu_order":1,"comment_status":"closed","ping_status":"closed","template":"","meta":{"_acf_changed":false,"footnotes":""},"class_list":["post-3933","page","type-page","status-publish","hentry","entry"],"acf":[],"_links":{"self":[{"href":"https:\/\/rivianaindustrial.com\/es\/wp-json\/wp\/v2\/pages\/3933","targetHints":{"allow":["GET"]}}],"collection":[{"href":"https:\/\/rivianaindustrial.com\/es\/wp-json\/wp\/v2\/pages"}],"about":[{"href":"https:\/\/rivianaindustrial.com\/es\/wp-json\/wp\/v2\/types\/page"}],"author":[{"embeddable":true,"href":"https:\/\/rivianaindustrial.com\/es\/wp-json\/wp\/v2\/users\/4"}],"replies":[{"embeddable":true,"href":"https:\/\/rivianaindustrial.com\/es\/wp-json\/wp\/v2\/comments?post=3933"}],"version-history":[{"count":7,"href":"https:\/\/rivianaindustrial.com\/es\/wp-json\/wp\/v2\/pages\/3933\/revisions"}],"predecessor-version":[{"id":3966,"href":"https:\/\/rivianaindustrial.com\/es\/wp-json\/wp\/v2\/pages\/3933\/revisions\/3966"}],"wp:attachment":[{"href":"https:\/\/rivianaindustrial.com\/es\/wp-json\/wp\/v2\/media?parent=3933"}],"curies":[{"name":"wp","href":"https:\/\/api.w.org\/{rel}","templated":true}]}}