{"id":3941,"date":"2025-05-19T12:01:33","date_gmt":"2025-05-19T17:01:33","guid":{"rendered":"https:\/\/rivianaindustrial.com\/ready-to-eat-flour\/"},"modified":"2025-09-16T01:22:31","modified_gmt":"2025-09-16T06:22:31","slug":"ready-to-eat-flour","status":"publish","type":"page","link":"https:\/\/rivianaindustrial.com\/es\/ready-to-eat-flour\/","title":{"rendered":"Harina de Arroz Lista para Consumir"},"content":{"rendered":"\n<div class=\"wp-block-group alignwide\"><div class=\"wp-block-group__inner-container is-layout-flow wp-block-group-is-layout-flow\">\n<div class=\"wp-block-columns alignwide is-layout-flex wp-container-core-columns-is-layout-9d6595d7 wp-block-columns-is-layout-flex\">\n<div class=\"wp-block-column is-layout-flow wp-block-column-is-layout-flow\">\n<h2 class=\"wp-block-heading alignwide has-text-align-left border-left\">Rendimiento con Prop\u00f3sito<\/h2>\n\n\n\n<p>La harina de arroz lista para consumir de Riviana ha sido desarrollada espec\u00edficamente para cumplir con los m\u00e1s altos est\u00e1ndares de seguridad alimentaria y eficiencia en el procesamiento. Nuestra harina de arroz precocida ofrece distintos perfiles de viscosidad y est\u00e1 disponible en varios tama\u00f1os de part\u00edcula.<\/p>\n\n\n\n<p>Riviana ofrece tanto harinas de arroz totalmente pregelatinizadas como parcialmente pregelatinizadas. Esta harina es un excelente ingrediente <em>clean label<\/em> para aquellas aplicaciones en las que se necesita viscosidad en fr\u00edo, sin pasos de cocci\u00f3n adicionales (como productos listos para consumir o beber), o cuando se busca una textura crujiente en el producto final.<\/p>\n\n\n\n<p>Totalmente conforme con las regulaciones de la FDA, la harina de arroz lista para consumir de Riviana elimina la necesidad de cocci\u00f3n adicional en tus procesos, ofreciendo una soluci\u00f3n segura y pr\u00e1ctica para aplicaciones <em>ready-to-eat<\/em>.<\/p>\n\n\n\n<hr class=\"wp-block-separator has-alpha-channel-opacity\"\/>\n\n\n\n<div class=\"wp-block-columns is-layout-flex wp-container-core-columns-is-layout-9d6595d7 wp-block-columns-is-layout-flex\">\n<div class=\"wp-block-column is-layout-flow wp-block-column-is-layout-flow\">\n<h3 class=\"wp-block-heading has-text-align-center\" style=\"font-size:43px\"><strong>\ud83c\udf31 Compromiso <em>Clean Label<\/em><\/strong><\/h3>\n\n\n\n<p>En Riviana Foods estamos comprometidos con el desarrollo de ingredientes alineados con los est\u00e1ndares del etiquetado limpio.<\/p>\n\n\n\n<p>Nuestros productos est\u00e1n libres de modificaciones qu\u00edmicas y aditivos sint\u00e9ticos, lo que garantiza alimentos transparentes, seguros y confiables para los consumidores.<\/p>\n<\/div>\n\n\n\n<div class=\"wp-block-column is-layout-flow wp-block-column-is-layout-flow\">\n<figure class=\"wp-block-image size-full\"><img loading=\"lazy\" decoding=\"async\" width=\"574\" height=\"331\" src=\"https:\/\/rivianaindustrial.com\/wp-content\/uploads\/2025\/03\/pea-protein-for-egg-replacement.jpg\" alt=\"\" class=\"wp-image-3572\" srcset=\"https:\/\/rivianaindustrial.com\/wp-content\/uploads\/2025\/03\/pea-protein-for-egg-replacement.jpg 574w, https:\/\/rivianaindustrial.com\/wp-content\/uploads\/2025\/03\/pea-protein-for-egg-replacement-300x173.jpg 300w\" sizes=\"auto, (max-width: 574px) 100vw, 574px\" \/><\/figure>\n<\/div>\n<\/div>\n\n\n\n<hr class=\"wp-block-separator has-alpha-channel-opacity\"\/>\n\n\n\n<div class=\"wp-block-columns is-layout-flex wp-container-core-columns-is-layout-9d6595d7 wp-block-columns-is-layout-flex\">\n<div class=\"wp-block-column is-layout-flow wp-block-column-is-layout-flow\">\n<h3 class=\"wp-block-heading has-text-align-center\" style=\"font-size:43px\"><strong>\ud83c\udf3e Beneficios Nutricionales<\/strong><\/h3>\n\n\n\n<ul class=\"wp-block-list\">\n<li>Hipoalerg\u00e9nica<\/li>\n\n\n\n<li>Sin gluten<\/li>\n\n\n\n<li>Rica en vitaminas, minerales y antioxidantes<\/li>\n\n\n\n<li>Alto contenido en fibra<\/li>\n\n\n\n<li>Fuente de carbohidratos de liberaci\u00f3n lenta<\/li>\n\n\n\n<li>Excelente digestibilidad<\/li>\n\n\n\n<li>Apta para etiquetado <em>clean label<\/em><\/li>\n<\/ul>\n<\/div>\n\n\n\n<div class=\"wp-block-column is-layout-flow wp-block-column-is-layout-flow\">\n<h3 class=\"wp-block-heading has-text-align-center\" style=\"font-size:43px\"><strong>\ud83c\udf5e Beneficios Funcionales<\/strong><\/h3>\n\n\n\n<ul class=\"wp-block-list\">\n<li>Agente aglutinante y espesante<\/li>\n\n\n\n<li>Retenci\u00f3n de agua<\/li>\n\n\n\n<li>Control de pegajosidad<\/li>\n\n\n\n<li>Texturizante y mejora del <em>mouthfeel<\/em><\/li>\n\n\n\n<li>Aporta crocancia y crujido<\/li>\n\n\n\n<li>Mejora la suavidad<\/li>\n\n\n\n<li>Prolonga la vida \u00fatil del producto<\/li>\n<\/ul>\n<\/div>\n<\/div>\n\n\n\n<div class=\"wp-block-columns is-layout-flex wp-container-core-columns-is-layout-9d6595d7 wp-block-columns-is-layout-flex\">\n<div class=\"wp-block-column is-layout-flow wp-block-column-is-layout-flow\" style=\"flex-basis:100%\">\n<figure class=\"wp-block-image alignfull size-large\"><img loading=\"lazy\" decoding=\"async\" width=\"1024\" height=\"168\" src=\"https:\/\/rivianaindustrial.com\/wp-content\/uploads\/2025\/05\/man-rice-texmati-1024x168.jpg\" alt=\"\" class=\"wp-image-3788\" srcset=\"https:\/\/rivianaindustrial.com\/wp-content\/uploads\/2025\/05\/man-rice-texmati-1024x168.jpg 1024w, https:\/\/rivianaindustrial.com\/wp-content\/uploads\/2025\/05\/man-rice-texmati-300x49.jpg 300w, https:\/\/rivianaindustrial.com\/wp-content\/uploads\/2025\/05\/man-rice-texmati-768x126.jpg 768w, https:\/\/rivianaindustrial.com\/wp-content\/uploads\/2025\/05\/man-rice-texmati.jpg 1440w\" sizes=\"auto, (max-width: 1024px) 100vw, 1024px\" \/><\/figure>\n<\/div>\n<\/div>\n\n\n\n<hr class=\"wp-block-separator has-alpha-channel-opacity\"\/>\n\n\n\n<h3 class=\"wp-block-heading has-text-align-center\" style=\"font-size:43px\"><strong>Portfolio de Harinas de Arroz Lista para Consumir<\/strong><\/h3>\n\n\n\n<hr class=\"wp-block-separator has-alpha-channel-opacity\"\/>\n\n\n\n<div class=\"wp-block-columns is-layout-flex wp-container-core-columns-is-layout-9d6595d7 wp-block-columns-is-layout-flex\">\n<div class=\"wp-block-column is-layout-flow wp-block-column-is-layout-flow\">\n<div class=\"wp-block-columns is-layout-flex wp-container-core-columns-is-layout-9d6595d7 wp-block-columns-is-layout-flex\">\n<div class=\"wp-block-column is-layout-flow wp-block-column-is-layout-flow\">\n<h3 class=\"wp-block-heading has-text-align-center\"><strong>OryzaNAT\u00ae H200R8<\/strong><\/h3>\n\n\n\n<ul class=\"wp-block-list\">\n<li>Granulometr\u00eda: 200\u202f\u03bcm<\/li>\n\n\n\n<li>Harina de arroz blanco LG<\/li>\n\n\n\n<li>Alto contenido en amilosa, textura firme<\/li>\n<\/ul>\n<\/div>\n\n\n\n<div class=\"wp-block-column is-layout-flow wp-block-column-is-layout-flow\">\n<h3 class=\"wp-block-heading has-text-align-center\"><strong>OryzaNAT\u00ae M200R8<\/strong><\/h3>\n\n\n\n<ul class=\"wp-block-list\">\n<li>Granulometr\u00eda: 200\u202f\u03bcm<\/li>\n\n\n\n<li>Harina de arroz blanco MG<\/li>\n\n\n\n<li>Contenido medio de amilosa, textura suave<\/li>\n<\/ul>\n<\/div>\n<\/div>\n<\/div>\n\n\n\n<div class=\"wp-block-column is-layout-flow wp-block-column-is-layout-flow\">\n<div class=\"wp-block-columns is-layout-flex wp-container-core-columns-is-layout-9d6595d7 wp-block-columns-is-layout-flex\">\n<div class=\"wp-block-column is-layout-flow wp-block-column-is-layout-flow\">\n<h3 class=\"wp-block-heading has-text-align-center\"><strong>OryzaNAT\u00ae W200R<\/strong><\/h3>\n\n\n\n<ul class=\"wp-block-list\">\n<li>Harina de arroz integral con grano completo<\/li>\n\n\n\n<li>Granulometr\u00eda: 200\u202f\u03bcm<\/li>\n<\/ul>\n<\/div>\n\n\n\n<div class=\"wp-block-column is-layout-flow wp-block-column-is-layout-flow\">\n<h3 class=\"wp-block-heading has-text-align-center\"><strong>OryzaPURE\u00aeBIO W200R<\/strong><\/h3>\n\n\n\n<ul class=\"wp-block-list\">\n<li>Harina de arroz integral ecol\u00f3gica con grano completo<\/li>\n\n\n\n<li>Procedente de cultivos propios en Espa\u00f1a y Argentina<\/li>\n<\/ul>\n<\/div>\n<\/div>\n<\/div>\n<\/div>\n\n\n\n<div class=\"wp-block-columns is-layout-flex wp-container-core-columns-is-layout-9d6595d7 wp-block-columns-is-layout-flex\">\n<div class=\"wp-block-column is-layout-flow wp-block-column-is-layout-flow\">\n<div class=\"wp-block-columns is-layout-flex wp-container-core-columns-is-layout-9d6595d7 wp-block-columns-is-layout-flex\">\n<div class=\"wp-block-column is-layout-flow wp-block-column-is-layout-flow\">\n<h3 class=\"wp-block-heading has-text-align-center\"><strong>OryzaPURE\u00aeBIO BF W200R<\/strong><\/h3>\n\n\n\n<ul class=\"wp-block-list\">\n<li>Harina de arroz integral ecol\u00f3gica para alimentaci\u00f3n infantil<\/li>\n\n\n\n<li>Bajo contenido en ars\u00e9nico inorg\u00e1nico (&lt;100 ppb)<\/li>\n\n\n\n<li>Procedente de cultivos propios en Espa\u00f1a y Argentina<\/li>\n<\/ul>\n<\/div>\n\n\n\n<div class=\"wp-block-column is-layout-flow wp-block-column-is-layout-flow\">\n<h3 class=\"wp-block-heading has-text-align-center\"><strong>OryzaPURE\u00aeBIO BF M300R8<\/strong><\/h3>\n\n\n\n<ul class=\"wp-block-list\">\n<li>Harina de arroz blanco ecol\u00f3gica para alimentaci\u00f3n infantil<\/li>\n\n\n\n<li>Bajo contenido en ars\u00e9nico inorg\u00e1nico (&lt;100 ppb)<\/li>\n\n\n\n<li>Procedente de cultivos propios en Espa\u00f1a y Argentina<\/li>\n<\/ul>\n<\/div>\n<\/div>\n<\/div>\n\n\n\n<div class=\"wp-block-column is-layout-flow wp-block-column-is-layout-flow\">\n<div class=\"wp-block-columns is-layout-flex wp-container-core-columns-is-layout-9d6595d7 wp-block-columns-is-layout-flex\">\n<div class=\"wp-block-column is-layout-flow wp-block-column-is-layout-flow\">\n<h3 class=\"wp-block-heading has-text-align-center\"><strong>OryzaGEL<\/strong><\/h3>\n\n\n\n<p><\/p>\n\n\n\n<ul class=\"wp-block-list\">\n<li>Harinas de arroz pregelatinizadas con viscosidad alta o baja en fr\u00edo<\/li>\n\n\n\n<li>Alta viscosidad al disolverse en agua<\/li>\n<\/ul>\n<\/div>\n\n\n\n<div class=\"wp-block-column is-layout-flow wp-block-column-is-layout-flow\">\n<h3 class=\"wp-block-heading\"><strong>OryzaPURE<strong>\u00ae<\/strong> BIO 200R8<\/strong><\/h3>\n\n\n\n<ul class=\"wp-block-list\">\n<li>Harina blanca ecol\u00f3gica LG<\/li>\n\n\n\n<li>Tratada t\u00e9rmicamente y lista para consumir<\/li>\n<\/ul>\n<\/div>\n<\/div>\n<\/div>\n<\/div>\n\n\n\n<div class=\"wp-block-columns is-layout-flex wp-container-core-columns-is-layout-9d6595d7 wp-block-columns-is-layout-flex\">\n<div class=\"wp-block-column is-layout-flow wp-block-column-is-layout-flow\"><\/div>\n<\/div>\n<\/div>\n<\/div>\n<\/div><\/div>\n\n\n\n<div class=\"wp-block-group alignfull diagonal-double has-toutou-background-color has-background\" style=\"padding-top:5vh;padding-bottom:5vh\"><div class=\"wp-block-group__inner-container is-layout-flow wp-block-group-is-layout-flow\">\n<div class=\"wp-block-columns alignwide are-vertically-aligned-center is-layout-flex wp-container-core-columns-is-layout-a6e24759 wp-block-columns-is-layout-flex\" style=\"padding-top:5vh;padding-bottom:5vh\">\n<div class=\"wp-block-column is-vertically-aligned-center is-layout-flow wp-block-column-is-layout-flow\">\n<h2 class=\"wp-block-heading border-left\">Salud e Innovaci\u00f3n de la Mano<\/h2>\n\n\n\n<p style=\"font-size:19px\">Desde harinas de legumbres ricas en prote\u00ednas hasta harina de arroz lista para consumir, nuestros ingredientes innovadores aportan textura limpia, atractivo en el etiquetado y valor nutricional a cada aplicaci\u00f3n.<\/p>\n\n\n\n<p style=\"font-size:19px\">Riviana Foods produce ingredientes naturales de calidad alimentaria a base de arroz, legumbres y otros cereales sin gluten. Todos nuestros productos son soluciones clean label, hipoalerg\u00e9nicas, sin l\u00e1cteos, sin transg\u00e9nicos y sin gluten.<\/p>\n\n\n\n<p style=\"font-size:19px\">No hay mejor manera de conocer nuestra gama completa de productos que prob\u00e1ndolos. <a href=\"https:\/\/rivianaindustrial.com\/es\/ready-to-eat-flour\/#form\"><strong>Solicita una muestra<\/strong><\/a> y nuestro equipo especializado te ayudar\u00e1 a encontrar el ingrediente perfecto para tu aplicaci\u00f3n.<\/p>\n\n\n\n<p style=\"font-size:19px\"><\/p>\n\n\n\n<p><\/p>\n<\/div>\n\n\n\n<div class=\"wp-block-column is-vertically-aligned-center is-layout-flow wp-block-column-is-layout-flow\">\n<figure class=\"wp-block-gallery has-nested-images columns-4 wp-block-gallery-1 is-layout-flex wp-block-gallery-is-layout-flex\">\n<figure class=\"wp-block-image size-thumbnail\"><img loading=\"lazy\" decoding=\"async\" width=\"150\" height=\"150\" data-id=\"3680\" src=\"https:\/\/rivianaindustrial.com\/wp-content\/uploads\/2025\/05\/ico-clean-ingredients-xs-150x150.png\" alt=\"Clean ingredients\" class=\"wp-image-3680\" srcset=\"https:\/\/rivianaindustrial.com\/wp-content\/uploads\/2025\/05\/ico-clean-ingredients-xs-150x150.png 150w, https:\/\/rivianaindustrial.com\/wp-content\/uploads\/2025\/05\/ico-clean-ingredients-xs.png 260w\" sizes=\"auto, (max-width: 150px) 100vw, 150px\" \/><\/figure>\n\n\n\n<figure class=\"wp-block-image size-thumbnail\"><img loading=\"lazy\" decoding=\"async\" width=\"150\" height=\"150\" data-id=\"3690\" src=\"https:\/\/rivianaindustrial.com\/wp-content\/uploads\/2025\/05\/ico-no-additives-xs-150x150.png\" alt=\"No additives\" class=\"wp-image-3690\" srcset=\"https:\/\/rivianaindustrial.com\/wp-content\/uploads\/2025\/05\/ico-no-additives-xs-150x150.png 150w, https:\/\/rivianaindustrial.com\/wp-content\/uploads\/2025\/05\/ico-no-additives-xs.png 260w\" sizes=\"auto, (max-width: 150px) 100vw, 150px\" \/><\/figure>\n\n\n\n<figure class=\"wp-block-image size-thumbnail\"><img loading=\"lazy\" decoding=\"async\" width=\"150\" height=\"150\" data-id=\"3684\" src=\"https:\/\/rivianaindustrial.com\/wp-content\/uploads\/2025\/05\/ico-gluten-free-xs-150x150.png\" alt=\"Gluten free\" class=\"wp-image-3684\" srcset=\"https:\/\/rivianaindustrial.com\/wp-content\/uploads\/2025\/05\/ico-gluten-free-xs-150x150.png 150w, https:\/\/rivianaindustrial.com\/wp-content\/uploads\/2025\/05\/ico-gluten-free-xs.png 260w\" sizes=\"auto, (max-width: 150px) 100vw, 150px\" \/><\/figure>\n\n\n\n<figure class=\"wp-block-image size-thumbnail\"><img loading=\"lazy\" decoding=\"async\" width=\"150\" height=\"150\" data-id=\"3686\" src=\"https:\/\/rivianaindustrial.com\/wp-content\/uploads\/2025\/05\/ico-gmo-free-xs-150x150.png\" alt=\"Gmo free\" class=\"wp-image-3686\" srcset=\"https:\/\/rivianaindustrial.com\/wp-content\/uploads\/2025\/05\/ico-gmo-free-xs-150x150.png 150w, https:\/\/rivianaindustrial.com\/wp-content\/uploads\/2025\/05\/ico-gmo-free-xs.png 260w\" sizes=\"auto, (max-width: 150px) 100vw, 150px\" \/><\/figure>\n\n\n\n<figure class=\"wp-block-image size-thumbnail\"><img loading=\"lazy\" decoding=\"async\" width=\"150\" height=\"150\" data-id=\"3682\" src=\"https:\/\/rivianaindustrial.com\/wp-content\/uploads\/2025\/05\/ico-dairy-free-xs-150x150.png\" alt=\"Dairy free\" class=\"wp-image-3682\" srcset=\"https:\/\/rivianaindustrial.com\/wp-content\/uploads\/2025\/05\/ico-dairy-free-xs-150x150.png 150w, https:\/\/rivianaindustrial.com\/wp-content\/uploads\/2025\/05\/ico-dairy-free-xs.png 260w\" sizes=\"auto, (max-width: 150px) 100vw, 150px\" \/><\/figure>\n\n\n\n<figure class=\"wp-block-image size-thumbnail\"><img loading=\"lazy\" decoding=\"async\" width=\"150\" height=\"150\" data-id=\"3688\" src=\"https:\/\/rivianaindustrial.com\/wp-content\/uploads\/2025\/05\/ico-no-added-preser-xs-150x150.png\" alt=\"No added preservatives\" class=\"wp-image-3688\" srcset=\"https:\/\/rivianaindustrial.com\/wp-content\/uploads\/2025\/05\/ico-no-added-preser-xs-150x150.png 150w, https:\/\/rivianaindustrial.com\/wp-content\/uploads\/2025\/05\/ico-no-added-preser-xs.png 260w\" sizes=\"auto, (max-width: 150px) 100vw, 150px\" \/><\/figure>\n\n\n\n<figure class=\"wp-block-image size-thumbnail\"><img loading=\"lazy\" decoding=\"async\" width=\"150\" height=\"150\" data-id=\"3692\" src=\"https:\/\/rivianaindustrial.com\/wp-content\/uploads\/2025\/05\/ico-plant-based-xs-150x150.png\" alt=\"Plant based\" class=\"wp-image-3692\" srcset=\"https:\/\/rivianaindustrial.com\/wp-content\/uploads\/2025\/05\/ico-plant-based-xs-150x150.png 150w, https:\/\/rivianaindustrial.com\/wp-content\/uploads\/2025\/05\/ico-plant-based-xs.png 260w\" sizes=\"auto, (max-width: 150px) 100vw, 150px\" \/><\/figure>\n<\/figure>\n<\/div>\n<\/div>\n<\/div><\/div>\n\n\n\n<hr class=\"wp-block-separator has-alpha-channel-opacity\"\/>\n\n\n\n<div class=\"wp-block-group alignfull\" id=\"form\"><div class=\"wp-block-group__inner-container is-layout-flow wp-block-group-is-layout-flow\">\n<div class=\"wp-block-columns alignwide is-layout-flex wp-container-core-columns-is-layout-a6e24759 wp-block-columns-is-layout-flex\" style=\"padding-top:5vh;padding-bottom:5vh\">\n<div class=\"wp-block-column is-layout-flow wp-block-column-is-layout-flow\">\n<h2 class=\"wp-block-heading border-left\">Solicita una muestra<\/h2>\n\n\n\n<p>D\u00e9janos ayudarte a encontrar los ingredientes perfectos para tu negocio.<\/p>\n\n\n\n<p>No hay mejor forma de conocer nuestra gama completa de arroces que prob\u00e1ndolos. Solicita una muestra y nuestro equipo de expertos te ayudar\u00e1 a descubrir el tipo de arroz ideal para cualquier aplicaci\u00f3n.<\/p>\n<\/div>\n\n\n\n<div class=\"wp-block-column is-layout-flow wp-block-column-is-layout-flow\">\n<div class=\"wpcf7 no-js\" id=\"wpcf7-f937-o1\" lang=\"es-ES\" dir=\"ltr\" data-wpcf7-id=\"937\">\n<div class=\"screen-reader-response\"><p role=\"status\" aria-live=\"polite\" aria-atomic=\"true\"><\/p> <ul><\/ul><\/div>\n<form action=\"\/es\/wp-json\/wp\/v2\/pages\/3941#wpcf7-f937-o1\" method=\"post\" class=\"wpcf7-form init\" aria-label=\"Formulario de contacto\" novalidate=\"novalidate\" data-status=\"init\">\n<fieldset class=\"hidden-fields-container\"><input type=\"hidden\" name=\"_wpcf7\" value=\"937\" \/><input type=\"hidden\" name=\"_wpcf7_version\" value=\"6.1.5\" \/><input type=\"hidden\" name=\"_wpcf7_locale\" value=\"es_ES\" \/><input type=\"hidden\" name=\"_wpcf7_unit_tag\" value=\"wpcf7-f937-o1\" \/><input type=\"hidden\" name=\"_wpcf7_container_post\" value=\"0\" \/><input type=\"hidden\" name=\"_wpcf7_posted_data_hash\" value=\"\" \/>\n<\/fieldset>\n<div class=\"wp-block-columns alignwide is-style-default\">\n\t<div class=\"wp-block-column\">\n\t\t<p><label> Nombre * <span class=\"wpcf7-form-control-wrap\" data-name=\"your-name\"><input size=\"40\" maxlength=\"400\" class=\"wpcf7-form-control wpcf7-text wpcf7-validates-as-required\" aria-required=\"true\" aria-invalid=\"false\" placeholder=\"Persona de contacto\" value=\"\" type=\"text\" name=\"your-name\" \/><\/span> <\/label>\n\t\t<\/p>\n\t<\/div>\n\t<div class=\"wp-block-column\">\n\t\t<p><label> Email * <span class=\"wpcf7-form-control-wrap\" data-name=\"your-email\"><input size=\"40\" maxlength=\"400\" class=\"wpcf7-form-control wpcf7-email wpcf7-validates-as-required wpcf7-text wpcf7-validates-as-email\" aria-required=\"true\" aria-invalid=\"false\" placeholder=\"Correo electr\u00f3nico\" value=\"\" type=\"email\" name=\"your-email\" \/><\/span> <\/label>\n\t\t<\/p>\n\t<\/div>\n<\/div>\n<div class=\"wp-block-columns alignwide is-style-default\">\n\t<div class=\"wp-block-column\">\n\t\t<p><label> Empresa * <span class=\"wpcf7-form-control-wrap\" data-name=\"your-company\"><input size=\"40\" maxlength=\"400\" class=\"wpcf7-form-control wpcf7-text wpcf7-validates-as-required\" aria-required=\"true\" aria-invalid=\"false\" placeholder=\"Tu empresa\" value=\"\" type=\"text\" name=\"your-company\" \/><\/span> <\/label>\n\t\t<\/p>\n\t<\/div>\n<\/div>\n<div class=\"wp-block-columns alignwide is-style-default\">\n\t<div class=\"wp-block-column\">\n\t\t<p><label> Mensaje <span class=\"wpcf7-form-control-wrap\" data-name=\"message\"><textarea cols=\"40\" rows=\"10\" maxlength=\"2000\" class=\"wpcf7-form-control wpcf7-textarea\" aria-invalid=\"false\" placeholder=\"Tu mensaje\" name=\"message\"><\/textarea><\/span> <\/label><br \/>\n<span class=\"wpcf7-form-control-wrap\" data-name=\"acceptance\"><span class=\"wpcf7-form-control wpcf7-acceptance\"><span class=\"wpcf7-list-item\"><label><input type=\"checkbox\" name=\"acceptance\" value=\"1\" aria-invalid=\"false\" \/><span class=\"wpcf7-list-item-label\">Al usar este formulario de contacto, acepto que Riviana Foods almacene y procese mis datos seg\u00fan se indica en la <a href=\"\/es\/politica-de-privacidad\/\" target=\"_blank\">Pol\u00edtica de Privacidad<\/a> de este sitio web.<\/span><\/label><\/span><\/span><\/span>\n\t\t<\/p>\n\t<\/div>\n<\/div>\n<p><span id=\"wpcf7-69e655dbef5ed-wrapper\" class=\"wpcf7-form-control-wrap website-hp1-wrap\" ><label for=\"website-hp1\" class=\"hp-message\">Por favor, deja este campo vac\u00edo.<\/label><input id=\"website-hp1\"  class=\"wpcf7-form-control wpcf7-text\" type=\"text\" name=\"website-hp1\" value=\"\" size=\"40\" tabindex=\"-1\" autocomplete=\"new-password\" \/><\/span><br \/>\n<span id=\"wpcf7-69e655dbef653-wrapper\" class=\"wpcf7-form-control-wrap email-hp1-wrap\" ><label for=\"email-hp1\" class=\"hp-message\">Por favor, deja este campo vac\u00edo.<\/label><input id=\"email-hp1\"  class=\"wpcf7-form-control wpcf7-text\" type=\"text\" name=\"email-hp1\" value=\"\" size=\"40\" tabindex=\"-1\" autocomplete=\"new-password\" \/><\/span>\n<\/p>\n<p><input class=\"wpcf7-form-control wpcf7-submit has-spinner\" type=\"submit\" value=\"Enviar\" \/>\n<\/p><div class=\"wpcf7-response-output\" aria-hidden=\"true\"><\/div>\n<\/form>\n<\/div>\n\n<\/div>\n<\/div>\n<\/div><\/div>\n","protected":false},"excerpt":{"rendered":"<p>Rendimiento con Prop\u00f3sito La harina de arroz lista para consumir de Riviana ha sido desarrollada espec\u00edficamente para cumplir con los m\u00e1s altos est\u00e1ndares de seguridad alimentaria y eficiencia en el procesamiento. Nuestra harina de arroz precocida ofrece distintos perfiles de viscosidad y est\u00e1 disponible en varios tama\u00f1os de part\u00edcula. Riviana ofrece tanto harinas de arroz&hellip; <a class=\"more-link\" href=\"https:\/\/rivianaindustrial.com\/es\/ready-to-eat-flour\/\">Seguir leyendo <span class=\"screen-reader-text\">Harina de Arroz Lista para Consumir<\/span><\/a><\/p>\n","protected":false},"author":4,"featured_media":0,"parent":0,"menu_order":1,"comment_status":"closed","ping_status":"closed","template":"","meta":{"_acf_changed":false,"footnotes":""},"class_list":["post-3941","page","type-page","status-publish","hentry","entry"],"acf":[],"_links":{"self":[{"href":"https:\/\/rivianaindustrial.com\/es\/wp-json\/wp\/v2\/pages\/3941","targetHints":{"allow":["GET"]}}],"collection":[{"href":"https:\/\/rivianaindustrial.com\/es\/wp-json\/wp\/v2\/pages"}],"about":[{"href":"https:\/\/rivianaindustrial.com\/es\/wp-json\/wp\/v2\/types\/page"}],"author":[{"embeddable":true,"href":"https:\/\/rivianaindustrial.com\/es\/wp-json\/wp\/v2\/users\/4"}],"replies":[{"embeddable":true,"href":"https:\/\/rivianaindustrial.com\/es\/wp-json\/wp\/v2\/comments?post=3941"}],"version-history":[{"count":5,"href":"https:\/\/rivianaindustrial.com\/es\/wp-json\/wp\/v2\/pages\/3941\/revisions"}],"predecessor-version":[{"id":4078,"href":"https:\/\/rivianaindustrial.com\/es\/wp-json\/wp\/v2\/pages\/3941\/revisions\/4078"}],"wp:attachment":[{"href":"https:\/\/rivianaindustrial.com\/es\/wp-json\/wp\/v2\/media?parent=3941"}],"curies":[{"name":"wp","href":"https:\/\/api.w.org\/{rel}","templated":true}]}}