{"id":43,"date":"2022-03-03T04:35:22","date_gmt":"2022-03-03T10:35:22","guid":{"rendered":"https:\/\/rivianaindustrial.com\/about\/"},"modified":"2022-11-30T04:01:41","modified_gmt":"2022-11-30T10:01:41","slug":"nosotros","status":"publish","type":"page","link":"https:\/\/rivianaindustrial.com\/es\/nosotros\/","title":{"rendered":"Nosotros"},"content":{"rendered":"\n<div style=\"height:5vh\" aria-hidden=\"true\" class=\"wp-block-spacer\"><\/div>\n\n\n\n<div class=\"wp-block-group alignwide\"><div class=\"wp-block-group__inner-container is-layout-flow wp-block-group-is-layout-flow\">\n<h2 class=\"has-text-align-center wp-block-heading\">Nuestra s\u00f3lida herencia de marca se remonta a 1911.<\/h2>\n\n\n\n<div class=\"wp-block-cp-timeline-content-timeline-block Cool-Content-Timeline\"><div class=\"cool-timeline-block-fb42bf99-0da0-4383-ae2e-d2712a4a329f\"><style scoped=\"true\">.cool-timeline-block-fb42bf99-0da0-4383-ae2e-d2712a4a329f .cool-vertical-timeline-body .story-time p{color: #333;}.cool-timeline-block-fb42bf99-0da0-4383-ae2e-d2712a4a329f .cool-horizontal-timeline-body .story-time p{color: #333;}.cool-timeline-block-fb42bf99-0da0-4383-ae2e-d2712a4a329f .cool-vertical-timeline-body::before{background: linear-gradient(to bottom, rgba(230, 230, 230, 0) 0%, #D91B3E 10%, #D91B3E 90%, rgba(230, 230, 230, 0) 100%);}.cool-timeline-block-fb42bf99-0da0-4383-ae2e-d2712a4a329f .cool-horizontal-timeline-body .timeline-content::before{background: #D91B3E;}.cool-timeline-block-fb42bf99-0da0-4383-ae2e-d2712a4a329f .cool-horizontal-timeline-body .timeline-content::after{background: #D91B3E;}.cool-timeline-block-fb42bf99-0da0-4383-ae2e-d2712a4a329f .cool-vertical-timeline-body .timeline-content::before{background: #D91B3E !important;}.cool-timeline-block-fb42bf99-0da0-4383-ae2e-d2712a4a329f .cool-vertical-timeline-body.left .story-details::after{background: #D91B3E !important;}.cool-timeline-block-fb42bf99-0da0-4383-ae2e-d2712a4a329f .cool-vertical-timeline-body.right .story-time::after{background: #D91B3E !important;}.cool-timeline-block-fb42bf99-0da0-4383-ae2e-d2712a4a329f .cool-vertical-timeline-body .timeline-content .timeline-block-icon{background: #D91B3E !important;}.cool-timeline-block-fb42bf99-0da0-4383-ae2e-d2712a4a329f .cool-horizontal-timeline-body .timeline-content .timeline-block-icon{background: #D91B3E !important;}.cool-timeline-block-fb42bf99-0da0-4383-ae2e-d2712a4a329f .cool-vertical-timeline-body.both-sided .timeline-content .position-right .story-details::before{border-right-color: #D91B3E !important;}.cool-timeline-block-fb42bf99-0da0-4383-ae2e-d2712a4a329f .cool-vertical-timeline-body.both-sided .timeline-content .position-left  .story-details::before{border-left-color: #D91B3E !important;}.cool-timeline-block-fb42bf99-0da0-4383-ae2e-d2712a4a329f .cool-vertical-timeline-body.one-sided.left .timeline-content  .story-details::before{border-right-color: #D91B3E !important;}.cool-timeline-block-fb42bf99-0da0-4383-ae2e-d2712a4a329f .cool-vertical-timeline-body.one-sided.right .timeline-content  .story-details::before{border-left-color: #D91B3E !important;}.cool-timeline-block-fb42bf99-0da0-4383-ae2e-d2712a4a329f .cool-vertical-timeline-body .timeline-content  .story-details{border-color: #D91B3E !important;}.cool-timeline-block-fb42bf99-0da0-4383-ae2e-d2712a4a329f .cool-horizontal-timeline-body .timeline-content .ctl-row .ctl-6.timeline-block-detail::before{border-bottom-color: #D91B3E !important;}.cool-timeline-block-fb42bf99-0da0-4383-ae2e-d2712a4a329f .cool-horizontal-timeline-body .ctl-6.timeline-block-detail{border-top-color: #D91B3E !important;}.cool-timeline-block-fb42bf99-0da0-4383-ae2e-d2712a4a329f .cool-vertical-timeline-body .timeline-content  .timeline-block-icon{border-color: #D91B3EFF !important;}.cool-timeline-block-fb42bf99-0da0-4383-ae2e-d2712a4a329f .cool-horizontal-timeline-body .swiper-button-next{color: #D91B3E;}.cool-timeline-block-fb42bf99-0da0-4383-ae2e-d2712a4a329f .cool-horizontal-timeline-body .swiper-button-prev{color: #D91B3E;}.cool-timeline-block-fb42bf99-0da0-4383-ae2e-d2712a4a329f .cool-horizontal-timeline-body .swiper-pagination-bullet-active{background: #D91B3E;}.cool-timeline-block-fb42bf99-0da0-4383-ae2e-d2712a4a329f .icon-true .timeline-block-icon span.timeline-block-render-icon svg{fill: white;}<\/style><div class=\"cool-vertical-timeline-body both-sided left\"><div class=\"cool-timeline-block-list\">\n<div class=\"wp-block-cp-timeline-content-timeline-block-child swiper-slide\"><div class=\"timeline-content icon-false \"><div class=\" timeline-block-timeline ctl-row  position-right\"><div class=\"ctl-6 timeline-block-time\"><div class=\"story-time\"><p>1911<\/p><\/div><\/div><div class=\"timeline-block-icon\"><\/div><div class=\"ctl-6 timeline-block-detail\"><div class=\"story-details\"><div class=\"story-content\"><h3>Se funda Southern Rice Sales Co.<\/h3><p><\/p><\/div><\/div><\/div><\/div><\/div><\/div>\n\n\n\n<div class=\"wp-block-cp-timeline-content-timeline-block-child swiper-slide\"><div class=\"timeline-content icon-false \"><div class=\" timeline-block-timeline ctl-row  position-left\"><div class=\"ctl-6 timeline-block-time\"><div class=\"story-time\"><p>1925<\/p><\/div><\/div><div class=\"timeline-block-icon\"><\/div><div class=\"ctl-6 timeline-block-detail\"><div class=\"story-details\"><div class=\"story-content\"><h3>Water Maid se incorpora a Riviana<\/h3><p><\/p><\/div><\/div><\/div><\/div><\/div><\/div>\n\n\n\n<div class=\"wp-block-cp-timeline-content-timeline-block-child swiper-slide\"><div class=\"timeline-content icon-false \"><div class=\" timeline-block-timeline ctl-row  position-right\"><div class=\"ctl-6 timeline-block-time\"><div class=\"story-time\"><p>1928<\/p><\/div><\/div><div class=\"timeline-block-icon\"><\/div><div class=\"ctl-6 timeline-block-detail\"><div class=\"story-details\"><div class=\"story-content\"><h3>Carolina y River pasan a formar parte de la empresa<\/h3><p><\/p><\/div><\/div><\/div><\/div><\/div><\/div>\n\n\n\n<div class=\"wp-block-cp-timeline-content-timeline-block-child swiper-slide\"><div class=\"timeline-content icon-false \"><div class=\" timeline-block-timeline ctl-row  position-left\"><div class=\"ctl-6 timeline-block-time\"><div class=\"story-time\"><p>1932<\/p><\/div><\/div><div class=\"timeline-block-icon\"><\/div><div class=\"ctl-6 timeline-block-detail\"><div class=\"story-details\"><div class=\"story-content\"><h3>Mahatma se convierte en la m\u00e1s reciente incorporaci\u00f3n a Riviana<\/h3><p><\/p><\/div><\/div><\/div><\/div><\/div><\/div>\n\n\n\n<div class=\"wp-block-cp-timeline-content-timeline-block-child swiper-slide\"><div class=\"timeline-content icon-false \"><div class=\" timeline-block-timeline ctl-row  position-right\"><div class=\"ctl-6 timeline-block-time\"><div class=\"story-time\"><p>1977<\/p><\/div><\/div><div class=\"timeline-block-icon\"><\/div><div class=\"ctl-6 timeline-block-detail\"><div class=\"story-details\"><div class=\"story-content\"><h3>Success Rice pasa a formar parte de Riviana<\/h3><p><\/p><\/div><\/div><\/div><\/div><\/div><\/div>\n\n\n\n<div class=\"wp-block-cp-timeline-content-timeline-block-child swiper-slide\"><div class=\"timeline-content icon-false \"><div class=\" timeline-block-timeline ctl-row  position-left\"><div class=\"ctl-6 timeline-block-time\"><div class=\"story-time\"><p>1993<\/p><\/div><\/div><div class=\"timeline-block-icon\"><\/div><div class=\"ctl-6 timeline-block-detail\"><div class=\"story-details\"><div class=\"story-content\"><h3>Sello Rojo se incorpora a la empresa<\/h3><p><\/p><\/div><\/div><\/div><\/div><\/div><\/div>\n\n\n\n<div class=\"wp-block-cp-timeline-content-timeline-block-child swiper-slide\"><div class=\"timeline-content icon-false \"><div class=\" timeline-block-timeline ctl-row  position-right\"><div class=\"ctl-6 timeline-block-time\"><div class=\"story-time\"><p>1995<\/p><\/div><\/div><div class=\"timeline-block-icon\"><\/div><div class=\"ctl-6 timeline-block-detail\"><div class=\"story-details\"><div class=\"story-content\"><h3>Riviana se convierte en una empresa que cotiza en el NASDAQ<\/h3><p><\/p><\/div><\/div><\/div><\/div><\/div><\/div>\n\n\n\n<div class=\"wp-block-cp-timeline-content-timeline-block-child swiper-slide\"><div class=\"timeline-content icon-false \"><div class=\" timeline-block-timeline ctl-row  position-left\"><div class=\"ctl-6 timeline-block-time\"><div class=\"story-time\"><p>1995<\/p><\/div><\/div><div class=\"timeline-block-icon\"><\/div><div class=\"ctl-6 timeline-block-detail\"><div class=\"story-details\"><div class=\"story-content\"><h3>Minute Rice se une a Riviana<\/h3><p> <\/p><\/div><\/div><\/div><\/div><\/div><\/div>\n\n\n\n<div class=\"wp-block-cp-timeline-content-timeline-block-child swiper-slide\"><div class=\"timeline-content icon-false \"><div class=\" timeline-block-timeline ctl-row  position-right\"><div class=\"ctl-6 timeline-block-time\"><div class=\"story-time\"><p>2004<\/p><\/div><\/div><div class=\"timeline-block-icon\"><\/div><div class=\"ctl-6 timeline-block-detail\"><div class=\"story-details\"><div class=\"story-content\"><h3>Ebro adquiere Riviana Foods<\/h3><p><\/p><\/div><\/div><\/div><\/div><\/div><\/div>\n\n\n\n<div class=\"wp-block-cp-timeline-content-timeline-block-child swiper-slide\"><div class=\"timeline-content icon-false \"><div class=\" timeline-block-timeline ctl-row  position-left\"><div class=\"ctl-6 timeline-block-time\"><div class=\"story-time\"><p>2011<\/p><\/div><\/div><div class=\"timeline-block-icon\"><\/div><div class=\"ctl-6 timeline-block-detail\"><div class=\"story-details\"><div class=\"story-content\"><h3>ARI, Blue Ribbon, Comet y Adolphus pasan a formar parte de la cartera de la empresa<\/h3><p><\/p><\/div><\/div><\/div><\/div><\/div><\/div>\n\n\n\n<div class=\"wp-block-cp-timeline-content-timeline-block-child swiper-slide\"><div class=\"timeline-content icon-false \"><div class=\" timeline-block-timeline ctl-row  position-right\"><div class=\"ctl-6 timeline-block-time\"><div class=\"story-time\"><p>2015<\/p><\/div><\/div><div class=\"timeline-block-icon\"><\/div><div class=\"ctl-6 timeline-block-detail\"><div class=\"story-details\"><div class=\"story-content\"><h3>Riviana Foods adquiere RiceSelect de RiceTec<\/h3><p><\/p><\/div><\/div><\/div><\/div><\/div><\/div>\n\n\n\n<div class=\"wp-block-cp-timeline-content-timeline-block-child swiper-slide\"><div class=\"timeline-content icon-false \"><div class=\" timeline-block-timeline ctl-row  position-left\"><div class=\"ctl-6 timeline-block-time\"><div class=\"story-time\"><p>2017<\/p><\/div><\/div><div class=\"timeline-block-icon\"><\/div><div class=\"ctl-6 timeline-block-detail\"><div class=\"story-details\"><div class=\"story-content\"><h3>ARI y New World Pasta se fusionan con Riviana<\/h3><p><\/p><\/div><\/div><\/div><\/div><\/div><\/div>\n\n\n\n<div class=\"wp-block-cp-timeline-content-timeline-block-child swiper-slide\"><div class=\"timeline-content icon-false \"><div class=\" timeline-block-timeline ctl-row  position-right\"><div class=\"ctl-6 timeline-block-time\"><div class=\"story-time\"><p>2021<\/p><\/div><\/div><div class=\"timeline-block-icon\"><\/div><div class=\"ctl-6 timeline-block-detail\"><div class=\"story-details\"><div class=\"story-content\"><h3>Riviana vende su negocio de pasta<\/h3><p><\/p><\/div><\/div><\/div><\/div><\/div><\/div>\n\n\n\n<div class=\"wp-block-cp-timeline-content-timeline-block-child swiper-slide\"><div class=\"timeline-content icon-false \"><div class=\" timeline-block-timeline ctl-row  position-left\"><div class=\"ctl-6 timeline-block-time\"><div class=\"story-time\"><p>2022<\/p><\/div><\/div><div class=\"timeline-block-icon\"><\/div><div class=\"ctl-6 timeline-block-detail\"><div class=\"story-details\"><div class=\"story-content\"><h3>Riviana adquiere InHarvest Foods, inc.<\/h3><p><\/p><\/div><\/div><\/div><\/div><\/div><\/div>\n<\/div><\/div><\/div><\/div>\n<\/div><\/div>\n\n\n\n<div style=\"height:66px\" aria-hidden=\"true\" class=\"wp-block-spacer\"><\/div>\n\n\n\n<div class=\"wp-block-group alignwide\"><div class=\"wp-block-group__inner-container is-layout-flow wp-block-group-is-layout-flow\">\n<div class=\"wp-block-columns alignwide is-layout-flex wp-container-core-columns-is-layout-9d6595d7 wp-block-columns-is-layout-flex\">\n<div class=\"wp-block-column is-layout-flow wp-block-column-is-layout-flow\">\n<h2 class=\"border-left wp-block-heading\">Ebro Foods<\/h2>\n\n\n\n<p>Con sede en Espa\u00f1a, Ebro Foods opera en el sector del arroz alrededor del mundo a trav\u00e9s de su extensa red de filiales y marcas en m\u00e1s de ochenta pa\u00edses de Europa, Am\u00e9rica del Norte, Asia y \u00c1frica. Esta relaci\u00f3n mejora tanto nuestros productos como la empresa como un todo, ya que proporciona acceso a una red mundial de abastecimiento de materias primas, centros de investigaci\u00f3n y desarrollo de categor\u00eda mundial, tecnolog\u00eda de punta e innovaciones de producto.<\/p>\n<\/div>\n<\/div>\n<\/div><\/div>\n\n\n\n<div class=\"wp-block-group alignwide\"><div class=\"wp-block-group__inner-container is-layout-flow wp-block-group-is-layout-flow\">\n<div class=\"wp-block-columns alignwide is-layout-flex wp-container-core-columns-is-layout-9d6595d7 wp-block-columns-is-layout-flex\">\n<div class=\"wp-block-column is-layout-flow wp-block-column-is-layout-flow\">\n<figure class=\"wp-block-image size-full\"><img loading=\"lazy\" decoding=\"async\" width=\"553\" height=\"239\" src=\"https:\/\/rivianaindustrial.com\/wp-content\/uploads\/2022\/06\/EbroCaring.jpg\" alt=\"EbroCaring\" class=\"wp-image-1668\" srcset=\"https:\/\/rivianaindustrial.com\/wp-content\/uploads\/2022\/06\/EbroCaring.jpg 553w, https:\/\/rivianaindustrial.com\/wp-content\/uploads\/2022\/06\/EbroCaring-300x130.jpg 300w\" sizes=\"auto, (max-width: 553px) 100vw, 553px\" \/><\/figure>\n<\/div>\n\n\n\n<div class=\"wp-block-column is-layout-flow wp-block-column-is-layout-flow\">\n<h2 class=\"border-left wp-block-heading\">Cuidamos de ti y del planeta<\/h2>\n\n\n\n<p>Cuidar de ti y del Planeta es nuestro compromiso con el crecimiento sostenible y la responsabilidad social. Nuestro objetivo es crear un modelo de negocio rentable y eficiente que, al mismo tiempo, ayude al progreso de la sociedad y aporte valor a los lugares donde operamos junto con nuestros clientes, empleados y accionistas.<\/p>\n\n\n\n<p>Este plan se basa en tres \u00e1reas de actividad: <a href=\"https:\/\/www.caringforyouandtheplanet.com\/las-personas-caring-for-you\/\" target=\"_blank\" rel=\"noreferrer noopener\">cuidar de ti<\/a>, <a href=\"https:\/\/www.caringforyouandtheplanet.com\/el-planeta-caring-for-the-planet\/\" target=\"_blank\" rel=\"noreferrer noopener\">cuidar del planeta<\/a> y <a href=\"https:\/\/www.caringforyouandtheplanet.com\/la-alimentacion-caring-for-food\/\" target=\"_blank\" rel=\"noreferrer noopener\">cuidar de los alimentos<\/a>. <\/p>\n\n\n\n<p>Puedes <a href=\"https:\/\/www.caringforyouandtheplanet.com\" target=\"_blank\" rel=\"noreferrer noopener\">encontrar m\u00e1s informaci\u00f3n sobre este proyecto aqu\u00ed<\/a>.<\/p>\n<\/div>\n<\/div>\n<\/div><\/div>\n\n\n\n<div style=\"height:10vh\" aria-hidden=\"true\" class=\"wp-block-spacer\"><\/div>\n\n\n\n<div class=\"wp-block-group alignfull has-toutou-background-color has-background\" style=\"padding-top:15vh;padding-bottom:15vh\"><div class=\"wp-block-group__inner-container is-layout-flow wp-block-group-is-layout-flow\">\n<h2 class=\"has-text-align-center wp-block-heading\">Riviana est\u00e1 comprometida con producir los productos de arroz m\u00e1s limpios y saludables disponibles.<\/h2>\n<\/div><\/div>\n\n\n\n<div style=\"height:5vh\" aria-hidden=\"true\" class=\"wp-block-spacer\"><\/div>\n\n\n\n<div class=\"wp-block-group alignwide\"><div class=\"wp-block-group__inner-container is-layout-flow wp-block-group-is-layout-flow\">\n<div class=\"wp-block-columns alignfull is-layout-flex wp-container-core-columns-is-layout-9d6595d7 wp-block-columns-is-layout-flex\">\n<div class=\"wp-block-column is-layout-flow wp-block-column-is-layout-flow\">\n<h2 class=\"has-text-align-left border-left wp-block-heading\">Ofrecemos un nivel de calidad superior.<\/h2>\n<\/div>\n<\/div>\n\n\n\n<div style=\"height:5vh\" aria-hidden=\"true\" class=\"wp-block-spacer\"><\/div>\n<\/div><\/div>\n\n\n\n<div class=\"wp-block-group alignwide\"><div class=\"wp-block-group__inner-container is-layout-flow wp-block-group-is-layout-flow\">\n<div class=\"wp-block-columns alignwide is-layout-flex wp-container-core-columns-is-layout-9d6595d7 wp-block-columns-is-layout-flex\">\n<div class=\"wp-block-column is-layout-flow wp-block-column-is-layout-flow\">\n<figure class=\"wp-block-image size-large\"><img loading=\"lazy\" decoding=\"async\" width=\"1024\" height=\"683\" src=\"https:\/\/rivianaindustrial.com\/wp-content\/uploads\/2022\/08\/Riviana-rice-varieties-II-e1662045910597-1024x683.jpg\" alt=\"Riviana: un arroz de alta calidad\" class=\"wp-image-2172\" srcset=\"https:\/\/rivianaindustrial.com\/wp-content\/uploads\/2022\/08\/Riviana-rice-varieties-II-e1662045910597-1024x683.jpg 1024w, https:\/\/rivianaindustrial.com\/wp-content\/uploads\/2022\/08\/Riviana-rice-varieties-II-e1662045910597-300x200.jpg 300w, https:\/\/rivianaindustrial.com\/wp-content\/uploads\/2022\/08\/Riviana-rice-varieties-II-e1662045910597-367x246.jpg 367w, https:\/\/rivianaindustrial.com\/wp-content\/uploads\/2022\/08\/Riviana-rice-varieties-II-e1662045910597-768x512.jpg 768w, https:\/\/rivianaindustrial.com\/wp-content\/uploads\/2022\/08\/Riviana-rice-varieties-II-e1662045910597.jpg 1080w\" sizes=\"auto, (max-width: 1024px) 100vw, 1024px\" \/><\/figure>\n<\/div>\n\n\n\n<div class=\"wp-block-column is-layout-flow wp-block-column-is-layout-flow\">\n<p>En Riviana Foods estamos en constante desarrollo, evoluci\u00f3n y mejora nuestros productos, utilizando nuestras instalaciones de \u00faltima generaci\u00f3n. Tenemos un historial de colaboraci\u00f3n con nuestros socios industriales para descubrir nuevos usos para los ingredientes y sus mezclas, utilizando nuestros laboratorios y cocinas de prueba. <\/p>\n\n\n\n<p>Proporcionar productos de alta calidad a nuestros clientes es uno de nuestros objetivos m\u00e1s importantes. Seguimos las directrices y los procedimientos m\u00e1s estrictos de la empresa y de la normativa para garantizar que nuestros productos cumplan nuestros elevados est\u00e1ndares.<\/p>\n\n\n\n<p>La amplia experiencia de nuestro personal como proveedores de arroz nos permite ayudar a los clientes en la producci\u00f3n, el envasado, el desarrollo de productos, las especificaciones, la garant\u00eda de calidad y los proyectos especiales. Trabajamos continuamente para mejorar nuestra eficiencia.<\/p>\n<\/div>\n<\/div>\n<\/div><\/div>\n\n\n\n<div style=\"height:5vh\" aria-hidden=\"true\" class=\"wp-block-spacer\"><\/div>\n\n\n\n<div class=\"wp-block-group alignwide\"><div class=\"wp-block-group__inner-container is-layout-flow wp-block-group-is-layout-flow\">\n<h2 class=\"alignwide has-text-align-center wp-block-heading\">PREGUNTAS FRECUENTES<\/h2>\n\n\n\n<div class=\"wp-block-columns is-layout-flex wp-container-core-columns-is-layout-9d6595d7 wp-block-columns-is-layout-flex\">\n<div class=\"wp-block-column is-layout-flow wp-block-column-is-layout-flow\">\n<p class=\"has-text-align-center\"><a href=\"https:\/\/rivianaindustrial.com\/es\/preguntas-frecuentes\/#general\">Preguntas generales<\/a> | <a href=\"https:\/\/rivianaindustrial.com\/es\/preguntas-frecuentes\/#arroz\">Soluciones de arroz<\/a> | <a href=\"https:\/\/rivianaindustrial.com\/es\/preguntas-frecuentes\/#certificacion\">Certificaci\u00f3n alimentaria<\/a><\/p>\n<\/div>\n<\/div>\n<\/div><\/div>\n","protected":false},"excerpt":{"rendered":"<p>Nuestra s\u00f3lida herencia de marca se remonta a 1911. Ebro Foods Con sede en Espa\u00f1a, Ebro Foods opera en el sector del arroz alrededor del mundo a trav\u00e9s de su extensa red de filiales y marcas en m\u00e1s de ochenta pa\u00edses de Europa, Am\u00e9rica del Norte, Asia y \u00c1frica. Esta relaci\u00f3n mejora tanto nuestros productos&hellip; <a class=\"more-link\" href=\"https:\/\/rivianaindustrial.com\/es\/nosotros\/\">Seguir leyendo <span class=\"screen-reader-text\">Nosotros<\/span><\/a><\/p>\n","protected":false},"author":1,"featured_media":0,"parent":0,"menu_order":6,"comment_status":"closed","ping_status":"closed","template":"","meta":{"_acf_changed":false,"footnotes":""},"class_list":["post-43","page","type-page","status-publish","hentry","entry"],"acf":[],"_links":{"self":[{"href":"https:\/\/rivianaindustrial.com\/es\/wp-json\/wp\/v2\/pages\/43","targetHints":{"allow":["GET"]}}],"collection":[{"href":"https:\/\/rivianaindustrial.com\/es\/wp-json\/wp\/v2\/pages"}],"about":[{"href":"https:\/\/rivianaindustrial.com\/es\/wp-json\/wp\/v2\/types\/page"}],"author":[{"embeddable":true,"href":"https:\/\/rivianaindustrial.com\/es\/wp-json\/wp\/v2\/users\/1"}],"replies":[{"embeddable":true,"href":"https:\/\/rivianaindustrial.com\/es\/wp-json\/wp\/v2\/comments?post=43"}],"version-history":[{"count":3,"href":"https:\/\/rivianaindustrial.com\/es\/wp-json\/wp\/v2\/pages\/43\/revisions"}],"predecessor-version":[{"id":3322,"href":"https:\/\/rivianaindustrial.com\/es\/wp-json\/wp\/v2\/pages\/43\/revisions\/3322"}],"wp:attachment":[{"href":"https:\/\/rivianaindustrial.com\/es\/wp-json\/wp\/v2\/media?parent=43"}],"curies":[{"name":"wp","href":"https:\/\/api.w.org\/{rel}","templated":true}]}}