{"id":68,"date":"2022-03-03T06:56:25","date_gmt":"2022-03-03T12:56:25","guid":{"rendered":"https:\/\/rivianaindustrial.com\/products\/"},"modified":"2022-11-30T04:02:46","modified_gmt":"2022-11-30T10:02:46","slug":"arroz","status":"publish","type":"page","link":"https:\/\/rivianaindustrial.com\/es\/arroz\/","title":{"rendered":"Arroz"},"content":{"rendered":"\n<div class=\"wp-block-group alignwide\"><div class=\"wp-block-group__inner-container is-layout-flow wp-block-group-is-layout-flow\">\n<div class=\"wp-block-columns alignwide is-layout-flex wp-container-core-columns-is-layout-9d6595d7 wp-block-columns-is-layout-flex\">\n<div class=\"wp-block-column is-layout-flow wp-block-column-is-layout-flow\">\n<h2 class=\"alignwide border-left wp-block-heading\">Variedades de arroz para la venta industrial<\/h2>\n\n\n\n<p>Conoce nuestra colecci\u00f3n de diferentes variedades, desde el arroz instant\u00e1neo de cocci\u00f3n r\u00e1pida hasta el arroz salvaje, pasando tambi\u00e9n por sus opciones org\u00e1nicas. Encuentra la opci\u00f3n perfecta para cualquier uso.<\/p>\n<\/div>\n<\/div>\n\n\n\n<div class=\"wp-block-query alignwide is-layout-flow wp-block-query-is-layout-flow\"><ul class=\"is-flex-container columns-3 alignwide wp-block-post-template is-layout-flow wp-block-post-template-is-layout-flow\"><li class=\"wp-block-post post-2414 product type-product status-publish has-post-thumbnail hentry product_category-arroz entry\">\n<figure class=\"wp-block-post-featured-image\"><img loading=\"lazy\" decoding=\"async\" width=\"300\" height=\"200\" src=\"https:\/\/rivianaindustrial.com\/wp-content\/uploads\/2022\/09\/219030_E_WholeGrain5Blend_0419-300x200.jpg\" class=\"attachment-medium size-medium wp-post-image\" alt=\"Whole grain 5 rice blend\" style=\"width:100%;height:66.67%;max-width:1620px;object-fit:cover;\" srcset=\"https:\/\/rivianaindustrial.com\/wp-content\/uploads\/2022\/09\/219030_E_WholeGrain5Blend_0419-300x200.jpg 300w, https:\/\/rivianaindustrial.com\/wp-content\/uploads\/2022\/09\/219030_E_WholeGrain5Blend_0419-1024x683.jpg 1024w, https:\/\/rivianaindustrial.com\/wp-content\/uploads\/2022\/09\/219030_E_WholeGrain5Blend_0419-768x512.jpg 768w, https:\/\/rivianaindustrial.com\/wp-content\/uploads\/2022\/09\/219030_E_WholeGrain5Blend_0419-1536x1024.jpg 1536w, https:\/\/rivianaindustrial.com\/wp-content\/uploads\/2022\/09\/219030_E_WholeGrain5Blend_0419-367x246.jpg 367w, https:\/\/rivianaindustrial.com\/wp-content\/uploads\/2022\/09\/219030_E_WholeGrain5Blend_0419-1568x1045.jpg 1568w, https:\/\/rivianaindustrial.com\/wp-content\/uploads\/2022\/09\/219030_E_WholeGrain5Blend_0419.jpg 1620w\" sizes=\"auto, (max-width: 300px) 100vw, 300px\" \/><\/figure>\n\n\n<div class=\"wp-block-group top-10vh info-box\"><div class=\"wp-block-group__inner-container is-layout-flow wp-block-group-is-layout-flow\"><h3 style=\"font-style:normal;font-weight:700;\" class=\"wp-block-post-title has-normal-font-size\"><a href=\"https:\/\/rivianaindustrial.com\/es\/producto\/mezclas-arroces-variedad-especial\/\" target=\"_self\" >Mezclas: arroces de variedades especiales<\/a><\/h3>\n\n<div class=\"wp-block-post-excerpt\"><p class=\"wp-block-post-excerpt__excerpt\">Las mezclas de Riviana compuestos por arroces de variedades especiales son visualmente atractivas y de uso vers\u00e1til.<\/p><p class=\"wp-block-post-excerpt__more-text\"><a class=\"wp-block-post-excerpt__more-link\" href=\"https:\/\/rivianaindustrial.com\/es\/producto\/mezclas-arroces-variedad-especial\/\">Saber m\u00e1s<\/a><\/p><\/div><\/div><\/div>\n\n<\/li><li class=\"wp-block-post post-954 product type-product status-publish has-post-thumbnail hentry product_category-arroz entry\">\n<figure class=\"wp-block-post-featured-image\"><img loading=\"lazy\" decoding=\"async\" width=\"300\" height=\"200\" src=\"https:\/\/rivianaindustrial.com\/wp-content\/uploads\/2022\/08\/219030_E_JasmineRice_0273-e1662045757131-300x200.jpg\" class=\"attachment-medium size-medium wp-post-image\" alt=\"Jasmine Rice in a bowl\" style=\"width:100%;height:66.67%;max-width:1620px;object-fit:cover;\" srcset=\"https:\/\/rivianaindustrial.com\/wp-content\/uploads\/2022\/08\/219030_E_JasmineRice_0273-e1662045757131-300x200.jpg 300w, https:\/\/rivianaindustrial.com\/wp-content\/uploads\/2022\/08\/219030_E_JasmineRice_0273-e1662045757131-1024x683.jpg 1024w, https:\/\/rivianaindustrial.com\/wp-content\/uploads\/2022\/08\/219030_E_JasmineRice_0273-e1662045757131-768x512.jpg 768w, https:\/\/rivianaindustrial.com\/wp-content\/uploads\/2022\/08\/219030_E_JasmineRice_0273-e1662045757131-1536x1024.jpg 1536w, https:\/\/rivianaindustrial.com\/wp-content\/uploads\/2022\/08\/219030_E_JasmineRice_0273-e1662045757131-367x246.jpg 367w, https:\/\/rivianaindustrial.com\/wp-content\/uploads\/2022\/08\/219030_E_JasmineRice_0273-e1662045757131-1568x1045.jpg 1568w, https:\/\/rivianaindustrial.com\/wp-content\/uploads\/2022\/08\/219030_E_JasmineRice_0273-e1662045757131.jpg 1620w\" sizes=\"auto, (max-width: 300px) 100vw, 300px\" \/><\/figure>\n\n\n<div class=\"wp-block-group top-10vh info-box\"><div class=\"wp-block-group__inner-container is-layout-flow wp-block-group-is-layout-flow\"><h3 style=\"font-style:normal;font-weight:700;\" class=\"wp-block-post-title has-normal-font-size\"><a href=\"https:\/\/rivianaindustrial.com\/es\/producto\/arroz-instantaneo\/\" target=\"_self\" >Arroz Instant\u00e1neo<\/a><\/h3>\n\n<div class=\"wp-block-post-excerpt\"><p class=\"wp-block-post-excerpt__excerpt\">Con una cartera diversa, todas nuestras variedades instant\u00e1neas son arroz 100% natural.<\/p><p class=\"wp-block-post-excerpt__more-text\"><a class=\"wp-block-post-excerpt__more-link\" href=\"https:\/\/rivianaindustrial.com\/es\/producto\/arroz-instantaneo\/\">Saber m\u00e1s<\/a><\/p><\/div><\/div><\/div>\n\n<\/li><li class=\"wp-block-post post-955 product type-product status-publish has-post-thumbnail hentry product_category-arroz entry\">\n<figure class=\"wp-block-post-featured-image\"><img loading=\"lazy\" decoding=\"async\" width=\"300\" height=\"200\" src=\"https:\/\/rivianaindustrial.com\/wp-content\/uploads\/2022\/03\/organic-rice-300x200.jpg\" class=\"attachment-medium size-medium wp-post-image\" alt=\"organic rice\" style=\"width:100%;height:66.67%;max-width:720px;object-fit:cover;\" srcset=\"https:\/\/rivianaindustrial.com\/wp-content\/uploads\/2022\/03\/organic-rice-300x200.jpg 300w, https:\/\/rivianaindustrial.com\/wp-content\/uploads\/2022\/03\/organic-rice-367x246.jpg 367w, https:\/\/rivianaindustrial.com\/wp-content\/uploads\/2022\/03\/organic-rice.jpg 720w\" sizes=\"auto, (max-width: 300px) 100vw, 300px\" \/><\/figure>\n\n\n<div class=\"wp-block-group top-10vh info-box\"><div class=\"wp-block-group__inner-container is-layout-flow wp-block-group-is-layout-flow\"><h3 style=\"font-style:normal;font-weight:700;\" class=\"wp-block-post-title has-normal-font-size\"><a href=\"https:\/\/rivianaindustrial.com\/es\/producto\/arroz-organico\/\" target=\"_self\" >Arroz Org\u00e1nico<\/a><\/h3>\n\n<div class=\"wp-block-post-excerpt\"><p class=\"wp-block-post-excerpt__excerpt\">Dentro de sus productos de arroz, Riviana ofrece arroz org\u00e1nico que est\u00e1 certificado por la USDA.<\/p><p class=\"wp-block-post-excerpt__more-text\"><a class=\"wp-block-post-excerpt__more-link\" href=\"https:\/\/rivianaindustrial.com\/es\/producto\/arroz-organico\/\">Saber m\u00e1s<\/a><\/p><\/div><\/div><\/div>\n\n<\/li><li class=\"wp-block-post post-956 product type-product status-publish has-post-thumbnail hentry product_category-arroz entry\">\n<figure class=\"wp-block-post-featured-image\"><img loading=\"lazy\" decoding=\"async\" width=\"300\" height=\"200\" src=\"https:\/\/rivianaindustrial.com\/wp-content\/uploads\/2022\/03\/riviana_cajun_food.jpg__1600x1066_q75_crop_subsampling-2_upscale-300x200.jpg\" class=\"attachment-medium size-medium wp-post-image\" alt=\"riviana cajun food\" style=\"width:100%;height:66.63%;max-width:1600px;object-fit:cover;\" srcset=\"https:\/\/rivianaindustrial.com\/wp-content\/uploads\/2022\/03\/riviana_cajun_food.jpg__1600x1066_q75_crop_subsampling-2_upscale-300x200.jpg 300w, https:\/\/rivianaindustrial.com\/wp-content\/uploads\/2022\/03\/riviana_cajun_food.jpg__1600x1066_q75_crop_subsampling-2_upscale-1024x682.jpg 1024w, https:\/\/rivianaindustrial.com\/wp-content\/uploads\/2022\/03\/riviana_cajun_food.jpg__1600x1066_q75_crop_subsampling-2_upscale-768x512.jpg 768w, https:\/\/rivianaindustrial.com\/wp-content\/uploads\/2022\/03\/riviana_cajun_food.jpg__1600x1066_q75_crop_subsampling-2_upscale-1536x1023.jpg 1536w, https:\/\/rivianaindustrial.com\/wp-content\/uploads\/2022\/03\/riviana_cajun_food.jpg__1600x1066_q75_crop_subsampling-2_upscale-1568x1045.jpg 1568w, https:\/\/rivianaindustrial.com\/wp-content\/uploads\/2022\/03\/riviana_cajun_food.jpg__1600x1066_q75_crop_subsampling-2_upscale.jpg 1600w\" sizes=\"auto, (max-width: 300px) 100vw, 300px\" \/><\/figure>\n\n\n<div class=\"wp-block-group top-10vh info-box\"><div class=\"wp-block-group__inner-container is-layout-flow wp-block-group-is-layout-flow\"><h3 style=\"font-style:normal;font-weight:700;\" class=\"wp-block-post-title has-normal-font-size\"><a href=\"https:\/\/rivianaindustrial.com\/es\/producto\/arroz-vaporizado\/\" target=\"_self\" >Arroz Vaporizado<\/a><\/h3>\n\n<div class=\"wp-block-post-excerpt\"><p class=\"wp-block-post-excerpt__excerpt\">Riviana ofrece la l\u00ednea m\u00e1s completa de arroz vaporizado para cualquier uso.<\/p><p class=\"wp-block-post-excerpt__more-text\"><a class=\"wp-block-post-excerpt__more-link\" href=\"https:\/\/rivianaindustrial.com\/es\/producto\/arroz-vaporizado\/\">Saber m\u00e1s<\/a><\/p><\/div><\/div><\/div>\n\n<\/li><li class=\"wp-block-post post-957 product type-product status-publish has-post-thumbnail hentry product_category-arroz entry\">\n<figure class=\"wp-block-post-featured-image\"><img loading=\"lazy\" decoding=\"async\" width=\"300\" height=\"200\" src=\"https:\/\/rivianaindustrial.com\/wp-content\/uploads\/2022\/03\/specialty-rice-300x200.jpg\" class=\"attachment-medium size-medium wp-post-image\" alt=\"specialty rice\" style=\"width:100%;height:66.62%;max-width:683px;object-fit:cover;\" srcset=\"https:\/\/rivianaindustrial.com\/wp-content\/uploads\/2022\/03\/specialty-rice-300x200.jpg 300w, https:\/\/rivianaindustrial.com\/wp-content\/uploads\/2022\/03\/specialty-rice-367x246.jpg 367w, https:\/\/rivianaindustrial.com\/wp-content\/uploads\/2022\/03\/specialty-rice.jpg 683w\" sizes=\"auto, (max-width: 300px) 100vw, 300px\" \/><\/figure>\n\n\n<div class=\"wp-block-group top-10vh info-box\"><div class=\"wp-block-group__inner-container is-layout-flow wp-block-group-is-layout-flow\"><h3 style=\"font-style:normal;font-weight:700;\" class=\"wp-block-post-title has-normal-font-size\"><a href=\"https:\/\/rivianaindustrial.com\/es\/producto\/arroz-de-variedades-especiales\/\" target=\"_self\" >Variedades Especiales<\/a><\/h3>\n\n<div class=\"wp-block-post-excerpt\"><p class=\"wp-block-post-excerpt__excerpt\">Con usos vers\u00e1tiles y caracter\u00edsticas propias, los productos de arroz especiales son una categor\u00eda emergente en los Estados Unidos.<\/p><p class=\"wp-block-post-excerpt__more-text\"><a class=\"wp-block-post-excerpt__more-link\" href=\"https:\/\/rivianaindustrial.com\/es\/producto\/arroz-de-variedades-especiales\/\">Saber m\u00e1s<\/a><\/p><\/div><\/div><\/div>\n\n<\/li><li class=\"wp-block-post post-958 product type-product status-publish has-post-thumbnail hentry product_category-arroz entry\">\n<figure class=\"wp-block-post-featured-image\"><img loading=\"lazy\" decoding=\"async\" width=\"300\" height=\"200\" src=\"https:\/\/rivianaindustrial.com\/wp-content\/uploads\/2022\/03\/wild-rice-300x200.jpg\" class=\"attachment-medium size-medium wp-post-image\" alt=\"wild rice\" style=\"width:100%;height:66.62%;max-width:683px;object-fit:cover;\" srcset=\"https:\/\/rivianaindustrial.com\/wp-content\/uploads\/2022\/03\/wild-rice-300x200.jpg 300w, https:\/\/rivianaindustrial.com\/wp-content\/uploads\/2022\/03\/wild-rice-367x246.jpg 367w, https:\/\/rivianaindustrial.com\/wp-content\/uploads\/2022\/03\/wild-rice.jpg 683w\" sizes=\"auto, (max-width: 300px) 100vw, 300px\" \/><\/figure>\n\n\n<div class=\"wp-block-group top-10vh info-box\"><div class=\"wp-block-group__inner-container is-layout-flow wp-block-group-is-layout-flow\"><h3 style=\"font-style:normal;font-weight:700;\" class=\"wp-block-post-title has-normal-font-size\"><a href=\"https:\/\/rivianaindustrial.com\/es\/producto\/arroz-salvaje\/\" target=\"_self\" >Arroz Salvaje<\/a><\/h3>\n\n<div class=\"wp-block-post-excerpt\"><p class=\"wp-block-post-excerpt__excerpt\">Riviana es el mayor comercializador de arroz salvaje del mundo, y ofrece el grano adecuado para cada uso.<\/p><p class=\"wp-block-post-excerpt__more-text\"><a class=\"wp-block-post-excerpt__more-link\" href=\"https:\/\/rivianaindustrial.com\/es\/producto\/arroz-salvaje\/\">Saber m\u00e1s<\/a><\/p><\/div><\/div><\/div>\n\n<\/li><\/ul><\/div>\n<\/div><\/div>\n\n\n\n<div class=\"wp-block-group alignfull diagonal-double has-toutou-background-color has-background\"><div class=\"wp-block-group__inner-container is-layout-flow wp-block-group-is-layout-flow\">\n<div class=\"wp-block-columns alignwide is-layout-flex wp-container-core-columns-is-layout-9d6595d7 wp-block-columns-is-layout-flex\">\n<div class=\"wp-block-column is-layout-flow wp-block-column-is-layout-flow\">\n<h2 class=\"border-left wp-block-heading\">Nuestras certificaciones<\/h2>\n\n\n\n<p>Distinguido por su versatilidad y su composici\u00f3n rica en nutrientes, el arroz es un alimento b\u00e1sico esencial en los platos de todo el mundo. Aunque el arroz es naturalmente sencillo de preparar, al convertirlo en un producto instant\u00e1neo, puede cocinarse en tan solo 4 minutos.<\/p>\n\n\n\n<p>El arroz no solo puede disfrutarse como plato principal o de acompa\u00f1amiento en la cena, sino que tambi\u00e9n sirve para realzar el sabor y la textura de cualquier comida, desde desayunos hasta postres. El arroz tambi\u00e9n es maravilloso para absorber los sabores de muchos ingredientes diferentes, desde los l\u00edquidos de cocci\u00f3n y las hierbas hasta las verduras y carnes salteadas. <\/p>\n\n\n\n<p>Naturalmente libre de gluten, el arroz proporciona a las comidas carbohidratos complejos, prote\u00ednas, fibra y antioxidantes para proporcionar energ\u00eda. En Riviana, nuestra m\u00e1xima prioridad es ofrecer productos de arroz sanos y limpios para cualquier uso.<\/p>\n<\/div>\n\n\n\n<div class=\"wp-block-column is-layout-flow wp-block-column-is-layout-flow\">\n<figure class=\"wp-block-gallery has-nested-images columns-4 wp-block-gallery-1 is-layout-flex wp-block-gallery-is-layout-flex\">\n<figure class=\"wp-block-image size-large\"><img loading=\"lazy\" decoding=\"async\" width=\"130\" height=\"130\" data-id=\"713\" src=\"https:\/\/rivianaindustrial.com\/wp-content\/uploads\/2022\/03\/brc.png\" alt=\"BRC Global Standards\" class=\"wp-image-713\"\/><\/figure>\n\n\n\n<figure class=\"wp-block-image size-large\"><img loading=\"lazy\" decoding=\"async\" width=\"130\" height=\"130\" data-id=\"715\" src=\"https:\/\/rivianaindustrial.com\/wp-content\/uploads\/2022\/03\/gluten_free.png\" alt=\"Gluten Free Certified\" class=\"wp-image-715\"\/><\/figure>\n\n\n\n<figure class=\"wp-block-image size-large\"><img loading=\"lazy\" decoding=\"async\" width=\"130\" height=\"130\" data-id=\"717\" src=\"https:\/\/rivianaindustrial.com\/wp-content\/uploads\/2022\/03\/halal.png\" alt=\"halal\" class=\"wp-image-717\"\/><\/figure>\n\n\n\n<figure class=\"wp-block-image size-large\"><img loading=\"lazy\" decoding=\"async\" width=\"130\" height=\"130\" data-id=\"725\" src=\"https:\/\/rivianaindustrial.com\/wp-content\/uploads\/2022\/03\/star_k.png\" alt=\"Star K\" class=\"wp-image-725\"\/><\/figure>\n\n\n\n<figure class=\"wp-block-image size-large\"><img loading=\"lazy\" decoding=\"async\" width=\"130\" height=\"130\" data-id=\"719\" src=\"https:\/\/rivianaindustrial.com\/wp-content\/uploads\/2022\/03\/non_gmo.png\" alt=\"Non Gmo Project\" class=\"wp-image-719\"\/><\/figure>\n\n\n\n<figure class=\"wp-block-image size-large\"><img loading=\"lazy\" decoding=\"async\" width=\"130\" height=\"130\" data-id=\"721\" src=\"https:\/\/rivianaindustrial.com\/wp-content\/uploads\/2022\/03\/organic.png\" alt=\"Usda Organic\" class=\"wp-image-721\"\/><\/figure>\n\n\n\n<figure class=\"wp-block-image size-large\"><img loading=\"lazy\" decoding=\"async\" width=\"130\" height=\"130\" data-id=\"723\" src=\"https:\/\/rivianaindustrial.com\/wp-content\/uploads\/2022\/03\/sqf.png\" alt=\"SQF\" class=\"wp-image-723\"\/><\/figure>\n<\/figure>\n<\/div>\n<\/div>\n<\/div><\/div>\n\n\n\n<div style=\"height:100px\" aria-hidden=\"true\" class=\"wp-block-spacer\"><\/div>\n","protected":false},"excerpt":{"rendered":"<p>Variedades de arroz para la venta industrial Conoce nuestra colecci\u00f3n de diferentes variedades, desde el arroz instant\u00e1neo de cocci\u00f3n r\u00e1pida hasta el arroz salvaje, pasando tambi\u00e9n por sus opciones org\u00e1nicas. Encuentra la opci\u00f3n perfecta para cualquier uso.<\/p>\n","protected":false},"author":1,"featured_media":0,"parent":0,"menu_order":1,"comment_status":"closed","ping_status":"closed","template":"","meta":{"_acf_changed":false,"footnotes":""},"class_list":["post-68","page","type-page","status-publish","hentry","entry"],"acf":[],"_links":{"self":[{"href":"https:\/\/rivianaindustrial.com\/es\/wp-json\/wp\/v2\/pages\/68","targetHints":{"allow":["GET"]}}],"collection":[{"href":"https:\/\/rivianaindustrial.com\/es\/wp-json\/wp\/v2\/pages"}],"about":[{"href":"https:\/\/rivianaindustrial.com\/es\/wp-json\/wp\/v2\/types\/page"}],"author":[{"embeddable":true,"href":"https:\/\/rivianaindustrial.com\/es\/wp-json\/wp\/v2\/users\/1"}],"replies":[{"embeddable":true,"href":"https:\/\/rivianaindustrial.com\/es\/wp-json\/wp\/v2\/comments?post=68"}],"version-history":[{"count":3,"href":"https:\/\/rivianaindustrial.com\/es\/wp-json\/wp\/v2\/pages\/68\/revisions"}],"predecessor-version":[{"id":3323,"href":"https:\/\/rivianaindustrial.com\/es\/wp-json\/wp\/v2\/pages\/68\/revisions\/3323"}],"wp:attachment":[{"href":"https:\/\/rivianaindustrial.com\/es\/wp-json\/wp\/v2\/media?parent=68"}],"curies":[{"name":"wp","href":"https:\/\/api.w.org\/{rel}","templated":true}]}}