{"id":69,"date":"2022-03-03T06:56:44","date_gmt":"2022-03-03T12:56:44","guid":{"rendered":"https:\/\/rivianaindustrial.com\/faqs\/"},"modified":"2024-04-30T06:42:42","modified_gmt":"2024-04-30T11:42:42","slug":"preguntas-frecuentes","status":"publish","type":"page","link":"https:\/\/rivianaindustrial.com\/es\/preguntas-frecuentes\/","title":{"rendered":"Preguntas frecuentes"},"content":{"rendered":"\n<div class=\"wp-block-group alignwide\"><div class=\"wp-block-group__inner-container is-layout-flow wp-block-group-is-layout-flow\">\n<h2 class=\"wp-block-heading alignwide has-text-align-center\" id=\"general\">Preguntas generales<\/h2>\n\n\n\n<div class=\"wp-block-columns alignwide is-layout-flex wp-container-core-columns-is-layout-9d6595d7 wp-block-columns-is-layout-flex\">\n<div class=\"wp-block-column is-layout-flow wp-block-column-is-layout-flow\">\n<div class=\"wp-block-pb-accordion-item c-accordion__item js-accordion-item no-js\" data-initially-open=\"false\" data-click-to-close=\"true\" data-auto-close=\"true\" data-scroll=\"false\" data-scroll-offset=\"0\"><h4 id=\"at-6922\" class=\"c-accordion__title js-accordion-controller\" role=\"button\">\u00bfC\u00f3mo puedo solicitar ayuda?<\/h4><div id=\"ac-6922\" class=\"c-accordion__content\">\n<p>Ponte en contacto con nosotros v\u00eda email o a trav\u00e9s de nuestra <a href=\"https:\/\/rivianaindustrial.com\/es\/contacto\/\">p\u00e1gina de contacto<\/a>. Nuestro equipo de expertos te guiar\u00e1 a lo largo del proceso y te ayudar\u00e1 a encontrar la soluci\u00f3n que tu empresa necesita.<\/p>\n<\/div><\/div>\n\n\n\n<div class=\"wp-block-pb-accordion-item c-accordion__item js-accordion-item no-js\" data-initially-open=\"false\" data-click-to-close=\"true\" data-auto-close=\"true\" data-scroll=\"false\" data-scroll-offset=\"0\"><h4 id=\"at-6923\" class=\"c-accordion__title js-accordion-controller\" role=\"button\">\u00bfQu\u00e9 envases ofrec\u00e9is?<\/h4><div id=\"ac-6923\" class=\"c-accordion__content\">\n<p>La flexibilidad de nuestros envases incluye una amplia gama de tama\u00f1os y diferentes tipos de materiales. Adapt\u00e1ndose a tus necesidades, cuando realices un pedido, nuestro equipo especializado trabajar\u00e1 contigo para encontrar la soluci\u00f3n perfecta.<\/p>\n<\/div><\/div>\n<\/div>\n\n\n\n<div class=\"wp-block-column is-layout-flow wp-block-column-is-layout-flow\">\n<div class=\"wp-block-pb-accordion-item c-accordion__item js-accordion-item no-js\" data-initially-open=\"false\" data-click-to-close=\"true\" data-auto-close=\"true\" data-scroll=\"false\" data-scroll-offset=\"0\"><h4 id=\"at-6924\" class=\"c-accordion__title js-accordion-controller\" role=\"button\">\u00bfD\u00f3nde est\u00e1n ubicados vuestros centros de distribuci\u00f3n?<\/h4><div id=\"ac-6924\" class=\"c-accordion__content\">\n<p>Riviana cuenta con una red estrat\u00e9gica de centros de distribuci\u00f3n ubicados en Monee, IL; Flower Mound, TX; Lakeland, FL; Greencastle, PA. Nuestra presencia en todo el pa\u00eds garantiza entregas r\u00e1pidas y puntuales.<\/p>\n<\/div><\/div>\n\n\n\n<div class=\"wp-block-pb-accordion-item c-accordion__item js-accordion-item no-js\" data-initially-open=\"false\" data-click-to-close=\"true\" data-auto-close=\"true\" data-scroll=\"false\" data-scroll-offset=\"0\"><h4 id=\"at-6925\" class=\"c-accordion__title js-accordion-controller\" role=\"button\">\u00bfDe d\u00f3nde procede vuestro arroz?<\/h4><div id=\"ac-6925\" class=\"c-accordion__content\">\n<p>Desde el campo hasta tu marca, Riviana se compromete a producir los productos de arroz m\u00e1s limpios y saludables del mercado. Trabajamos en estrecha colaboraci\u00f3n con agricultores de Estados Unidos y, como parte del Grupo EBRO, tenemos acceso a una red mundial de abastecimiento de materias primas para satisfacer todas tus necesidades.<\/p>\n<\/div><\/div>\n<\/div>\n<\/div>\n<\/div><\/div>\n\n\n\n<div class=\"wp-block-group alignwide\"><div class=\"wp-block-group__inner-container is-layout-flow wp-block-group-is-layout-flow\">\n<p><\/p>\n\n\n\n<h2 class=\"wp-block-heading alignwide has-text-align-center\" id=\"general\">IQF<\/h2>\n\n\n\n<div class=\"wp-block-columns alignwide is-layout-flex wp-container-core-columns-is-layout-9d6595d7 wp-block-columns-is-layout-flex\">\n<div class=\"wp-block-column is-layout-flow wp-block-column-is-layout-flow\">\n<div class=\"wp-block-pb-accordion-item c-accordion__item js-accordion-item no-js\" data-initially-open=\"false\" data-click-to-close=\"true\" data-auto-close=\"true\" data-scroll=\"false\" data-scroll-offset=\"0\"><h4 id=\"at-6941\" class=\"c-accordion__title js-accordion-controller\" role=\"button\">\u00bfCu\u00e1l es la vida \u00fatil de los productos IQF?<\/h4><div id=\"ac-6941\" class=\"c-accordion__content\">\n<p>Gracias a nuestras instalaciones altamente automatizadas y cuidadas que utilizan tecnolog\u00eda superior de cocci\u00f3n y congelaci\u00f3n de alta capacidad, todos nuestros productos tienen una vida \u00fatil de 2 a\u00f1os como m\u00ednimo.<\/p>\n<\/div><\/div>\n<\/div>\n\n\n\n<div class=\"wp-block-column is-layout-flow wp-block-column-is-layout-flow\">\n<div class=\"wp-block-pb-accordion-item c-accordion__item js-accordion-item no-js\" data-initially-open=\"false\" data-click-to-close=\"true\" data-auto-close=\"true\" data-scroll=\"false\" data-scroll-offset=\"0\"><h4 id=\"at-6943\" class=\"c-accordion__title js-accordion-controller\" role=\"button\">\u00bfLos productos IQF son tan buenos como los no congelados?<\/h4><div id=\"ac-6943\" class=\"c-accordion__content\">\n<p>S\u00ed, ya que los productos se congelan inmediatamente despu\u00e9s de ser cocinados. Riviana Foods IQF tiene una rica historia de innovaci\u00f3n, ya que hemos estado perfeccionando durante m\u00e1s de dos d\u00e9cadas la ciencia de la cocci\u00f3n y congelaci\u00f3n de productos en un \u00fanico proceso continuo. El resultado es nuestra alta calidad y deliciosos productos IQF de arroz, grano y pasta&#8230;<\/p>\n<\/div><\/div>\n<\/div>\n<\/div>\n\n\n\n<h2 class=\"wp-block-heading alignwide has-text-align-center\" id=\"certification\">Certificaci\u00f3n alimentaria<\/h2>\n\n\n\n<div class=\"wp-block-columns alignwide is-layout-flex wp-container-core-columns-is-layout-9d6595d7 wp-block-columns-is-layout-flex\">\n<div class=\"wp-block-column is-layout-flow wp-block-column-is-layout-flow\">\n<div class=\"wp-block-pb-accordion-item c-accordion__item js-accordion-item no-js\" data-initially-open=\"false\" data-click-to-close=\"true\" data-auto-close=\"true\" data-scroll=\"false\" data-scroll-offset=\"0\"><h4 id=\"at-6931\" class=\"c-accordion__title js-accordion-controller\" role=\"button\">\u00bfVuestro arroz se considera sin gluten?<\/h4><div id=\"ac-6931\" class=\"c-accordion__content\">\n<p>Exacto. Nuestros granos de alta calidad no contienen gluten ni al\u00e9rgenos. Elige nuestro arroz certificado sin gluten para tu marca.<\/p>\n<\/div><\/div>\n<\/div>\n\n\n\n<div class=\"wp-block-column is-layout-flow wp-block-column-is-layout-flow\">\n<div class=\"wp-block-pb-accordion-item c-accordion__item js-accordion-item no-js\" data-initially-open=\"false\" data-click-to-close=\"true\" data-auto-close=\"true\" data-scroll=\"false\" data-scroll-offset=\"0\"><h4 id=\"at-6932\" class=\"c-accordion__title js-accordion-controller\" role=\"button\">\u00bfVuestro arroz tiene certificaci\u00f3n org\u00e1nica?<\/h4><div id=\"ac-6932\" class=\"c-accordion__content\">\n<p>S\u00ed. Riviana ofrece diferentes variedades de arroz (blanco, integral, arborio, jazm\u00edn y salvaje) que cuentan con la certificaci\u00f3n de alimentos org\u00e1nicos del USDA.<\/p>\n<\/div><\/div>\n<\/div>\n<\/div>\n\n\n\n<h2 class=\"wp-block-heading alignwide has-text-align-center\" id=\"rice\">Soluciones a base de arroz<\/h2>\n\n\n\n<div class=\"wp-block-columns alignwide is-layout-flex wp-container-core-columns-is-layout-9d6595d7 wp-block-columns-is-layout-flex\">\n<div class=\"wp-block-column is-layout-flow wp-block-column-is-layout-flow\">\n<div class=\"wp-block-pb-accordion-item c-accordion__item js-accordion-item no-js\" data-initially-open=\"false\" data-click-to-close=\"true\" data-auto-close=\"true\" data-scroll=\"false\" data-scroll-offset=\"0\"><h4 id=\"at-6950\" class=\"c-accordion__title js-accordion-controller\" role=\"button\">\u00bfTodo el arroz est\u00e1 enriquecido?<\/h4><div id=\"ac-6950\" class=\"c-accordion__content\">\n<p>Bajo pedido. El arroz blanco puede enriquecerse recubriendo el grano con las vitaminas y nutrientes que se pierden despu\u00e9s de moler el grano y eliminar la c\u00e1scara, el salvado y el germen.<\/p>\n<\/div><\/div>\n\n\n\n<div class=\"wp-block-pb-accordion-item c-accordion__item js-accordion-item no-js\" data-initially-open=\"false\" data-click-to-close=\"true\" data-auto-close=\"true\" data-scroll=\"false\" data-scroll-offset=\"0\"><h4 id=\"at-6951\" class=\"c-accordion__title js-accordion-controller\" role=\"button\">\u00bfCu\u00e1l es la diferencia entre el arroz instant\u00e1neo y el arroz tradicional?<\/h4><div id=\"ac-6951\" class=\"c-accordion__content\">\n<p>Ambos son arroces 100% naturales. La principal diferencia radica en el tiempo de cocci\u00f3n. El arroz instant\u00e1neo est\u00e1 precocido para conseguir tiempos de cocci\u00f3n o rehidrataci\u00f3n de 3 a 10 minutos. Mientras que el arroz tradicional, o de cocci\u00f3n larga, debe hervirse durante m\u00e1s tiempo, dependiendo del tipo de grano.<\/p>\n<\/div><\/div>\n<\/div>\n\n\n\n<div class=\"wp-block-column is-layout-flow wp-block-column-is-layout-flow\">\n<div class=\"wp-block-pb-accordion-item c-accordion__item js-accordion-item no-js\" data-initially-open=\"false\" data-click-to-close=\"true\" data-auto-close=\"true\" data-scroll=\"false\" data-scroll-offset=\"0\"><h4 id=\"at-6952\" class=\"c-accordion__title js-accordion-controller\" role=\"button\">\u00bfEl arroz instant\u00e1neo es arroz natural?\u00a0<\/h4><div id=\"ac-6952\" class=\"c-accordion__content\">\n<p>S\u00ed. Nuestro arroz instant\u00e1neo es 100% natural, precocido y secado sin conservantes a\u00f1adidos. Este proceso reduce el tiempo de cocci\u00f3n adem\u00e1s de proporcionar una calidad de cocci\u00f3n uniforme. El arroz instant\u00e1neo tambi\u00e9n tiene una vida \u00fatil m\u00e1s larga.<\/p>\n<\/div><\/div>\n\n\n\n<div class=\"wp-block-pb-accordion-item c-accordion__item js-accordion-item no-js\" data-initially-open=\"false\" data-click-to-close=\"true\" data-auto-close=\"true\" data-scroll=\"false\" data-scroll-offset=\"0\"><h4 id=\"at-6953\" class=\"c-accordion__title js-accordion-controller\" role=\"button\">\u00bfQu\u00e9 es el arroz salvaje?<\/h4><div id=\"ac-6953\" class=\"c-accordion__content\">\n<p>T\u00e9cnicamente no se considera una variedad de arroz, pero el arroz salvaje es la semilla del tallo a\u00e9reo de una hierba acu\u00e1tica y el \u00fanico grano procedente de Norteam\u00e9rica. Se encuentra principalmente en Minnesota, California y Canad\u00e1. Con un atractivo sabor ahumado a nuez y una textura y mordida caracter\u00edstica, el arroz salvaje es desde hace tiempo uno de los favoritos de los chefs gourmet y los amantes de la cocina. Esta semilla suele combinarse con otros tipos de arroz o granos.<\/p>\n<\/div><\/div>\n\n\n\n<div class=\"wp-block-pb-accordion-item c-accordion__item js-accordion-item no-js\" data-initially-open=\"false\" data-click-to-close=\"true\" data-auto-close=\"true\" data-scroll=\"false\" data-scroll-offset=\"0\"><h4 id=\"at-6954\" class=\"c-accordion__title js-accordion-controller\" role=\"button\">\u00bfCu\u00e1l es la diferencia entre el arroz blanco y el arroz integral?<\/h4><div id=\"ac-6954\" class=\"c-accordion__content\">\n<p>El arroz integral y el arroz blanco proceden de la misma planta; la diferencia est\u00e1 en el proceso de molido. Mientras que el arroz integral contiene las tres partes del grano (salvado, capa y endospermo), el arroz blanco se muele hasta eliminar el salvado y el germen.<br>Una vez cosechados, los granos de arroz se env\u00edan al molino, donde se elimina el exceso de humedad mediante un secador masivo y luego se limpian, para separar los granos enteros de la paja y los granos partidos. A continuaci\u00f3n, se eliminan las c\u00e1scaras de arroz para revelar el grano de arroz y expulsar estas c\u00e1scaras, con lo que se obtiene el arroz integral de grano entero. Si se desea arroz blanco, el arroz integral se muele eliminando el salvado, con lo que se obtiene arroz blanco pulido.<\/p>\n<\/div><\/div>\n<\/div>\n<\/div>\n<\/div><\/div>\n\n\n\n<div style=\"height:10vh\" aria-hidden=\"true\" class=\"wp-block-spacer\"><\/div>\n\n\n\n<div class=\"wp-block-group alignwide\"><div class=\"wp-block-group__inner-container is-layout-flow wp-block-group-is-layout-flow\"><\/div><\/div>\n","protected":false},"excerpt":{"rendered":"<p>Preguntas generales IQF Certificaci\u00f3n alimentaria Soluciones a base de arroz<\/p>\n","protected":false},"author":3,"featured_media":0,"parent":0,"menu_order":8,"comment_status":"closed","ping_status":"closed","template":"","meta":{"_acf_changed":false,"footnotes":""},"class_list":["post-69","page","type-page","status-publish","hentry","entry"],"acf":[],"_links":{"self":[{"href":"https:\/\/rivianaindustrial.com\/es\/wp-json\/wp\/v2\/pages\/69","targetHints":{"allow":["GET"]}}],"collection":[{"href":"https:\/\/rivianaindustrial.com\/es\/wp-json\/wp\/v2\/pages"}],"about":[{"href":"https:\/\/rivianaindustrial.com\/es\/wp-json\/wp\/v2\/types\/page"}],"author":[{"embeddable":true,"href":"https:\/\/rivianaindustrial.com\/es\/wp-json\/wp\/v2\/users\/3"}],"replies":[{"embeddable":true,"href":"https:\/\/rivianaindustrial.com\/es\/wp-json\/wp\/v2\/comments?post=69"}],"version-history":[{"count":4,"href":"https:\/\/rivianaindustrial.com\/es\/wp-json\/wp\/v2\/pages\/69\/revisions"}],"predecessor-version":[{"id":3491,"href":"https:\/\/rivianaindustrial.com\/es\/wp-json\/wp\/v2\/pages\/69\/revisions\/3491"}],"wp:attachment":[{"href":"https:\/\/rivianaindustrial.com\/es\/wp-json\/wp\/v2\/media?parent=69"}],"curies":[{"name":"wp","href":"https:\/\/api.w.org\/{rel}","templated":true}]}}