{"id":1773,"date":"2022-06-22T02:12:01","date_gmt":"2022-06-22T07:12:01","guid":{"rendered":"https:\/\/rivianaindustrial.com\/?post_type=product&#038;p=1773"},"modified":"2022-11-24T01:38:11","modified_gmt":"2022-11-24T07:38:11","slug":"harina-de-arroz-blanco","status":"publish","type":"product","link":"https:\/\/rivianaindustrial.com\/es\/producto\/harina-de-arroz-blanco\/","title":{"rendered":"Harina de Arroz Blanco"},"content":{"rendered":"\n<header class=\"wp-block-group alignfull header-product has-toutou-background-color has-background\" style=\"padding-top:0px;padding-bottom:0px\"><div class=\"wp-block-group__inner-container is-layout-flow wp-block-group-is-layout-flow\">\n<div class=\"wp-block-columns alignfull are-vertically-aligned-center is-layout-flex wp-container-core-columns-is-layout-9d6595d7 wp-block-columns-is-layout-flex\">\n<div class=\"wp-block-column is-vertically-aligned-center is-layout-flow wp-block-column-is-layout-flow\">\n<div class=\"wp-block-cover is-light\"><span aria-hidden=\"true\" class=\"wp-block-cover__background has-background-dim-0 has-background-dim\"><\/span><img loading=\"lazy\" decoding=\"async\" width=\"708\" height=\"1061\" class=\"wp-block-cover__image-background wp-image-2492\" alt=\"rivland rice flour page\" src=\"https:\/\/rivianaindustrial.com\/wp-content\/uploads\/2022\/09\/rivland_about-e1664955447248.png\" style=\"object-position:49% 54%\" data-object-fit=\"cover\" data-object-position=\"49% 54%\" srcset=\"https:\/\/rivianaindustrial.com\/wp-content\/uploads\/2022\/09\/rivland_about-e1664955447248.png 708w, https:\/\/rivianaindustrial.com\/wp-content\/uploads\/2022\/09\/rivland_about-e1664955447248-200x300.png 200w, https:\/\/rivianaindustrial.com\/wp-content\/uploads\/2022\/09\/rivland_about-e1664955447248-683x1024.png 683w\" sizes=\"auto, (max-width: 708px) 100vw, 708px\" \/><div class=\"wp-block-cover__inner-container is-layout-flow wp-block-cover-is-layout-flow\">\n<p class=\"has-text-align-center has-large-font-size\"><\/p>\n<\/div><\/div>\n<\/div>\n\n\n\n<div class=\"wp-block-column is-vertically-aligned-center is-layout-flow wp-block-column-is-layout-flow\" style=\"padding-right:5vw\">\n<div style=\"height:5vh\" aria-hidden=\"true\" class=\"wp-block-spacer\"><\/div>\n\n\n\n<h1 class=\"wp-block-heading\">Harina de Arroz Blanco<\/h1>\n\n\n\n<p>Nuestras harinas de arroz blanco son especialmente preparadas a partir de variedades de grano medio y largo. Estas son adecuadas para usos alimenticios en los que se desea una m\u00ednima interferencia de sabor, para que puedas conseguir las especificaciones correctas para cualquier fin. Todas nuestras harinas de arroz blanco son naturales, no contienen OGM, son hipoalerg\u00e9nicas y est\u00e1n disponibles en versi\u00f3n convencional y org\u00e1nica. <\/p>\n\n\n\n<p>Nuestro experimentado equipo puede ayudarte a encontrar la harina de arroz blanco perfecta para cualquier aplicaci\u00f3n. Solicita una muestra para corroborar por ti mismo la variedad de texturas que ofrecen nuestras harinas de arroz blanco de alta calidad. <\/p>\n\n\n\n<p>PRESENTACIONES DEL PRODUCTO: Disponible en vagones a granel, camiones a granel, bolsas de 50 libras, contenedores de 2.000 libras y contenedores de 2.500 libras.<\/p>\n\n\n\n<div class=\"wp-block-buttons is-layout-flex wp-block-buttons-is-layout-flex\">\n<div class=\"wp-block-button btn-link\"><a class=\"wp-block-button__link\" href=\"#form\">Solicitar una muestra<\/a><\/div>\n\n\n\n<div class=\"wp-block-button\"><a class=\"wp-block-button__link\" href=\"#reading\">Seguir leyendo<\/a><\/div>\n<\/div>\n\n\n\n<div style=\"height:5vh\" aria-hidden=\"true\" class=\"wp-block-spacer\"><\/div>\n<\/div>\n<\/div>\n<\/div><\/header>\n\n\n\n<div style=\"height:5vh\" aria-hidden=\"true\" id=\"reading\" class=\"wp-block-spacer\"><\/div>\n\n\n\n<div class=\"wp-block-group alignwide\"><div class=\"wp-block-group__inner-container is-layout-flow wp-block-group-is-layout-flow\">\n<div class=\"wp-block-columns alignfull is-layout-flex wp-container-core-columns-is-layout-b346b44c wp-block-columns-is-layout-flex\" style=\"padding-top:5vh;padding-bottom:5vh\">\n<div class=\"wp-block-column is-layout-flow wp-block-column-is-layout-flow\">\n<h2 class=\"border-left wp-block-heading\">Nuestros ingredientes son la base perfecta para tus recetas<\/h2>\n<\/div>\n<\/div>\n\n\n\n<div class=\"wp-block-group alignwide grill-products\"><div class=\"wp-block-group__inner-container is-layout-flow wp-block-group-is-layout-flow\">\n<div class=\"wp-block-columns alignwide full-three is-layout-flex wp-container-core-columns-is-layout-9d6595d7 wp-block-columns-is-layout-flex\">\n<div class=\"wp-block-column is-layout-flow wp-block-column-is-layout-flow\">\n<h3 class=\"wp-block-heading\">Southern Medium Grain Rice Flour<\/h3>\n\n\n\n<p>Producida a partir de variedades de arroz de grano medio cultivadas en el sur de Estados Unidos. Debido a su alto contenido en amilopectina, esta harina de arroz es \u00fatil para reducir la sin\u00e9resis cuando se utiliza como espesante en salsas, salsas y pudines.<\/p>\n\n\n\n<p><strong>Aplicaciones:<\/strong> Producida a partir de variedades de arroz de grano medio cultivadas en el sur de Estados Unidos. Debido a su alto contenido en amilopectina, esta harina de arroz es \u00fatil para reducir la sin\u00e9resis cuando se utiliza como espesante en salsas, salsas y pudines.<\/p>\n<\/div>\n\n\n\n<div class=\"wp-block-column is-layout-flow wp-block-column-is-layout-flow\">\n<h3 class=\"wp-block-heading\">Long Grain Rice Flour<\/h3>\n\n\n\n<p>Producido a partir de variedades de arroz de grano largo. Es extremadamente ins\u00edpido desde el punto de vista organol\u00e9ptico y, por esto, es ideal para fines alimenticios en los que se desea una m\u00ednima interferencia de sabor.<\/p>\n\n\n\n<p><strong>Aplicaciones:<\/strong> Su principal uso es como ingrediente de cereales extruidos listos para comer, aperitivos extruidos y mezclas para panqueques y waffles. El delicado sabor de la harina de arroz tambi\u00e9n la convierte en un ingrediente deseable en mezclas aglutinantes para hamburguesas de carne, salchichas y como portador de condimentos y especias.<\/p>\n<\/div>\n\n\n\n<div class=\"wp-block-column is-layout-flow wp-block-column-is-layout-flow\">\n<h3 class=\"wp-block-heading\">Parboiled Long Grain Rice Flour<\/h3>\n\n\n\n<p>Como esta harina se produce a partir de arroz de grano largo vaporizado, tiene una soluci\u00f3n de menor viscosidad en agua caliente y fr\u00eda siendo menos pegajosa, y no higrosc\u00f3pica.<\/p>\n\n\n\n<p><strong>Aplicaciones:<\/strong> Sus propiedades no higrosc\u00f3picas lo convierten en un buen portador en mezclas de condimentos y extensores de cereales. Tambi\u00e9n se utiliza a menudo como ingrediente espesante para espolvorear y recubrir.<\/p>\n<\/div>\n<\/div>\n\n\n\n<div class=\"wp-block-columns alignwide full-three is-layout-flex wp-container-core-columns-is-layout-9d6595d7 wp-block-columns-is-layout-flex\">\n<div class=\"wp-block-column is-layout-flow wp-block-column-is-layout-flow\">\n<h3 class=\"wp-block-heading\">California Medium Grain Rice Flour<\/h3>\n\n\n\n<p>Producida a partir de variedades de arroz de grano medio cultivadas en California. Debido a su alto contenido en amilopectina, esta harina de arroz es \u00fatil para reducir la sin\u00e9resis cuando se utiliza como espesante en salsas, salsas y pudines.<\/p>\n\n\n\n<p><strong>Aplicaciones:<\/strong> Muy utilizado como espesante en alimentos para beb\u00e9s, productos horneados y en muchos otros usos. Como alimento no alerg\u00e9nico, es especialmente adecuado para su uso en dietas especiales.<\/p>\n\n\n\n<p><\/p>\n<\/div>\n\n\n\n<div class=\"wp-block-column mvl-hidden is-layout-flow wp-block-column-is-layout-flow\"><\/div>\n\n\n\n<div class=\"wp-block-column mvl-hidden is-layout-flow wp-block-column-is-layout-flow\"><\/div>\n<\/div>\n<\/div><\/div>\n<\/div><\/div>\n\n\n\n<div style=\"height:5vh\" aria-hidden=\"true\" class=\"wp-block-spacer mvl-hidden\"><\/div>\n","protected":false},"excerpt":{"rendered":"<p>Nuestras harinas de arroz blanco son especialmente preparadas a partir de variedades de grano medio y largo. <\/p>\n","protected":false},"featured_media":3160,"template":"","meta":{"_acf_changed":false,"footnotes":""},"product_category":[35],"class_list":["post-1773","product","type-product","status-publish","has-post-thumbnail","hentry","product_category-harinas","entry"],"acf":[],"_links":{"self":[{"href":"https:\/\/rivianaindustrial.com\/es\/wp-json\/wp\/v2\/product\/1773","targetHints":{"allow":["GET"]}}],"collection":[{"href":"https:\/\/rivianaindustrial.com\/es\/wp-json\/wp\/v2\/product"}],"about":[{"href":"https:\/\/rivianaindustrial.com\/es\/wp-json\/wp\/v2\/types\/product"}],"version-history":[{"count":3,"href":"https:\/\/rivianaindustrial.com\/es\/wp-json\/wp\/v2\/product\/1773\/revisions"}],"predecessor-version":[{"id":3200,"href":"https:\/\/rivianaindustrial.com\/es\/wp-json\/wp\/v2\/product\/1773\/revisions\/3200"}],"wp:featuredmedia":[{"embeddable":true,"href":"https:\/\/rivianaindustrial.com\/es\/wp-json\/wp\/v2\/media\/3160"}],"wp:attachment":[{"href":"https:\/\/rivianaindustrial.com\/es\/wp-json\/wp\/v2\/media?parent=1773"}],"wp:term":[{"taxonomy":"product_category","embeddable":true,"href":"https:\/\/rivianaindustrial.com\/es\/wp-json\/wp\/v2\/product_category?post=1773"}],"curies":[{"name":"wp","href":"https:\/\/api.w.org\/{rel}","templated":true}]}}