{"id":1776,"date":"2022-06-22T02:17:33","date_gmt":"2022-06-22T07:17:33","guid":{"rendered":"https:\/\/rivianaindustrial.com\/?post_type=product&#038;p=1776"},"modified":"2022-11-22T23:37:29","modified_gmt":"2022-11-23T05:37:29","slug":"harina-de-arroz-integral","status":"publish","type":"product","link":"https:\/\/rivianaindustrial.com\/es\/producto\/harina-de-arroz-integral\/","title":{"rendered":"Harina de Arroz Integral"},"content":{"rendered":"\n<header class=\"wp-block-group alignfull header-product has-toutou-background-color has-background\" style=\"padding-top:0px;padding-bottom:0px\"><div class=\"wp-block-group__inner-container is-layout-flow wp-block-group-is-layout-flow\">\n<div class=\"wp-block-columns alignfull are-vertically-aligned-center is-layout-flex wp-container-core-columns-is-layout-9d6595d7 wp-block-columns-is-layout-flex\">\n<div class=\"wp-block-column is-vertically-aligned-center is-layout-flow wp-block-column-is-layout-flow\">\n<div class=\"wp-block-cover\"><span aria-hidden=\"true\" class=\"wp-block-cover__background has-background-dim-0 has-background-dim\"><\/span><img loading=\"lazy\" decoding=\"async\" width=\"1600\" height=\"1066\" class=\"wp-block-cover__image-background wp-image-711\" alt=\"Rivland brown rice flour loaf\" src=\"https:\/\/rivianaindustrial.com\/wp-content\/uploads\/2022\/03\/rivland_bread.jpg__1600x1066_q75_crop_subsampling-2_upscale.jpg\" data-object-fit=\"cover\" srcset=\"https:\/\/rivianaindustrial.com\/wp-content\/uploads\/2022\/03\/rivland_bread.jpg__1600x1066_q75_crop_subsampling-2_upscale.jpg 1600w, https:\/\/rivianaindustrial.com\/wp-content\/uploads\/2022\/03\/rivland_bread.jpg__1600x1066_q75_crop_subsampling-2_upscale-300x200.jpg 300w, https:\/\/rivianaindustrial.com\/wp-content\/uploads\/2022\/03\/rivland_bread.jpg__1600x1066_q75_crop_subsampling-2_upscale-1024x682.jpg 1024w, https:\/\/rivianaindustrial.com\/wp-content\/uploads\/2022\/03\/rivland_bread.jpg__1600x1066_q75_crop_subsampling-2_upscale-768x512.jpg 768w, https:\/\/rivianaindustrial.com\/wp-content\/uploads\/2022\/03\/rivland_bread.jpg__1600x1066_q75_crop_subsampling-2_upscale-1536x1023.jpg 1536w, https:\/\/rivianaindustrial.com\/wp-content\/uploads\/2022\/03\/rivland_bread.jpg__1600x1066_q75_crop_subsampling-2_upscale-1568x1045.jpg 1568w\" sizes=\"auto, (max-width: 1600px) 100vw, 1600px\" \/><div class=\"wp-block-cover__inner-container is-layout-flow wp-block-cover-is-layout-flow\">\n<p class=\"has-text-align-center has-large-font-size\"><\/p>\n<\/div><\/div>\n<\/div>\n\n\n\n<div class=\"wp-block-column is-vertically-aligned-center is-layout-flow wp-block-column-is-layout-flow\" style=\"padding-right:5vw\">\n<div style=\"height:5vh\" aria-hidden=\"true\" class=\"wp-block-spacer\"><\/div>\n\n\n\n<h1 class=\"wp-block-heading\">Harina de Arroz Integral<\/h1>\n\n\n\n<p>Nuestras harinas de arroz integral se producen a partir de variedades de grano medio y largo con propiedades nutricionales similares a las del arroz integral. Las harinas de arroz integral tienen el t\u00edpico sabor a arroz integral con un ligero aroma a nuez. Todas nuestras harinas de arroz integral son naturales, no contienen OMG, son hipoalerg\u00e9nicas y est\u00e1n disponibles en versi\u00f3n convencional y org\u00e1nica.<\/p>\n\n\n\n<p>Nuestro experimentado equipo puede ayudarte a encontrar la harina de arroz integral perfecta para cualquier uso. Solicite una muestra para probar por s\u00ed mismo la variedad de texturas que ofrecen nuestras harinas de arroz integral de alta calidad. <\/p>\n\n\n\n<p>PRESENTACIONES DEL PRODUCTO: Disponible en camiones a granel, sacos de 45 libras y contenedores de 2.000 libras.<\/p>\n\n\n\n<p><\/p>\n\n\n\n<div class=\"wp-block-buttons is-layout-flex wp-block-buttons-is-layout-flex\">\n<div class=\"wp-block-button btn-link\"><a class=\"wp-block-button__link\" href=\"#form\">Solicitar una muestra<\/a><\/div>\n\n\n\n<div class=\"wp-block-button\"><a class=\"wp-block-button__link\" href=\"#reading\">Seguir leyendo<\/a><\/div>\n<\/div>\n\n\n\n<div style=\"height:5vh\" aria-hidden=\"true\" class=\"wp-block-spacer\"><\/div>\n<\/div>\n<\/div>\n<\/div><\/header>\n\n\n\n<div style=\"height:5vh\" aria-hidden=\"true\" id=\"reading\" class=\"wp-block-spacer\"><\/div>\n\n\n\n<div class=\"wp-block-group alignwide\"><div class=\"wp-block-group__inner-container is-layout-flow wp-block-group-is-layout-flow\">\n<div class=\"wp-block-columns alignfull is-layout-flex wp-container-core-columns-is-layout-b346b44c wp-block-columns-is-layout-flex\" style=\"padding-top:5vh;padding-bottom:5vh\">\n<div class=\"wp-block-column is-layout-flow wp-block-column-is-layout-flow\">\n<h2 class=\"border-left wp-block-heading\">Nuestros ingredientes son la base perfecta para tus recetas<\/h2>\n<\/div>\n<\/div>\n\n\n\n<div class=\"wp-block-group alignfull grill-products\"><div class=\"wp-block-group__inner-container is-layout-flow wp-block-group-is-layout-flow\">\n<div class=\"wp-block-columns alignwide full-three is-layout-flex wp-container-core-columns-is-layout-9d6595d7 wp-block-columns-is-layout-flex\">\n<div class=\"wp-block-column is-layout-flow wp-block-column-is-layout-flow\">\n<h3 class=\"wp-block-heading\">Brown Long Grain Rice Flour<\/h3>\n\n\n\n<p>Producido a partir de arroz integral natural de grano largo. Tiene el t\u00edpico sabor a arroz integral con un ligero aroma a nuez y no es alerg\u00e9nico. Es organol\u00e9pticamente suave y tiene un mayor contenido de amilopectina.<\/p>\n\n\n\n<p><strong>Aplicaciones:<\/strong> Es un ingrediente com\u00fan en los cereales listos para consumir, las barritas de granola, los panes multicereales y las mezclas secas para hornear.<\/p>\n<\/div>\n\n\n\n<div class=\"wp-block-column is-layout-flow wp-block-column-is-layout-flow\">\n<h3 class=\"wp-block-heading\">Parboiled Long Grain Brown Rice Flour<\/h3>\n\n\n\n<p>Producido a partir de arroz integral de grano largo vaporizado. Tiene un sabor t\u00edpico a arroz integral con un ligero aroma a nuez y no es alerg\u00e9nico, con propiedades nutricionales similares a las del arroz integral.<\/p>\n\n\n\n<p><strong>Aplicaciones:<\/strong> Sus principales usos son como ingrediente de cereales listos para consumir, barras de granola, panes multicereales y mezclas secas para hornear.<\/p>\n<\/div>\n\n\n\n<div class=\"wp-block-column is-layout-flow wp-block-column-is-layout-flow\">\n<h3 class=\"wp-block-heading\">Blended Long Grain Brown Rice Flour<\/h3>\n\n\n\n<p>Preparado especialmente a partir de harina de arroz de grano largo y salvado de arroz tratado t\u00e9rmicamente, tiene un sabor similar al del arroz integral y un ligero aroma a nuez. No es alerg\u00e9nico, con propiedades nutricionales similares a las del arroz integral, pero con una vida \u00fatil m\u00e1s larga.<\/p>\n\n\n\n<p><strong>Aplicaciones:<\/strong> Sus principales funciones son como ingrediente de cereales listos para consumir, barras de granola, panes multicereales y mezclas secas para hornear.<\/p>\n<\/div>\n<\/div>\n<\/div><\/div>\n<\/div><\/div>\n\n\n\n<div style=\"height:5vh\" aria-hidden=\"true\" class=\"wp-block-spacer mvl-hidden\"><\/div>\n","protected":false},"excerpt":{"rendered":"<p>Las harinas de arroz integral de Riviana Foods tienen el t\u00edpico sabor a arroz integral con un ligero aroma a nuez.<\/p>\n","protected":false},"featured_media":711,"template":"","meta":{"_acf_changed":false,"footnotes":""},"product_category":[35],"class_list":["post-1776","product","type-product","status-publish","has-post-thumbnail","hentry","product_category-harinas","entry"],"acf":[],"_links":{"self":[{"href":"https:\/\/rivianaindustrial.com\/es\/wp-json\/wp\/v2\/product\/1776","targetHints":{"allow":["GET"]}}],"collection":[{"href":"https:\/\/rivianaindustrial.com\/es\/wp-json\/wp\/v2\/product"}],"about":[{"href":"https:\/\/rivianaindustrial.com\/es\/wp-json\/wp\/v2\/types\/product"}],"version-history":[{"count":3,"href":"https:\/\/rivianaindustrial.com\/es\/wp-json\/wp\/v2\/product\/1776\/revisions"}],"predecessor-version":[{"id":3179,"href":"https:\/\/rivianaindustrial.com\/es\/wp-json\/wp\/v2\/product\/1776\/revisions\/3179"}],"wp:featuredmedia":[{"embeddable":true,"href":"https:\/\/rivianaindustrial.com\/es\/wp-json\/wp\/v2\/media\/711"}],"wp:attachment":[{"href":"https:\/\/rivianaindustrial.com\/es\/wp-json\/wp\/v2\/media?parent=1776"}],"wp:term":[{"taxonomy":"product_category","embeddable":true,"href":"https:\/\/rivianaindustrial.com\/es\/wp-json\/wp\/v2\/product_category?post=1776"}],"curies":[{"name":"wp","href":"https:\/\/api.w.org\/{rel}","templated":true}]}}