{"id":1778,"date":"2022-06-22T02:22:24","date_gmt":"2022-06-22T07:22:24","guid":{"rendered":"https:\/\/rivianaindustrial.com\/?post_type=product&#038;p=1778"},"modified":"2022-11-24T01:52:40","modified_gmt":"2022-11-24T07:52:40","slug":"harina-de-arroz-pregelatinizada","status":"publish","type":"product","link":"https:\/\/rivianaindustrial.com\/es\/producto\/harina-de-arroz-pregelatinizada\/","title":{"rendered":"Harina de Arroz Pregelatinizada"},"content":{"rendered":"\n<header class=\"wp-block-group alignfull header-product has-toutou-background-color has-background\" style=\"padding-top:0px;padding-bottom:0px\"><div class=\"wp-block-group__inner-container is-layout-flow wp-block-group-is-layout-flow\">\n<div class=\"wp-block-columns alignfull are-vertically-aligned-center is-layout-flex wp-container-core-columns-is-layout-9d6595d7 wp-block-columns-is-layout-flex\">\n<div class=\"wp-block-column is-vertically-aligned-center is-layout-flow wp-block-column-is-layout-flow\">\n<div class=\"wp-block-cover\"><span aria-hidden=\"true\" class=\"wp-block-cover__background has-background-dim-0 has-background-dim\"><\/span><img loading=\"lazy\" decoding=\"async\" width=\"720\" height=\"1080\" class=\"wp-block-cover__image-background wp-image-1799\" alt=\"rivland rice gel chips\" src=\"https:\/\/rivianaindustrial.com\/wp-content\/uploads\/2022\/06\/chips-with-guacamole.jpg\" data-object-fit=\"cover\" srcset=\"https:\/\/rivianaindustrial.com\/wp-content\/uploads\/2022\/06\/chips-with-guacamole.jpg 720w, https:\/\/rivianaindustrial.com\/wp-content\/uploads\/2022\/06\/chips-with-guacamole-200x300.jpg 200w, https:\/\/rivianaindustrial.com\/wp-content\/uploads\/2022\/06\/chips-with-guacamole-683x1024.jpg 683w\" sizes=\"auto, (max-width: 720px) 100vw, 720px\" \/><div class=\"wp-block-cover__inner-container is-layout-flow wp-block-cover-is-layout-flow\">\n<p class=\"has-text-align-center has-large-font-size\"><\/p>\n<\/div><\/div>\n<\/div>\n\n\n\n<div class=\"wp-block-column is-vertically-aligned-center is-layout-flow wp-block-column-is-layout-flow\" style=\"padding-right:5vw\">\n<div style=\"height:5vh\" aria-hidden=\"true\" class=\"wp-block-spacer\"><\/div>\n\n\n\n<h1 class=\"wp-block-heading\">Harina de Arroz Pregelatinizada<\/h1>\n\n\n\n<p>Nuestras harinas de arroz pregelatinizadas se producen a partir de harina de arroz extruida, especialmente procesada y precocida. Todas nuestras harinas de arroz pregelatinizadas son naturales, sin OGM e hipoalerg\u00e9nicas. Son adecuadas para usos alimenticios en los que se necesita arroz cocido. Las harinas de arroz pregelatinizadas son una soluci\u00f3n ideal, desde las patatas fritas para aperitivos hasta las golosinas para mascotas, y muchos otros usos en las que no se desea un sabor perceptible a cereal. <\/p>\n\n\n\n<p>Nuestro experimentado equipo puede ayudarte a encontrar la harina de arroz pregelatinizada perfecta para cualquier fin. Solicita una muestra para comprobar por ti mismo la variedad de texturas que proporcionan nuestras harinas de arroz pregelatinizadas de alta calidad. <\/p>\n\n\n\n<p>PRESENTACIONES DEL PRODUCTO: Disponible en vagones a granel, camiones a granel, bolsas de 45 libras y contenedores de 2.000 libras.<\/p>\n\n\n\n<div class=\"wp-block-buttons is-layout-flex wp-block-buttons-is-layout-flex\">\n<div class=\"wp-block-button btn-link\"><a class=\"wp-block-button__link\" href=\"#form\">Solicitar una muestra<\/a><\/div>\n\n\n\n<div class=\"wp-block-button\"><a class=\"wp-block-button__link\" href=\"#reading\">Seguir leyendo<\/a><\/div>\n<\/div>\n\n\n\n<div style=\"height:5vh\" aria-hidden=\"true\" class=\"wp-block-spacer\"><\/div>\n<\/div>\n<\/div>\n<\/div><\/header>\n\n\n\n<div style=\"height:5vh\" aria-hidden=\"true\" id=\"reading\" class=\"wp-block-spacer\"><\/div>\n\n\n\n<div class=\"wp-block-group alignwide\"><div class=\"wp-block-group__inner-container is-layout-flow wp-block-group-is-layout-flow\">\n<div class=\"wp-block-columns alignfull is-layout-flex wp-container-core-columns-is-layout-a6e24759 wp-block-columns-is-layout-flex\" style=\"padding-top:5vh;padding-bottom:5vh\">\n<div class=\"wp-block-column is-layout-flow wp-block-column-is-layout-flow\">\n<h2 class=\"border-left wp-block-heading\">Nuestros ingredientes son la base perfecta para tus recetas<\/h2>\n<\/div>\n<\/div>\n\n\n\n<div class=\"wp-block-group alignfull grill-products\"><div class=\"wp-block-group__inner-container is-layout-flow wp-block-group-is-layout-flow\">\n<div class=\"wp-block-columns alignwide full-three is-layout-flex wp-container-core-columns-is-layout-9d6595d7 wp-block-columns-is-layout-flex\">\n<div class=\"wp-block-column is-layout-flow wp-block-column-is-layout-flow\">\n<h3 class=\"wp-block-heading\">Rice Gel\u00ae L-100<\/h3>\n\n\n\n<p>Rice Gel\u00ae L-100 es una harina de arroz precocida especialmente procesada. Es extremadamente ins\u00edpida desde el punto de vista organol\u00e9ptico (pr\u00e1cticamente sin sabor a cereal) y tiene una gran capacidad de absorci\u00f3n de agua. El producto se mezcla f\u00e1cilmente con otros materiales secos y, como la mayor\u00eda de los dem\u00e1s productos de arroz, est\u00e1 libre de factores alerg\u00e9nicos.<\/p>\n\n\n\n<p><strong>Aplicaciones: <\/strong>Este producto puede utilizarse como espesante, aglutinante o diluyente y tiene una gran estabilidad en la congelaci\u00f3n y descongelaci\u00f3n. Tambi\u00e9n se mezcla f\u00e1cilmente con otros ingredientes secos.<\/p>\n<\/div>\n\n\n\n<div class=\"wp-block-column is-layout-flow wp-block-column-is-layout-flow\">\n<h3 class=\"wp-block-heading\">Rice Gel\u00ae LCV-350<\/h3>\n\n\n\n<p>Rice Gel\u00ae LCV-350 es una harina de arroz extruida especialmente procesada y precocida. Es extremadamente ins\u00edpida desde el punto de vista organol\u00e9ptico, con un sabor a cereal pr\u00e1cticamente imperceptible. Esta harina de arroz se mezcla f\u00e1cilmente con otros materiales secos y ofrece ausencia de factores alerg\u00e9nicos.<\/p>\n\n\n\n<p><strong>Aplicaciones: <\/strong>Rice-Gel\u00ae LCV-350 es una soluci\u00f3n ideal para aperitivos, golosinas para mascotas y cualquier otro uso en el que se desee una textura m\u00e1s crujiente. Tambi\u00e9n se puede utilizar como espesante, aglutinante o extensor y tiene una gran estabilidad de congelaci\u00f3n y descongelaci\u00f3n.<\/p>\n<\/div>\n\n\n\n<div class=\"wp-block-column is-layout-flow wp-block-column-is-layout-flow\">\n<h3 class=\"wp-block-heading\">HerbaGEL\u00ae<\/h3>\n\n\n\n<p>Importado de la operaci\u00f3n de harina especial de Ebro en los Pa\u00edses Bajos, HerbaGel\u00ae es harina de arroz extruida especialmente procesada y precocida.<\/p>\n\n\n\n<p><strong>Aplicaciones<\/strong>: Este producto tiene muchas ventajas, como su f\u00e1cil laminado y buen ligado; regula la textura y la pegajosidad de la masa y aumenta su textura crujiente. Tambi\u00e9n mejora la textura y el moldeado; minimiza los problemas de formaci\u00f3n y moldeado; reduce el agrietamiento y la rotura; es rentable y de etiqueta limpia.<\/p>\n<\/div>\n<\/div>\n<\/div><\/div>\n<\/div><\/div>\n\n\n\n<div style=\"height:5vh\" aria-hidden=\"true\" class=\"wp-block-spacer mvl-hidden\"><\/div>\n","protected":false},"excerpt":{"rendered":"<p>Nuestras harinas de arroz pregelatinizadas se producen a partir de harina de arroz extruida, especialmente procesada y precocida. <\/p>\n","protected":false},"featured_media":1795,"template":"","meta":{"_acf_changed":false,"footnotes":""},"product_category":[35],"class_list":["post-1778","product","type-product","status-publish","has-post-thumbnail","hentry","product_category-harinas","entry"],"acf":[],"_links":{"self":[{"href":"https:\/\/rivianaindustrial.com\/es\/wp-json\/wp\/v2\/product\/1778","targetHints":{"allow":["GET"]}}],"collection":[{"href":"https:\/\/rivianaindustrial.com\/es\/wp-json\/wp\/v2\/product"}],"about":[{"href":"https:\/\/rivianaindustrial.com\/es\/wp-json\/wp\/v2\/types\/product"}],"version-history":[{"count":3,"href":"https:\/\/rivianaindustrial.com\/es\/wp-json\/wp\/v2\/product\/1778\/revisions"}],"predecessor-version":[{"id":3177,"href":"https:\/\/rivianaindustrial.com\/es\/wp-json\/wp\/v2\/product\/1778\/revisions\/3177"}],"wp:featuredmedia":[{"embeddable":true,"href":"https:\/\/rivianaindustrial.com\/es\/wp-json\/wp\/v2\/media\/1795"}],"wp:attachment":[{"href":"https:\/\/rivianaindustrial.com\/es\/wp-json\/wp\/v2\/media?parent=1778"}],"wp:term":[{"taxonomy":"product_category","embeddable":true,"href":"https:\/\/rivianaindustrial.com\/es\/wp-json\/wp\/v2\/product_category?post=1778"}],"curies":[{"name":"wp","href":"https:\/\/api.w.org\/{rel}","templated":true}]}}