{"id":1780,"date":"2022-06-22T02:23:35","date_gmt":"2022-06-22T07:23:35","guid":{"rendered":"https:\/\/rivianaindustrial.com\/?post_type=product&#038;p=1780"},"modified":"2022-11-22T23:42:03","modified_gmt":"2022-11-23T05:42:03","slug":"harinas-de-arroz-de-variedades-especiales","status":"publish","type":"product","link":"https:\/\/rivianaindustrial.com\/es\/producto\/harinas-de-arroz-de-variedades-especiales\/","title":{"rendered":"Harinas de Arroz de Variedades Especiales"},"content":{"rendered":"\n<header class=\"wp-block-group alignfull header-product has-toutou-background-color has-background\" style=\"padding-top:0px;padding-bottom:0px\"><div class=\"wp-block-group__inner-container is-layout-flow wp-block-group-is-layout-flow\">\n<div class=\"wp-block-columns alignfull are-vertically-aligned-center is-layout-flex wp-container-core-columns-is-layout-9d6595d7 wp-block-columns-is-layout-flex\">\n<div class=\"wp-block-column is-vertically-aligned-center is-layout-flow wp-block-column-is-layout-flow\">\n<div class=\"wp-block-cover is-light\"><span aria-hidden=\"true\" class=\"wp-block-cover__background has-background-dim-0 has-background-dim\"><\/span><img loading=\"lazy\" decoding=\"async\" width=\"1618\" height=\"1080\" class=\"wp-block-cover__image-background wp-image-2490\" alt=\"rivland_happy_baby\" src=\"https:\/\/rivianaindustrial.com\/wp-content\/uploads\/2022\/09\/rivland_happy_baby.jpg\" style=\"object-position:37% 38%\" data-object-fit=\"cover\" data-object-position=\"37% 38%\" srcset=\"https:\/\/rivianaindustrial.com\/wp-content\/uploads\/2022\/09\/rivland_happy_baby.jpg 1618w, https:\/\/rivianaindustrial.com\/wp-content\/uploads\/2022\/09\/rivland_happy_baby-300x200.jpg 300w, https:\/\/rivianaindustrial.com\/wp-content\/uploads\/2022\/09\/rivland_happy_baby-1024x684.jpg 1024w, https:\/\/rivianaindustrial.com\/wp-content\/uploads\/2022\/09\/rivland_happy_baby-768x513.jpg 768w, https:\/\/rivianaindustrial.com\/wp-content\/uploads\/2022\/09\/rivland_happy_baby-1536x1025.jpg 1536w, https:\/\/rivianaindustrial.com\/wp-content\/uploads\/2022\/09\/rivland_happy_baby-367x246.jpg 367w, https:\/\/rivianaindustrial.com\/wp-content\/uploads\/2022\/09\/rivland_happy_baby-1568x1047.jpg 1568w\" sizes=\"auto, (max-width: 1618px) 100vw, 1618px\" \/><div class=\"wp-block-cover__inner-container is-layout-flow wp-block-cover-is-layout-flow\">\n<p class=\"has-text-align-center has-large-font-size\"><\/p>\n<\/div><\/div>\n<\/div>\n\n\n\n<div class=\"wp-block-column is-vertically-aligned-center is-layout-flow wp-block-column-is-layout-flow\" style=\"padding-right:5vw\">\n<div style=\"height:5vh\" aria-hidden=\"true\" class=\"wp-block-spacer\"><\/div>\n\n\n\n<h1 class=\"wp-block-heading\">Harinas de Arroz de Variedades Especiales<\/h1>\n\n\n\n<p>Nuestras harinas de arroz de especialidad se producen a partir de variedades de grano medio y largo. Todas nuestras harinas de arroz de especialidad son naturales, sin OGM e hipoalerg\u00e9nicas. Son adecuadas para usos alimenticios en los que se desea una m\u00ednima interferencia de sabor, de manera que logres conseguir las especificaciones adecuadas para cualquier fin. <\/p>\n\n\n\n<p>Nuestro experimentado equipo puede ayudarte a descubrir la harina de arroz de especialidad perfecta para cualquier uso. Solicita una muestra para comprobar por ti mismo la variedad de texturas que ofrecen nuestras harinas de arroz de alta calidad. <\/p>\n\n\n\n<p>PRESENTACI\u00d3N DEL PRODUCTO: Disponible en sacos de 20 kg, sacos de 25 kg, contenedores de 800 kg y contenedores de 1.000 kg.<\/p>\n\n\n\n<div class=\"wp-block-buttons is-layout-flex wp-block-buttons-is-layout-flex\">\n<div class=\"wp-block-button btn-link\"><a class=\"wp-block-button__link\" href=\"#form\">Solicitar una muestra<\/a><\/div>\n\n\n\n<div class=\"wp-block-button\"><a class=\"wp-block-button__link\" href=\"#reading\">Seguir leyendo<\/a><\/div>\n<\/div>\n\n\n\n<div style=\"height:5vh\" aria-hidden=\"true\" class=\"wp-block-spacer\"><\/div>\n<\/div>\n<\/div>\n<\/div><\/header>\n\n\n\n<div style=\"height:5vh\" aria-hidden=\"true\" id=\"reading\" class=\"wp-block-spacer\"><\/div>\n\n\n\n<div class=\"wp-block-group alignwide\"><div class=\"wp-block-group__inner-container is-layout-flow wp-block-group-is-layout-flow\">\n<div class=\"wp-block-columns alignfull is-layout-flex wp-container-core-columns-is-layout-a6e24759 wp-block-columns-is-layout-flex\" style=\"padding-top:5vh;padding-bottom:5vh\">\n<div class=\"wp-block-column is-layout-flow wp-block-column-is-layout-flow\">\n<h2 class=\"border-left wp-block-heading\">Nuestros ingredientes son la base perfecta para tus recetas<\/h2>\n<\/div>\n<\/div>\n\n\n\n<div class=\"wp-block-group alignfull grill-products\"><div class=\"wp-block-group__inner-container is-layout-flow wp-block-group-is-layout-flow\">\n<div class=\"wp-block-columns alignwide full-three is-layout-flex wp-container-core-columns-is-layout-9d6595d7 wp-block-columns-is-layout-flex\">\n<div class=\"wp-block-column is-layout-flow wp-block-column-is-layout-flow\">\n<h3 class=\"wp-block-heading\">HerbaNAT\u00ae<\/h3>\n\n\n\n<p>Harina de arroz de baja humedad, enzim\u00e1tica y deshidratada con tratamiento t\u00e9rmico. Tambi\u00e9n disponible en harina de arroz integral.<\/p>\n\n\n\n<p><strong>Aplicaciones: <\/strong>Productos de panader\u00eda, cereales, recubrimientos, aperitivos, mezclas industriales y de venta al por menor (sistemas de ingredientes, mezclas de carne, sopas, salsas, polvo de hornear); espolvoreo (chapata, fruta, queso, etc.); salsas blancas neutras y platos preparados; mezclas higrosc\u00f3picas (por ejemplo, polvo de hornear).<\/p>\n<\/div>\n\n\n\n<div class=\"wp-block-column is-layout-flow wp-block-column-is-layout-flow\">\n<h3 class=\"wp-block-heading\">HerbaPURE\u00ae<\/h3>\n\n\n\n<p>Harina de arroz I<em>NFANT GRADE<\/em>. Disponible cruda o tratada t\u00e9rmicamente, y en harina de arroz integral.<\/p>\n\n\n\n<p><strong>Aplicaciones: <\/strong>Ideal para cereales infantiles, compotas, galletas para beb\u00e9s y otras aplicaciones con un enfoque org\u00e1nico.<\/p>\n<\/div>\n\n\n\n<div class=\"wp-block-column is-layout-flow wp-block-column-is-layout-flow\">\n<h3 class=\"wp-block-heading\">HerbaFINE\u00ae<\/h3>\n\n\n\n<p>Harina micronizada ultrafina. Disponible cruda o tratada t\u00e9rmicamente.<\/p>\n\n\n\n<p><strong>Aplicaciones: <\/strong>Proporciona textura crujiente, una acumulaci\u00f3n de masa m\u00e1s r\u00e1pida (debido a la insolubilidad del almid\u00f3n en el agua), menos fen\u00f3menos de pegajosidad durante el proceso de panificaci\u00f3n, menos dobles y triples durante el proceso de panificaci\u00f3n, excelente distribuci\u00f3n y superficie lisa.<\/p>\n<\/div>\n<\/div>\n\n\n\n<div class=\"wp-block-columns alignwide full-three is-layout-flex wp-container-core-columns-is-layout-9d6595d7 wp-block-columns-is-layout-flex\">\n<div class=\"wp-block-column is-layout-flow wp-block-column-is-layout-flow\">\n<h3 class=\"wp-block-heading\">HerbaGEL\u00ae<\/h3>\n\n\n\n<p>Importado de la operaci\u00f3n de harina especial de Ebro en los Pa\u00edses Bajos, HerbaGel\u00ae es harina de arroz extruida especialmente procesada y precocida.<\/p>\n\n\n\n<p><strong>Aplicaciones: <\/strong>Este producto tiene muchas ventajas, como un f\u00e1cil laminado y un buen ligado; regula la textura y la pegajosidad de la masa y aumenta su textura crujiente. Tambi\u00e9n mejora la el moldeado y textura; minimiza los problemas de formaci\u00f3n y moldeado; reduce el agrietamiento y la rotura.<\/p>\n<\/div>\n\n\n\n<div class=\"wp-block-column is-layout-flow wp-block-column-is-layout-flow\">\n<h3 class=\"wp-block-heading\">Wild Rice Flour<\/h3>\n\n\n\n<p>Producido especialmente a partir de arroz salvaje natural de EE.UU. cultivado en Minnesota. Proporciona nutrici\u00f3n integral y un fuerte sabor a nuez.<\/p>\n\n\n\n<p><strong>Aplicaciones: <\/strong>La harina de arroz salvaje proporciona una nutrici\u00f3n integral y es la soluci\u00f3n ideal para productos horneados, aperitivos y cereales. Tambi\u00e9n puede utilizarse como agente espesante en sopas. Nuestra harina de arroz salvaje tiene un sabor a nuez y es el sustituto perfecto de los frutos secos en productos de panader\u00eda y aperitivos.<\/p>\n<\/div>\n\n\n\n<div class=\"wp-block-column mvl-hidden is-layout-flow wp-block-column-is-layout-flow\"><\/div>\n<\/div>\n<\/div><\/div>\n<\/div><\/div>\n\n\n\n<div style=\"height:5vh\" aria-hidden=\"true\" class=\"wp-block-spacer mvl-hidden\"><\/div>\n","protected":false},"excerpt":{"rendered":"<p>Las harinas de arroz de especialidad de Riviana Foods se producen a partir de variedades de grano medio y largo.<\/p>\n","protected":false},"featured_media":2490,"template":"","meta":{"_acf_changed":false,"footnotes":""},"product_category":[35],"class_list":["post-1780","product","type-product","status-publish","has-post-thumbnail","hentry","product_category-harinas","entry"],"acf":[],"_links":{"self":[{"href":"https:\/\/rivianaindustrial.com\/es\/wp-json\/wp\/v2\/product\/1780","targetHints":{"allow":["GET"]}}],"collection":[{"href":"https:\/\/rivianaindustrial.com\/es\/wp-json\/wp\/v2\/product"}],"about":[{"href":"https:\/\/rivianaindustrial.com\/es\/wp-json\/wp\/v2\/types\/product"}],"version-history":[{"count":3,"href":"https:\/\/rivianaindustrial.com\/es\/wp-json\/wp\/v2\/product\/1780\/revisions"}],"predecessor-version":[{"id":3183,"href":"https:\/\/rivianaindustrial.com\/es\/wp-json\/wp\/v2\/product\/1780\/revisions\/3183"}],"wp:featuredmedia":[{"embeddable":true,"href":"https:\/\/rivianaindustrial.com\/es\/wp-json\/wp\/v2\/media\/2490"}],"wp:attachment":[{"href":"https:\/\/rivianaindustrial.com\/es\/wp-json\/wp\/v2\/media?parent=1780"}],"wp:term":[{"taxonomy":"product_category","embeddable":true,"href":"https:\/\/rivianaindustrial.com\/es\/wp-json\/wp\/v2\/product_category?post=1780"}],"curies":[{"name":"wp","href":"https:\/\/api.w.org\/{rel}","templated":true}]}}