{"id":2276,"date":"2022-08-31T02:05:00","date_gmt":"2022-08-31T07:05:00","guid":{"rendered":"https:\/\/rivianaindustrial.com\/?post_type=product&#038;p=2276"},"modified":"2025-07-21T10:16:14","modified_gmt":"2025-07-21T15:16:14","slug":"quinoa-granos","status":"publish","type":"product","link":"https:\/\/rivianaindustrial.com\/es\/producto\/quinoa-granos\/","title":{"rendered":"Quinoa"},"content":{"rendered":"\n<header class=\"wp-block-group alignfull header-product has-toutou-background-color has-background\" style=\"padding-top:0px;padding-bottom:0px\"><div class=\"wp-block-group__inner-container is-layout-flow wp-block-group-is-layout-flow\">\n<div class=\"wp-block-columns alignfull are-vertically-aligned-center is-layout-flex wp-container-core-columns-is-layout-9d6595d7 wp-block-columns-is-layout-flex\">\n<div class=\"wp-block-column is-vertically-aligned-center is-layout-flow wp-block-column-is-layout-flow\">\n<div class=\"wp-block-cover is-light has-custom-content-position is-position-center-left\"><img loading=\"lazy\" decoding=\"async\" width=\"580\" height=\"386\" class=\"wp-block-cover__image-background wp-image-3830\" alt=\"Quinoa\" src=\"https:\/\/rivianaindustrial.com\/wp-content\/uploads\/2022\/08\/Organic-Crispy-Red-Quinoa_dry-product_low-res-jpeg_overhead_cropped_brown-wooden-bowl_concrete-background.jpg\" data-object-fit=\"cover\" srcset=\"https:\/\/rivianaindustrial.com\/wp-content\/uploads\/2022\/08\/Organic-Crispy-Red-Quinoa_dry-product_low-res-jpeg_overhead_cropped_brown-wooden-bowl_concrete-background.jpg 580w, https:\/\/rivianaindustrial.com\/wp-content\/uploads\/2022\/08\/Organic-Crispy-Red-Quinoa_dry-product_low-res-jpeg_overhead_cropped_brown-wooden-bowl_concrete-background-300x200.jpg 300w\" sizes=\"auto, (max-width: 580px) 100vw, 580px\" \/><span aria-hidden=\"true\" class=\"wp-block-cover__background has-background-dim-0 has-background-dim\" style=\"background-color:#8b827d\"><\/span><div class=\"wp-block-cover__inner-container is-layout-flow wp-block-cover-is-layout-flow\">\n<p class=\"has-text-align-center has-large-font-size\"><\/p>\n<\/div><\/div>\n<\/div>\n\n\n\n<div class=\"wp-block-column is-vertically-aligned-center is-layout-flow wp-block-column-is-layout-flow\" style=\"padding-right:5vw\">\n<div style=\"height:5vh\" aria-hidden=\"true\" class=\"wp-block-spacer\"><\/div>\n\n\n\n<h1 class=\"wp-block-heading\">Quinoa<\/h1>\n\n\n\n<p>De uso vers\u00e1til, Riviana ofrece las tres variedades de quinoa: quinoa roja, blanca y negra, para cualquier aplicaci\u00f3n deseada. A menudo considerada similar al arroz, la quinoa es en realidad una semilla pseudocereal que puede ser utilizada como una alternativa de grano. <\/p>\n\n\n\n<p>El \u00fanico alimento vegetal conocido que es una prote\u00edna completa, tanto la quinoa negra, como la roja y la blanca, son productos ideales para utilizar, ya que es una de las mejores fuentes de prote\u00ednas de origen no animal. <\/p>\n\n\n\n<p>Desde las opciones tradicionales hasta la quinoa tostada, descubre la variedad perfecta para cualquier aplicaci\u00f3n y conf\u00eda en Riviana para obtener los ingredientes m\u00e1s sanos y de mayor calidad.<\/p>\n\n\n\n<div class=\"wp-block-buttons is-layout-flex wp-block-buttons-is-layout-flex\">\n<div class=\"wp-block-button btn-link\"><a class=\"wp-block-button__link wp-element-button\" href=\"#form\">Solicitar una muestra<\/a><\/div>\n\n\n\n<div class=\"wp-block-button\"><a class=\"wp-block-button__link wp-element-button\" href=\"#reading\">Seguir leyendo<\/a><\/div>\n<\/div>\n\n\n\n<div style=\"height:5vh\" aria-hidden=\"true\" class=\"wp-block-spacer\"><\/div>\n<\/div>\n<\/div>\n<\/div><\/header>\n\n\n\n<div class=\"wp-block-group alignwide\"><div class=\"wp-block-group__inner-container is-layout-flow wp-block-group-is-layout-flow\">\n<div class=\"wp-block-columns alignfull is-layout-flex wp-container-core-columns-is-layout-b346b44c wp-block-columns-is-layout-flex\" style=\"padding-top:5vh;padding-bottom:5vh\">\n<div class=\"wp-block-column is-layout-flow wp-block-column-is-layout-flow\">\n<div class=\"wp-block-columns is-layout-flex wp-container-core-columns-is-layout-9d6595d7 wp-block-columns-is-layout-flex\">\n<div class=\"wp-block-column is-layout-flow wp-block-column-is-layout-flow\">\n<h2 class=\"wp-block-heading\">Crujiente y m\u00e1s saludable<\/h2>\n\n\n\n<p>Riviana presenta la quinoa crujiente, un ingrediente vers\u00e1til que aporta prote\u00edna vegetal, una excelente textura y un extra de fibra, ideal para snacks y clusters a la vanguardia de las tendencias.<\/p>\n\n\n\n<p>En Riviana Foods, estamos comprometidos con el suministro de ingredientes que cumplen con los est\u00e1ndares clean label. Nuestros productos est\u00e1n libres de modificaciones qu\u00edmicas y aditivos sint\u00e9ticos, lo que respalda el desarrollo de alimentos transparentes y confiables.<\/p>\n<\/div>\n\n\n\n<div class=\"wp-block-column is-layout-flow wp-block-column-is-layout-flow\">\n<figure class=\"wp-block-image size-full\"><img loading=\"lazy\" decoding=\"async\" width=\"580\" height=\"386\" src=\"https:\/\/rivianaindustrial.com\/wp-content\/uploads\/2022\/08\/Organic-Crispy-Red-Quinoa_dry-product_low-res-jpeg_overhead_cropped_brown-wooden-bowl_concrete-background.jpg\" alt=\"Quinoa\" class=\"wp-image-3830\" srcset=\"https:\/\/rivianaindustrial.com\/wp-content\/uploads\/2022\/08\/Organic-Crispy-Red-Quinoa_dry-product_low-res-jpeg_overhead_cropped_brown-wooden-bowl_concrete-background.jpg 580w, https:\/\/rivianaindustrial.com\/wp-content\/uploads\/2022\/08\/Organic-Crispy-Red-Quinoa_dry-product_low-res-jpeg_overhead_cropped_brown-wooden-bowl_concrete-background-300x200.jpg 300w\" sizes=\"auto, (max-width: 580px) 100vw, 580px\" \/><\/figure>\n<\/div>\n<\/div>\n<\/div>\n<\/div>\n\n\n\n<div class=\"wp-block-group alignfull grill-products\"><div class=\"wp-block-group__inner-container is-layout-flow wp-block-group-is-layout-flow\">\n<div class=\"wp-block-columns alignwide full-three is-layout-flex wp-container-core-columns-is-layout-9d6595d7 wp-block-columns-is-layout-flex\">\n<div class=\"wp-block-column is-layout-flow wp-block-column-is-layout-flow\">\n<h3 class=\"wp-block-heading\">Red Quinoa<\/h3>\n\n\n\n<p>Con un color intenso y una textura \u00fanica, la quinoa roja agrega valor a cualquier aplicaci\u00f3n con su alto contenido proteico y de fibra. Tambi\u00e9n est\u00e1 disponible en variedades org\u00e1nicas, y especialidades bolivianas y peruanas.<\/p>\n<\/div>\n\n\n\n<div class=\"wp-block-column is-layout-flow wp-block-column-is-layout-flow\">\n<h3 class=\"wp-block-heading\">Toasted Red Quinoa<\/h3>\n\n\n\n<p>Con un color intenso, textura \u00fanica y sabor tostado a\u00f1adido, la quinoa roja tostada de Riviana es ideal para una amplia variedad de aplicaciones.<\/p>\n<\/div>\n\n\n\n<div class=\"wp-block-column is-layout-flow wp-block-column-is-layout-flow\">\n<h3 class=\"wp-block-heading\">White Quinoa<\/h3>\n\n\n\n<p>Vers\u00e1til y de textura suave, con un tama\u00f1o de grano m\u00e1s generoso que otras variedades, la quinoa blanca de Riviana, convencional o org\u00e1nico, es ideal para una gran variedad de aplicaciones. Tambi\u00e9n est\u00e1 disponible en especialidades bolivianas y peruanas.<\/p>\n<\/div>\n<\/div>\n\n\n\n<div class=\"wp-block-columns alignwide full-three is-layout-flex wp-container-core-columns-is-layout-9d6595d7 wp-block-columns-is-layout-flex\">\n<div class=\"wp-block-column is-layout-flow wp-block-column-is-layout-flow\">\n<h3 class=\"wp-block-heading\">Black Quinoa<\/h3>\n\n\n\n<p>Con un color intenso y textura crujiente, la quinoa negra ofrece un sabor consistente y terroso. Disponible en org\u00e1nico, es considerado como un \u00absupergrano\u00bb, contiene los nueve amino\u00e1cidos esenciales, perfectos para una gran variedad de aplicaciones.<\/p>\n\n\n\n<p><\/p>\n<\/div>\n\n\n\n<div class=\"wp-block-column is-layout-flow wp-block-column-is-layout-flow\">\n<h3 class=\"wp-block-heading\">Crispy Red Quinoa<\/h3>\n\n\n\n<p>Este grano org\u00e1nico rico en prote\u00ednas ofrece un aroma a nuez con color intenso y textura \u00fanica. Esta quinoa roja crujiente es estupenda como ingrediente colorido en aplicaciones como barritas nutricionales y snacks variados.<\/p>\n<\/div>\n\n\n\n<div class=\"wp-block-column is-layout-flow wp-block-column-is-layout-flow\">\n<h3 class=\"wp-block-heading\">Crispy White Quinoa<\/h3>\n\n\n\n<p>Este supergrano agrega un delicioso sabor a palomitas a aperitivos y una gran variedad de platos saludables. Es un ingrediente ideal para la elaboraci\u00f3n de barritas nutricionales y mezclas de aperitivos. Disponible tambi\u00e9n en versi\u00f3n RTE.<\/p>\n<\/div>\n<\/div>\n\n\n\n<div class=\"wp-block-columns alignwide full-three is-layout-flex wp-container-core-columns-is-layout-9d6595d7 wp-block-columns-is-layout-flex\">\n<div class=\"wp-block-column is-layout-flow wp-block-column-is-layout-flow\">\n<h3 class=\"wp-block-heading\">Tri-Color Quinoa Blend<\/h3>\n\n\n\n<p>La quinoa blanca, roja y negra se combinan a la perfecci\u00f3n en esta mezcla que ofrece una textura \u00fanica, un sabor complejo y una presentaci\u00f3n visual impresionante. Tambi\u00e9n disponible en org\u00e1nico.<\/p>\n\n\n\n<p><\/p>\n<\/div>\n\n\n\n<div class=\"wp-block-column is-layout-flow wp-block-column-is-layout-flow\">\n<h3 class=\"wp-block-heading\">White and Red Quinoa Blend<\/h3>\n\n\n\n<p>Repleta de prote\u00ednas, esta mezcla de dos variedades de quinoa<strong> <\/strong>org\u00e1nica diferentes&nbsp;ofrece un vibrante contraste de color y sabor. Esta mezcla es org\u00e1nica de la USDA.<\/p>\n<\/div>\n\n\n\n<div class=\"wp-block-column mvl-hidden is-layout-flow wp-block-column-is-layout-flow\">\n<h3 class=\"wp-block-heading\">Whole Grain Brown Rice and Quinoa Blend<\/h3>\n\n\n\n<p>Esta mezcla de cereales integrales sin gluten aporta a cualquier men\u00fa la cantidad necesaria de prote\u00edna de origen vegetal. Esta mezcla de arroz integral de grano largo, quinoa roja y negra es perfecta para una gran variedad de aplicaciones.<\/p>\n<\/div>\n<\/div>\n<\/div><\/div>\n<\/div><\/div>\n\n\n\n<div style=\"height:5vh\" aria-hidden=\"true\" class=\"wp-block-spacer mvl-hidden\"><\/div>\n","protected":false},"excerpt":{"rendered":"<p>Vers\u00e1til y de textura suave, explora cada opci\u00f3n de quinoa repleta de prote\u00ednas disponible en Riviana.<\/p>\n","protected":false},"featured_media":2159,"template":"","meta":{"_acf_changed":false,"footnotes":""},"product_category":[38],"class_list":["post-2276","product","type-product","status-publish","has-post-thumbnail","hentry","product_category-granos","entry"],"acf":[],"_links":{"self":[{"href":"https:\/\/rivianaindustrial.com\/es\/wp-json\/wp\/v2\/product\/2276","targetHints":{"allow":["GET"]}}],"collection":[{"href":"https:\/\/rivianaindustrial.com\/es\/wp-json\/wp\/v2\/product"}],"about":[{"href":"https:\/\/rivianaindustrial.com\/es\/wp-json\/wp\/v2\/types\/product"}],"version-history":[{"count":6,"href":"https:\/\/rivianaindustrial.com\/es\/wp-json\/wp\/v2\/product\/2276\/revisions"}],"predecessor-version":[{"id":3947,"href":"https:\/\/rivianaindustrial.com\/es\/wp-json\/wp\/v2\/product\/2276\/revisions\/3947"}],"wp:featuredmedia":[{"embeddable":true,"href":"https:\/\/rivianaindustrial.com\/es\/wp-json\/wp\/v2\/media\/2159"}],"wp:attachment":[{"href":"https:\/\/rivianaindustrial.com\/es\/wp-json\/wp\/v2\/media?parent=2276"}],"wp:term":[{"taxonomy":"product_category","embeddable":true,"href":"https:\/\/rivianaindustrial.com\/es\/wp-json\/wp\/v2\/product_category?post=2276"}],"curies":[{"name":"wp","href":"https:\/\/api.w.org\/{rel}","templated":true}]}}