{"id":2278,"date":"2022-08-31T02:09:30","date_gmt":"2022-08-31T07:09:30","guid":{"rendered":"https:\/\/rivianaindustrial.com\/?post_type=product&#038;p=2278"},"modified":"2022-10-28T06:31:50","modified_gmt":"2022-10-28T11:31:50","slug":"granos-organicos","status":"publish","type":"product","link":"https:\/\/rivianaindustrial.com\/es\/producto\/granos-organicos\/","title":{"rendered":"Granos Org\u00e1nicos"},"content":{"rendered":"\n<header class=\"wp-block-group alignfull header-product has-toutou-background-color has-background\" style=\"padding-top:0px;padding-bottom:0px\"><div class=\"wp-block-group__inner-container is-layout-flow wp-block-group-is-layout-flow\">\n<div class=\"wp-block-columns alignfull are-vertically-aligned-center is-layout-flex wp-container-core-columns-is-layout-9d6595d7 wp-block-columns-is-layout-flex\">\n<div class=\"wp-block-column is-vertically-aligned-center is-layout-flow wp-block-column-is-layout-flow\">\n<div class=\"wp-block-cover is-light has-custom-content-position is-position-center-left\"><span aria-hidden=\"true\" class=\"wp-block-cover__background has-background-dim-0 has-background-dim\"><\/span><img loading=\"lazy\" decoding=\"async\" width=\"810\" height=\"1080\" class=\"wp-block-cover__image-background wp-image-2292\" alt=\"Pretty-quinoa-teton plant\" src=\"https:\/\/rivianaindustrial.com\/wp-content\/uploads\/2022\/08\/Pretty-quinoa-teton-2.jpg\" style=\"object-position:43% 53%\" data-object-fit=\"cover\" data-object-position=\"43% 53%\" srcset=\"https:\/\/rivianaindustrial.com\/wp-content\/uploads\/2022\/08\/Pretty-quinoa-teton-2.jpg 810w, https:\/\/rivianaindustrial.com\/wp-content\/uploads\/2022\/08\/Pretty-quinoa-teton-2-225x300.jpg 225w, https:\/\/rivianaindustrial.com\/wp-content\/uploads\/2022\/08\/Pretty-quinoa-teton-2-768x1024.jpg 768w\" sizes=\"auto, (max-width: 810px) 100vw, 810px\" \/><div class=\"wp-block-cover__inner-container is-layout-flow wp-block-cover-is-layout-flow\">\n\n<p class=\"has-text-align-center has-large-font-size\"><\/p>\n\n<\/div><\/div>\n<\/div>\n\n\n\n<div class=\"wp-block-column is-vertically-aligned-center is-layout-flow wp-block-column-is-layout-flow\" style=\"padding-right:5vw\">\n<div style=\"height:5vh\" aria-hidden=\"true\" class=\"wp-block-spacer\"><\/div>\n\n\n\n<h1 class=\"wp-block-heading\">Granos Org\u00e1nicos<\/h1>\n\n\n\n<p>Dentro de su cartera de productos de granos sanos y limpios, Riviana ofrece granos org\u00e1nicos con certificaci\u00f3n USDA. <\/p>\n\n\n\n<p>Estos ingredientes de grano se cultivan y procesan bajo los est\u00e1ndares m\u00e1s rigurosos, incluyendo pr\u00e1cticas sostenibles. Al ofrecer las mejores certificaciones dentro de la industria alimentaria, la USDA se enmarca dentro de nuestro compromiso de satisfacer los requisitos de nuestros valiosos clientes. <\/p>\n\n\n\n<p>Conf\u00eda en Riviana para proporcionar los mejores granos org\u00e1nicos para cualquier aplicaci\u00f3n, navega por nuestra l\u00ednea completa de art\u00edculos especializados a continuaci\u00f3n, todos certificados como org\u00e1nicos.<\/p>\n\n\n\n<div class=\"wp-block-buttons is-layout-flex wp-block-buttons-is-layout-flex\">\n<div class=\"wp-block-button btn-link\"><a class=\"wp-block-button__link\" href=\"#form\">Solicitar una muestra<\/a><\/div>\n\n\n\n<div class=\"wp-block-button\"><a class=\"wp-block-button__link\" href=\"#reading\">Seguir leyendo<\/a><\/div>\n<\/div>\n\n\n\n<div style=\"height:5vh\" aria-hidden=\"true\" class=\"wp-block-spacer\"><\/div>\n<\/div>\n<\/div>\n<\/div><\/header>\n\n\n\n<div style=\"height:5vh\" aria-hidden=\"true\" id=\"reading\" class=\"wp-block-spacer\"><\/div>\n\n\n\n<div class=\"wp-block-group alignwide\"><div class=\"wp-block-group__inner-container is-layout-flow wp-block-group-is-layout-flow\">\n<div class=\"wp-block-columns alignfull is-layout-flex wp-container-core-columns-is-layout-b346b44c wp-block-columns-is-layout-flex\" style=\"padding-top:5vh;padding-bottom:5vh\">\n<div class=\"wp-block-column is-layout-flow wp-block-column-is-layout-flow\">\n<h2 class=\"border-left wp-block-heading\">Nuestros ingredientes son la base perfecta para tus recetas<\/h2>\n<\/div>\n<\/div>\n\n\n\n<div class=\"wp-block-group alignfull grill-products\"><div class=\"wp-block-group__inner-container is-layout-flow wp-block-group-is-layout-flow\">\n<div class=\"wp-block-columns alignwide full-three is-layout-flex wp-container-core-columns-is-layout-9d6595d7 wp-block-columns-is-layout-flex\">\n<div class=\"wp-block-column is-layout-flow wp-block-column-is-layout-flow\">\n<h3 class=\"wp-block-heading\">Organic Black Quinoa<\/h3>\n\n\n\n<p>Con un color intenso y textura crujiente, la quinoa negra ofrece un sabor consistente y terroso. Considerado como un \u00absupergrano\u00bb, contiene los nueve amino\u00e1cidos esenciales, perfectos para una gran variedad de aplicaciones.<\/p>\n<\/div>\n\n\n\n<div class=\"wp-block-column is-layout-flow wp-block-column-is-layout-flow\">\n<h3 class=\"wp-block-heading\">Organic Pearled Farro<\/h3>\n\n\n\n<p>Nuestro farro procede de la misma granja familiar de Italia desde hace a\u00f1os por su alta calidad. Este farro perlado org\u00e1nico con certificaci\u00f3n USDA no tiene c\u00e1scara y todo el salvado est\u00e1 pulido.<\/p>\n<\/div>\n\n\n\n<div class=\"wp-block-column is-layout-flow wp-block-column-is-layout-flow\">\n<h3 class=\"wp-block-heading\">Organic Red Quinoa <\/h3>\n\n\n\n<p>Con un color intenso y una textura \u00fanica, la quinoa roja agrega valor a cualquier aplicaci\u00f3n con su alto contenido proteico y de fibra. Tambi\u00e9n est\u00e1 disponible en especialidades bolivianas y peruanas.<\/p>\n<\/div>\n<\/div>\n\n\n\n<div class=\"wp-block-columns alignwide full-three is-layout-flex wp-container-core-columns-is-layout-9d6595d7 wp-block-columns-is-layout-flex\">\n<div class=\"wp-block-column is-layout-flow wp-block-column-is-layout-flow\">\n<h3 class=\"wp-block-heading\">Organic White Quinoa<\/h3>\n\n\n\n<p>Vers\u00e1til y de textura suave, con un tama\u00f1o de grano m\u00e1s generoso que otras variedades, la quinoa blanca de Riviana es ideal para una gran variedad de aplicaciones. Tambi\u00e9n est\u00e1 disponible en especialidades bolivianas y peruanas.<\/p>\n<\/div>\n\n\n\n<div class=\"wp-block-column is-layout-flow wp-block-column-is-layout-flow\">\n<h3 class=\"wp-block-heading\">Organic Crispy Red Quinoa Ready to Eat<\/h3>\n\n\n\n<p>Este grano rico en prote\u00ednas ofrece un aroma a nuez con color intenso y textura \u00fanica. Esta quinoa roja crujiente es estupenda como ingrediente colorido en aplicaciones como barritas nutricionales y snacks variados.<\/p>\n<\/div>\n\n\n\n<div class=\"wp-block-column is-layout-flow wp-block-column-is-layout-flow\">\n<h3 class=\"wp-block-heading\">Organic Tri-Color Quinoa Blend<\/h3>\n\n\n\n<p>La quinoa blanca, roja y negra se combinan a la perfecci\u00f3n en esta mezcla que ofrece una textura \u00fanica, un sabor complejo y una presentaci\u00f3n visual impresionante.<\/p>\n<\/div>\n<\/div>\n\n\n\n<div class=\"wp-block-columns alignwide full-three is-layout-flex wp-container-core-columns-is-layout-9d6595d7 wp-block-columns-is-layout-flex\">\n<div class=\"wp-block-column is-layout-flow wp-block-column-is-layout-flow\">\n<h3 class=\"wp-block-heading\">Organic White and Red Quinoa Blend<\/h3>\n\n\n\n<p>Repleta de prote\u00ednas, esta mezcla de dos variedades de quinoa diferentes ofrece un vibrante contraste de color y sabor. Esta mezcla es org\u00e1nica de la USDA.<\/p>\n<\/div>\n\n\n\n<div class=\"wp-block-column mvl-hidden is-layout-flow wp-block-column-is-layout-flow\"><\/div>\n\n\n\n<div class=\"wp-block-column mvl-hidden is-layout-flow wp-block-column-is-layout-flow\"><\/div>\n<\/div>\n<\/div><\/div>\n<\/div><\/div>\n\n\n\n<div style=\"height:5vh\" aria-hidden=\"true\" class=\"wp-block-spacer mvl-hidden\"><\/div>\n","protected":false},"excerpt":{"rendered":"<p>Explora todas nuestras opciones de granos producidos org\u00e1nicamente para satisfacer todas tus necesidades de aplicaci\u00f3n, incluyendo quinoa, farro y m\u00e1s.<\/p>\n","protected":false},"featured_media":3157,"template":"","meta":{"_acf_changed":false,"footnotes":""},"product_category":[38],"class_list":["post-2278","product","type-product","status-publish","has-post-thumbnail","hentry","product_category-granos","entry"],"acf":[],"_links":{"self":[{"href":"https:\/\/rivianaindustrial.com\/es\/wp-json\/wp\/v2\/product\/2278","targetHints":{"allow":["GET"]}}],"collection":[{"href":"https:\/\/rivianaindustrial.com\/es\/wp-json\/wp\/v2\/product"}],"about":[{"href":"https:\/\/rivianaindustrial.com\/es\/wp-json\/wp\/v2\/types\/product"}],"version-history":[{"count":3,"href":"https:\/\/rivianaindustrial.com\/es\/wp-json\/wp\/v2\/product\/2278\/revisions"}],"predecessor-version":[{"id":3119,"href":"https:\/\/rivianaindustrial.com\/es\/wp-json\/wp\/v2\/product\/2278\/revisions\/3119"}],"wp:featuredmedia":[{"embeddable":true,"href":"https:\/\/rivianaindustrial.com\/es\/wp-json\/wp\/v2\/media\/3157"}],"wp:attachment":[{"href":"https:\/\/rivianaindustrial.com\/es\/wp-json\/wp\/v2\/media?parent=2278"}],"wp:term":[{"taxonomy":"product_category","embeddable":true,"href":"https:\/\/rivianaindustrial.com\/es\/wp-json\/wp\/v2\/product_category?post=2278"}],"curies":[{"name":"wp","href":"https:\/\/api.w.org\/{rel}","templated":true}]}}