{"id":2280,"date":"2022-08-31T02:11:27","date_gmt":"2022-08-31T07:11:27","guid":{"rendered":"https:\/\/rivianaindustrial.com\/?post_type=product&#038;p=2280"},"modified":"2022-10-06T11:23:49","modified_gmt":"2022-10-06T16:23:49","slug":"granos-perlados","status":"publish","type":"product","link":"https:\/\/rivianaindustrial.com\/es\/producto\/granos-perlados\/","title":{"rendered":"Granos Perlados"},"content":{"rendered":"\n<header class=\"wp-block-group alignfull header-product has-toutou-background-color has-background\" style=\"padding-top:0px;padding-bottom:0px\"><div class=\"wp-block-group__inner-container is-layout-flow wp-block-group-is-layout-flow\">\n<div class=\"wp-block-columns alignfull are-vertically-aligned-center is-layout-flex wp-container-core-columns-is-layout-9d6595d7 wp-block-columns-is-layout-flex\">\n<div class=\"wp-block-column is-vertically-aligned-center is-layout-flow wp-block-column-is-layout-flow\">\n<div class=\"wp-block-cover has-custom-content-position is-position-center-left\"><span aria-hidden=\"true\" class=\"wp-block-cover__background has-background-dim-0 has-background-dim\"><\/span><img loading=\"lazy\" decoding=\"async\" width=\"1620\" height=\"1080\" class=\"wp-block-cover__image-background wp-image-2319\" alt=\"PearledCouscous\" src=\"https:\/\/rivianaindustrial.com\/wp-content\/uploads\/2022\/08\/219030_E_PearledCouscous_0585.jpg\" style=\"object-position:61% 37%\" data-object-fit=\"cover\" data-object-position=\"61% 37%\" srcset=\"https:\/\/rivianaindustrial.com\/wp-content\/uploads\/2022\/08\/219030_E_PearledCouscous_0585.jpg 1620w, https:\/\/rivianaindustrial.com\/wp-content\/uploads\/2022\/08\/219030_E_PearledCouscous_0585-300x200.jpg 300w, https:\/\/rivianaindustrial.com\/wp-content\/uploads\/2022\/08\/219030_E_PearledCouscous_0585-1024x683.jpg 1024w, https:\/\/rivianaindustrial.com\/wp-content\/uploads\/2022\/08\/219030_E_PearledCouscous_0585-768x512.jpg 768w, https:\/\/rivianaindustrial.com\/wp-content\/uploads\/2022\/08\/219030_E_PearledCouscous_0585-1536x1024.jpg 1536w, https:\/\/rivianaindustrial.com\/wp-content\/uploads\/2022\/08\/219030_E_PearledCouscous_0585-367x246.jpg 367w, https:\/\/rivianaindustrial.com\/wp-content\/uploads\/2022\/08\/219030_E_PearledCouscous_0585-1568x1045.jpg 1568w\" sizes=\"auto, (max-width: 1620px) 100vw, 1620px\" \/><div class=\"wp-block-cover__inner-container is-layout-flow wp-block-cover-is-layout-flow\">\n<p class=\"has-text-align-center has-large-font-size\"><\/p>\n<\/div><\/div>\n<\/div>\n\n\n\n<div class=\"wp-block-column is-vertically-aligned-center is-layout-flow wp-block-column-is-layout-flow\" style=\"padding-right:5vw\">\n<div style=\"height:5vh\" aria-hidden=\"true\" class=\"wp-block-spacer\"><\/div>\n\n\n\n<h1 class=\"wp-block-heading\">Pearled Grains <\/h1>\n\n\n\n<p>Los granos perlados son aquellos que toman una forma redondeada. Aunque esto se puede encontrar com\u00fanmente en el couscous perlado, Riviana ofrece una gran variedad de opciones de granos perlados como la cebada, el farro y otras, que permiten multitud de aplicaciones. <\/p>\n\n\n\n<p>Descubre la variedad perfecta para cualquier aplicaci\u00f3n y obt\u00e9n gracias a Riviana ingredientes m\u00e1s sanos y de mayor calidad.<\/p>\n\n\n\n<div class=\"wp-block-buttons is-layout-flex wp-block-buttons-is-layout-flex\">\n<div class=\"wp-block-button btn-link\"><a class=\"wp-block-button__link\" href=\"#form\">Solicitar una muestra<\/a><\/div>\n\n\n\n<div class=\"wp-block-button\"><a class=\"wp-block-button__link\" href=\"#reading\">Seguir leyendo<\/a><\/div>\n<\/div>\n\n\n\n<div style=\"height:5vh\" aria-hidden=\"true\" class=\"wp-block-spacer\"><\/div>\n<\/div>\n<\/div>\n<\/div><\/header>\n\n\n\n<div style=\"height:5vh\" aria-hidden=\"true\" id=\"reading\" class=\"wp-block-spacer\"><\/div>\n\n\n\n<div class=\"wp-block-group alignwide\"><div class=\"wp-block-group__inner-container is-layout-flow wp-block-group-is-layout-flow\">\n<div class=\"wp-block-columns alignfull is-layout-flex wp-container-core-columns-is-layout-b346b44c wp-block-columns-is-layout-flex\" style=\"padding-top:5vh;padding-bottom:5vh\">\n<div class=\"wp-block-column is-layout-flow wp-block-column-is-layout-flow\">\n<h2 class=\"border-left wp-block-heading\">Nuestros ingredientes son la base perfecta para tus recetas<\/h2>\n<\/div>\n<\/div>\n\n\n\n<div class=\"wp-block-group alignfull grill-products\"><div class=\"wp-block-group__inner-container is-layout-flow wp-block-group-is-layout-flow\">\n<div class=\"wp-block-columns alignwide full-three is-layout-flex wp-container-core-columns-is-layout-9d6595d7 wp-block-columns-is-layout-flex\">\n<div class=\"wp-block-column is-layout-flow wp-block-column-is-layout-flow\">\n<h3 class=\"wp-block-heading\">Pearled Barley<\/h3>\n\n\n\n<p>Tambi\u00e9n conocida como \u00abs\u00faper cebada\u00bb, esta cebada blanca no tiene c\u00e1scara y contiene unos incre\u00edbles 8g de fibra por raci\u00f3n. Este grano pierde su c\u00e1scara en el momento de su cosecha, y al liberarse el almid\u00f3n se obtiene una textura extra para una variedad de aplicaciones.<\/p>\n<\/div>\n\n\n\n<div class=\"wp-block-column is-layout-flow wp-block-column-is-layout-flow\">\n<h3 class=\"wp-block-heading\">Pearled Couscous<\/h3>\n\n\n\n<p>A menudo llamado \u00abpasta perlada\u00bb, el couscous perlado de Riviana est\u00e1 compuesto por perlas de pasta tostada grandes y uniformes que le ayudan a absorber f\u00e1cilmente los sabores y adaptarse a una gran variedad de aplicaciones.<\/p>\n<\/div>\n<\/div>\n\n\n\n<div class=\"wp-block-columns alignwide full-three is-layout-flex wp-container-core-columns-is-layout-9d6595d7 wp-block-columns-is-layout-flex\">\n<div class=\"wp-block-column is-layout-flow wp-block-column-is-layout-flow\">\n<h3 class=\"wp-block-heading\">Pearled Farro<\/h3>\n\n\n\n<p>Nuestro farro procede de la misma granja familiar italiana desde hace a\u00f1os por su gran calidad. Este farro perlado org\u00e1nico de certificaci\u00f3n USDA no tiene c\u00e1scara, por lo que todo el salvado queda pulido.<\/p>\n<\/div>\n\n\n\n<div class=\"wp-block-column is-layout-flow wp-block-column-is-layout-flow\">\n<h3 class=\"wp-block-heading\">Pearled Wheat Berries<\/h3>\n\n\n\n<p>Ligeramente molidos para conseguir una cocci\u00f3n m\u00e1s r\u00e1pida, estos granos de trigo aportan un toque saludable a diferentes mezclas que contienen otros granos y arroces. Encuentra este ingrediente com\u00fanmente utilizado en mezclas para una gran variedad de aplicaciones.<\/p>\n<\/div>\n<\/div>\n<\/div><\/div>\n<\/div><\/div>\n\n\n\n<div style=\"height:5vh\" aria-hidden=\"true\" class=\"wp-block-spacer mvl-hidden\"><\/div>\n","protected":false},"excerpt":{"rendered":"<p>Descubre nuestras variadas opciones de granos perlados, como la cebada, el couscous, el farro y las bayas de trigo.<\/p>\n","protected":false},"featured_media":2319,"template":"","meta":{"_acf_changed":false,"footnotes":""},"product_category":[38],"class_list":["post-2280","product","type-product","status-publish","has-post-thumbnail","hentry","product_category-granos","entry"],"acf":[],"_links":{"self":[{"href":"https:\/\/rivianaindustrial.com\/es\/wp-json\/wp\/v2\/product\/2280","targetHints":{"allow":["GET"]}}],"collection":[{"href":"https:\/\/rivianaindustrial.com\/es\/wp-json\/wp\/v2\/product"}],"about":[{"href":"https:\/\/rivianaindustrial.com\/es\/wp-json\/wp\/v2\/types\/product"}],"version-history":[{"count":3,"href":"https:\/\/rivianaindustrial.com\/es\/wp-json\/wp\/v2\/product\/2280\/revisions"}],"predecessor-version":[{"id":3035,"href":"https:\/\/rivianaindustrial.com\/es\/wp-json\/wp\/v2\/product\/2280\/revisions\/3035"}],"wp:featuredmedia":[{"embeddable":true,"href":"https:\/\/rivianaindustrial.com\/es\/wp-json\/wp\/v2\/media\/2319"}],"wp:attachment":[{"href":"https:\/\/rivianaindustrial.com\/es\/wp-json\/wp\/v2\/media?parent=2280"}],"wp:term":[{"taxonomy":"product_category","embeddable":true,"href":"https:\/\/rivianaindustrial.com\/es\/wp-json\/wp\/v2\/product_category?post=2280"}],"curies":[{"name":"wp","href":"https:\/\/api.w.org\/{rel}","templated":true}]}}