{"id":2282,"date":"2022-08-31T02:12:59","date_gmt":"2022-08-31T07:12:59","guid":{"rendered":"https:\/\/rivianaindustrial.com\/?post_type=product&#038;p=2282"},"modified":"2022-10-06T11:23:47","modified_gmt":"2022-10-06T16:23:47","slug":"couscous-pasta","status":"publish","type":"product","link":"https:\/\/rivianaindustrial.com\/es\/producto\/couscous-pasta\/","title":{"rendered":"Couscous"},"content":{"rendered":"\n<header class=\"wp-block-group alignfull header-product has-toutou-background-color has-background\" style=\"padding-top:0px;padding-bottom:0px\"><div class=\"wp-block-group__inner-container is-layout-flow wp-block-group-is-layout-flow\">\n<div class=\"wp-block-columns alignfull are-vertically-aligned-center is-layout-flex wp-container-core-columns-is-layout-9d6595d7 wp-block-columns-is-layout-flex\">\n<div class=\"wp-block-column is-vertically-aligned-center is-layout-flow wp-block-column-is-layout-flow\">\n<div class=\"wp-block-cover has-custom-content-position is-position-center-left\"><span aria-hidden=\"true\" class=\"wp-block-cover__background has-background-dim-0 has-background-dim\"><\/span><img loading=\"lazy\" decoding=\"async\" width=\"1080\" height=\"721\" class=\"wp-block-cover__image-background wp-image-2353\" alt=\"couscous recipe option \" src=\"https:\/\/rivianaindustrial.com\/wp-content\/uploads\/2022\/08\/190612InHarvest067.rendition.jpg\" style=\"object-position:48% 47%\" data-object-fit=\"cover\" data-object-position=\"48% 47%\" srcset=\"https:\/\/rivianaindustrial.com\/wp-content\/uploads\/2022\/08\/190612InHarvest067.rendition.jpg 1080w, https:\/\/rivianaindustrial.com\/wp-content\/uploads\/2022\/08\/190612InHarvest067.rendition-300x200.jpg 300w, https:\/\/rivianaindustrial.com\/wp-content\/uploads\/2022\/08\/190612InHarvest067.rendition-1024x684.jpg 1024w, https:\/\/rivianaindustrial.com\/wp-content\/uploads\/2022\/08\/190612InHarvest067.rendition-768x513.jpg 768w, https:\/\/rivianaindustrial.com\/wp-content\/uploads\/2022\/08\/190612InHarvest067.rendition-367x246.jpg 367w\" sizes=\"auto, (max-width: 1080px) 100vw, 1080px\" \/><div class=\"wp-block-cover__inner-container is-layout-flow wp-block-cover-is-layout-flow\">\n<p class=\"has-text-align-center has-large-font-size\"><\/p>\n<\/div><\/div>\n<\/div>\n\n\n\n<div class=\"wp-block-column is-vertically-aligned-center is-layout-flow wp-block-column-is-layout-flow\" style=\"padding-right:5vw\">\n<div style=\"height:5vh\" aria-hidden=\"true\" class=\"wp-block-spacer\"><\/div>\n\n\n\n<h1 class=\"wp-block-heading\">Couscous<\/h1>\n\n\n\n<p>Originario de la cocina norteafricana o magreb\u00ed, esta peque\u00f1a pasta hecha de trigo duro se utiliza actualmente para una multitud de aplicaciones. Aunque t\u00e9cnicamente es una pasta, puede utilizarse como alternativa a los cereales. <\/p>\n\n\n\n<p>Riviana ofrece tres variedades diferentes de cusc\u00fas: el cusc\u00fas tradicional marroqu\u00ed, el cusc\u00fas al estilo israel\u00ed y el cusc\u00fas perlado. Descubre la variedad perfecta de cusc\u00fas para cualquier aplicaci\u00f3n y obt\u00e9n gracias a Riviana ingredientes m\u00e1s sanos y de mayor calidad.<\/p>\n\n\n\n<div class=\"wp-block-buttons is-layout-flex wp-block-buttons-is-layout-flex\">\n<div class=\"wp-block-button btn-link\"><a class=\"wp-block-button__link\" href=\"#form\">Solicitar una muestra<\/a><\/div>\n\n\n\n<div class=\"wp-block-button\"><a class=\"wp-block-button__link\" href=\"#reading\">Seguir leyendo<\/a><\/div>\n<\/div>\n\n\n\n<div style=\"height:5vh\" aria-hidden=\"true\" class=\"wp-block-spacer\"><\/div>\n<\/div>\n<\/div>\n<\/div><\/header>\n\n\n\n<div style=\"height:5vh\" aria-hidden=\"true\" id=\"reading\" class=\"wp-block-spacer\"><\/div>\n\n\n\n<div class=\"wp-block-group alignwide\"><div class=\"wp-block-group__inner-container is-layout-flow wp-block-group-is-layout-flow\">\n<div class=\"wp-block-columns alignfull is-layout-flex wp-container-core-columns-is-layout-b346b44c wp-block-columns-is-layout-flex\" style=\"padding-top:5vh;padding-bottom:5vh\">\n<div class=\"wp-block-column is-layout-flow wp-block-column-is-layout-flow\">\n<h2 class=\"border-left wp-block-heading\">Nuestros ingredientes son la base perfecta para tus recetas<\/h2>\n<\/div>\n<\/div>\n\n\n\n<div class=\"wp-block-group alignfull grill-products\"><div class=\"wp-block-group__inner-container is-layout-flow wp-block-group-is-layout-flow\">\n<div class=\"wp-block-columns alignwide full-three is-layout-flex wp-container-core-columns-is-layout-9d6595d7 wp-block-columns-is-layout-flex\">\n<div class=\"wp-block-column is-layout-flow wp-block-column-is-layout-flow\">\n<h3 class=\"wp-block-heading\">Couscous <\/h3>\n\n\n\n<p>Elaborado con trigo duro de peque\u00f1o tama\u00f1o, este cusc\u00fas combina a la perfecci\u00f3n con una gran variedad de sabores, por lo que es ideal para muchas aplicaciones. Riviana ofrece tres distintas variedades de cusc\u00fas incluyendo el cusc\u00fas marroqu\u00ed tradicional, el cusc\u00fas al estilo israel\u00ed y cusc\u00fas perlado. Esta pasta de cusc\u00fas absorbe los sabores con facilidad y se adapta bien a muchos platos y sabores regionales.<\/p>\n<\/div>\n\n\n\n<div class=\"wp-block-column is-layout-flow wp-block-column-is-layout-flow\">\n<h3 class=\"wp-block-heading\">Tri-color Couscous Blend<\/h3>\n\n\n\n<p>Con tres variedades diferentes de cusc\u00fas, esta mezcla tricolor de pasta es perfecta para una gran variedad de usos. La pasta de cusc\u00fas contiene gluten, y aunque a menudo se confunde con el arroz y otros cereales, est\u00e1 hecha de trigo duro.<\/p>\n<\/div>\n<\/div>\n<\/div><\/div>\n<\/div><\/div>\n\n\n\n<div style=\"height:5vh\" aria-hidden=\"true\" class=\"wp-block-spacer mvl-hidden\"><\/div>\n","protected":false},"excerpt":{"rendered":"<p>Entre nuestras variedades de couscous se incluyen el couscous tradicional marroqu\u00ed, as\u00ed como el couscous perlado y el couscous al estilo israel\u00ed, perfectos para cualquier aplicaci\u00f3n.<\/p>\n","protected":false},"featured_media":2353,"template":"","meta":{"_acf_changed":false,"footnotes":""},"product_category":[38],"class_list":["post-2282","product","type-product","status-publish","has-post-thumbnail","hentry","product_category-granos","entry"],"acf":[],"_links":{"self":[{"href":"https:\/\/rivianaindustrial.com\/es\/wp-json\/wp\/v2\/product\/2282","targetHints":{"allow":["GET"]}}],"collection":[{"href":"https:\/\/rivianaindustrial.com\/es\/wp-json\/wp\/v2\/product"}],"about":[{"href":"https:\/\/rivianaindustrial.com\/es\/wp-json\/wp\/v2\/types\/product"}],"version-history":[{"count":3,"href":"https:\/\/rivianaindustrial.com\/es\/wp-json\/wp\/v2\/product\/2282\/revisions"}],"predecessor-version":[{"id":3033,"href":"https:\/\/rivianaindustrial.com\/es\/wp-json\/wp\/v2\/product\/2282\/revisions\/3033"}],"wp:featuredmedia":[{"embeddable":true,"href":"https:\/\/rivianaindustrial.com\/es\/wp-json\/wp\/v2\/media\/2353"}],"wp:attachment":[{"href":"https:\/\/rivianaindustrial.com\/es\/wp-json\/wp\/v2\/media?parent=2282"}],"wp:term":[{"taxonomy":"product_category","embeddable":true,"href":"https:\/\/rivianaindustrial.com\/es\/wp-json\/wp\/v2\/product_category?post=2282"}],"curies":[{"name":"wp","href":"https:\/\/api.w.org\/{rel}","templated":true}]}}