{"id":2284,"date":"2022-08-31T02:15:02","date_gmt":"2022-08-31T07:15:02","guid":{"rendered":"https:\/\/rivianaindustrial.com\/?post_type=product&#038;p=2284"},"modified":"2022-11-24T01:45:19","modified_gmt":"2022-11-24T07:45:19","slug":"granos-precocinados","status":"publish","type":"product","link":"https:\/\/rivianaindustrial.com\/es\/producto\/granos-precocinados\/","title":{"rendered":"Granos Precocinados"},"content":{"rendered":"\n<header class=\"wp-block-group alignfull header-product has-toutou-background-color has-background\" style=\"padding-top:0px;padding-bottom:0px\"><div class=\"wp-block-group__inner-container is-layout-flow wp-block-group-is-layout-flow\">\n<div class=\"wp-block-columns alignfull are-vertically-aligned-center is-layout-flex wp-container-core-columns-is-layout-9d6595d7 wp-block-columns-is-layout-flex\">\n<div class=\"wp-block-column is-vertically-aligned-center is-layout-flow wp-block-column-is-layout-flow\">\n<div class=\"wp-block-cover is-light has-custom-content-position is-position-center-left\"><span aria-hidden=\"true\" class=\"wp-block-cover__background has-background-dim-0 has-background-dim\"><\/span><img loading=\"lazy\" decoding=\"async\" width=\"580\" height=\"386\" class=\"wp-block-cover__image-background wp-image-2481\" alt=\"OrganicCrispyRedQuinoa\" src=\"https:\/\/rivianaindustrial.com\/wp-content\/uploads\/2022\/08\/OrganicCrispyRedQuinoa149.jpg\" style=\"object-position:57% 52%\" data-object-fit=\"cover\" data-object-position=\"57% 52%\" srcset=\"https:\/\/rivianaindustrial.com\/wp-content\/uploads\/2022\/08\/OrganicCrispyRedQuinoa149.jpg 580w, https:\/\/rivianaindustrial.com\/wp-content\/uploads\/2022\/08\/OrganicCrispyRedQuinoa149-300x200.jpg 300w\" sizes=\"auto, (max-width: 580px) 100vw, 580px\" \/><div class=\"wp-block-cover__inner-container is-layout-flow wp-block-cover-is-layout-flow\">\n<p class=\"has-text-align-center has-large-font-size\"><\/p>\n<\/div><\/div>\n<\/div>\n\n\n\n<div class=\"wp-block-column is-vertically-aligned-center is-layout-flow wp-block-column-is-layout-flow\" style=\"padding-right:5vw\">\n<div style=\"height:5vh\" aria-hidden=\"true\" class=\"wp-block-spacer\"><\/div>\n\n\n\n<h1 class=\"wp-block-heading\">Granos Precocinados<\/h1>\n\n\n\n<p>Tanto si se trata de opciones de granos vaporizados como de granos instant\u00e1neos listos para comer, en Riviana encontrar\u00e1s la variedad perfecta para cualquier aplicaci\u00f3n. <\/p>\n\n\n\n<p>Descubre el grano perfecto para cualquier aplicaci\u00f3n y obt\u00e9n gracias a Riviana ingredientes m\u00e1s sanos y de mayor calidad.<\/p>\n\n\n\n<div class=\"wp-block-buttons is-layout-flex wp-block-buttons-is-layout-flex\">\n<div class=\"wp-block-button btn-link\"><a class=\"wp-block-button__link\" href=\"#form\">Solicitar una muestra<\/a><\/div>\n\n\n\n<div class=\"wp-block-button\"><a class=\"wp-block-button__link\" href=\"#reading\">Seguir leyendo<\/a><\/div>\n<\/div>\n\n\n\n<div style=\"height:5vh\" aria-hidden=\"true\" class=\"wp-block-spacer\"><\/div>\n<\/div>\n<\/div>\n<\/div><\/header>\n\n\n\n<div style=\"height:5vh\" aria-hidden=\"true\" id=\"reading\" class=\"wp-block-spacer\"><\/div>\n\n\n\n<div class=\"wp-block-group alignwide\"><div class=\"wp-block-group__inner-container is-layout-flow wp-block-group-is-layout-flow\">\n<div class=\"wp-block-columns alignfull is-layout-flex wp-container-core-columns-is-layout-b346b44c wp-block-columns-is-layout-flex\" style=\"padding-top:5vh;padding-bottom:5vh\">\n<div class=\"wp-block-column is-layout-flow wp-block-column-is-layout-flow\">\n<h2 class=\"border-left wp-block-heading\">Nuestros ingredientes son la base perfecta para tus recetas<\/h2>\n<\/div>\n<\/div>\n\n\n\n<div class=\"wp-block-group alignfull grill-products\"><div class=\"wp-block-group__inner-container is-layout-flow wp-block-group-is-layout-flow\">\n<div class=\"wp-block-columns alignwide full-three is-layout-flex wp-container-core-columns-is-layout-9d6595d7 wp-block-columns-is-layout-flex\">\n<div class=\"wp-block-column is-layout-flow wp-block-column-is-layout-flow\">\n<h3 class=\"wp-block-heading\">Black Barley<\/h3>\n\n\n\n<p>Al cocinar esta cebada vaporizada se consigue un color negro brillante y un delicioso sabor, lo que hace que llame la atenci\u00f3n en una amplia variedad de aplicaciones. Este extraordinario grano es muy apreciado desde hace generaciones en Etiop\u00eda.<\/p>\n<\/div>\n\n\n\n<div class=\"wp-block-column is-layout-flow wp-block-column-is-layout-flow\">\n<h3 class=\"wp-block-heading\">Organic Ready to Heat Crispy Red Quinoa<\/h3>\n\n\n\n<p>Este grano rico en prote\u00ednas ofrece un aroma a nuez, un color intenso y una textura \u00fanica al plato. Esta quinoa roja crujiente aporta un toque de color en m\u00faltiples aplicaciones, como barritas nutricionales o mezclas de aperitivos.<\/p>\n<\/div>\n<\/div>\n\n\n\n<div class=\"wp-block-columns alignwide full-three is-layout-flex wp-container-core-columns-is-layout-9d6595d7 wp-block-columns-is-layout-flex\">\n<div class=\"wp-block-column is-layout-flow wp-block-column-is-layout-flow\">\n<h3 class=\"wp-block-heading\">Ready to Eat Crispy White Quinoa<\/h3>\n\n\n\n<p>Este supergrano agrega un delicioso sabor a palomitas a aperitivos y una gran variedad de platos saludables. Es un ingrediente ideal para la elaboraci\u00f3n de barritas nutricionales y mezclas de aperitivos. Disponible en versi\u00f3n est\u00e1ndar y RTE.<\/p>\n<\/div>\n\n\n\n<div class=\"wp-block-column is-layout-flow wp-block-column-is-layout-flow\"><\/div>\n<\/div>\n<\/div><\/div>\n<\/div><\/div>\n\n\n\n<div style=\"height:5vh\" aria-hidden=\"true\" class=\"wp-block-spacer mvl-hidden\"><\/div>\n","protected":false},"excerpt":{"rendered":"<p>Desde granos vaporizados hasta opciones listas para comer, elige qu\u00e9 grano parcialmente cocido es el mejor para cada aplicaci\u00f3n.<\/p>\n","protected":false},"featured_media":3155,"template":"","meta":{"_acf_changed":false,"footnotes":""},"product_category":[38],"class_list":["post-2284","product","type-product","status-publish","has-post-thumbnail","hentry","product_category-granos","entry"],"acf":[],"_links":{"self":[{"href":"https:\/\/rivianaindustrial.com\/es\/wp-json\/wp\/v2\/product\/2284","targetHints":{"allow":["GET"]}}],"collection":[{"href":"https:\/\/rivianaindustrial.com\/es\/wp-json\/wp\/v2\/product"}],"about":[{"href":"https:\/\/rivianaindustrial.com\/es\/wp-json\/wp\/v2\/types\/product"}],"version-history":[{"count":3,"href":"https:\/\/rivianaindustrial.com\/es\/wp-json\/wp\/v2\/product\/2284\/revisions"}],"predecessor-version":[{"id":3202,"href":"https:\/\/rivianaindustrial.com\/es\/wp-json\/wp\/v2\/product\/2284\/revisions\/3202"}],"wp:featuredmedia":[{"embeddable":true,"href":"https:\/\/rivianaindustrial.com\/es\/wp-json\/wp\/v2\/media\/3155"}],"wp:attachment":[{"href":"https:\/\/rivianaindustrial.com\/es\/wp-json\/wp\/v2\/media?parent=2284"}],"wp:term":[{"taxonomy":"product_category","embeddable":true,"href":"https:\/\/rivianaindustrial.com\/es\/wp-json\/wp\/v2\/product_category?post=2284"}],"curies":[{"name":"wp","href":"https:\/\/api.w.org\/{rel}","templated":true}]}}