{"id":2286,"date":"2022-08-31T02:17:09","date_gmt":"2022-08-31T07:17:09","guid":{"rendered":"https:\/\/rivianaindustrial.com\/?post_type=product&#038;p=2286"},"modified":"2023-10-18T03:27:08","modified_gmt":"2023-10-18T08:27:08","slug":"mezclas-granos-variedad-especial","status":"publish","type":"product","link":"https:\/\/rivianaindustrial.com\/es\/producto\/mezclas-granos-variedad-especial\/","title":{"rendered":"Mezclas: granos de variedades especiales"},"content":{"rendered":"\n<header class=\"wp-block-group alignfull header-product has-toutou-background-color has-background\" style=\"padding-top:0px;padding-bottom:0px\"><div class=\"wp-block-group__inner-container is-layout-flow wp-block-group-is-layout-flow\">\n<div class=\"wp-block-columns alignfull are-vertically-aligned-center is-layout-flex wp-container-core-columns-is-layout-9d6595d7 wp-block-columns-is-layout-flex\">\n<div class=\"wp-block-column is-vertically-aligned-center is-layout-flow wp-block-column-is-layout-flow\">\n<div class=\"wp-block-cover is-light has-custom-content-position is-position-center-left\"><span aria-hidden=\"true\" class=\"wp-block-cover__background has-background-dim-0 has-background-dim\"><\/span><img loading=\"lazy\" decoding=\"async\" width=\"1618\" height=\"1080\" class=\"wp-block-cover__image-background wp-image-2378\" alt=\"Black Pearl Medley grain blend \" src=\"https:\/\/rivianaindustrial.com\/wp-content\/uploads\/2022\/08\/Grain-Perfect_Black-Pearl-Medley.jpg\" style=\"object-position:53% 41%\" data-object-fit=\"cover\" data-object-position=\"53% 41%\" srcset=\"https:\/\/rivianaindustrial.com\/wp-content\/uploads\/2022\/08\/Grain-Perfect_Black-Pearl-Medley.jpg 1618w, https:\/\/rivianaindustrial.com\/wp-content\/uploads\/2022\/08\/Grain-Perfect_Black-Pearl-Medley-300x200.jpg 300w, https:\/\/rivianaindustrial.com\/wp-content\/uploads\/2022\/08\/Grain-Perfect_Black-Pearl-Medley-1024x684.jpg 1024w, https:\/\/rivianaindustrial.com\/wp-content\/uploads\/2022\/08\/Grain-Perfect_Black-Pearl-Medley-768x513.jpg 768w, https:\/\/rivianaindustrial.com\/wp-content\/uploads\/2022\/08\/Grain-Perfect_Black-Pearl-Medley-1536x1025.jpg 1536w, https:\/\/rivianaindustrial.com\/wp-content\/uploads\/2022\/08\/Grain-Perfect_Black-Pearl-Medley-367x246.jpg 367w, https:\/\/rivianaindustrial.com\/wp-content\/uploads\/2022\/08\/Grain-Perfect_Black-Pearl-Medley-1568x1047.jpg 1568w\" sizes=\"auto, (max-width: 1618px) 100vw, 1618px\" \/><div class=\"wp-block-cover__inner-container is-layout-flow wp-block-cover-is-layout-flow\">\n\n<p class=\"has-text-align-center has-large-font-size\"><\/p>\n\n<\/div><\/div>\n<\/div>\n\n\n\n<div class=\"wp-block-column is-vertically-aligned-center is-layout-flow wp-block-column-is-layout-flow\" style=\"padding-right:5vw\">\n<div style=\"height:5vh\" aria-hidden=\"true\" class=\"wp-block-spacer\"><\/div>\n\n\n\n<h1 class=\"wp-block-heading\">Mezclas: granos de variedades especiales<\/h1>\n\n\n\n<p>Combinando diferentes granos, estas mezclas aportan color, textura y sabor en una amplia variedad de aplicaciones. Con una cartera diversa, Riviana ofrece diferentes mezclas de granos que incluyen quinoa, cebada, arroz salvaje, jazm\u00edn, bayas de trigo y otros granos. <\/p>\n\n\n\n<p>Descubre la mezcla de granos especiales perfecta para cualquier aplicaci\u00f3n y obt\u00e9n gracias a Riviana ingredientes m\u00e1s sanos y de mayor calidad.<\/p>\n\n\n\n<div class=\"wp-block-buttons is-layout-flex wp-block-buttons-is-layout-flex\">\n<div class=\"wp-block-button btn-link\"><a class=\"wp-block-button__link wp-element-button\" href=\"#form\">Solicitar una muestra<\/a><\/div>\n\n\n\n<div class=\"wp-block-button\"><a class=\"wp-block-button__link wp-element-button\" href=\"#reading\">Seguir leyendo<\/a><\/div>\n<\/div>\n\n\n\n<div style=\"height:5vh\" aria-hidden=\"true\" class=\"wp-block-spacer\"><\/div>\n<\/div>\n<\/div>\n<\/div><\/header>\n\n\n\n<div style=\"height:5vh\" aria-hidden=\"true\" id=\"reading\" class=\"wp-block-spacer\"><\/div>\n\n\n\n<div class=\"wp-block-group alignwide\"><div class=\"wp-block-group__inner-container is-layout-flow wp-block-group-is-layout-flow\">\n<div class=\"wp-block-columns alignfull is-layout-flex wp-container-core-columns-is-layout-b346b44c wp-block-columns-is-layout-flex\" style=\"padding-top:5vh;padding-bottom:5vh\">\n<div class=\"wp-block-column is-layout-flow wp-block-column-is-layout-flow\">\n<h2 class=\"wp-block-heading border-left\">Nuestros ingredientes son la base perfecta para tus recetas<\/h2>\n<\/div>\n<\/div>\n\n\n\n<div class=\"wp-block-group alignfull grill-products\"><div class=\"wp-block-group__inner-container is-layout-flow wp-block-group-is-layout-flow\">\n<div class=\"wp-block-columns alignwide full-three is-layout-flex wp-container-core-columns-is-layout-9d6595d7 wp-block-columns-is-layout-flex\">\n<div class=\"wp-block-column is-layout-flow wp-block-column-is-layout-flow\">\n<h3 class=\"wp-block-heading\">Black Pearl Medley\u00ae<\/h3>\n\n\n\n<p>Nuestro Black Pearl Medley\u00ae combina arroz integral, cebada negra y semillas de r\u00e1bano daikon. Esta mezcla es \u00fanica y aporta una incre\u00edble textura a una gran variedad de aplicaciones.<\/p>\n<\/div>\n\n\n\n<div class=\"wp-block-column is-layout-flow wp-block-column-is-layout-flow\">\n<h3 class=\"wp-block-heading\">Whole Grain Brown Rice and Quinoa Blend<\/h3>\n\n\n\n<p>Esta mezcla de cereales integrales sin gluten aporta a cualquier men\u00fa la cantidad necesaria de prote\u00edna de origen vegetal. Esta mezcla de arroz integral de grano largo, quinoa roja y negra es perfecta para una gran variedad de aplicaciones.<\/p>\n<\/div>\n\n\n\n<div class=\"wp-block-column is-layout-flow wp-block-column-is-layout-flow\">\n<h3 class=\"wp-block-heading\">Tri-Color Quinoa Blend<\/h3>\n\n\n\n<p>La quinoa blanca, roja y negra se combinan a la perfecci\u00f3n en esta mezcla que ofrece una textura \u00fanica, un sabor complejo y una presentaci\u00f3n visual impresionante. Tambi\u00e9n disponible en org\u00e1nico.<\/p>\n<\/div>\n<\/div>\n\n\n\n<div class=\"wp-block-columns alignwide full-three is-layout-flex wp-container-core-columns-is-layout-9d6595d7 wp-block-columns-is-layout-flex\">\n<div class=\"wp-block-column is-layout-flow wp-block-column-is-layout-flow\">\n<h3 class=\"wp-block-heading\">White and Red Quinoa Blend<\/h3>\n\n\n\n<p>Repleta de prote\u00ednas, esta mezcla de dos variedades de quinoa diferentes ofrece un vibrante contraste de color y sabor. Esta mezcla es org\u00e1nica de la USDA.<\/p>\n<\/div>\n\n\n\n<div class=\"wp-block-column is-layout-flow wp-block-column-is-layout-flow\">\n<h3 class=\"wp-block-heading\">Tri-Color Couscous Blend<\/h3>\n\n\n\n<p>Con tres variedades diferentes de cusc\u00fas, esta mezcla tricolor de pasta es perfecta para una gran variedad de usos. La pasta de cusc\u00fas contiene gluten, y aunque a menudo se confunde con el arroz y otros cereales, est\u00e1 hecha de trigo duro.<\/p>\n<\/div>\n\n\n\n<div class=\"wp-block-column is-layout-flow wp-block-column-is-layout-flow\">\n<h3 class=\"wp-block-heading\">Tri-Color Orzo Blend<\/h3>\n\n\n\n<p>El orzo es t\u00e9cnicamente una pasta, pero a menudo se confunde con el arroz por su peque\u00f1a forma. Sin embargo, contiene gluten y se encuentra con una amplia gama de opciones. Esta vibrante combinaci\u00f3n de tres variedades diferentes de orzo es una gran opci\u00f3n para muchos usos.<\/p>\n<\/div>\n<\/div>\n\n\n\n<div class=\"wp-block-columns alignwide full-three is-layout-flex wp-container-core-columns-is-layout-9d6595d7 wp-block-columns-is-layout-flex\">\n<div class=\"wp-block-column is-layout-flow wp-block-column-is-layout-flow\">\n<h3 class=\"wp-block-heading\">Golden Jewel\u00ae<\/h3>\n\n\n\n<p>Pasta y cereales para una gran variedad de recetas. Un colorido ramillete de cusc\u00fas perlado, pasta orzo tricolor, garbanzos tiernos partidos y delicada quinoa. Una elecci\u00f3n perfecta para cualquier men\u00fa.<\/p>\n<\/div>\n\n\n\n<div class=\"wp-block-column is-layout-flow wp-block-column-is-layout-flow\">\n<h3 class=\"wp-block-heading\">Ancient Grains Blend<\/h3>\n\n\n\n<p>El arroz integral vaporizado de grano largo, el arroz rojo Colusari\u2122 y el arroz integral de grano medio se combinan con arroz salvaje para obtener una mezcla granos integrales vers\u00e1til con un atractivo a la vista y al paladar.<\/p>\n<\/div>\n\n\n\n<div class=\"wp-block-column mvl-hidden is-layout-flow wp-block-column-is-layout-flow\"><\/div>\n<\/div>\n<\/div><\/div>\n<\/div><\/div>\n\n\n\n<div style=\"height:5vh\" aria-hidden=\"true\" class=\"wp-block-spacer mvl-hidden\"><\/div>\n","protected":false},"excerpt":{"rendered":"<p>Encuentra la variedad de mezcla de granos especiales que mejor se adapte a tus necesidades navegando entre todas nuestras opciones disponibles.<\/p>\n","protected":false},"featured_media":2378,"template":"","meta":{"_acf_changed":false,"footnotes":""},"product_category":[38],"class_list":["post-2286","product","type-product","status-publish","has-post-thumbnail","hentry","product_category-granos","entry"],"acf":[],"_links":{"self":[{"href":"https:\/\/rivianaindustrial.com\/es\/wp-json\/wp\/v2\/product\/2286","targetHints":{"allow":["GET"]}}],"collection":[{"href":"https:\/\/rivianaindustrial.com\/es\/wp-json\/wp\/v2\/product"}],"about":[{"href":"https:\/\/rivianaindustrial.com\/es\/wp-json\/wp\/v2\/types\/product"}],"version-history":[{"count":8,"href":"https:\/\/rivianaindustrial.com\/es\/wp-json\/wp\/v2\/product\/2286\/revisions"}],"predecessor-version":[{"id":3371,"href":"https:\/\/rivianaindustrial.com\/es\/wp-json\/wp\/v2\/product\/2286\/revisions\/3371"}],"wp:featuredmedia":[{"embeddable":true,"href":"https:\/\/rivianaindustrial.com\/es\/wp-json\/wp\/v2\/media\/2378"}],"wp:attachment":[{"href":"https:\/\/rivianaindustrial.com\/es\/wp-json\/wp\/v2\/media?parent=2286"}],"wp:term":[{"taxonomy":"product_category","embeddable":true,"href":"https:\/\/rivianaindustrial.com\/es\/wp-json\/wp\/v2\/product_category?post=2286"}],"curies":[{"name":"wp","href":"https:\/\/api.w.org\/{rel}","templated":true}]}}