{"id":2414,"date":"2022-09-01T03:00:56","date_gmt":"2022-09-01T08:00:56","guid":{"rendered":"https:\/\/rivianaindustrial.com\/?post_type=product&#038;p=2414"},"modified":"2023-10-18T03:07:42","modified_gmt":"2023-10-18T08:07:42","slug":"mezclas-arroces-variedad-especial","status":"publish","type":"product","link":"https:\/\/rivianaindustrial.com\/es\/producto\/mezclas-arroces-variedad-especial\/","title":{"rendered":"Mezclas: arroces de variedades especiales"},"content":{"rendered":"\n<header class=\"wp-block-group alignfull header-product has-toutou-background-color has-background\" style=\"padding-top:0px;padding-bottom:0px\"><div class=\"wp-block-group__inner-container is-layout-flow wp-block-group-is-layout-flow\">\n<div class=\"wp-block-columns alignfull are-vertically-aligned-center is-layout-flex wp-container-core-columns-is-layout-9d6595d7 wp-block-columns-is-layout-flex\">\n<div class=\"wp-block-column is-vertically-aligned-center is-layout-flow wp-block-column-is-layout-flow\">\n<div class=\"wp-block-cover is-light has-custom-content-position is-position-center-left\"><span aria-hidden=\"true\" class=\"wp-block-cover__background has-background-dim-0 has-background-dim\"><\/span><img loading=\"lazy\" decoding=\"async\" width=\"1620\" height=\"1080\" class=\"wp-block-cover__image-background wp-image-2375\" alt=\"Whole grain 5 rice blend\" src=\"https:\/\/rivianaindustrial.com\/wp-content\/uploads\/2022\/09\/219030_E_WholeGrain5Blend_0419.jpg\" style=\"object-position:61% 41%\" data-object-fit=\"cover\" data-object-position=\"61% 41%\" srcset=\"https:\/\/rivianaindustrial.com\/wp-content\/uploads\/2022\/09\/219030_E_WholeGrain5Blend_0419.jpg 1620w, https:\/\/rivianaindustrial.com\/wp-content\/uploads\/2022\/09\/219030_E_WholeGrain5Blend_0419-300x200.jpg 300w, https:\/\/rivianaindustrial.com\/wp-content\/uploads\/2022\/09\/219030_E_WholeGrain5Blend_0419-1024x683.jpg 1024w, https:\/\/rivianaindustrial.com\/wp-content\/uploads\/2022\/09\/219030_E_WholeGrain5Blend_0419-768x512.jpg 768w, https:\/\/rivianaindustrial.com\/wp-content\/uploads\/2022\/09\/219030_E_WholeGrain5Blend_0419-1536x1024.jpg 1536w, https:\/\/rivianaindustrial.com\/wp-content\/uploads\/2022\/09\/219030_E_WholeGrain5Blend_0419-367x246.jpg 367w, https:\/\/rivianaindustrial.com\/wp-content\/uploads\/2022\/09\/219030_E_WholeGrain5Blend_0419-1568x1045.jpg 1568w\" sizes=\"auto, (max-width: 1620px) 100vw, 1620px\" \/><div class=\"wp-block-cover__inner-container is-layout-flow wp-block-cover-is-layout-flow\">\n\n<p class=\"has-text-align-center has-large-font-size\"><\/p>\n\n<\/div><\/div>\n<\/div>\n\n\n\n<div class=\"wp-block-column is-vertically-aligned-center is-layout-flow wp-block-column-is-layout-flow\" style=\"padding-right:5vw\">\n<div style=\"height:5vh\" aria-hidden=\"true\" class=\"wp-block-spacer\"><\/div>\n\n\n\n<h1 class=\"wp-block-heading\">Mezclas: arroces de variedades especiales<\/h1>\n\n\n\n<p>Las mezclas de arroces de variedades especiales de Riviana, visualmente atractivas y de uso vers\u00e1til, son ideales para utilizarlas en una amplia variedad de aplicaciones. Como l\u00edder mundial en el sector del arroz, Riviana ofrece muchos tipos diferentes de arroces de variedades especiales.<\/p>\n\n\n\n<p>\u00danicas en calidad e innovaci\u00f3n, estas mezclas especiales de arroz incluyen todo, desde arroz jazm\u00edn arom\u00e1tico hasta arroz blanco vaporizado, arroz salvaje y m\u00e1s. Descubre la mezcla de arroz perfecta para cualquier aplicaci\u00f3n y conf\u00eda en Riviana para obtener los ingredientes m\u00e1s saludables y de calidad.<\/p>\n\n\n\n<div class=\"wp-block-buttons is-layout-flex wp-block-buttons-is-layout-flex\">\n<div class=\"wp-block-button btn-link\"><a class=\"wp-block-button__link wp-element-button\" href=\"#form\">Solicitar una muestra<\/a><\/div>\n\n\n\n<div class=\"wp-block-button\"><a class=\"wp-block-button__link wp-element-button\" href=\"#reading\">Seguir leyendo<\/a><\/div>\n<\/div>\n\n\n\n<div style=\"height:5vh\" aria-hidden=\"true\" class=\"wp-block-spacer\"><\/div>\n<\/div>\n<\/div>\n<\/div><\/header>\n\n\n\n<div style=\"height:5vh\" aria-hidden=\"true\" id=\"reading\" class=\"wp-block-spacer\"><\/div>\n\n\n\n<div class=\"wp-block-group alignwide\"><div class=\"wp-block-group__inner-container is-layout-flow wp-block-group-is-layout-flow\">\n<div class=\"wp-block-columns alignfull is-layout-flex wp-container-core-columns-is-layout-b346b44c wp-block-columns-is-layout-flex\" style=\"padding-top:5vh;padding-bottom:5vh\">\n<div class=\"wp-block-column is-layout-flow wp-block-column-is-layout-flow\">\n<h2 class=\"wp-block-heading border-left\">Nuestros ingredientes son la base perfecta para tus recetas<\/h2>\n<\/div>\n<\/div>\n\n\n\n<div class=\"wp-block-group alignfull grill-products\"><div class=\"wp-block-group__inner-container is-layout-flow wp-block-group-is-layout-flow\">\n<div class=\"wp-block-columns alignwide full-three is-layout-flex wp-container-core-columns-is-layout-9d6595d7 wp-block-columns-is-layout-flex\">\n<div class=\"wp-block-column is-layout-flow wp-block-column-is-layout-flow\">\n<h3 class=\"wp-block-heading\">Jasmine Blend <\/h3>\n\n\n\n<p>Jasmine Blend ofrece una delicada textura gracias al arom\u00e1tico arroz jazm\u00edn, junto con los coloridos acentos de los garbanzos tiernos partidos y las semillas de r\u00e1bano daikon.<\/p>\n<\/div>\n\n\n\n<div class=\"wp-block-column is-layout-flow wp-block-column-is-layout-flow\">\n<h3 class=\"wp-block-heading\">Long Grain White and Wild Rice Blend<\/h3>\n\n\n\n<p>Esta mezcla de arroz blanco de grano largo y arroz salvaje presenta un est\u00e1ndar consistente de arroz vaporizado y arroz salvaje. Atractivo gourmet con contraste de texturas para una variedad de aplicaciones.<\/p>\n<\/div>\n<\/div>\n\n\n\n<div class=\"wp-block-columns alignwide full-three is-layout-flex wp-container-core-columns-is-layout-9d6595d7 wp-block-columns-is-layout-flex\">\n<div class=\"wp-block-column is-layout-flow wp-block-column-is-layout-flow\">\n<h3 class=\"wp-block-heading\">Whole Grain 5 Blend\u2122<\/h3>\n\n\n\n<p>El arroz integral vaporizado de grano largo, el arroz rojo Colusari\u2122 y el arroz integral germinado se combinan con el arroz salvaje para obtener una mezcla vers\u00e1til de cereales integrales con un atractivo visual a juego.<\/p>\n<\/div>\n\n\n\n<div class=\"wp-block-column is-layout-flow wp-block-column-is-layout-flow\">\n<h3 class=\"wp-block-heading\">Kansas Medley\u2122 Blend<\/h3>\n\n\n\n<p>Esta mezcla proporciona un \u00e9xito en el men\u00fa gracias a su aspecto y a su gran capacidad de retenci\u00f3n. Se compone de arroz de grano largo vaporizado, bayas de trigo y arroz salvaje.<\/p>\n<\/div>\n<\/div>\n\n\n\n<div class=\"wp-block-columns alignwide full-three is-layout-flex wp-container-core-columns-is-layout-9d6595d7 wp-block-columns-is-layout-flex\">\n<div class=\"wp-block-column is-layout-flow wp-block-column-is-layout-flow\">\n<h3 class=\"wp-block-heading\">Non-GMO Wild Blend Rice<\/h3>\n\n\n\n<p>Elaborada con arroz integral, arroz integral dulce, arroz salvaje, arroz rojo y arroz negro, esta mezcla es Non-GMO Project Verified con el fin de proporcionar ingredientes de la mejor calidad para una amplia variedad de aplicaciones.<\/p>\n<\/div>\n\n\n\n<div class=\"wp-block-column is-layout-flow wp-block-column-is-layout-flow\">\n<h3 class=\"wp-block-heading\">Ruby Wild Blend\u2122<\/h3>\n\n\n\n<p>El arroz integral de grano largo, el arroz rojo Colusari\u2122 y el arroz salvaje se combinan para crear una mezcla de gran sabor, sin gluten, integral y que es un caballo ganador por su gran capacidad de retenci\u00f3n y versatilidad.<\/p>\n<\/div>\n<\/div>\n<\/div><\/div>\n<\/div><\/div>\n\n\n\n<div style=\"height:5vh\" aria-hidden=\"true\" class=\"wp-block-spacer mvl-hidden\"><\/div>\n","protected":false},"excerpt":{"rendered":"<p>Las mezclas de Riviana compuestos por arroces de variedades especiales son visualmente atractivas y de uso vers\u00e1til. <\/p>\n","protected":false},"featured_media":2375,"template":"","meta":{"_acf_changed":false,"footnotes":""},"product_category":[34],"class_list":["post-2414","product","type-product","status-publish","has-post-thumbnail","hentry","product_category-arroz","entry"],"acf":[],"_links":{"self":[{"href":"https:\/\/rivianaindustrial.com\/es\/wp-json\/wp\/v2\/product\/2414","targetHints":{"allow":["GET"]}}],"collection":[{"href":"https:\/\/rivianaindustrial.com\/es\/wp-json\/wp\/v2\/product"}],"about":[{"href":"https:\/\/rivianaindustrial.com\/es\/wp-json\/wp\/v2\/types\/product"}],"version-history":[{"count":6,"href":"https:\/\/rivianaindustrial.com\/es\/wp-json\/wp\/v2\/product\/2414\/revisions"}],"predecessor-version":[{"id":3365,"href":"https:\/\/rivianaindustrial.com\/es\/wp-json\/wp\/v2\/product\/2414\/revisions\/3365"}],"wp:featuredmedia":[{"embeddable":true,"href":"https:\/\/rivianaindustrial.com\/es\/wp-json\/wp\/v2\/media\/2375"}],"wp:attachment":[{"href":"https:\/\/rivianaindustrial.com\/es\/wp-json\/wp\/v2\/media?parent=2414"}],"wp:term":[{"taxonomy":"product_category","embeddable":true,"href":"https:\/\/rivianaindustrial.com\/es\/wp-json\/wp\/v2\/product_category?post=2414"}],"curies":[{"name":"wp","href":"https:\/\/api.w.org\/{rel}","templated":true}]}}