{"id":3406,"date":"2024-01-09T11:42:53","date_gmt":"2024-01-09T17:42:53","guid":{"rendered":"https:\/\/rivianaindustrial.com\/?post_type=product&#038;p=3406"},"modified":"2024-04-30T05:38:39","modified_gmt":"2024-04-30T10:38:39","slug":"arroz-iqf","status":"publish","type":"product","link":"https:\/\/rivianaindustrial.com\/es\/producto\/arroz-iqf\/","title":{"rendered":"Arroz IQF"},"content":{"rendered":"\n<header class=\"wp-block-group alignfull header-product has-toutou-background-color has-background\" style=\"padding-top:0px;padding-bottom:0px\"><div class=\"wp-block-group__inner-container is-layout-flow wp-block-group-is-layout-flow\">\n<div class=\"wp-block-columns alignfull are-vertically-aligned-center is-layout-flex wp-container-core-columns-is-layout-9d6595d7 wp-block-columns-is-layout-flex\">\n<div class=\"wp-block-column is-vertically-aligned-center is-layout-flow wp-block-column-is-layout-flow\">\n<div class=\"wp-block-cover has-custom-content-position is-position-center-left\"><span aria-hidden=\"true\" class=\"wp-block-cover__background has-background-dim-0 has-background-dim\" style=\"background-color:#786d63\"><\/span><img loading=\"lazy\" decoding=\"async\" width=\"1254\" height=\"836\" class=\"wp-block-cover__image-background wp-image-3408\" alt=\"\" src=\"https:\/\/rivianaindustrial.com\/wp-content\/uploads\/2024\/01\/iStock-1040506198.jpeg\" data-object-fit=\"cover\" srcset=\"https:\/\/rivianaindustrial.com\/wp-content\/uploads\/2024\/01\/iStock-1040506198.jpeg 1254w, https:\/\/rivianaindustrial.com\/wp-content\/uploads\/2024\/01\/iStock-1040506198-300x200.jpeg 300w, https:\/\/rivianaindustrial.com\/wp-content\/uploads\/2024\/01\/iStock-1040506198-1024x683.jpeg 1024w, https:\/\/rivianaindustrial.com\/wp-content\/uploads\/2024\/01\/iStock-1040506198-768x512.jpeg 768w, https:\/\/rivianaindustrial.com\/wp-content\/uploads\/2024\/01\/iStock-1040506198-367x246.jpeg 367w\" sizes=\"auto, (max-width: 1254px) 100vw, 1254px\" \/><div class=\"wp-block-cover__inner-container is-layout-flow wp-block-cover-is-layout-flow\">\n<p class=\"has-text-align-center has-large-font-size\"><\/p>\n<\/div><\/div>\n<\/div>\n\n\n\n<div class=\"wp-block-column is-vertically-aligned-center is-layout-flow wp-block-column-is-layout-flow\" style=\"padding-right:5vw\">\n<div style=\"height:5vh\" aria-hidden=\"true\" class=\"wp-block-spacer\"><\/div>\n\n\n\n<h1 class=\"wp-block-heading\">Arroz IQF<\/h1>\n\n\n\n<p>Acceda a los productos de tendencia m\u00e1s recientes en variedades convencionales y org\u00e1nicas, con los mejores sabores y texturas.<\/p>\n\n\n\n<p>Gracias a nuestra cadena de suministro global, podemos acceder a los productos m\u00e1s recientes y en auge, dentro de una amplia selecci\u00f3n de colores y con los mejores sabores y texturas disponibles en el mercado, entre los que se incluyen granos org\u00e1nicos y convencionales, y que cuentan con la verificaci\u00f3n del Proyecto Non GMO, los certificados SQF (Safety Quality Food), Kosher y Halal.<\/p>\n\n\n\n<p>Todos nuestros productos se cocinan y se congelan sin agregar ning\u00fan tipo de conservante, colorante sint\u00e9tico o aditivos. Gracias a nuestros centros de investigaci\u00f3n y desarrollo, situados tanto en Estados Unidos como en Europa, podemos realizar mejoras constantes en nuestros productos y servicios para proporcionar tranquilidad a nuestros clientes.<\/p>\n\n\n\n<div class=\"wp-block-buttons is-layout-flex wp-block-buttons-is-layout-flex\">\n<div class=\"wp-block-button btn-link\"><a class=\"wp-block-button__link wp-element-button\" href=\"#form\">Solicitar una muestra<\/a><\/div>\n\n\n\n<div class=\"wp-block-button\"><a class=\"wp-block-button__link wp-element-button\" href=\"#reading\">Seguir leyendo<\/a><\/div>\n<\/div>\n\n\n\n<div style=\"height:5vh\" aria-hidden=\"true\" class=\"wp-block-spacer\"><\/div>\n<\/div>\n<\/div>\n<\/div><\/header>\n\n\n\n<div style=\"height:5vh\" aria-hidden=\"true\" id=\"reading\" class=\"wp-block-spacer\"><\/div>\n\n\n\n<div class=\"wp-block-group alignwide\"><div class=\"wp-block-group__inner-container is-layout-flow wp-block-group-is-layout-flow\">\n<div class=\"wp-block-columns alignfull is-layout-flex wp-container-core-columns-is-layout-b346b44c wp-block-columns-is-layout-flex\" style=\"padding-top:5vh;padding-bottom:5vh\">\n<div class=\"wp-block-column is-layout-flow wp-block-column-is-layout-flow\">\n<h2 class=\"wp-block-heading border-left\">Arroz de alta calidad, precocinado y congelado. Acceda a los productos de \u00faltima tendencia en variedades convencionales y org\u00e1nicas, con los mejores sabores y texturas.<\/h2>\n<\/div>\n<\/div>\n\n\n\n<div class=\"wp-block-group alignfull grill-products\"><div class=\"wp-block-group__inner-container is-layout-flow wp-block-group-is-layout-flow\">\n<div class=\"wp-block-columns alignwide full-three is-layout-flex wp-container-core-columns-is-layout-9d6595d7 wp-block-columns-is-layout-flex\">\n<div class=\"wp-block-column is-layout-flow wp-block-column-is-layout-flow\">\n<h3 class=\"wp-block-heading\">Arborio<\/h3>\n\n\n\n<p>Este arroz de grano medio contiene una elevada composici\u00f3n de almid\u00f3n, que le confiere una textura suave y cremosa al cocinarlo. El arborio es el arroz preferido para el risotto.<\/p>\n<\/div>\n\n\n\n<div class=\"wp-block-column is-layout-flow wp-block-column-is-layout-flow\">\n<h3 class=\"wp-block-heading\">Basmati<\/h3>\n\n\n\n<p>El arroz basmati es originario de la India y Pakist\u00e1n, desde donde se importa. Es una variedad arom\u00e1tica de grano largo con un sabor dulce y una textura ligera y delicada.<\/p>\n<\/div>\n<\/div>\n\n\n\n<div class=\"wp-block-columns alignwide full-three is-layout-flex wp-container-core-columns-is-layout-9d6595d7 wp-block-columns-is-layout-flex\">\n<div class=\"wp-block-column is-layout-flow wp-block-column-is-layout-flow\">\n<h3 class=\"wp-block-heading\">Jazm\u00edn<\/h3>\n\n\n\n<p>El arroz jazm\u00edn es una variedad arom\u00e1tica de arroz de grano largo importada de Tailandia que al cocinarse proporciona una textura suave, ligeramente glutinosa y esponjosa.<\/p>\n<\/div>\n\n\n\n<div class=\"wp-block-column is-layout-flow wp-block-column-is-layout-flow\">\n<h3 class=\"wp-block-heading\">Arroz de grano medio blanco e integral<\/h3>\n\n\n\n<p>El arroz de grano medio se caracteriza por tener una textura m\u00e1s glutinosa y tierna que el arroz de grano largo. Estas variedades se utilizan principalmente en platos y mezclas de arroz, arroz con leche y otros postres preparados a base de arroz.<\/p>\n<\/div>\n<\/div>\n\n\n\n<div class=\"wp-block-columns alignwide full-three is-layout-flex wp-container-core-columns-is-layout-9d6595d7 wp-block-columns-is-layout-flex\">\n<div class=\"wp-block-column is-layout-flow wp-block-column-is-layout-flow\">\n<h3 class=\"wp-block-heading\">Black<\/h3>\n\n\n\n<p>El arroz negro est\u00e1 disponible en las variedades <em>forbidden<\/em> y <em>nerone<\/em>. Sus granos tienen un interior muy sutil y un sabor terroso a nuez.<\/p>\n<\/div>\n\n\n\n<div class=\"wp-block-column is-layout-flow wp-block-column-is-layout-flow\">\n<h3 class=\"wp-block-heading\">Salvaje<\/h3>\n\n\n\n<p>El arroz salvaje puede utilizarse como ingrediente gourmet en sopas, rellenos y guisos, y aporta un excelente contraste visual y de texturas. Tiene un sabor a nuez y una mordida muy \u2018al dente\u2019.<\/p>\n<\/div>\n<\/div>\n\n\n\n<div class=\"wp-block-columns alignwide full-three is-layout-flex wp-container-core-columns-is-layout-9d6595d7 wp-block-columns-is-layout-flex\">\n<div class=\"wp-block-column is-layout-flow wp-block-column-is-layout-flow\">\n<h3 class=\"wp-block-heading\">Calrose<\/h3>\n\n\n\n<p>El arroz de grano largo vaporizado integral y el arroz rojo Colusari\u2122 se combinan con arroz salvaje para obtener una mezcla de cereales integrales muy vers\u00e1til y con un alto atractivo visual.<\/p>\n<\/div>\n\n\n\n<div class=\"wp-block-column is-layout-flow wp-block-column-is-layout-flow\">\n<h3 class=\"wp-block-heading\">Arroz largo vaporizado blanco e integral<\/h3>\n\n\n\n<p>En el proceso de vaporizaci\u00f3n de estas variedades, los granos de arroz adquieren una apariencia m\u00e1s separada, al mismo tiempo que se garantiza una cocci\u00f3n \u00f3ptima hasta conseguir una textura m\u00e1s firme. El tiempo de cocci\u00f3n es ligeramente superior al de las variedades tradicionales o instant\u00e1neas.<\/p>\n<\/div>\n<\/div>\n\n\n\n<div class=\"wp-block-columns alignwide full-three is-layout-flex wp-container-core-columns-is-layout-9d6595d7 wp-block-columns-is-layout-flex\">\n<div class=\"wp-block-column is-layout-flow wp-block-column-is-layout-flow\">\n<h3 class=\"wp-block-heading\">Dixiebelle<\/h3>\n\n\n\n<p>El aspecto y la gran capacidad de absorci\u00f3n de sabores de esta mezcla te ayudar\u00e1n a lograr el \u00e9xito en tu men\u00fa. Se compone de arroz de grano largo vaporizado, granos de trigo y arroz salvaje.<\/p>\n<\/div>\n\n\n\n<div class=\"wp-block-column is-layout-flow wp-block-column-is-layout-flow\">\n<h3 class=\"wp-block-heading\">Red<\/h3>\n\n\n\n<p>El arroz rojo tiene un sabor dulce a nuez, con una textura m\u00e1s firme que el arroz blanco pulido.<\/p>\n<\/div>\n<\/div>\n<\/div><\/div>\n<\/div><\/div>\n\n\n\n<div style=\"height:5vh\" aria-hidden=\"true\" class=\"wp-block-spacer mvl-hidden\"><\/div>\n","protected":false},"excerpt":{"rendered":"<p>Las mezclas de Riviana compuestos por arroces de variedades especiales son visualmente atractivas y de uso vers\u00e1til. <\/p>\n","protected":false},"featured_media":3408,"template":"","meta":{"_acf_changed":false,"footnotes":""},"product_category":[],"class_list":["post-3406","product","type-product","status-publish","has-post-thumbnail","hentry","entry"],"acf":[],"_links":{"self":[{"href":"https:\/\/rivianaindustrial.com\/es\/wp-json\/wp\/v2\/product\/3406","targetHints":{"allow":["GET"]}}],"collection":[{"href":"https:\/\/rivianaindustrial.com\/es\/wp-json\/wp\/v2\/product"}],"about":[{"href":"https:\/\/rivianaindustrial.com\/es\/wp-json\/wp\/v2\/types\/product"}],"version-history":[{"count":4,"href":"https:\/\/rivianaindustrial.com\/es\/wp-json\/wp\/v2\/product\/3406\/revisions"}],"predecessor-version":[{"id":3480,"href":"https:\/\/rivianaindustrial.com\/es\/wp-json\/wp\/v2\/product\/3406\/revisions\/3480"}],"wp:featuredmedia":[{"embeddable":true,"href":"https:\/\/rivianaindustrial.com\/es\/wp-json\/wp\/v2\/media\/3408"}],"wp:attachment":[{"href":"https:\/\/rivianaindustrial.com\/es\/wp-json\/wp\/v2\/media?parent=3406"}],"wp:term":[{"taxonomy":"product_category","embeddable":true,"href":"https:\/\/rivianaindustrial.com\/es\/wp-json\/wp\/v2\/product_category?post=3406"}],"curies":[{"name":"wp","href":"https:\/\/api.w.org\/{rel}","templated":true}]}}