{"id":3413,"date":"2024-01-09T11:51:21","date_gmt":"2024-01-09T17:51:21","guid":{"rendered":"https:\/\/rivianaindustrial.com\/?post_type=product&#038;p=3413"},"modified":"2024-04-30T05:37:56","modified_gmt":"2024-04-30T10:37:56","slug":"granos-iqf","status":"publish","type":"product","link":"https:\/\/rivianaindustrial.com\/es\/producto\/granos-iqf\/","title":{"rendered":"Granos IQF"},"content":{"rendered":"\n<header class=\"wp-block-group alignfull header-product has-toutou-background-color has-background\" style=\"padding-top:0px;padding-bottom:0px\"><div class=\"wp-block-group__inner-container is-layout-flow wp-block-group-is-layout-flow\">\n<div class=\"wp-block-columns alignfull are-vertically-aligned-center is-layout-flex wp-container-core-columns-is-layout-9d6595d7 wp-block-columns-is-layout-flex\">\n<div class=\"wp-block-column is-vertically-aligned-center is-layout-flow wp-block-column-is-layout-flow\">\n<div class=\"wp-block-cover is-light has-custom-content-position is-position-center-left\"><span aria-hidden=\"true\" class=\"wp-block-cover__background has-background-dim-0 has-background-dim\" style=\"background-color:#bab8b9\"><\/span><img loading=\"lazy\" decoding=\"async\" width=\"1631\" height=\"1019\" class=\"wp-block-cover__image-background wp-image-3415\" alt=\"\" src=\"https:\/\/rivianaindustrial.com\/wp-content\/uploads\/2024\/01\/EFNA-lentils-salad-edited.jpeg\" data-object-fit=\"cover\" srcset=\"https:\/\/rivianaindustrial.com\/wp-content\/uploads\/2024\/01\/EFNA-lentils-salad-edited.jpeg 1631w, https:\/\/rivianaindustrial.com\/wp-content\/uploads\/2024\/01\/EFNA-lentils-salad-edited-300x187.jpeg 300w, https:\/\/rivianaindustrial.com\/wp-content\/uploads\/2024\/01\/EFNA-lentils-salad-edited-1024x640.jpeg 1024w, https:\/\/rivianaindustrial.com\/wp-content\/uploads\/2024\/01\/EFNA-lentils-salad-edited-768x480.jpeg 768w, https:\/\/rivianaindustrial.com\/wp-content\/uploads\/2024\/01\/EFNA-lentils-salad-edited-1536x960.jpeg 1536w, https:\/\/rivianaindustrial.com\/wp-content\/uploads\/2024\/01\/EFNA-lentils-salad-edited-1568x980.jpeg 1568w\" sizes=\"auto, (max-width: 1631px) 100vw, 1631px\" \/><div class=\"wp-block-cover__inner-container is-layout-flow wp-block-cover-is-layout-flow\">\n<p class=\"has-text-align-center has-large-font-size\"><\/p>\n<\/div><\/div>\n<\/div>\n\n\n\n<div class=\"wp-block-column is-vertically-aligned-center is-layout-flow wp-block-column-is-layout-flow\" style=\"padding-right:5vw\">\n<div style=\"height:5vh\" aria-hidden=\"true\" class=\"wp-block-spacer\"><\/div>\n\n\n\n<h1 class=\"wp-block-heading\">Granos IQF<\/h1>\n\n\n\n<p>Nuestros granos IQF son la base ideal para la innovaci\u00f3n en recetas y men\u00fas, ofreciendo un mundo de colores, texturas y sabores, tanto en variedades convencionales como org\u00e1nicas.<\/p>\n\n\n\n<p>Gracias a nuestra cadena de suministro global, podemos acceder a los productos m\u00e1s recientes y en auge, dentro de una amplia selecci\u00f3n de colores y con los mejores sabores y texturas disponibles en el mercado, entre los que se incluyen granos org\u00e1nicos y convencionales, y que cuentan con la verificaci\u00f3n del Proyecto non-GMO, los certificados SQF (Safety Quality Food), Kosher y Halal.<\/p>\n\n\n\n<p>Todos nuestros productos se cocinan y congelan sin agregar ning\u00fan tipo de conservante, colorante sint\u00e9tico o aditivos. Gracias a nuestros centros de investigaci\u00f3n y desarrollo, situados tanto en Estados Unidos como en Europa, podemos realizar mejoras constantes en nuestros productos y servicios para proporcionar tranquilidad a nuestros clientes.<\/p>\n\n\n\n<div class=\"wp-block-buttons is-layout-flex wp-block-buttons-is-layout-flex\">\n<div class=\"wp-block-button btn-link\"><a class=\"wp-block-button__link wp-element-button\" href=\"#form\">Solicitar una muestra<\/a><\/div>\n\n\n\n<div class=\"wp-block-button\"><a class=\"wp-block-button__link wp-element-button\" href=\"#reading\">Seguir leyendo<\/a><\/div>\n<\/div>\n\n\n\n<div style=\"height:5vh\" aria-hidden=\"true\" class=\"wp-block-spacer\"><\/div>\n<\/div>\n<\/div>\n<\/div><\/header>\n\n\n\n<div style=\"height:5vh\" aria-hidden=\"true\" id=\"reading\" class=\"wp-block-spacer\"><\/div>\n\n\n\n<div class=\"wp-block-group alignwide\"><div class=\"wp-block-group__inner-container is-layout-flow wp-block-group-is-layout-flow\">\n<div class=\"wp-block-columns alignfull is-layout-flex wp-container-core-columns-is-layout-b346b44c wp-block-columns-is-layout-flex\" style=\"padding-top:5vh;padding-bottom:5vh\">\n<div class=\"wp-block-column is-layout-flow wp-block-column-is-layout-flow\">\n<h2 class=\"wp-block-heading border-left\">Granos que son mucho m\u00e1s que granos. Acceda a los productos de \u00faltima tendencia, y a los mejores sabores y texturas disponibles desde cualquier lugar.<\/h2>\n<\/div>\n<\/div>\n\n\n\n<div class=\"wp-block-group alignfull grill-products\"><div class=\"wp-block-group__inner-container is-layout-flow wp-block-group-is-layout-flow\">\n<div class=\"wp-block-columns alignwide full-three is-layout-flex wp-container-core-columns-is-layout-9d6595d7 wp-block-columns-is-layout-flex\">\n<div class=\"wp-block-column is-layout-flow wp-block-column-is-layout-flow\">\n<h3 class=\"wp-block-heading\">Avena integral sin gluten<\/h3>\n\n\n\n<p>Todos los beneficios de la avena integral, en un formato certificado sin gluten.<\/p>\n<\/div>\n\n\n\n<div class=\"wp-block-column is-layout-flow wp-block-column-is-layout-flow\">\n<h3 class=\"wp-block-heading\">Quinoa<\/h3>\n\n\n\n<p>La quinoa es un grano ancestral sabroso y vers\u00e1til, cuyo origen se remonta a la \u00e9poca de los Incas. Sus semillas son peque\u00f1as y redondas, presentan un color marr\u00f3n p\u00e1lido, un sabor suave y textura firme. Disponible en semillas rojas, negras y tricolor.<\/p>\n<\/div>\n<\/div>\n\n\n\n<div class=\"wp-block-columns alignwide full-three is-layout-flex wp-container-core-columns-is-layout-9d6595d7 wp-block-columns-is-layout-flex\">\n<div class=\"wp-block-column is-layout-flow wp-block-column-is-layout-flow\">\n<h3 class=\"wp-block-heading\">Trigo sarraceno<\/h3>\n\n\n\n<p>Este grano ancestral no contiene gluten y es una buena fuente de fibra.<\/p>\n<\/div>\n\n\n\n<div class=\"wp-block-column is-layout-flow wp-block-column-is-layout-flow\">\n<h3 class=\"wp-block-heading\">Garbanzos<\/h3>\n\n\n\n<p>Los garbanzos son originarios de Oriente Medio. Estas legumbres son populares por su ligero sabor a nuez y su textura ligeramente granulada, que combina con una gran variedad de alimentos e ingredientes.<\/p>\n<\/div>\n<\/div>\n\n\n\n<div class=\"wp-block-columns alignwide full-three is-layout-flex wp-container-core-columns-is-layout-9d6595d7 wp-block-columns-is-layout-flex\">\n<div class=\"wp-block-column is-layout-flow wp-block-column-is-layout-flow\">\n<h3 class=\"wp-block-heading\">Couscous<\/h3>\n\n\n\n<p>Este \u00abcereal integral\u00bb es en realidad una pasta a base de s\u00e9mola y agua.<\/p>\n<\/div>\n\n\n\n<div class=\"wp-block-column is-layout-flow wp-block-column-is-layout-flow\">\n<h3 class=\"wp-block-heading\">Lentejas<\/h3>\n\n\n\n<p>La lenteja (Lens Culinaris) es una planta originaria de Asia y el norte de \u00c1frica, y es una de las fuentes de alimento m\u00e1s antiguas. Disponible en sus variedades roja, marr\u00f3n, amarilla, negra y verde.<\/p>\n<\/div>\n<\/div>\n\n\n\n<div class=\"wp-block-columns alignwide full-three is-layout-flex wp-container-core-columns-is-layout-9d6595d7 wp-block-columns-is-layout-flex\">\n<div class=\"wp-block-column is-layout-flow wp-block-column-is-layout-flow\">\n<h3 class=\"wp-block-heading\">Farro<\/h3>\n\n\n\n<p>Un grano ancestral rico en prote\u00ednas y fibra.<\/p>\n<\/div>\n\n\n\n<div class=\"wp-block-column is-layout-flow wp-block-column-is-layout-flow\">\n<h3 class=\"wp-block-heading\">Sorgo<\/h3>\n\n\n\n<p>El sorgo es un cereal repleto de nutrientes que puedes utilizar de muchas maneras. Adem\u00e1s, es una excelente fuente de fibra, antioxidantes y prote\u00ednas.<\/p>\n<\/div>\n<\/div>\n\n\n\n<div class=\"wp-block-columns alignwide full-three is-layout-flex wp-container-core-columns-is-layout-9d6595d7 wp-block-columns-is-layout-flex\">\n<div class=\"wp-block-column is-layout-flow wp-block-column-is-layout-flow\">\n<h3 class=\"wp-block-heading\">Bulgur<\/h3>\n\n\n\n<p>Este grano est\u00e1 compuesto por trigo seco y agrietado y presenta una consistencia similar a la del couscous.<\/p>\n<\/div>\n\n\n\n<div class=\"wp-block-column is-layout-flow wp-block-column-is-layout-flow\">\n<h3 class=\"wp-block-heading\">Espelta<\/h3>\n\n\n\n<p>La espelta es un grano ancestral con un alto contenido en fibra diet\u00e9tica, prote\u00ednas, vitaminas y minerales.<\/p>\n<\/div>\n<\/div>\n\n\n\n<div class=\"wp-block-columns alignwide full-three is-layout-flex wp-container-core-columns-is-layout-9d6595d7 wp-block-columns-is-layout-flex\">\n<div class=\"wp-block-column is-layout-flow wp-block-column-is-layout-flow\">\n<h3 class=\"wp-block-heading\">Freekeh<\/h3>\n\n\n\n<p>Este peque\u00f1o grano est\u00e1 elaborado a partir de trigo duro verde y su sabor especial se consigue mediante un proceso de tostado y fricci\u00f3n.<\/p>\n<\/div>\n\n\n\n<div class=\"wp-block-column is-layout-flow wp-block-column-is-layout-flow\">\n<h3 class=\"wp-block-heading\">Cebada<\/h3>\n\n\n\n<p>La cebada integral es rica en fibra y prote\u00ednas. Este grano vers\u00e1til tiene una consistencia glutinosa y un ligero sabor a nuez que complementa muchos platos.<\/p>\n<\/div>\n<\/div>\n<\/div><\/div>\n<\/div><\/div>\n\n\n\n<div style=\"height:5vh\" aria-hidden=\"true\" class=\"wp-block-spacer mvl-hidden\"><\/div>\n","protected":false},"excerpt":{"rendered":"<p>Las mezclas de Riviana compuestos por arroces de variedades especiales son visualmente atractivas y de uso vers\u00e1til. <\/p>\n","protected":false},"featured_media":3415,"template":"","meta":{"_acf_changed":false,"footnotes":""},"product_category":[],"class_list":["post-3413","product","type-product","status-publish","has-post-thumbnail","hentry","entry"],"acf":[],"_links":{"self":[{"href":"https:\/\/rivianaindustrial.com\/es\/wp-json\/wp\/v2\/product\/3413","targetHints":{"allow":["GET"]}}],"collection":[{"href":"https:\/\/rivianaindustrial.com\/es\/wp-json\/wp\/v2\/product"}],"about":[{"href":"https:\/\/rivianaindustrial.com\/es\/wp-json\/wp\/v2\/types\/product"}],"version-history":[{"count":1,"href":"https:\/\/rivianaindustrial.com\/es\/wp-json\/wp\/v2\/product\/3413\/revisions"}],"predecessor-version":[{"id":3479,"href":"https:\/\/rivianaindustrial.com\/es\/wp-json\/wp\/v2\/product\/3413\/revisions\/3479"}],"wp:featuredmedia":[{"embeddable":true,"href":"https:\/\/rivianaindustrial.com\/es\/wp-json\/wp\/v2\/media\/3415"}],"wp:attachment":[{"href":"https:\/\/rivianaindustrial.com\/es\/wp-json\/wp\/v2\/media?parent=3413"}],"wp:term":[{"taxonomy":"product_category","embeddable":true,"href":"https:\/\/rivianaindustrial.com\/es\/wp-json\/wp\/v2\/product_category?post=3413"}],"curies":[{"name":"wp","href":"https:\/\/api.w.org\/{rel}","templated":true}]}}