{"id":3418,"date":"2024-01-09T11:57:20","date_gmt":"2024-01-09T17:57:20","guid":{"rendered":"https:\/\/rivianaindustrial.com\/?post_type=product&#038;p=3418"},"modified":"2024-04-30T06:03:47","modified_gmt":"2024-04-30T11:03:47","slug":"pasta-iqf-sin-gluten","status":"publish","type":"product","link":"https:\/\/rivianaindustrial.com\/es\/producto\/pasta-iqf-sin-gluten\/","title":{"rendered":"Pasta IQF sin gluten"},"content":{"rendered":"\n<header class=\"wp-block-group alignfull header-product has-toutou-background-color has-background\" style=\"padding-top:0px;padding-bottom:0px\"><div class=\"wp-block-group__inner-container is-layout-flow wp-block-group-is-layout-flow\">\n<div class=\"wp-block-columns alignfull are-vertically-aligned-center is-layout-flex wp-container-core-columns-is-layout-9d6595d7 wp-block-columns-is-layout-flex\">\n<div class=\"wp-block-column is-vertically-aligned-center is-layout-flow wp-block-column-is-layout-flow\">\n<div class=\"wp-block-cover has-custom-content-position is-position-center-left\"><span aria-hidden=\"true\" class=\"wp-block-cover__background has-background-dim-0 has-background-dim\" style=\"background-color:#94745d\"><\/span><img loading=\"lazy\" decoding=\"async\" width=\"1620\" height=\"1012\" class=\"wp-block-cover__image-background wp-image-3420\" alt=\"\" src=\"https:\/\/rivianaindustrial.com\/wp-content\/uploads\/2024\/01\/EFNA-short-cut-pasta-edited.jpeg\" data-object-fit=\"cover\" srcset=\"https:\/\/rivianaindustrial.com\/wp-content\/uploads\/2024\/01\/EFNA-short-cut-pasta-edited.jpeg 1620w, https:\/\/rivianaindustrial.com\/wp-content\/uploads\/2024\/01\/EFNA-short-cut-pasta-edited-300x187.jpeg 300w, https:\/\/rivianaindustrial.com\/wp-content\/uploads\/2024\/01\/EFNA-short-cut-pasta-edited-1024x640.jpeg 1024w, https:\/\/rivianaindustrial.com\/wp-content\/uploads\/2024\/01\/EFNA-short-cut-pasta-edited-768x480.jpeg 768w, https:\/\/rivianaindustrial.com\/wp-content\/uploads\/2024\/01\/EFNA-short-cut-pasta-edited-1536x960.jpeg 1536w, https:\/\/rivianaindustrial.com\/wp-content\/uploads\/2024\/01\/EFNA-short-cut-pasta-edited-1568x980.jpeg 1568w\" sizes=\"auto, (max-width: 1620px) 100vw, 1620px\" \/><div class=\"wp-block-cover__inner-container is-layout-flow wp-block-cover-is-layout-flow\">\n<p class=\"has-text-align-center has-large-font-size\"><\/p>\n<\/div><\/div>\n<\/div>\n\n\n\n<div class=\"wp-block-column is-vertically-aligned-center is-layout-flow wp-block-column-is-layout-flow\" style=\"padding-right:5vw\">\n<div style=\"height:5vh\" aria-hidden=\"true\" class=\"wp-block-spacer\"><\/div>\n\n\n\n<h1 class=\"wp-block-heading\">Pasta IQF sin gluten<\/h1>\n\n\n\n<p>Todas nuestras pastas sin gluten se cocinan y se congelan sin agregar ning\u00fan tipo de conservante, colorante sint\u00e9tico o aditivos. Se elaboran a partir de una mezcla \u00fanica de multicereales compuesta por arroz blanco e integral, ma\u00edz y quinoa, ofreciendo un gran sabor y textura.<\/p>\n\n\n\n<p>Gracias a nuestra cadena de suministro global, podemos acceder a los productos m\u00e1s recientes y en auge, dentro de una amplia selecci\u00f3n de colores y con los mejores sabores y texturas disponibles en el mercado, entre los que se incluyen granos org\u00e1nicos y convencionales. Todos nuestros productos de pasta cuentan con la verificaci\u00f3n del Proyecto non-GMO, los certificados SQF (Safety Quality Food), Kosher y Halal.<\/p>\n\n\n\n<p>Todos nuestros productos se cocinan y se congelan sin agregar ning\u00fan tipo de conservante, colorante sint\u00e9tico o aditivos. Gracias a nuestros centros de investigaci\u00f3n y desarrollo, situados tanto en Estados Unidos como en Europa, podemos realizar mejoras constantes en nuestros productos y servicios para proporcionar tranquilidad a nuestros clientes.<\/p>\n\n\n\n<div class=\"wp-block-buttons is-layout-flex wp-block-buttons-is-layout-flex\">\n<div class=\"wp-block-button btn-link\"><a class=\"wp-block-button__link wp-element-button\" href=\"#form\">Solicitar una muestra<\/a><\/div>\n\n\n\n<div class=\"wp-block-button\"><a class=\"wp-block-button__link wp-element-button\" href=\"#reading\">Seguir leyendo<\/a><\/div>\n<\/div>\n\n\n\n<div style=\"height:5vh\" aria-hidden=\"true\" class=\"wp-block-spacer\"><\/div>\n<\/div>\n<\/div>\n<\/div><\/header>\n\n\n\n<div style=\"height:5vh\" aria-hidden=\"true\" id=\"reading\" class=\"wp-block-spacer\"><\/div>\n\n\n\n<div class=\"wp-block-group alignwide\"><div class=\"wp-block-group__inner-container is-layout-flow wp-block-group-is-layout-flow\">\n<div class=\"wp-block-columns alignfull is-layout-flex wp-container-core-columns-is-layout-b346b44c wp-block-columns-is-layout-flex\" style=\"padding-top:5vh;padding-bottom:5vh\">\n<div class=\"wp-block-column is-layout-flow wp-block-column-is-layout-flow\">\n<h2 class=\"wp-block-heading border-left\">Pasta fresca y sabrosa, sin gluten, vegetariana y vegana<\/h2>\n<\/div>\n<\/div>\n\n\n\n<div class=\"wp-block-group alignfull grill-products\"><div class=\"wp-block-group__inner-container is-layout-flow wp-block-group-is-layout-flow\">\n<div class=\"wp-block-columns alignwide full-three is-layout-flex wp-container-core-columns-is-layout-9d6595d7 wp-block-columns-is-layout-flex\">\n<div class=\"wp-block-column is-layout-flow wp-block-column-is-layout-flow\">\n<h3 class=\"wp-block-heading\">Elbow sin gluten<\/h3>\n\n\n\n<p>Se trata de una variedad de pasta fina, corta y curvada, de superficie lisa. Es ideal para acompa\u00f1ar de salsas espesas y cremosas elaboradas con queso y se suele utilizar para guisos que tambi\u00e9n incluyen queso.<\/p>\n<\/div>\n\n\n\n<div class=\"wp-block-column is-layout-flow wp-block-column-is-layout-flow\">\n<h3 class=\"wp-block-heading\">Shells sin gluten<\/h3>\n\n\n\n<p>Esta pasta corta tiene una forma similar a la de las conchas marinas, de ah\u00ed su nombre. Suele combinarse con salsas ligeras.<\/p>\n<\/div>\n<\/div>\n\n\n\n<div class=\"wp-block-columns alignwide full-three is-layout-flex wp-container-core-columns-is-layout-9d6595d7 wp-block-columns-is-layout-flex\">\n<div class=\"wp-block-column is-layout-flow wp-block-column-is-layout-flow\">\n<h3 class=\"wp-block-heading\">Penne sin gluten<\/h3>\n\n\n\n<p>El penne es una pasta corta de forma tubular, que presenta una superficie estriada cortada en diagonal por ambos extremos. Es una pasta de textura firme, por lo que es perfecta para combinarla con salsas m\u00e1s espesas, guisos y ensaladas.<\/p>\n<\/div>\n\n\n\n<div class=\"wp-block-column is-layout-flow wp-block-column-is-layout-flow\">\n<h3 class=\"wp-block-heading\">Rotini sin gluten<\/h3>\n\n\n\n<p>El rotini es un tipo de pasta en espiral, de superficie lisa. Suele combinarse con salsas ligeras y es ideal para preparar ensaladas de pasta.<\/p>\n<\/div>\n<\/div>\n<\/div><\/div>\n<\/div><\/div>\n\n\n\n<div style=\"height:5vh\" aria-hidden=\"true\" class=\"wp-block-spacer mvl-hidden\"><\/div>\n","protected":false},"excerpt":{"rendered":"<p>Las mezclas de Riviana compuestos por arroces de variedades especiales son visualmente atractivas y de uso vers\u00e1til. <\/p>\n","protected":false},"featured_media":3420,"template":"","meta":{"_acf_changed":false,"footnotes":""},"product_category":[],"class_list":["post-3418","product","type-product","status-publish","has-post-thumbnail","hentry","entry"],"acf":[],"_links":{"self":[{"href":"https:\/\/rivianaindustrial.com\/es\/wp-json\/wp\/v2\/product\/3418","targetHints":{"allow":["GET"]}}],"collection":[{"href":"https:\/\/rivianaindustrial.com\/es\/wp-json\/wp\/v2\/product"}],"about":[{"href":"https:\/\/rivianaindustrial.com\/es\/wp-json\/wp\/v2\/types\/product"}],"version-history":[{"count":1,"href":"https:\/\/rivianaindustrial.com\/es\/wp-json\/wp\/v2\/product\/3418\/revisions"}],"predecessor-version":[{"id":3482,"href":"https:\/\/rivianaindustrial.com\/es\/wp-json\/wp\/v2\/product\/3418\/revisions\/3482"}],"wp:featuredmedia":[{"embeddable":true,"href":"https:\/\/rivianaindustrial.com\/es\/wp-json\/wp\/v2\/media\/3420"}],"wp:attachment":[{"href":"https:\/\/rivianaindustrial.com\/es\/wp-json\/wp\/v2\/media?parent=3418"}],"wp:term":[{"taxonomy":"product_category","embeddable":true,"href":"https:\/\/rivianaindustrial.com\/es\/wp-json\/wp\/v2\/product_category?post=3418"}],"curies":[{"name":"wp","href":"https:\/\/api.w.org\/{rel}","templated":true}]}}