{"id":954,"date":"2022-03-10T15:37:08","date_gmt":"2022-03-10T21:37:08","guid":{"rendered":"https:\/\/rivianaindustrial.com\/product\/instant-rice\/"},"modified":"2022-10-06T11:23:11","modified_gmt":"2022-10-06T16:23:11","slug":"arroz-instantaneo","status":"publish","type":"product","link":"https:\/\/rivianaindustrial.com\/es\/producto\/arroz-instantaneo\/","title":{"rendered":"Arroz Instant\u00e1neo"},"content":{"rendered":"\n<header class=\"wp-block-group alignfull header-product has-toutou-background-color has-background\" style=\"padding-top:0px;padding-bottom:0px\"><div class=\"wp-block-group__inner-container is-layout-flow wp-block-group-is-layout-flow\">\n<div class=\"wp-block-columns alignfull are-vertically-aligned-center is-layout-flex wp-container-core-columns-is-layout-9d6595d7 wp-block-columns-is-layout-flex\">\n<div class=\"wp-block-column is-vertically-aligned-center is-layout-flow wp-block-column-is-layout-flow\">\n<div class=\"wp-block-cover is-light\"><span aria-hidden=\"true\" class=\"wp-block-cover__background has-background-dim-0 has-background-dim\"><\/span><img loading=\"lazy\" decoding=\"async\" width=\"1620\" height=\"1080\" class=\"wp-block-cover__image-background wp-image-2103\" alt=\"Jasmine Rice in a bowl\" src=\"https:\/\/rivianaindustrial.com\/wp-content\/uploads\/2022\/08\/219030_E_JasmineRice_0273-e1662045757131.jpg\" style=\"object-position:62% 32%\" data-object-fit=\"cover\" data-object-position=\"62% 32%\" srcset=\"https:\/\/rivianaindustrial.com\/wp-content\/uploads\/2022\/08\/219030_E_JasmineRice_0273-e1662045757131.jpg 1620w, https:\/\/rivianaindustrial.com\/wp-content\/uploads\/2022\/08\/219030_E_JasmineRice_0273-e1662045757131-300x200.jpg 300w, https:\/\/rivianaindustrial.com\/wp-content\/uploads\/2022\/08\/219030_E_JasmineRice_0273-e1662045757131-1024x683.jpg 1024w, https:\/\/rivianaindustrial.com\/wp-content\/uploads\/2022\/08\/219030_E_JasmineRice_0273-e1662045757131-768x512.jpg 768w, https:\/\/rivianaindustrial.com\/wp-content\/uploads\/2022\/08\/219030_E_JasmineRice_0273-e1662045757131-1536x1024.jpg 1536w, https:\/\/rivianaindustrial.com\/wp-content\/uploads\/2022\/08\/219030_E_JasmineRice_0273-e1662045757131-367x246.jpg 367w, https:\/\/rivianaindustrial.com\/wp-content\/uploads\/2022\/08\/219030_E_JasmineRice_0273-e1662045757131-1568x1045.jpg 1568w\" sizes=\"auto, (max-width: 1620px) 100vw, 1620px\" \/><div class=\"wp-block-cover__inner-container is-layout-flow wp-block-cover-is-layout-flow\">\n<p class=\"has-text-align-center has-large-font-size\"><\/p>\n<\/div><\/div>\n<\/div>\n\n\n\n<div class=\"wp-block-column is-vertically-aligned-center is-layout-flow wp-block-column-is-layout-flow\" style=\"padding-right:5vw\">\n<div style=\"height:5vh\" aria-hidden=\"true\" class=\"wp-block-spacer\"><\/div>\n\n\n\n<h1 class=\"wp-block-heading\">Arroz Instant\u00e1neo<\/h1>\n\n\n\n<p>Riviana ofrece la l\u00ednea de arroz instant\u00e1neo m\u00e1s completa del sector. <\/p>\n\n\n\n<p>Con gran diversidad de opciones, todas nuestras variedades instant\u00e1neas son arroz 100% natural que ha sido precocido para dar una calidad de cocci\u00f3n uniforme a los granos. Este proceso tambi\u00e9n ayuda a mejorar la vida \u00fatil y reduce el tiempo de rehidrataci\u00f3n del producto, que oscila entre solo 3 y 10 minutos para soluciones r\u00e1pidas a la hora de comer. <\/p>\n\n\n\n<p>Desde las variedades de grano largo a las de grano medio, pasando por el arroz blanco, el arroz integral y los arroces especiales como el jazm\u00edn o el basmati, descubra el arroz perfecto para cualquier aplicaci\u00f3n y conf\u00ede en Riviana para obtener los ingredientes m\u00e1s sanos y de mayor calidad.<\/p>\n\n\n\n<div class=\"wp-block-buttons is-layout-flex wp-block-buttons-is-layout-flex\">\n<div class=\"wp-block-button btn-link\"><a class=\"wp-block-button__link\" href=\"#form\">Solicitar una muestra<\/a><\/div>\n\n\n\n<div class=\"wp-block-button\"><a class=\"wp-block-button__link\" href=\"#reading\">Seguir Leyendo<\/a><\/div>\n<\/div>\n\n\n\n<div style=\"height:5vh\" aria-hidden=\"true\" class=\"wp-block-spacer\"><\/div>\n<\/div>\n<\/div>\n<\/div><\/header>\n\n\n\n<div style=\"height:5vh\" aria-hidden=\"true\" id=\"reading\" class=\"wp-block-spacer\"><\/div>\n\n\n\n<div class=\"wp-block-group alignwide\"><div class=\"wp-block-group__inner-container is-layout-flow wp-block-group-is-layout-flow\">\n<div class=\"wp-block-columns alignfull is-layout-flex wp-container-core-columns-is-layout-b346b44c wp-block-columns-is-layout-flex\" style=\"padding-top:5vh;padding-bottom:5vh\">\n<div class=\"wp-block-column is-layout-flow wp-block-column-is-layout-flow\">\n<h2 class=\"border-left wp-block-heading\">Nuestros ingredientes son la base perfecta para tus recetas<\/h2>\n<\/div>\n<\/div>\n\n\n\n<div class=\"wp-block-group alignfull grill-products\"><div class=\"wp-block-group__inner-container is-layout-flow wp-block-group-is-layout-flow\">\n<div class=\"wp-block-columns alignwide full-three is-layout-flex wp-container-core-columns-is-layout-9d6595d7 wp-block-columns-is-layout-flex\">\n<div class=\"wp-block-column is-layout-flow wp-block-column-is-layout-flow\">\n<h3 class=\"wp-block-heading\">Specialty instant rice<\/h3>\n\n\n\n<p>Nuestra l\u00ednea de arroces instant\u00e1neos especiales es la m\u00e1s amplia del sector, ya que incluye arroz arborio, rojo, negro, salvaje, jazm\u00edn y basmati. Todas estas variedades son perfectas para una amplia gama de usos y se cocinan entre 4 y 10 minutos. Disponible en grano largo y medio. <\/p>\n<\/div>\n\n\n\n<div class=\"wp-block-column is-layout-flow wp-block-column-is-layout-flow\">\n<h3 class=\"wp-block-heading\">Instant Rice IR-300<\/h3>\n\n\n\n<p>El IR-300 es un ingrediente de arroz blanco de grano largo especialmente precocido que no requiere cocci\u00f3n. Se rehidrata en 5 minutos tras a\u00f1adir simplemente agua caliente. Esto lo convierte en una excelente opci\u00f3n para su uso en microondas y comidas en taza. Est\u00e1 disponible en formato enriquecido y no enriquecido.<\/p>\n<\/div>\n\n\n\n<div class=\"wp-block-column is-layout-flow wp-block-column-is-layout-flow\">\n<h3 class=\"wp-block-heading\">Instant Rice IR-340<\/h3>\n\n\n\n<p>El IR-340 es el est\u00e1ndar de la industria para el arroz instant\u00e1neo convencional. Esta variedad de arroz blanco especialmente precocido y de grano largo se cocina en aproximadamente 5 minutos. Est\u00e1 disponible en formas enriquecidas y no enriquecidas.<\/p>\n<\/div>\n<\/div>\n\n\n\n<div class=\"wp-block-columns alignwide full-three is-layout-flex wp-container-core-columns-is-layout-9d6595d7 wp-block-columns-is-layout-flex\">\n<div class=\"wp-block-column is-layout-flow wp-block-column-is-layout-flow\">\n<h3 class=\"wp-block-heading\">Instant Parboiled and Expanded Rice<\/h3>\n\n\n\n<p>Estos ingredientes, que incluyen arroz blanco, integral, basmati, jazm\u00edn y arborio, se hierven primero y luego se precocinan para producir el arroz vaporizado instant\u00e1neo. El tiempo de cocci\u00f3n oscila entre 3 y 10 minutos, dependiendo de la variedad de arroz. Disponible en grano largo y medio. <\/p>\n<\/div>\n\n\n\n<div class=\"wp-block-column is-layout-flow wp-block-column-is-layout-flow\">\n<h3 class=\"wp-block-heading\">Instant Rice Brokens IR-103<\/h3>\n\n\n\n<p>El arroz instant\u00e1neo roto IR-103 se compone de granulados de arroz de grano largo molido que tienen entre \u00bd y \u00be del tama\u00f1o de los granos originales. Esto da como resultado un tiempo de rehidrataci\u00f3n reducido de 2 a 3 minutos para las variedades de arroz integral y blanco.<\/p>\n<\/div>\n\n\n\n<div class=\"wp-block-column mvl-hidden is-layout-flow wp-block-column-is-layout-flow\"><\/div>\n<\/div>\n<\/div><\/div>\n<\/div><\/div>\n\n\n\n<div style=\"height:5vh\" aria-hidden=\"true\" class=\"wp-block-spacer mvl-hidden\"><\/div>\n","protected":false},"excerpt":{"rendered":"<p>Con una cartera diversa, todas nuestras variedades instant\u00e1neas son arroz 100% natural.<\/p>\n","protected":false},"featured_media":2103,"template":"","meta":{"_acf_changed":false,"footnotes":""},"product_category":[34],"class_list":["post-954","product","type-product","status-publish","has-post-thumbnail","hentry","product_category-arroz","entry"],"acf":[],"_links":{"self":[{"href":"https:\/\/rivianaindustrial.com\/es\/wp-json\/wp\/v2\/product\/954","targetHints":{"allow":["GET"]}}],"collection":[{"href":"https:\/\/rivianaindustrial.com\/es\/wp-json\/wp\/v2\/product"}],"about":[{"href":"https:\/\/rivianaindustrial.com\/es\/wp-json\/wp\/v2\/types\/product"}],"version-history":[{"count":2,"href":"https:\/\/rivianaindustrial.com\/es\/wp-json\/wp\/v2\/product\/954\/revisions"}],"predecessor-version":[{"id":3020,"href":"https:\/\/rivianaindustrial.com\/es\/wp-json\/wp\/v2\/product\/954\/revisions\/3020"}],"wp:featuredmedia":[{"embeddable":true,"href":"https:\/\/rivianaindustrial.com\/es\/wp-json\/wp\/v2\/media\/2103"}],"wp:attachment":[{"href":"https:\/\/rivianaindustrial.com\/es\/wp-json\/wp\/v2\/media?parent=954"}],"wp:term":[{"taxonomy":"product_category","embeddable":true,"href":"https:\/\/rivianaindustrial.com\/es\/wp-json\/wp\/v2\/product_category?post=954"}],"curies":[{"name":"wp","href":"https:\/\/api.w.org\/{rel}","templated":true}]}}