{"id":955,"date":"2022-03-08T23:12:35","date_gmt":"2022-03-09T05:12:35","guid":{"rendered":"https:\/\/rivianaindustrial.com\/product\/organic-rice\/"},"modified":"2022-10-06T11:23:12","modified_gmt":"2022-10-06T16:23:12","slug":"arroz-organico","status":"publish","type":"product","link":"https:\/\/rivianaindustrial.com\/es\/producto\/arroz-organico\/","title":{"rendered":"Arroz Org\u00e1nico"},"content":{"rendered":"\n<header class=\"wp-block-group alignfull header-product has-toutou-background-color has-background\" style=\"padding-top:0px;padding-bottom:0px\"><div class=\"wp-block-group__inner-container is-layout-flow wp-block-group-is-layout-flow\">\n<div class=\"wp-block-columns alignfull are-vertically-aligned-center is-layout-flex wp-container-core-columns-is-layout-9d6595d7 wp-block-columns-is-layout-flex\">\n<div class=\"wp-block-column is-vertically-aligned-center is-layout-flow wp-block-column-is-layout-flow\">\n<div class=\"wp-block-cover is-light\"><span aria-hidden=\"true\" class=\"wp-block-cover__background has-background-dim-0 has-background-dim\"><\/span><img loading=\"lazy\" decoding=\"async\" width=\"1080\" height=\"720\" class=\"wp-block-cover__image-background wp-image-2172\" alt=\"Riviana Rice high quality\" src=\"https:\/\/rivianaindustrial.com\/wp-content\/uploads\/2022\/08\/Riviana-rice-varieties-II-e1662045910597.jpg\" data-object-fit=\"cover\" srcset=\"https:\/\/rivianaindustrial.com\/wp-content\/uploads\/2022\/08\/Riviana-rice-varieties-II-e1662045910597.jpg 1080w, https:\/\/rivianaindustrial.com\/wp-content\/uploads\/2022\/08\/Riviana-rice-varieties-II-e1662045910597-300x200.jpg 300w, https:\/\/rivianaindustrial.com\/wp-content\/uploads\/2022\/08\/Riviana-rice-varieties-II-e1662045910597-1024x683.jpg 1024w, https:\/\/rivianaindustrial.com\/wp-content\/uploads\/2022\/08\/Riviana-rice-varieties-II-e1662045910597-367x246.jpg 367w, https:\/\/rivianaindustrial.com\/wp-content\/uploads\/2022\/08\/Riviana-rice-varieties-II-e1662045910597-768x512.jpg 768w\" sizes=\"auto, (max-width: 1080px) 100vw, 1080px\" \/><div class=\"wp-block-cover__inner-container is-layout-flow wp-block-cover-is-layout-flow\">\n<p class=\"has-text-align-center has-large-font-size\"><\/p>\n<\/div><\/div>\n<\/div>\n\n\n\n<div class=\"wp-block-column is-vertically-aligned-center is-layout-flow wp-block-column-is-layout-flow\" style=\"padding-right:5vw\">\n<div style=\"height:5vh\" aria-hidden=\"true\" class=\"wp-block-spacer\"><\/div>\n\n\n\n<h1 class=\"wp-block-heading\">Arroz Org\u00e1nico<\/h1>\n\n\n\n<p>Dentro de sus productos de arroz, Riviana ofrece arroz org\u00e1nico que est\u00e1 certificado por la USDA. <\/p>\n\n\n\n<p>Estos ingredientes de arroz se cultivan y procesan bajo los est\u00e1ndares m\u00e1s rigurosos, incluyendo pr\u00e1cticas sostenibles. Ofrecer las mejores certificaciones para la industria alimenticia como la USDA est\u00e1 en nuestro compromiso de cumplir con los requisitos de nuestros valiosos clientes. <\/p>\n\n\n\n<p>Si buscas el mejor arroz para cualquier uso org\u00e1nico, elige entre nuestra l\u00ednea completa de arroces especiales, vaporizados, instant\u00e1neos y de grano largo, todos ellos con sello org\u00e1nico.<\/p>\n\n\n\n<div class=\"wp-block-buttons is-layout-flex wp-block-buttons-is-layout-flex\">\n<div class=\"wp-block-button btn-link\"><a class=\"wp-block-button__link\" href=\"#form\">Solicitar una muestra<\/a><\/div>\n\n\n\n<div class=\"wp-block-button\"><a class=\"wp-block-button__link\" href=\"#reading\">Seguir leyendo<\/a><\/div>\n<\/div>\n\n\n\n<div style=\"height:5vh\" aria-hidden=\"true\" class=\"wp-block-spacer\"><\/div>\n<\/div>\n<\/div>\n<\/div><\/header>\n\n\n\n<div style=\"height:5vh\" aria-hidden=\"true\" id=\"reading\" class=\"wp-block-spacer\"><\/div>\n\n\n\n<div class=\"wp-block-group alignwide\"><div class=\"wp-block-group__inner-container is-layout-flow wp-block-group-is-layout-flow\">\n<div class=\"wp-block-columns alignfull is-layout-flex wp-container-core-columns-is-layout-b346b44c wp-block-columns-is-layout-flex\" style=\"padding-top:5vh;padding-bottom:5vh\">\n<div class=\"wp-block-column is-layout-flow wp-block-column-is-layout-flow\">\n<h2 class=\"border-left wp-block-heading\">Nuestros ingredientes son la base perfecta para tus recetas<\/h2>\n<\/div>\n<\/div>\n\n\n\n<div class=\"wp-block-group alignfull grill-products\"><div class=\"wp-block-group__inner-container is-layout-flow wp-block-group-is-layout-flow\">\n<div class=\"wp-block-columns alignwide full-three is-layout-flex wp-container-core-columns-is-layout-9d6595d7 wp-block-columns-is-layout-flex\">\n<div class=\"wp-block-column is-layout-flow wp-block-column-is-layout-flow\">\n<h3 class=\"wp-block-heading\">Organic Specialty Rice<\/h3>\n\n\n\n<p>Con una cartera completa de arroces de variedades especiales ecol\u00f3gicos certificados, puedes disfrutar de la calidad, el sabor y la textura de arroz de grano largo y medio incluyendo arroz salvaje, basmati, jazm\u00edn, rojo, negro y arborio en cualquier uso para la elaboraci\u00f3n de alimentos de m\u00e1xima calidad. <\/p>\n<\/div>\n\n\n\n<div class=\"wp-block-column is-layout-flow wp-block-column-is-layout-flow\">\n<h3 class=\"wp-block-heading\">Organic Parboiled Rice<\/h3>\n\n\n\n<p>El arroz org\u00e1nico de grano largo vaporizado proporciona todos los grandes atributos del ese tipo de arroz en un formato org\u00e1nico. Estos granos se vaporizan primero para mejorar la textura, dando lugar a un grano m\u00e1s esponjoso.<\/p>\n<\/div>\n\n\n\n<div class=\"wp-block-column is-layout-flow wp-block-column-is-layout-flow\">\n<h3 class=\"wp-block-heading\">Organic Long Grain Rice<\/h3>\n\n\n\n<p>El arroz blanco de grano largo y el arroz integral se cocinan hasta obtener granos finos que permanecen separados. Estos granos son perfectos en diferentes aplicaciones y puedes elegir entre nuestro formato convencional o el formato ecol\u00f3gico certificado.<\/p>\n<\/div>\n<\/div>\n\n\n\n<div class=\"wp-block-columns alignwide full-three is-layout-flex wp-container-core-columns-is-layout-9d6595d7 wp-block-columns-is-layout-flex\">\n<div class=\"wp-block-column is-layout-flow wp-block-column-is-layout-flow\">\n<h3 class=\"wp-block-heading\">Organic Instant Rice<\/h3>\n\n\n\n<p>Todos los productos de Arroz Instant\u00e1neo de grano largo de Riviana est\u00e1n disponibles como ingredientes org\u00e1nicos certificados por la USDA. El arroz instant\u00e1neo es un arroz 100% natural precocido para reducir el tiempo de rehidrataci\u00f3n y dar a los granos una calidad y textura excelentes.<\/p>\n<\/div>\n\n\n\n<div class=\"wp-block-column mvl-hidden is-layout-flow wp-block-column-is-layout-flow\"><\/div>\n\n\n\n<div class=\"wp-block-column mvl-hidden is-layout-flow wp-block-column-is-layout-flow\"><\/div>\n<\/div>\n<\/div><\/div>\n<\/div><\/div>\n\n\n\n<div style=\"height:5vh\" aria-hidden=\"true\" class=\"wp-block-spacer mvl-hidden\"><\/div>\n","protected":false},"excerpt":{"rendered":"<p>Dentro de sus productos de arroz, Riviana ofrece arroz org\u00e1nico que est\u00e1 certificado por la USDA.<\/p>\n","protected":false},"featured_media":3146,"template":"","meta":{"_acf_changed":false,"footnotes":""},"product_category":[34],"class_list":["post-955","product","type-product","status-publish","has-post-thumbnail","hentry","product_category-arroz","entry"],"acf":[],"_links":{"self":[{"href":"https:\/\/rivianaindustrial.com\/es\/wp-json\/wp\/v2\/product\/955","targetHints":{"allow":["GET"]}}],"collection":[{"href":"https:\/\/rivianaindustrial.com\/es\/wp-json\/wp\/v2\/product"}],"about":[{"href":"https:\/\/rivianaindustrial.com\/es\/wp-json\/wp\/v2\/types\/product"}],"version-history":[{"count":2,"href":"https:\/\/rivianaindustrial.com\/es\/wp-json\/wp\/v2\/product\/955\/revisions"}],"predecessor-version":[{"id":3021,"href":"https:\/\/rivianaindustrial.com\/es\/wp-json\/wp\/v2\/product\/955\/revisions\/3021"}],"wp:featuredmedia":[{"embeddable":true,"href":"https:\/\/rivianaindustrial.com\/es\/wp-json\/wp\/v2\/media\/3146"}],"wp:attachment":[{"href":"https:\/\/rivianaindustrial.com\/es\/wp-json\/wp\/v2\/media?parent=955"}],"wp:term":[{"taxonomy":"product_category","embeddable":true,"href":"https:\/\/rivianaindustrial.com\/es\/wp-json\/wp\/v2\/product_category?post=955"}],"curies":[{"name":"wp","href":"https:\/\/api.w.org\/{rel}","templated":true}]}}