{"id":957,"date":"2022-03-08T08:16:20","date_gmt":"2022-03-08T14:16:20","guid":{"rendered":"https:\/\/rivianaindustrial.com\/product\/specialty-rice\/"},"modified":"2022-11-24T09:52:00","modified_gmt":"2022-11-24T15:52:00","slug":"arroz-de-variedades-especiales","status":"publish","type":"product","link":"https:\/\/rivianaindustrial.com\/es\/producto\/arroz-de-variedades-especiales\/","title":{"rendered":"Variedades Especiales"},"content":{"rendered":"\n<header class=\"wp-block-group alignfull header-product has-toutou-background-color has-background\" style=\"padding-top:0px;padding-bottom:0px\"><div class=\"wp-block-group__inner-container is-layout-flow wp-block-group-is-layout-flow\">\n<div class=\"wp-block-columns alignfull are-vertically-aligned-center is-layout-flex wp-container-core-columns-is-layout-9d6595d7 wp-block-columns-is-layout-flex\">\n<div class=\"wp-block-column is-vertically-aligned-center is-layout-flow wp-block-column-is-layout-flow\">\n<div class=\"wp-block-cover\"><span aria-hidden=\"true\" class=\"wp-block-cover__background has-background-dim-0 has-background-dim\"><\/span><img loading=\"lazy\" decoding=\"async\" width=\"1600\" height=\"1066\" class=\"wp-block-cover__image-background wp-image-638\" alt=\"Variedades Especiales de Arroz \" src=\"https:\/\/rivianaindustrial.com\/wp-content\/uploads\/2022\/03\/adobestock_188528740_web_rissoto.jpg__1600x1066_q75_crop_subsampling-2_upscale.jpg\" data-object-fit=\"cover\" srcset=\"https:\/\/rivianaindustrial.com\/wp-content\/uploads\/2022\/03\/adobestock_188528740_web_rissoto.jpg__1600x1066_q75_crop_subsampling-2_upscale.jpg 1600w, https:\/\/rivianaindustrial.com\/wp-content\/uploads\/2022\/03\/adobestock_188528740_web_rissoto.jpg__1600x1066_q75_crop_subsampling-2_upscale-300x200.jpg 300w, https:\/\/rivianaindustrial.com\/wp-content\/uploads\/2022\/03\/adobestock_188528740_web_rissoto.jpg__1600x1066_q75_crop_subsampling-2_upscale-1024x682.jpg 1024w, https:\/\/rivianaindustrial.com\/wp-content\/uploads\/2022\/03\/adobestock_188528740_web_rissoto.jpg__1600x1066_q75_crop_subsampling-2_upscale-768x512.jpg 768w, https:\/\/rivianaindustrial.com\/wp-content\/uploads\/2022\/03\/adobestock_188528740_web_rissoto.jpg__1600x1066_q75_crop_subsampling-2_upscale-1536x1023.jpg 1536w, https:\/\/rivianaindustrial.com\/wp-content\/uploads\/2022\/03\/adobestock_188528740_web_rissoto.jpg__1600x1066_q75_crop_subsampling-2_upscale-1568x1045.jpg 1568w\" sizes=\"auto, (max-width: 1600px) 100vw, 1600px\" \/><div class=\"wp-block-cover__inner-container is-layout-flow wp-block-cover-is-layout-flow\">\n<p class=\"has-text-align-center has-large-font-size\"><\/p>\n<\/div><\/div>\n<\/div>\n\n\n\n<div class=\"wp-block-column is-vertically-aligned-center is-layout-flow wp-block-column-is-layout-flow\" style=\"padding-right:5vw\">\n<div style=\"height:5vh\" aria-hidden=\"true\" class=\"wp-block-spacer\"><\/div>\n\n\n\n<h1 class=\"wp-block-heading\">Variedades Especiales de Arroz <\/h1>\n\n\n\n<p>Con usos vers\u00e1tiles y caracter\u00edsticas propias, el arroz de variedades especiales es una categor\u00eda emergente en los Estados Unidos. Los an\u00e1lisis de mercado muestran y refuerzan el crecimiento sostenido de la demanda de estas variedades. Riviana est\u00e1 a la vanguardia de la innovaci\u00f3n, ofreciendo un amplio cat\u00e1logo de ingredientes de arroz de variedades especiales para cualquier ocasi\u00f3n. <\/p>\n\n\n\n<p>Estos granos incluyen variedades arom\u00e1ticas de grano largo como el jazm\u00edn o el basmati, el arborio de grano medio redondo o el llamativo arroz negro o rojo, que llevar\u00e1n cualquier comida al siguiente nivel. Todos ellos est\u00e1n tambi\u00e9n disponibles en instant\u00e1neo para soluciones de cocci\u00f3n r\u00e1pida, o en arroz org\u00e1nico certificado.<\/p>\n\n\n\n<div class=\"wp-block-buttons is-layout-flex wp-block-buttons-is-layout-flex\">\n<div class=\"wp-block-button btn-link\"><a class=\"wp-block-button__link\" href=\"#form\">Solicitar una muestra<\/a><\/div>\n\n\n\n<div class=\"wp-block-button\"><a class=\"wp-block-button__link\" href=\"#reading\">Seguir leyendo<\/a><\/div>\n<\/div>\n\n\n\n<div style=\"height:5vh\" aria-hidden=\"true\" class=\"wp-block-spacer\"><\/div>\n<\/div>\n<\/div>\n<\/div><\/header>\n\n\n\n<div style=\"height:5vh\" aria-hidden=\"true\" id=\"reading\" class=\"wp-block-spacer\"><\/div>\n\n\n\n<div class=\"wp-block-group alignwide\"><div class=\"wp-block-group__inner-container is-layout-flow wp-block-group-is-layout-flow\">\n<div class=\"wp-block-columns alignfull is-layout-flex wp-container-core-columns-is-layout-b346b44c wp-block-columns-is-layout-flex\" style=\"padding-top:5vh;padding-bottom:5vh\">\n<div class=\"wp-block-column is-layout-flow wp-block-column-is-layout-flow\">\n<h2 class=\"border-left wp-block-heading\">Nuestros ingredientes son la base perfecta para tus recetas<\/h2>\n<\/div>\n<\/div>\n\n\n\n<div class=\"wp-block-group alignfull grill-products\"><div class=\"wp-block-group__inner-container is-layout-flow wp-block-group-is-layout-flow\">\n<div class=\"wp-block-columns alignwide full-three is-layout-flex wp-container-core-columns-is-layout-9d6595d7 wp-block-columns-is-layout-flex\">\n<div class=\"wp-block-column is-layout-flow wp-block-column-is-layout-flow\">\n<h3 class=\"wp-block-heading\">Arborio <\/h3>\n\n\n\n<p>Este arroz de grano medio es conocido por su elevada composici\u00f3n de almid\u00f3n, que le confiere una textura suave y cremosa al cocinarlo. El Arborio es el arroz preferido para el risotto, por lo que a menudo se le llama \u00abarroz para risotto\u00bb. Tambi\u00e9n puede utilizarse en recetas de postres de arroz con leche, o solo.&nbsp;<\/p>\n<\/div>\n\n\n\n<div class=\"wp-block-column is-layout-flow wp-block-column-is-layout-flow\">\n<h3 class=\"wp-block-heading\">Black<\/h3>\n\n\n\n<p>Disponible en arroz prohibido y nerone, el arroz negro tiene un profundo y atractivo color oscuro junto con un perfil de sabor a nuez y tierra. El color proviene de la alta concentraci\u00f3n de antocianinas en el salvado. Esta variedad de grano medio tiene un interior sutil y puede utilizarse en muchas recetas y para usos diferentes.<\/p>\n<\/div>\n\n\n\n<div class=\"wp-block-column is-layout-flow wp-block-column-is-layout-flow\">\n<h3 class=\"wp-block-heading\">Basmati<\/h3>\n\n\n\n<p>El arroz basmati es originario de la India y es una variedad arom\u00e1tica de grano largo que tiene un sabor irresistible, un aroma caracter\u00edstico y una textura ligera. Riviana ofrece aut\u00e9ntico arroz basmati importado de la India y Pakist\u00e1n, ideal para preparar curry y pilaf.<\/p>\n<\/div>\n<\/div>\n\n\n\n<div class=\"wp-block-columns alignwide full-three is-layout-flex wp-container-core-columns-is-layout-9d6595d7 wp-block-columns-is-layout-flex\">\n<div class=\"wp-block-column is-layout-flow wp-block-column-is-layout-flow\">\n<h3 class=\"wp-block-heading\">Red<\/h3>\n\n\n\n<p>El arroz rojo se considera un grano integral y una variedad de arroz con un alto valor nutricional. Al igual que el arroz negro, el tono rojo proviene de su contenido en antocianina. Este ingrediente tiene un sabor dulce y a nuez, con una textura m\u00e1s masticable que el arroz blanco pulido.<\/p>\n<\/div>\n\n\n\n<div class=\"wp-block-column is-layout-flow wp-block-column-is-layout-flow\">\n<h3 class=\"wp-block-heading\">Jasmine<\/h3>\n\n\n\n<p>El arroz jazm\u00edn es una variedad especial de grano largo importada de Tailandia. Tambi\u00e9n conocido como arroz arom\u00e1tico, fragante o perfumado, el jazm\u00edn tiene un aroma natural que se libera durante la cocci\u00f3n. Estos granos se cocinan hasta obtener un grano de color blanco, de textura suave y esponjosa. Este arroz es un gran complemento para los platos de estilo asi\u00e1tico.<\/p>\n<\/div>\n\n\n\n<div class=\"wp-block-column is-layout-flow wp-block-column-is-layout-flow\">\n<h3 class=\"wp-block-heading\">Instant Specialty Rice<\/h3>\n\n\n\n<p>El arroz es instant\u00e1neo o precocido de grano largo y medio para ofrecer una calidad de cocci\u00f3n m\u00e1s uniforme. Toda nuestra l\u00ednea de arroz especial instant\u00e1neo es una opci\u00f3n ideal cuando se desea una soluci\u00f3n de cocci\u00f3n r\u00e1pida. Este proceso tambi\u00e9n mejora la vida \u00fatil del arroz.<\/p>\n<\/div>\n<\/div>\n\n\n\n<div class=\"wp-block-columns alignwide full-three is-layout-flex wp-container-core-columns-is-layout-9d6595d7 wp-block-columns-is-layout-flex\">\n<div class=\"wp-block-column is-layout-flow wp-block-column-is-layout-flow\">\n<h3 class=\"wp-block-heading\">Organic Specialty Rice<\/h3>\n\n\n\n<p>El arroz ecol\u00f3gico es cultivado siguiendo rigurosas normas de la industria. Riviana ofrece la l\u00ednea completa de arroz de especialidad de grano largo y medio para productos certificados por la USDA.<\/p>\n<\/div>\n\n\n\n<div class=\"wp-block-column mvl-hidden is-layout-flow wp-block-column-is-layout-flow\"><\/div>\n\n\n\n<div class=\"wp-block-column mvl-hidden is-layout-flow wp-block-column-is-layout-flow\"><\/div>\n<\/div>\n<\/div><\/div>\n<\/div><\/div>\n\n\n\n<div style=\"height:5vh\" aria-hidden=\"true\" class=\"wp-block-spacer mvl-hidden\"><\/div>\n","protected":false},"excerpt":{"rendered":"<p>Con usos vers\u00e1tiles y caracter\u00edsticas propias, los productos de arroz especiales son una categor\u00eda emergente en los Estados Unidos.<\/p>\n","protected":false},"featured_media":3151,"template":"","meta":{"_acf_changed":false,"footnotes":""},"product_category":[34],"class_list":["post-957","product","type-product","status-publish","has-post-thumbnail","hentry","product_category-arroz","entry"],"acf":[],"_links":{"self":[{"href":"https:\/\/rivianaindustrial.com\/es\/wp-json\/wp\/v2\/product\/957","targetHints":{"allow":["GET"]}}],"collection":[{"href":"https:\/\/rivianaindustrial.com\/es\/wp-json\/wp\/v2\/product"}],"about":[{"href":"https:\/\/rivianaindustrial.com\/es\/wp-json\/wp\/v2\/types\/product"}],"version-history":[{"count":3,"href":"https:\/\/rivianaindustrial.com\/es\/wp-json\/wp\/v2\/product\/957\/revisions"}],"predecessor-version":[{"id":3278,"href":"https:\/\/rivianaindustrial.com\/es\/wp-json\/wp\/v2\/product\/957\/revisions\/3278"}],"wp:featuredmedia":[{"embeddable":true,"href":"https:\/\/rivianaindustrial.com\/es\/wp-json\/wp\/v2\/media\/3151"}],"wp:attachment":[{"href":"https:\/\/rivianaindustrial.com\/es\/wp-json\/wp\/v2\/media?parent=957"}],"wp:term":[{"taxonomy":"product_category","embeddable":true,"href":"https:\/\/rivianaindustrial.com\/es\/wp-json\/wp\/v2\/product_category?post=957"}],"curies":[{"name":"wp","href":"https:\/\/api.w.org\/{rel}","templated":true}]}}