{"id":958,"date":"2022-03-08T03:49:12","date_gmt":"2022-03-08T09:49:12","guid":{"rendered":"https:\/\/rivianaindustrial.com\/product\/wild-rice\/"},"modified":"2022-11-24T09:50:47","modified_gmt":"2022-11-24T15:50:47","slug":"arroz-salvaje","status":"publish","type":"product","link":"https:\/\/rivianaindustrial.com\/es\/producto\/arroz-salvaje\/","title":{"rendered":"Arroz Salvaje"},"content":{"rendered":"\n<header class=\"wp-block-group alignfull header-product has-toutou-background-color has-background\" style=\"padding-top:0px;padding-bottom:0px\"><div class=\"wp-block-group__inner-container is-layout-flow wp-block-group-is-layout-flow\">\n<div class=\"wp-block-columns alignfull are-vertically-aligned-center is-layout-flex wp-container-core-columns-is-layout-9d6595d7 wp-block-columns-is-layout-flex\">\n<div class=\"wp-block-column is-vertically-aligned-center is-layout-flow wp-block-column-is-layout-flow\">\n<div class=\"wp-block-cover\"><span aria-hidden=\"true\" class=\"wp-block-cover__background has-background-dim-0 has-background-dim\"><\/span><img loading=\"lazy\" decoding=\"async\" width=\"1600\" height=\"1066\" class=\"wp-block-cover__image-background wp-image-652\" alt=\"Riviana wild rice\" src=\"https:\/\/rivianaindustrial.com\/wp-content\/uploads\/2022\/03\/riviana_wild_rice_2.jpg__1600x1066_q75_crop_subsampling-2_upscale.jpg\" data-object-fit=\"cover\" srcset=\"https:\/\/rivianaindustrial.com\/wp-content\/uploads\/2022\/03\/riviana_wild_rice_2.jpg__1600x1066_q75_crop_subsampling-2_upscale.jpg 1600w, https:\/\/rivianaindustrial.com\/wp-content\/uploads\/2022\/03\/riviana_wild_rice_2.jpg__1600x1066_q75_crop_subsampling-2_upscale-300x200.jpg 300w, https:\/\/rivianaindustrial.com\/wp-content\/uploads\/2022\/03\/riviana_wild_rice_2.jpg__1600x1066_q75_crop_subsampling-2_upscale-1024x682.jpg 1024w, https:\/\/rivianaindustrial.com\/wp-content\/uploads\/2022\/03\/riviana_wild_rice_2.jpg__1600x1066_q75_crop_subsampling-2_upscale-768x512.jpg 768w, https:\/\/rivianaindustrial.com\/wp-content\/uploads\/2022\/03\/riviana_wild_rice_2.jpg__1600x1066_q75_crop_subsampling-2_upscale-1536x1023.jpg 1536w, https:\/\/rivianaindustrial.com\/wp-content\/uploads\/2022\/03\/riviana_wild_rice_2.jpg__1600x1066_q75_crop_subsampling-2_upscale-1568x1045.jpg 1568w\" sizes=\"auto, (max-width: 1600px) 100vw, 1600px\" \/><div class=\"wp-block-cover__inner-container is-layout-flow wp-block-cover-is-layout-flow\">\n<p class=\"has-text-align-center has-large-font-size\"><\/p>\n<\/div><\/div>\n<\/div>\n\n\n\n<div class=\"wp-block-column is-vertically-aligned-center is-layout-flow wp-block-column-is-layout-flow\" style=\"padding-right:5vw\">\n<div style=\"height:5vh\" aria-hidden=\"true\" class=\"wp-block-spacer\"><\/div>\n\n\n\n<h1 class=\"wp-block-heading\">Arroz Salvaje<\/h1>\n\n\n\n<p>Riviana es el mayor comercializador de arroz salvaje del mundo, y ofrece el grano adecuado para cada uso. <\/p>\n\n\n\n<p>El arroz salvaje es el \u00fanico grano aut\u00f3ctono de Am\u00e9rica del Norte, y es la semilla de una hierba acu\u00e1tica con forma de pluma que se encuentra principalmente en Minnesota, California y Canad\u00e1. Este grano entero se combina a menudo con otros tipos de arroz o granos para crear atractivas mezclas. Con un color caracter\u00edstico, un tentador sabor ahumado y a nuez y una textura ligeramente masticable pero tierna, el arroz salvaje es desde hace tiempo uno de los favoritos de quienes disfrutan de la cocina gourmet. Este arroz tambi\u00e9n se conoce como \u00abarroz de Canad\u00e1\u00bb.<\/p>\n\n\n\n<div class=\"wp-block-buttons is-layout-flex wp-block-buttons-is-layout-flex\">\n<div class=\"wp-block-button btn-link\"><a class=\"wp-block-button__link\" href=\"#form\">Solicitar una muestra<\/a><\/div>\n\n\n\n<div class=\"wp-block-button\"><a class=\"wp-block-button__link\" href=\"#reading\">Seguir leyendo<\/a><\/div>\n<\/div>\n\n\n\n<div style=\"height:5vh\" aria-hidden=\"true\" class=\"wp-block-spacer\"><\/div>\n<\/div>\n<\/div>\n<\/div><\/header>\n\n\n\n<div style=\"height:5vh\" aria-hidden=\"true\" id=\"reading\" class=\"wp-block-spacer\"><\/div>\n\n\n\n<div class=\"wp-block-group alignwide\"><div class=\"wp-block-group__inner-container is-layout-flow wp-block-group-is-layout-flow\">\n<div class=\"wp-block-columns alignfull is-layout-flex wp-container-core-columns-is-layout-b346b44c wp-block-columns-is-layout-flex\" style=\"padding-top:5vh;padding-bottom:5vh\">\n<div class=\"wp-block-column is-layout-flow wp-block-column-is-layout-flow\">\n<h2 class=\"border-left wp-block-heading\">Nuestros ingredientes son la base perfecta para tus recetas<\/h2>\n<\/div>\n<\/div>\n\n\n\n<div class=\"wp-block-group alignfull grill-products\"><div class=\"wp-block-group__inner-container is-layout-flow wp-block-group-is-layout-flow\">\n<div class=\"wp-block-columns alignwide full-three is-layout-flex wp-container-core-columns-is-layout-9d6595d7 wp-block-columns-is-layout-flex\">\n<div class=\"wp-block-column is-layout-flow wp-block-column-is-layout-flow\">\n<h3 class=\"wp-block-heading\">Grade A Wild Rice<\/h3>\n\n\n\n<p>El arroz salvaje tambi\u00e9n se conoce como el \u00abcaviar de los granos\u00bb y presenta un sabor tostado, ahumado y a nuez \u00fanico. Nuestro arroz salvaje de grado A se cocina en 50-60 minutos y var\u00eda de color marr\u00f3n oscuro a negro y cada grano tiene un lustroso brillo.<\/p>\n<\/div>\n\n\n\n<div class=\"wp-block-column is-layout-flow wp-block-column-is-layout-flow\">\n<h3 class=\"wp-block-heading\">Grade B Wild Rice<\/h3>\n\n\n\n<p>Tambi\u00e9n de color marr\u00f3n oscuro a negro, este arroz salvaje es nuestro grado m\u00e1s vers\u00e1til. Se cocina en 30-40 minutos y es una excelente guarnici\u00f3n cuando se combina con carne de caza, pato, fais\u00e1n, cerdo y mariscos, especialmente salm\u00f3n.<\/p>\n<\/div>\n\n\n\n<div class=\"wp-block-column is-layout-flow wp-block-column-is-layout-flow\">\n<h3 class=\"wp-block-heading\">Grade B Scarified Wild Rice<\/h3>\n\n\n\n<p>Nuestro arroz escarificado se cocina r\u00e1pidamente en solo 20-25 minutos. El color de esta variedad va desde un marr\u00f3n oscuro a negro y presenta fisuras visibles en la capa de salvado que le permiten absorber agua m\u00e1s f\u00e1cilmente.<\/p>\n<\/div>\n<\/div>\n\n\n\n<div class=\"wp-block-columns alignwide full-three is-layout-flex wp-container-core-columns-is-layout-9d6595d7 wp-block-columns-is-layout-flex\">\n<div class=\"wp-block-column is-layout-flow wp-block-column-is-layout-flow\">\n<h3 class=\"wp-block-heading\">Grade C Wild Rice<\/h3>\n\n\n\n<p>Este arroz salvaje premium es el m\u00e1s tierno de todos los grados y est\u00e1 listo en solo 20 minutos. El color de este grano var\u00eda desde un marr\u00f3n claro a uno oscuro. Como cualquier arroz salvaje, es bien conocido por ser altamente nutritivo ya que tiene un alto contenido de potasio y f\u00f3sforo y no contiene sodio, grasa ni colesterol.<\/p>\n<\/div>\n\n\n\n<div class=\"wp-block-column is-layout-flow wp-block-column-is-layout-flow\">\n<h3 class=\"wp-block-heading\">Cracked Wild Rice<\/h3>\n\n\n\n<p>Nuestro arroz salvaje roto se cocina r\u00e1pidamente y est\u00e1 listo en 20 minutos. Este arroz incluye una mezcla de distintos grados y es de color marr\u00f3n claro a oscuro. Como todos nuestros arroces salvajes, combina excelentemente con champi\u00f1ones, ar\u00e1ndanos, chabacano, nueves y miel.<\/p>\n<\/div>\n\n\n\n<div class=\"wp-block-column is-layout-flow wp-block-column-is-layout-flow\">\n<h3 class=\"wp-block-heading\">Quick-Cooking Wild Rice WR-107<\/h3>\n\n\n\n<p>Nuestro arroz precocido y deshidratado mantiene su excelente textura y consistencia mientras se cocina en unos r\u00e1pidos 5-10 minutos. Este arroz de cocci\u00f3n r\u00e1pida tiene un color marr\u00f3n oscuro y, como en todas nuestras otras variedades de arroz salvaje, es perfecto para sopas, ensaladas, rellenos y aderezos.<\/p>\n<\/div>\n<\/div>\n\n\n\n<div class=\"wp-block-columns alignwide full-three is-layout-flex wp-container-core-columns-is-layout-9d6595d7 wp-block-columns-is-layout-flex\">\n<div class=\"wp-block-column is-layout-flow wp-block-column-is-layout-flow\">\n<h3 class=\"wp-block-heading\">Canadian Lake &amp; River<\/h3>\n\n\n\n<p>Este inigualable arroz negro se cultiva naturalmente en los lagos y r\u00edos de Canada. Su color oscila entre marr\u00f3n oscuro y carb\u00f3n, tiene un grano largo y delgado y se cocina en 60-70 minutos.<\/p>\n<\/div>\n\n\n\n<div class=\"wp-block-column is-layout-flow wp-block-column-is-layout-flow\">\n<h3 class=\"wp-block-heading\">Organic Wild Rice<\/h3>\n\n\n\n<p>Escoge nuestro arroz salvaje org\u00e1nico certificado por la USDA para cualquier uso. Estos granos son cultivados y procesados siguiendo los m\u00e1s rigurosos procedimientos de la industria.<\/p>\n<\/div>\n\n\n\n<div class=\"wp-block-column is-layout-flow wp-block-column-is-layout-flow\">\n<h3 class=\"wp-block-heading\">Long Grain White and Wild Rice Blend<\/h3>\n\n\n\n<p>Esta mezcla de arroz blanco de grano largo y arroz salvaje presenta un est\u00e1ndar consistente de arroz vaporizado y arroz salvaje. Atractivo gourmet con contraste de texturas para una variedad de aplicaciones.<\/p>\n<\/div>\n<\/div>\n\n\n\n<div class=\"wp-block-columns alignwide full-three is-layout-flex wp-container-core-columns-is-layout-9d6595d7 wp-block-columns-is-layout-flex\">\n<div class=\"wp-block-column is-layout-flow wp-block-column-is-layout-flow\">\n<h3 class=\"wp-block-heading\">Whole Grain 5 Blend\u2122<\/h3>\n\n\n\n<p>El arroz integral vaporizado de grano largo, el arroz rojo Colusari\u2122 y el arroz integral germinado se combinan con el arroz salvaje para obtener una mezcla vers\u00e1til de cereales integrales con un atractivo visual a juego.<\/p>\n<\/div>\n\n\n\n<div class=\"wp-block-column is-layout-flow wp-block-column-is-layout-flow\">\n<h3 class=\"wp-block-heading\">Kansas Medley\u2122 Blend<\/h3>\n\n\n\n<p>Esta mezcla proporciona un \u00e9xito en el men\u00fa gracias a su aspecto y a su gran capacidad de retenci\u00f3n. Se compone de arroz de grano largo vaporizado, bayas de trigo y arroz salvaje.<\/p>\n<\/div>\n\n\n\n<div class=\"wp-block-column is-layout-flow wp-block-column-is-layout-flow\">\n<h3 class=\"wp-block-heading\">Non-GMO Wild Blend Rice<\/h3>\n\n\n\n<p>Mezcla de arroz salvaje Non-GMO Project Verified. Elaborada con un saludable arroz salvaje, esta mezcla est\u00e1 certificada No GMO con el fin de proporcionar ingredientes de la mejor calidad para una amplia variedad de usos.<\/p>\n<\/div>\n<\/div>\n\n\n\n<div class=\"wp-block-columns alignwide full-three is-layout-flex wp-container-core-columns-is-layout-9d6595d7 wp-block-columns-is-layout-flex\">\n<div class=\"wp-block-column is-layout-flow wp-block-column-is-layout-flow\">\n<h3 class=\"wp-block-heading\">Ruby Wild Blend\u2122<\/h3>\n\n\n\n<p>El arroz integral de grano largo, el arroz integral germinado, el Arroz Rojo Colusari\u2122, el arroz rojo germinado y el arroz salvaje se combinan para crear esta mezcla de gran sabor, sin gluten, integral y que es un caballo ganador en la cocina por su gran capacidad de retenci\u00f3n y versatilidad.<\/p>\n<\/div>\n\n\n\n<div class=\"wp-block-column mvl-hidden is-layout-flow wp-block-column-is-layout-flow\"><\/div>\n\n\n\n<div class=\"wp-block-column mvl-hidden is-layout-flow wp-block-column-is-layout-flow\"><\/div>\n<\/div>\n<\/div><\/div>\n<\/div><\/div>\n\n\n\n<div style=\"height:5vh\" aria-hidden=\"true\" class=\"wp-block-spacer mvl-hidden\"><\/div>\n","protected":false},"excerpt":{"rendered":"<p>Riviana es el mayor comercializador de arroz salvaje del mundo, y ofrece el grano adecuado para cada uso. <\/p>\n","protected":false},"featured_media":3153,"template":"","meta":{"_acf_changed":false,"footnotes":""},"product_category":[34],"class_list":["post-958","product","type-product","status-publish","has-post-thumbnail","hentry","product_category-arroz","entry"],"acf":[],"_links":{"self":[{"href":"https:\/\/rivianaindustrial.com\/es\/wp-json\/wp\/v2\/product\/958","targetHints":{"allow":["GET"]}}],"collection":[{"href":"https:\/\/rivianaindustrial.com\/es\/wp-json\/wp\/v2\/product"}],"about":[{"href":"https:\/\/rivianaindustrial.com\/es\/wp-json\/wp\/v2\/types\/product"}],"version-history":[{"count":3,"href":"https:\/\/rivianaindustrial.com\/es\/wp-json\/wp\/v2\/product\/958\/revisions"}],"predecessor-version":[{"id":3276,"href":"https:\/\/rivianaindustrial.com\/es\/wp-json\/wp\/v2\/product\/958\/revisions\/3276"}],"wp:featuredmedia":[{"embeddable":true,"href":"https:\/\/rivianaindustrial.com\/es\/wp-json\/wp\/v2\/media\/3153"}],"wp:attachment":[{"href":"https:\/\/rivianaindustrial.com\/es\/wp-json\/wp\/v2\/media?parent=958"}],"wp:term":[{"taxonomy":"product_category","embeddable":true,"href":"https:\/\/rivianaindustrial.com\/es\/wp-json\/wp\/v2\/product_category?post=958"}],"curies":[{"name":"wp","href":"https:\/\/api.w.org\/{rel}","templated":true}]}}